{"id":28,"date":"2019-06-14T17:19:55","date_gmt":"2019-06-14T17:19:55","guid":{"rendered":"http:\/\/sbbd.org.br\/lars2019\/?page_id=28"},"modified":"2019-08-22T02:32:56","modified_gmt":"2019-08-22T02:32:56","slug":"travel-and-hosting","status":"publish","type":"page","link":"https:\/\/sbbd.org.br\/lars2019\/travel-and-hosting\/","title":{"rendered":"Travel and Hosting"},"content":{"rendered":"\n<p>Attractions are not lacking in the capital of Cear\u00e1. Beginning with the beautiful central coastline formed by the beaches of Iracema, Meireles and Mucuripe, joined by Avenida Beira Mar, a meeting point for tourists and locals at the sunset. 11km from the center, Futuro beach is perfect for a swim with a lot of stewardship &#8211; the various tents offer not only typical crab legs and grilled sea bass, but also fresh water showers, chairs, umbrellas and lots of animation.On the outskirts of the city are guarded the dunes and the colorful cliffs that are the face of Cear\u00e1. Aboard buggy, they are enjoyed on the beaches of Morro Branco and Fontes, on the East Coast or the Rising Sun. There is also Port das Dunas, the scenery of Beach Park. The West Coast (Sol Poente) has, as highlights, the Cumbuco lagoons and the good winds, which attract windsurfers and kitesurfers.\n\n<\/p>\n\n\n\n<p>Metropolis of bustling nightlife, Fortaleza has a ballad all week &#8211; Monday, by the way, is considered the most lively on the planet. It is worth checking the programming of the Art and Culture Center Drag\u00e3o do Mar, with theaters, cinemas, concerts, museums and bars; or simply enjoy the modern architecture of the building. Do not miss the art nouveau fa\u00e7ade of the Jos\u00e9 de Alencar Theater, either during a show or through a guided tour.<\/p>\n\n\n\n<p>When it comes to taste the typical delights of the region, just set the menu and consult the map. If the option is a tasty lobster the address is the beach of Curu\u00edpe, where the rafts dock full of seafood. The food from the hinterland, bai\u00e3o and carne de sol, is found in the neighborhoods of Varjota and Aldeota, which also offer restaurants with varied cuisine.<\/p>\n\n\n\n<p>Tapiocas also have a corner for them &#8211; it&#8217;s in the Messejana neighborhood and it has more than 20 stalls that offer the delicacies with the most varied fillings. Already the craftsmanship is spread all over the city. There are several fairs and markets where the beautiful labyrinth lace works, the most traditional of the state, share space with the sleeping nets, the little bottles with colored sand drawings, the objects in clay and wood &#8230;<\/p>\n\n\n\n<p>The capital of Cear\u00e1 is a welcoming city that offers to its thousands of visitors guaranteed fun and a multitude of tourist attractions. There are many attractions, from the hospitality of its people to the walks along beautiful beaches. Check below tour tips to do in the city.<\/p>\n\n\n\n<ol class=\"wp-block-list\"><li><strong>Futuro beach<\/strong><br>Located 10 km from the center of the capital, Futuro Beach is more than 30 km long and is an oasis in the middle of the city. There are numerous options of beach huts, with a structure of bars and restaurants to welcome visitors.<\/li><li><strong>Mucuripe Beach<\/strong><br>Sung in verse and prose, the Mucuripe is a setting of charm on the edge of Fortaleza that still preserves the tradition of its fishermen.<\/li><li><strong>Fortaleza&#8217;s Cathedral<\/strong><br>Inspired by the French cathedral of Notre Dame, the Cathedral of Fortaleza was designed by the French engineer George Mounier and built on the site of the old S\u00e9 church.<\/li><li><strong>Central Market<\/strong><br>If you like handicrafts, a visit to the Central Market is a good opportunity to immerse yourself in the culture of Cear\u00e1. The building was opened in 1809 and underwent several renovations. There are more than 550 stores that offer a huge diversity of products.<\/li><li><strong>Iracema Beach<\/strong><br>The place is one of the symbols of the capital of Cear\u00e1 and was named in honor of the &#8220;Virgin of Honey Lips&#8221;, muse of a novel of Jos\u00e9 de Alencar, the most famous Cear\u00e1 writer. It is in Praia de Iracema that there are sights like the English Bridge and the embankment. See the video.<\/li><li><strong>Schooner tour<\/strong><br>Embark on a schooner and take a stroll along the shore of Fortaleza is an opportunity to appreciate the beauty of the city from another angle. The boats depart daily from the Mucuripe beach.<\/li><li><strong>Drag\u00e3o do Mar<\/strong><br>The Drag\u00e3o do Mar is a cultural center with permanent shows. Cafes, theater, exhibitions and planetarium are also part of the scenery. The name comes from a tribute to the Francisco Jos\u00e9 do Nascimento jangadeiro, engaged in the struggle for the liberation of the slaves. It is located at Drag\u00e3o do Mar street, 81, on Iracema beach. Go there during the day to enjoy all cultural options. At night, visit the bars and restaurants, which occupy restored sheds around Drag\u00e3o.<\/li><li><strong>Feirinha de Artesanato da Beira-Mar<\/strong><br>Known for the great diversity of typical products, the famous handicraft fair of Beira Mar is one of Fortaleza&#8217;s tourist attractions. There are hundreds of tents that are concentrated on the boardwalk, on the corner of Desembargador Moreira Avenue, on Meireles beach. It works every day, from 17h. Not to miss.<\/li><li><strong>Beach Park<\/strong><br>Beach Park, the largest water park in Latin America, is guaranteed fun for the whole family. The tourist complex is about 15 minutes from the center of the city, on the beach of Porto da Dunas, and is one of the places most sought after by tourists. In addition to the water park, there are restaurants and shack on the edge of the beach.<\/li><li><strong>Jos\u00e9 de Alencar Theater <\/strong><br>The centenary theater is one of the greatest architectural symbols of Fortaleza and is in the central region, in front of the square that also bears the name of the writer from Cear\u00e1. The most exuberant example of the iron architecture in Brazil, Theatro Jos\u00e9 de Alencar offers guided tours, from hourly, from 8am. The admission costs R $ 2 and R $ 4. It is a program for all ages and a course differentiated by the 1910 building: the foyer, the basement and gardens of Burle Marx. For more information, call: (85) 3101.2567 \/ 3101.2583.<\/li><li><strong>Try the caraguejo<\/strong><br>You do not have to visit Fortaleza and not taste the famous crab. You will find the crustacean in bars, restaurants and in all the tents of Futuro beach, along Zez\u00e9 Diogo Avenue. Over there, every Thursday night tasting the crab is tradition. In addition to the sauce and the farofa, which accompany the crustacean, the forr\u00f3 and humor shows take over the tents.<\/li><\/ol>\n\n\n\n<p>Distance from the main beaches of Fortaleza:<br><\/p>\n\n\n\n<p><strong>East Coast Beaches<\/strong><\/p>\n\n\n\n<ul class=\"wp-block-list\"><li>Porto das Dunas \/ Beach Park (19.5 Km)<\/li><li>Morro Branco (80 Km)<\/li><li>Canoa Quebrada (163 Km)<\/li><li>Icapu\u00ed (196 Km)<\/li><li>Among others<\/li><\/ul>\n\n\n\n<p><strong>Beaches of the west coast<\/strong><\/p>\n\n\n\n<ul class=\"wp-block-list\"><li>Cumbuco (45 Km)<\/li><li>Pec\u00e9m (58 Km)<\/li><li>Ta\u00edba (79 Km)<\/li><li>Paracuru (99 Km)<\/li><li>Lagoinha (115 Km)<\/li><li>Flecheiras (148 Km)<\/li><li>Icara\u00ed de amontada (205 Km)<\/li><li>Pre\u00e1 (291 Km)<\/li><li>Jericoacoara (310 Km)<\/li><\/ul>\n\n\n\n<p>Source:&nbsp;<a href=\"https:\/\/www.feriasbrasil.com.br\/ce\/fortaleza\/\">F\u00e9rias Brasil<\/a>&nbsp;e&nbsp;<a href=\"https:\/\/roteiroceara.uol.com.br\/blog-roteiro\/11-programas-para-fazer-em-fortaleza\/\">Roteiro Cear\u00e1<\/a><\/p>\n\n\n\n<h3 class=\"wp-block-heading\">Accomodation<\/h3>\n\n\n\n<p>Check below a list of hotels where you can get special prices during the events. Please, be aware that you can only get those special deals if you make the reservation directly with the hotel (via email or phone). Also, remember to mention that you are attending the SBBD\/KDMiLe\/BSB\/LARS conferences.<\/p>\n\n\n\n<p>Accommodation classifications are based on <a rel=\"noreferrer noopener\" href=\"https:\/\/www.booking.com\" target=\"_blank\">Booking<\/a>&#8216;s star classification.<\/p>\n\n\n\n<p>\u2605\u2605\u2605\u2605\u00a0<a rel=\"noreferrer noopener\" href=\"https:\/\/www.plazasuites.com.br\/\" target=\"_blank\">Plaza Praia Suites<\/a><br>Bar\u00e3o de Aracati, 94 &#8211; Fortaleza CE<br>Phone: +55 (85) 3455-1512 | 3455-1500<br><a href=\"mailto:reservas@plazasuites.com.br\">reservas@plazasuites.com.br<\/a><br>Including breakfast and wi-fi<br>SINGLE: R$ 210.00<br>DOUBLE: R$ 230.00<br>TRIPLE: R$ 270.00<br>QUADRUPLE: R$ 380.00<\/p>\n\n\n\n<p>\u2605\u2605\u2605\u2605 Aquidab\u00e3 Praia Hotel<br>Ant\u00f4nio Augusto, 32 &#8211; Fortaleza CE<br>Phone: +55 (85) 3455-1512<br><a href=\"mailto:reservas@aquidabapraiahotel.com.br\">reservas@aquidabapraiahotel.com.br<\/a><br>Including breakfast and wi-fi<br>SINGLE: R$ 210.00<br>DOUBLE: R$ 230.00<\/p>\n\n\n\n<h3 class=\"wp-block-heading\">Student Accommodation<\/h3>\n\n\n\n<p>\u2605\u2605 Centro de Forma\u00e7\u00e3o, Capacita\u00e7\u00e3o e Pesquisa Frei Humberto<br>Paulo Firmeza, 445 \u2013 Fortaleza CE<br>Phone: +55 (85) 3472-5572 and +55(85) 997489694<br><a href=\"mailto:centrofreihumberto@gmail.com\">centrofreihumberto@gmail.com<\/a><br>Including breakfast\u00a0and wi-fi<br>Rooms for three, five and eight students: R$ 50.00<\/p>\n","protected":false},"excerpt":{"rendered":"<p>Attractions are not lacking in the capital of Cear\u00e1. Beginning with the beautiful central coastline formed by the beaches of&hellip; <\/p>\n","protected":false},"author":13,"featured_media":0,"parent":0,"menu_order":0,"comment_status":"closed","ping_status":"closed","template":"templates\/template-fullwidth.php","meta":{"footnotes":""},"class_list":["post-28","page","type-page","status-publish","hentry"],"_links":{"self":[{"href":"https:\/\/sbbd.org.br\/lars2019\/wp-json\/wp\/v2\/pages\/28","targetHints":{"allow":["GET"]}}],"collection":[{"href":"https:\/\/sbbd.org.br\/lars2019\/wp-json\/wp\/v2\/pages"}],"about":[{"href":"https:\/\/sbbd.org.br\/lars2019\/wp-json\/wp\/v2\/types\/page"}],"author":[{"embeddable":true,"href":"https:\/\/sbbd.org.br\/lars2019\/wp-json\/wp\/v2\/users\/13"}],"replies":[{"embeddable":true,"href":"https:\/\/sbbd.org.br\/lars2019\/wp-json\/wp\/v2\/comments?post=28"}],"version-history":[{"count":4,"href":"https:\/\/sbbd.org.br\/lars2019\/wp-json\/wp\/v2\/pages\/28\/revisions"}],"predecessor-version":[{"id":383,"href":"https:\/\/sbbd.org.br\/lars2019\/wp-json\/wp\/v2\/pages\/28\/revisions\/383"}],"wp:attachment":[{"href":"https:\/\/sbbd.org.br\/lars2019\/wp-json\/wp\/v2\/media?parent=28"}],"curies":[{"name":"wp","href":"https:\/\/api.w.org\/{rel}","templated":true}]}}