{"id":2,"date":"2019-02-25T19:03:27","date_gmt":"2019-02-25T19:03:27","guid":{"rendered":"http:\/\/sbbd.org.br\/kdmile2019\/?page_id=2"},"modified":"2020-01-21T03:13:11","modified_gmt":"2020-01-21T03:13:11","slug":"2-2","status":"publish","type":"page","link":"https:\/\/sbbd.org.br\/kdmile2019\/","title":{"rendered":""},"content":{"rendered":"<h1>Welcome to KDMiLe 2019<\/h1>\n<p style=\"text-align: left;\" align=\"center\">The <b>Symposium on Knowledge Discovery, Mining and Learning (KDMiLe)<\/b> aims at integrating researchers, practitioners, developers, students and users to present theirs research results, to discuss ideas, and to exchange techniques, tools, and practical experiences &#8211; related to the Data Mining and Machine Learning areas.<\/p>\n<p style=\"text-align: left;\" align=\"center\">KDMiLe originated from WAAMD (Workshop em Algoritmos e Aplica\u00e7\u00f5es de Minera\u00e7\u00e3o de Dados) that occurred during five year &#8211; 2005 to 2009 &#8211; as a Workshop of Brazilian Symposium on Databases (SBBD). Since 2013, KDMiLe is organized alternatively in conjunction with the Brazilian Conference on Intelligent Systems (BRACIS) and the Brazilian Symposium on Databases (SBBD). This year, 2019, in its seventh edition, KDMiLe will be held in Fortaleza on October 7th to 10th in conjunction with the Brazilian Symposium on Databases (SBBD).<\/p>\n<p style=\"text-align: left;\" align=\"center\">This year KDMiLe is being organized by Universidade Federal do Cear\u00e1 (UFC, Brazil) and Centro Universit\u00e1rio 7 de Setembro (UNI7, Brazil).<\/p>\n<p style=\"text-align: left;\" align=\"center\">The KDMiLe Program Committee invites submissions containing new ideas and proposals, and also applications, in the Data Mining and Machine Learning areas. Submitted papers will be reviewed based on originality, relevance, technical soundness and clarity of presentation.<\/p>\n<table style=\"width: 100%; border: 0px solid white; border-collapse: colapse; border-spacing: 0 5px;\">\n<tbody>\n<tr>\n<td style=\"border-left: solid 0px white; border-right: solid 0px white; border-bottom: solid 1px #e0e0e0; border-top: solid 0px white; vertical-align: top;\"><b>REALIZATION<\/b><br \/>\n<a href=\"https:\/\/www.sbc.org.br\/\" target=\"_blank\" rel=\"https:\/\/www.sbc.org.br\/ noopener\"><img loading=\"lazy\" decoding=\"async\" class=\"alignnone wp-image-80\" src=\"https:\/\/sbbd.org.br\/2018\/wp-content\/uploads\/sites\/5\/2017\/12\/sbc.png\" alt=\"\" width=\"79\" height=\"120\" \/><\/a><\/td>\n<td style=\"border-left: solid 0px white; border-right: solid 0px white; border-bottom: solid 1px #e0e0e0; border-top: solid 0px white; vertical-align: top;\"><b>EXECUTION<\/b><br \/>\n<a href=\"https:\/\/portal.dc.ufc.br\/\"><img loading=\"lazy\" decoding=\"async\" class=\"alignnone wp-image-735\" src=\"https:\/\/sbbd.org.br\/2019\/wp-content\/uploads\/sites\/6\/2019\/01\/LogoColoridaIIDC-300x260.png\" alt=\"\" width=\"138\" height=\"120\" \/><\/a> <img loading=\"lazy\" decoding=\"async\" class=\"alignnone  wp-image-747\" src=\"https:\/\/sbbd.org.br\/2019\/wp-content\/uploads\/sites\/6\/2019\/01\/LSBD-com-o-acronimo.png\" alt=\"\" width=\"144\" height=\"120\" \/><a href=\"https:\/\/www.arida.ufc.br\/site\/\"><img loading=\"lazy\" decoding=\"async\" class=\"alignnone wp-image-802\" src=\"https:\/\/sbbd.org.br\/2019\/wp-content\/uploads\/sites\/6\/2019\/01\/ARiDa-Logo-new1-300x169.png\" alt=\"\" width=\"213\" height=\"120\" \/><\/a><\/td>\n<\/tr>\n<tr>\n<td style=\"border-left: solid 0px white; border-right: solid 0px white; border-bottom: solid 1px #e0e0e0; border-top: solid 0px white; vertical-align: top;\" colspan=\"2\"><b>SUPPORT<\/b><br \/>\n<img loading=\"lazy\" decoding=\"async\" class=\"alignnone wp-image-80\" src=\"https:\/\/sbbd.org.br\/2018\/wp-content\/uploads\/sites\/5\/2018\/07\/cnpq.jpg\" alt=\"\" width=\"203\" height=\"90\" \/> <img loading=\"lazy\" decoding=\"async\" class=\"alignnone wp-image-80\" src=\"https:\/\/sbbd.org.br\/2018\/wp-content\/uploads\/sites\/5\/2018\/07\/capes-02.jpg\" alt=\"\" width=\"226\" height=\"100\" \/><\/td>\n<\/tr>\n<tr>\n<td style=\"border: solid 0px transparent; vertical-align: top;\"><b>SILVER SPONSOR<\/b><br \/>\n<img loading=\"lazy\" decoding=\"async\" class=\" wp-image-83 aligncenter\" src=\"https:\/\/sbbd.org.br\/2018\/wp-content\/uploads\/sites\/5\/2017\/12\/google.png\" alt=\"\" width=\"210\" height=\"70\" \/><\/td>\n<td style=\"border: solid 0px transparent; vertical-align: top;\"><b>ACADEMIC SUPPORT<\/b><br \/>\n<a href=\"https:\/\/www.ufc.br\/\"><img loading=\"lazy\" decoding=\"async\" class=\"alignnone wp-image-748\" src=\"https:\/\/sbbd.org.br\/2019\/wp-content\/uploads\/sites\/6\/2019\/01\/ufc-300x82.png\" alt=\"\" width=\"255\" height=\"70\" \/><\/a> <a href=\"https:\/\/www.uni7.edu.br\/\"><img loading=\"lazy\" decoding=\"async\" class=\"alignnone wp-image-784\" src=\"https:\/\/sbbd.org.br\/2019\/wp-content\/uploads\/sites\/6\/2019\/01\/uni7-300x103.png\" alt=\"\" width=\"203\" height=\"70\" \/><\/a><\/td>\n<\/tr>\n<\/tbody>\n<\/table>\n<p>KDMiLe was partially supported by the Center for Research, Innovation and Diffusion of Mathematical Sciences Center Applied to Industry (CEPID-CeMEAI) of Sao Paulo Research Foundation (FAPESP &#8211; grant number 2013\/07375-0).<\/p>\n<h1>KDMiLe 2019 Proceedings<\/h1>\n<p><a href=\"https:\/\/sol.sbc.org.br\/index.php\/kdmile\/issue\/view\/482\">Click here to access KDMiLe Proceedings<\/a><\/p>\n","protected":false},"excerpt":{"rendered":"<p>Welcome to KDMiLe 2019 The Symposium on Knowledge Discovery, Mining and Learning (KDMiLe) aims at integrating researchers, practitioners, developers, students&hellip; <\/p>\n","protected":false},"author":13,"featured_media":0,"parent":0,"menu_order":0,"comment_status":"closed","ping_status":"closed","template":"templates\/template-fullwidth.php","meta":{"footnotes":""},"class_list":["post-2","page","type-page","status-publish","hentry"],"_links":{"self":[{"href":"https:\/\/sbbd.org.br\/kdmile2019\/wp-json\/wp\/v2\/pages\/2","targetHints":{"allow":["GET"]}}],"collection":[{"href":"https:\/\/sbbd.org.br\/kdmile2019\/wp-json\/wp\/v2\/pages"}],"about":[{"href":"https:\/\/sbbd.org.br\/kdmile2019\/wp-json\/wp\/v2\/types\/page"}],"author":[{"embeddable":true,"href":"https:\/\/sbbd.org.br\/kdmile2019\/wp-json\/wp\/v2\/users\/13"}],"replies":[{"embeddable":true,"href":"https:\/\/sbbd.org.br\/kdmile2019\/wp-json\/wp\/v2\/comments?post=2"}],"version-history":[{"count":10,"href":"https:\/\/sbbd.org.br\/kdmile2019\/wp-json\/wp\/v2\/pages\/2\/revisions"}],"predecessor-version":[{"id":149,"href":"https:\/\/sbbd.org.br\/kdmile2019\/wp-json\/wp\/v2\/pages\/2\/revisions\/149"}],"wp:attachment":[{"href":"https:\/\/sbbd.org.br\/kdmile2019\/wp-json\/wp\/v2\/media?parent=2"}],"curies":[{"name":"wp","href":"https:\/\/api.w.org\/{rel}","templated":true}]}}