{"id":628,"date":"2016-10-18T16:57:18","date_gmt":"2016-10-18T19:57:18","guid":{"rendered":"http:\/\/sbbd.org.br\/?page_id=628"},"modified":"2025-10-09T16:21:57","modified_gmt":"2025-10-09T19:21:57","slug":"jmc-award","status":"publish","type":"page","link":"https:\/\/sbbd.org.br\/index.php\/jmc-award\/","title":{"rendered":"JMC Award"},"content":{"rendered":"<p>Since 1998, the best SBBD article has been chosen, which receives the<strong> Jos\u00e9 Mauro Volkmer de Castilho<\/strong> award. The winning articles and authors of the award are:<\/p>\n<p><strong>2025: Muitas Classes Desbalanceadas? N\u00e3o Classifique &#8211; Ranqueie! Uma Abordagem Efetiva e Eficiente Baseada em RAG-labels para Classifica\u00e7\u00e3o Textual Multi-classe<\/strong><\/p>\n<p><em>Celso Fran\u00e7a (UFMG), Thiago Salles (UFMG), Washington Cunha (UFMG), Gabriel Jallais (UFMG), Leonardo Rocha (UFSJ), Marcos Gon\u00e7alves (UFMG) e Ian Quadrio Raposo Branco Nunes (UFSJ)<\/em><\/p>\n<p><strong>2024: Scientific Workflow Deployment: Container Provenance in High-Performance Computing\u00a0<\/strong><\/p>\n<p class=\"p1\"><em>Liliane Neves de Oliveira Kunstmann, D\u00e9bora Pina, Daniel de Oliveira e Marta Mattoso<\/em><\/p>\n<p><strong>2023: Approximate Similarity Joins over Dense Vector Embeddings<br \/>\n<\/strong><\/p>\n<p class=\"p1\"><em>Douglas Rolins de Santana e Leonardo Andrade Ribeiro<\/em><\/p>\n<p><strong>2022: EBRES \u2013 Efficient Buffer Replacement with Exponential Smoothing<br \/>\n<\/strong><\/p>\n<p class=\"p1\"><em>Gustavo Moraes, Angelo Brayner e Jos\u00e9 de Aguiar Moraes Filho<\/em><\/p>\n<p><strong>2021: Processamento Distribu\u00eddo de Opera\u00e7\u00f5es Hash Join em Switches Program\u00e1veis: Uma An\u00e1lise via Modelo de Custo<br \/>\n<\/strong><\/p>\n<p class=\"p1\"><em>Marisa Sel Franco, Simone Dominico, Tiago Kepe, Luiz Carlos Albini, Eduardo de Almeida e Marco Alves<\/em><\/p>\n<p><strong>2020: Characterization of Anxiety, Depression, and their Comorbidity from Texts of Social Networks<\/strong><\/p>\n<p class=\"p1\"><em>Vanessa Souza, Karin Becker e Jeferson Campos Nobre<\/em><\/p>\n<p><strong>2019: TRiER: A Fast and Scalable Method for Mining Temporal Exception Rules<\/strong><\/p>\n<p class=\"p1\"><em>Th\u00e1bata Amaral, Elaine Sousa<\/em><\/p>\n<p><strong>2018:\u00a0Emotion Analysis of Reaction to Terrorism on Twitter<\/strong><\/p>\n<p class=\"p1\"><em>Jonathas G.D. Harb and Karin Becker<\/em><\/p>\n<p><strong>2017: Relational graph data management on the edge: Grouping vertices\u2019 neighborhood with Edge-k<\/strong><\/p>\n<p><em><span style=\"font-weight: 400;\">Lucas Scabora, Paulo Oliveira, Daniel Kaster, Agma Traina, Caetano Traina J\u00fanior<\/span><\/em><\/p>\n<p><strong>2016: gSSJoin: a GPU-based Set Similarity Join Algorithm<\/strong><\/p>\n<p><em><span style=\"font-weight: 400;\">Sidney R. Junior, Rafael D. Quirino, Leonardo Andrade Ribeiro, Wellington S. Martins<\/span><\/em><\/p>\n<p><strong>2015: KSample: Dynamic Sampling Over Unbounded Data Streams<\/strong><\/p>\n<p><em><span style=\"font-weight: 400;\">Tiago Rodrigo Kepe, Eduardo Cunha de Almeida, Thomas Cerqueus<\/span><\/em><\/p>\n<p><strong>2014: Seamless Integration of Distance Functions and Feature Vectors for Similarity-Queries Processing<\/strong><\/p>\n<p><em><span style=\"font-weight: 400;\">Marcos Vinicius Naves Bedo, Agma J. M. Traina, Caetano Traina Jr.<\/span><\/em><\/p>\n<p><strong>2013: Hierarchical Bottom-Up Safe Semi-Supervised Support Vector Machines for Multi-Class Transductive Learning<\/strong><\/p>\n<p><em><span style=\"font-weight: 400;\">Thiago F. Cov\u00f5es, Rodrigo C. Barros, Tiago S. da Silva, Eduardo R. Hruschka, Andre C. P. L. F. de Carvalho<\/span><\/em><\/p>\n<p><strong>2012: Min-Hash Fingerprints for Graph Kernels: A Trade-off among Accurancy, Efficiency and Compression<\/strong><\/p>\n<p><em><span style=\"font-weight: 400;\">Carlos H.C. Teixeira, Arlei Silva and Wagner Meira Jr.<\/span><\/em><\/p>\n<p><strong>2011: A Novel Method for Selecting and Materializing Views based on OLAP Signatures and GRASP<\/strong><\/p>\n<p><em><span style=\"font-weight: 400;\">Andresson da Silva Firmino, Rodrigo Costa Mateus, Val\u00e9ria Ces\u00e1rio Times, Lucidio Formiga Cabral, Thiago Lu\u00ed\u00ads Lopes Siqueira, Ricardo Rodrigues Ciferri, Cristina Dutra de Aguiar Ciferri<\/span><\/em><\/p>\n<p><strong>2010: A Multi-view Approach for Detecting Non-Cooperative Users in Online Video Sharing Systems<\/strong><\/p>\n<p><em><span style=\"font-weight: 400;\">Hendrickson Reiter Langbehn, Saulo M. R. Ricci, Marcos A. Gon\u00e7alves, Jussara Marques Almeida, Gisele Lobo Pappa, Fabr\u00ed\u00adcio Benevenuto<\/span><\/em><\/p>\n<p><strong>2009: Blocagem Adaptativa e Flex\u00ed\u00advel para o Pareamento Aproximado de Registros<\/strong><\/p>\n<p><em><span style=\"font-weight: 400;\">Luiz Osvaldo Evangelista, Eli Cortez, Altigran S. da Silva, Wagner Meira Jr.<\/span><\/em><\/p>\n<p><strong>2009: Reindexa\u00e7\u00e3o Autom\u00e1tica em SGBDs Relacionais<\/strong><\/p>\n<p><em><span style=\"font-weight: 400;\">Eduardo Morelli, Jos\u00e9 Maria Monteiro, Ana Carolina Almeida, S\u00e9rgio Lifschitz<\/span><\/em><\/p>\n<p><strong>2008: Image Retrieval with Relevance Feedback based on Genetic Programming<\/strong><\/p>\n<p><em><span style=\"font-weight: 400;\">Cristiano D. Ferreira, Ricardo da S. Torres, Marcos A. Gon\u00e7alves, Weiguo Fan<\/span><\/em><\/p>\n<p><strong>2007: A Hypergraph Model for Computing Page Reputation on Web Collections<\/strong><\/p>\n<p><em><span style=\"font-weight: 400;\">Klessius Berlt, Edleno S. de Moura, Andr\u00e9 Carvalho, Marco Cristo, Nivio Ziviani, Thierson Couto<\/span><\/em><\/p>\n<p><strong>2006: Process Pipeline Scheduling<\/strong><\/p>\n<p><em><span style=\"font-weight: 400;\">Melissa Lemos, Marco A. Casanova, Antonio L. Furtado<\/span><\/em><\/p>\n<p><strong>2005: Warping the Time on Data Streams<\/strong><\/p>\n<p><em><span style=\"font-weight: 400;\">Paolo Capitani, Paolo Ciaccia<\/span><\/em><\/p>\n<p><strong>2004: DBM-Tree: A Dynamic Metric Access Method Sensitive to Local Density Data<\/strong><\/p>\n<p><em><span style=\"font-weight: 400;\">Marcos R. Vieira, Caetano Traina Jr., Fabio J. T. Chino, Agma J. M. Traina<\/span><\/em><\/p>\n<p><strong>2003: Operadores de Sele\u00e7\u00e3o por Similaridade para Sistemas de Gerenciamento de Bases de Dados Relacionais<\/strong><\/p>\n<p><em><span style=\"font-weight: 400;\">Adriano S. Arantes, Marcos R. Vieira, Caetano Traina Jr., Agma J. M. Traina<\/span><\/em><\/p>\n<p><strong>2002: Mining Reliable Models of Associations in Dynamic Databases<\/strong><\/p>\n<p><em><span style=\"font-weight: 400;\">Adriano A. Veloso, Wagner Meira Jr., M\u00e1rcio L. B. de Carvalho<\/span><\/em><\/p>\n<p><strong>2001: Documenting Changes in a Spatiotemporal Database<\/strong><\/p>\n<p><em><span style=\"font-weight: 400;\">Mohamed Ally Peerbocus, Cl\u00e1udia Bauzer Medeiros, G. Jomier, A. Voisard<\/span><\/em><\/p>\n<p><strong>2000: Using Quantitative Information for Efficient Association Rule Generation<\/strong><\/p>\n<p><em><span style=\"font-weight: 400;\">Bruno P\u00f4ssas, Wagner Meira Jr., M\u00e1rcio L. B. de Carvalho, Rodolfo S. F. Resende<\/span><\/em><\/p>\n<p><strong>1999: Interactive Multistage Simulation of Goal-driven Agents<\/strong><\/p>\n<p><em><span style=\"font-weight: 400;\">\u00c2ngelo Ciarlini, Ant\u00f4nio Furtado<\/span><\/em><\/p>\n<p><strong>1998: Cria\u00e7\u00e3o\/Utiliza\u00e7\u00e3o Eficientes de Vis\u00f5es Materializadas em Data Warehouses<\/strong><\/p>\n<p><em><span style=\"font-weight: 400;\">Marcus C. Sampaio, M. F. Souza<\/span><\/em><\/p>\n","protected":false},"excerpt":{"rendered":"<p>Since 1998, the best SBBD article has been chosen, which receives the Jos\u00e9 Mauro Volkmer de Castilho award. The winning&hellip; <\/p>\n","protected":false},"author":1,"featured_media":0,"parent":0,"menu_order":0,"comment_status":"closed","ping_status":"closed","template":"","meta":{"footnotes":""},"class_list":["post-628","page","type-page","status-publish","hentry"],"_links":{"self":[{"href":"https:\/\/sbbd.org.br\/index.php\/wp-json\/wp\/v2\/pages\/628","targetHints":{"allow":["GET"]}}],"collection":[{"href":"https:\/\/sbbd.org.br\/index.php\/wp-json\/wp\/v2\/pages"}],"about":[{"href":"https:\/\/sbbd.org.br\/index.php\/wp-json\/wp\/v2\/types\/page"}],"author":[{"embeddable":true,"href":"https:\/\/sbbd.org.br\/index.php\/wp-json\/wp\/v2\/users\/1"}],"replies":[{"embeddable":true,"href":"https:\/\/sbbd.org.br\/index.php\/wp-json\/wp\/v2\/comments?post=628"}],"version-history":[{"count":39,"href":"https:\/\/sbbd.org.br\/index.php\/wp-json\/wp\/v2\/pages\/628\/revisions"}],"predecessor-version":[{"id":2547,"href":"https:\/\/sbbd.org.br\/index.php\/wp-json\/wp\/v2\/pages\/628\/revisions\/2547"}],"wp:attachment":[{"href":"https:\/\/sbbd.org.br\/index.php\/wp-json\/wp\/v2\/media?parent=628"}],"curies":[{"name":"wp","href":"https:\/\/api.w.org\/{rel}","templated":true}]}}