{"id":170,"date":"2013-07-09T09:22:22","date_gmt":"2013-07-09T12:22:22","guid":{"rendered":"http:\/\/demo.themeskingdom.com\/eventor\/?page_id=170"},"modified":"2025-10-09T16:27:29","modified_gmt":"2025-10-09T19:27:29","slug":"previous","status":"publish","type":"page","link":"https:\/\/sbbd.org.br\/index.php\/previous\/","title":{"rendered":"Previous Editions"},"content":{"rendered":"\n<p><b>Previous SBBD editions and their coordinators<\/b><\/p>\n\n\n\n<figure class=\"wp-block-table\"><table><tbody><tr><td><b>Year<\/b><\/td><td><b>Place<\/b><\/td><td><b>Program Committee Coordinator<\/b><\/td><td><b>Organization Coordinator<\/b><\/td><\/tr><tr><td><a href=\"https:\/\/sbbd.org.br\/2025\/\" target=\"_blank\" rel=\"noreferrer noopener\"><strong>2025<\/strong><\/a><\/td><td>Fortaleza<\/td><td>Carlos Eduardo S. Pires (UFCG)<\/td><td>Ticiana L. Coelho da Silva (UFC), Regis Pires Magalh\u00e3es (UFC), L\u00edvia Almada Cruz (UFC) e Jos\u00e9 Ant\u00f4nio F. de Mac\u00eado (UFC)<\/td><\/tr><tr><td><strong><a href=\"https:\/\/sbbd.org.br\/2024\/\" target=\"_blank\" rel=\"noreferrer noopener\">2024<\/a><\/strong><\/td><td>Florian\u00f3polis<\/td><td>Eduardo Ogasawara (CEFET\/RJ)<\/td><td>Carina Friedrich Dorneles (UFSC) e Ronaldo dos Santos Mello (UFSC)<\/td><\/tr><tr><td><a href=\"https:\/\/sbbd.org.br\/2023\" data-type=\"link\" data-id=\"https:\/\/sbbd.org.br\/2023\" target=\"_blank\" rel=\"noreferrer noopener\"><strong>2023<\/strong><\/a><\/td><td>Belo Horizonte (MG)<\/td><td>Daniel Kaster (UEL)<\/td><td>Michele Amaral Brand\u00e3o (IFMG) e<br>Felipe Domingos da Cunha (PUC Minas)<\/td><\/tr><tr><td><strong><a href=\"https:\/\/sbbd.org.br\/2022\/\" target=\"_blank\" rel=\"noreferrer noopener\">2022<\/a><\/strong><\/td><td>B\u00fazios (RJ)<\/td><td>Damires Souza (IFPB)<\/td><td>S\u00e9rgio Lifschitz (PUC-Rio)<\/td><\/tr><tr><td><a href=\"https:\/\/sbbd.org.br\/2021\/\" target=\"_blank\" rel=\"noreferrer noopener\"><strong>2021<\/strong><\/a><\/td><td>ONLINE<\/td><td>Ricardo Torres (NTNU)<\/td><td>Eduardo Ogasawara (CEFET\/RJ) e <br>Rafaelli Coutinho (CEFET\/RJ)<\/td><\/tr><tr><td><strong><a href=\"https:\/\/sbbd.org.br\/2020\/\" target=\"_blank\" rel=\"noreferrer noopener\">2020<\/a><\/strong><\/td><td>ONLINE<\/td><td>Fabio Porto (LNCC)<\/td><td>S\u00e9rgio Lifschitz (PUC-Rio)<\/td><\/tr><tr><td><a href=\"https:\/\/sbbd.org.br\/2019\/\" target=\"_blank\" rel=\"noreferrer noopener\"><strong>2019<\/strong><\/a><\/td><td>Fortaleza<\/td><td>Carina Dorneles (UFSC)<\/td><td>Jos\u00e9 Maria Monteiro Filho (UFC)<\/td><\/tr><tr><td><a href=\"https:\/\/sbbd.org.br\/2018\/\"><b>2018<\/b><\/a><\/td><td><span style=\"font-weight: 400;\">Rio de Janeiro<\/span><\/td><td><span style=\"font-weight: 400;\">Bernadette L\u00f3scio (UFPE)<\/span><\/td><td><span style=\"font-weight: 400;\">Maria Claudia Cavalcanti (IME)<\/span><\/td><\/tr><tr><td><a href=\"https:\/\/sbbd.org.br\/2017\/\"><b>2017<\/b><\/a><\/td><td><span style=\"font-weight: 400;\">Uberl\u00e2ndia<\/span><\/td><td><span style=\"font-weight: 400;\">Carmem Hara (UFPR)<\/span><\/td><td><span style=\"font-weight: 400;\">Maria Camila Nardini Barioni (UFU)<\/span><\/td><\/tr><tr><td><a href=\"https:\/\/sbbd2016.fpc.ufba.br\/\"><b>2016<\/b><\/a><\/td><td><span style=\"font-weight: 400;\">Salvador<\/span><\/td><td><span style=\"font-weight: 400;\">Javam Machado (UFC)<\/span><\/td><td><span style=\"font-weight: 400;\">Vaninha Vieira (UFBA)<\/span><\/td><\/tr><tr><td><a href=\"https:\/\/dexl.lncc.br\/sbbd2015\/\"><b>2015<\/b><\/a><\/td><td><span style=\"font-weight: 400;\">Petr\u00f3polis<\/span><\/td><td><span style=\"font-weight: 400;\">Vanessa Braganholo (UFF)<\/span><\/td><td><span style=\"font-weight: 400;\">F\u00e1bio Porto (LNCC)<\/span><\/td><\/tr><tr><td><a href=\"https:\/\/www.inf.ufpr.br\/sbbd-sbsc2014\/sbbd\/\"><b>2014<\/b><\/a><\/td><td><span style=\"font-weight: 400;\">Curitiba<\/span><\/td><td><span style=\"font-weight: 400;\">Mirella M. Moro (UFMG)<\/span><\/td><td><span style=\"font-weight: 400;\">Carmem S. Hara (PUC PR)<\/span><\/td><\/tr><tr><td><a href=\"https:\/\/sbbd2013.cin.ufpe.br\/sbbd\/\"><b>2013<\/b><\/a><\/td><td><span style=\"font-weight: 400;\">Recife<\/span><\/td><td><span style=\"font-weight: 400;\">Cristina Ciferri (USP)<\/span><\/td><td><span style=\"font-weight: 400;\">Bernadete Loscio (UFPE)<\/span><\/td><\/tr><tr><td><a href=\"https:\/\/sws2012.ime.usp.br\/sbbd\/\"><b>2012<\/b><\/a><\/td><td><span style=\"font-weight: 400;\">S\u00e3o Paulo<\/span><\/td><td><span style=\"font-weight: 400;\">Marco A. Casanova (PUC Rio)<\/span><\/td><td><span style=\"font-weight: 400;\">Jo\u00e3o Eduardo Ferreira (USP)<\/span><\/td><\/tr><tr><td><a href=\"https:\/\/www.sbbd-webmedia2011.inf.ufsc.br\/sbbd\/index.php\/en\/\"><b>2011<\/b><\/a><\/td><td><span style=\"font-weight: 400;\">Florian\u00f3polis<\/span><\/td><td><span style=\"font-weight: 400;\">Jos\u00e9 Palazzo M. De Oliveira (UFRGS)<\/span><\/td><td><span style=\"font-weight: 400;\">Carina Dorneles (UFSC)<\/span><\/td><\/tr><tr><td><a href=\"https:\/\/www.ufmg.br\/swib\/?p=149\"><b>2010<\/b><\/a><\/td><td><span style=\"font-weight: 400;\">Belo Horizonte<\/span><\/td><td><span style=\"font-weight: 400;\">Wagner Meira Jr. (UFMG)<\/span><\/td><td><span style=\"font-weight: 400;\">Mirella M. Moro (UFMG)<\/span><\/td><\/tr><tr><td><a href=\"https:\/\/www.sbbd-sbes2009.ufc.br\/\"><b>2009<\/b><\/a><\/td><td><span style=\"font-weight: 400;\">Fortaleza<\/span><\/td><td><span style=\"font-weight: 400;\">Angelo R. A. Brayner (UNIFOR)<\/span><\/td><td><span style=\"font-weight: 400;\">Bernardette Farias Loscio (UFC)<\/span><\/td><\/tr><tr><td><a href=\"https:\/\/www.recod.ic.unicamp.br\/sbbdes2008\"><b>2008<\/b><\/a><\/td><td><span style=\"font-weight: 400;\">Campinas<\/span><\/td><td><span style=\"font-weight: 400;\">Sandra de Amo (UFU)<\/span><\/td><td><span style=\"font-weight: 400;\">Ricardo Torres (UNICAMP)<\/span><\/td><\/tr><tr><td><a href=\"https:\/\/www.sbbd-sbes2007.ufpb.br\/\"><b>2007<\/b><\/a><\/td><td><span style=\"font-weight: 400;\">Jo\u00e3o Pessoa<\/span><\/td><td><span style=\"font-weight: 400;\">Altigran S da Silva (UFAM)<\/span><\/td><td><span style=\"font-weight: 400;\">Val\u00e9ria Soares (UFPB)<\/span><\/td><\/tr><tr><td><a href=\"https:\/\/www.inf.ufsc.br\/sbes2006\/sbbd.htm\"><b>2006<\/b><\/a><\/td><td><span style=\"font-weight: 400;\">Florian\u00f3polis<\/span><\/td><td><span style=\"font-weight: 400;\">M\u00e1rio Nascimento (Un of Alberta)<\/span><\/td><td><span style=\"font-weight: 400;\">Ronaldo dos Santos Mello (UFSC)<\/span><\/td><\/tr><tr><td><b>2005<\/b><\/td><td><span style=\"font-weight: 400;\">Uberl\u00e2ndia<\/span><\/td><td><span style=\"font-weight: 400;\">Carlos A Heuser (UFRGS)<\/span><\/td><td><span style=\"font-weight: 400;\">Sandra de Amo (UFU)<\/span><\/td><\/tr><tr><td><b>2004<\/b><\/td><td><span style=\"font-weight: 400;\">Bras\u00ed\u00adlia<\/span><\/td><td><span style=\"font-weight: 400;\">S\u00e9rgio Lifschtiz (PUC-Rio)<\/span><\/td><td><span style=\"font-weight: 400;\">Murilo S. de Camargo (UNB)<\/span><\/td><\/tr><tr><td><b>2003<\/b><\/td><td><span style=\"font-weight: 400;\">Manaus<\/span><\/td><td><span style=\"font-weight: 400;\">Alberto H F Laender (UFMG)<\/span><\/td><td><span style=\"font-weight: 400;\">Altigran S. Silva (UFAM)<\/span><\/td><\/tr><tr><td><b>2002<\/b><\/td><td><span style=\"font-weight: 400;\">Gramado<\/span><\/td><td><span style=\"font-weight: 400;\">Ana Carolina Salgado (UFPE)<\/span><\/td><td><span style=\"font-weight: 400;\">Nina Edelweiss (URGS)<\/span><\/td><\/tr><tr><td><b>2001<\/b><\/td><td><span style=\"font-weight: 400;\">Rio de Janeiro<\/span><\/td><td><span style=\"font-weight: 400;\">Marta Mattoso (COPPE \/ UFRJ)<\/span><\/td><td><span style=\"font-weight: 400;\">Geraldo Xex\u00e9o (COPPE \/ UFRJ)<\/span><\/td><\/tr><tr><td><b>2000<\/b><\/td><td><span style=\"font-weight: 400;\">Jo\u00e3o Pessoa<\/span><\/td><td><span style=\"font-weight: 400;\">Karin Becker (PUC-RS)<\/span><\/td><td><span style=\"font-weight: 400;\">Damires Yluska de Souza Fernandes (IFPB)<\/span><\/td><\/tr><tr><td><b>1999<\/b><\/td><td><span style=\"font-weight: 400;\">Florian\u00f3polis<\/span><\/td><td><span style=\"font-weight: 400;\">Berthier Ribeiro-Neto (UFMG)<\/span><\/td><td><span style=\"font-weight: 400;\">Murilo Silva de Camargo (UFSC)<\/span><\/td><\/tr><tr><td><b>1998<\/b><\/td><td><span style=\"font-weight: 400;\">Maring\u00e1<\/span><\/td><td><span style=\"font-weight: 400;\">Cl\u00e1udia Bauzer Medeiros (UNICAMP)<\/span><\/td><td><span style=\"font-weight: 400;\">Itana Gimenes (UEM)<\/span><\/td><\/tr><tr><td><b>1997<\/b><\/td><td><span style=\"font-weight: 400;\">Fortaleza<\/span><\/td><td><span style=\"font-weight: 400;\">V\u00e2nia M P Vidal (UFC)<\/span><\/td><td><span style=\"font-weight: 400;\">V\u00e2nia M P Vidal (UFC)<\/span><\/td><\/tr><tr><td><b>1996<\/b><\/td><td><span style=\"font-weight: 400;\">S\u00e3o Carlos<\/span><\/td><td><span style=\"font-weight: 400;\">Marina T Pires Vieira (UFSCar)<\/span><\/td><td><span style=\"font-weight: 400;\">Marina T Pires Vieira (UFSCar)<\/span><\/td><\/tr><tr><td><b>1995<\/b><\/td><td><span style=\"font-weight: 400;\">Recife<\/span><\/td><td><span style=\"font-weight: 400;\">D\u00e9cio Fonseca (UFPE)<\/span><\/td><td><span style=\"font-weight: 400;\">D\u00e9cio Fonseca (UFPE)<\/span><\/td><\/tr><tr><td><b>1994<\/b><\/td><td><span style=\"font-weight: 400;\">S\u00e3o Carlos<\/span><\/td><td><span style=\"font-weight: 400;\">Caetano Traina Jr (USP)<\/span><\/td><td><span style=\"font-weight: 400;\">Caetano Traina Jr (USP)<\/span><\/td><\/tr><tr><td><b>1993<\/b><\/td><td><span style=\"font-weight: 400;\">Campina Grande<\/span><\/td><td><span style=\"font-weight: 400;\">Ulrich Schiel (UFPb)<\/span><\/td><td><span style=\"font-weight: 400;\">Ulrich Schiel (UFPb)<\/span><\/td><\/tr><tr><td><b>1992<\/b><\/td><td><span style=\"font-weight: 400;\">Porto Alegre<\/span><\/td><td><span style=\"font-weight: 400;\">Cirano Iochpe (UFRGS)<\/span><\/td><td><span style=\"font-weight: 400;\">Cirano Iochpe (UFRGS)<\/span><\/td><\/tr><tr><td><b>1991<\/b><\/td><td><span style=\"font-weight: 400;\">Manaus<\/span><\/td><td><span style=\"font-weight: 400;\">M\u00f4nica Nogueira (UFAM)<\/span><\/td><td><span style=\"font-weight: 400;\">M\u00f4nica Nogueira (UFAM)<\/span><\/td><\/tr><tr><td><b>1990<\/b><\/td><td><span style=\"font-weight: 400;\">Rio de Janeiro<\/span><\/td><td><span style=\"font-weight: 400;\">Jano M de Souza (UFRJ)<\/span><\/td><td><span style=\"font-weight: 400;\">Jano M de Souza (UFRJ)<\/span><\/td><\/tr><tr><td><b>1989<\/b><\/td><td><span style=\"font-weight: 400;\">Campinas<\/span><\/td><td><span style=\"font-weight: 400;\">Cl\u00e1udia Bauzer Medeiros (UNICAMP)<\/span><\/td><td><span style=\"font-weight: 400;\">Cl\u00e1udia Bauzer Medeiros (UNICAMP)<\/span><\/td><\/tr><tr><td><b>1988<\/b><\/td><td><span style=\"font-weight: 400;\">Recife<\/span><\/td><td><span style=\"font-weight: 400;\">S\u00f4nia S Sette (UFPE)<\/span><\/td><td><span style=\"font-weight: 400;\">S\u00f4nia S Sette (UFPE)<\/span><\/td><\/tr><tr><td><b>1987<\/b><\/td><td><span style=\"font-weight: 400;\">Porto Alegre<\/span><\/td><td><span style=\"font-weight: 400;\">Jos\u00e9 M de Castilho (UFRGS)<\/span><\/td><td><span style=\"font-weight: 400;\">Jos\u00e9 M de Castilho (UFRGS)<\/span><\/td><\/tr><tr><td><b>1986 <\/b><\/td><td><span style=\"font-weight: 400;\">Rio de Janeiro<\/span><\/td><td><span style=\"font-weight: 400;\">Rubens N. Melo (PUC-Rio)<\/span><\/td><td><span style=\"font-weight: 400;\">Rubens N. Melo (PUC-Rio)<\/span><\/td><\/tr><\/tbody><\/table><\/figure>\n\n\n\n<p><b>Other Coordinators<\/b><\/p>\n\n\n\n<figure class=\"wp-block-table\"><table><tbody><tr><td><b>Year<\/b><\/td><td><b>WTDBD<\/b><\/td><td><b>Demos<\/b><\/td><td><b>Posters\/Short Papers<\/b><\/td><td><b>Tutorials<\/b><\/td><\/tr><tr><td><b>2021<\/b><\/td><td><span style=\"font-weight: 400;\">Julio Reis, Unicamp<\/span><\/td><td><span style=\"font-weight: 400;\">Maristela Holanda, UNB<\/span><\/td><td><span style=\"font-weight: 400;\">Damires Souza, IFPB<\/span><\/td><td><span style=\"font-weight: 400;\">Daniel de Oliveira, UFF<\/span><\/td><\/tr><tr><td><b>2020<\/b><\/td><td><span style=\"font-weight: 400;\">Carlos Eduardo Santos Pires, UFCG<\/span><\/td><td><span style=\"font-weight: 400;\">Leonardo Ribeiro, UFG<\/span><\/td><td><span style=\"font-weight: 400;\">Ricardo Torres, NTNU<\/span><\/td><td><span style=\"font-weight: 400;\">&#8211;<\/span><\/td><\/tr><tr><td><b>2019<\/b><\/td><td><span style=\"font-weight: 400;\">Jos\u00e9 Maria Monteiro da Silva Filho, UFC<\/span><\/td><td><span style=\"font-weight: 400;\">Denio Duarte<\/span>, UFFS<\/td><td><span style=\"font-weight: 400;\">Fabio Porto, LNCC<\/span><\/td><td><span style=\"font-weight: 400;\">Altigran Soares da Silva, UFAM<\/span><\/td><\/tr><tr><td><b>2018<\/b><\/td><td><span style=\"font-weight: 400;\">Jos\u00e9 Maria Monteiro da Silva Filho, UFC<\/span><\/td><td><span style=\"font-weight: 400;\">Maristela Holanda, UNB<\/span><\/td><td><span style=\"font-weight: 400;\">Carina Dorneles, UFSC<\/span><\/td><td><span style=\"font-weight: 400;\">Maria Camila Nardini, UFU<\/span><\/td><\/tr><tr><td><b>2017<\/b><\/td><td><span style=\"font-weight: 400;\">V\u00e2nia Vidal, UFC<\/span><\/td><td><span style=\"font-weight: 400;\">Daniel de Oliveira, UFF<\/span><\/td><td><span style=\"font-weight: 400;\">Bernadette L\u00f3scio, UFPE<\/span><\/td><td><span style=\"font-weight: 400;\">Ana Carolina Salgado, UFPE<\/span><\/td><\/tr><tr><td><b>2016<\/b><\/td><td><span style=\"font-weight: 400;\">S\u00e9rgio Lifschitz, PUC-Rio<\/span><\/td><td><span style=\"font-weight: 400;\">Eduardo de Almeida, UFPR<\/span><\/td><td><span style=\"font-weight: 400;\">Carmem Hara, UFPR<\/span><\/td><td><span style=\"font-weight: 400;\">Marta Mattoso, COPPE\/UFRJ<\/span><\/td><\/tr><tr><td><b>2015<\/b><\/td><td><span style=\"font-weight: 400;\">Ricardo Torres, UNICAMP<\/span><\/td><td><span style=\"font-weight: 400;\">Val\u00e9ria Times, UFPE<\/span><\/td><td><span style=\"font-weight: 400;\">Vanessa Braganholo, UFF<\/span><\/td><td><span style=\"font-weight: 400;\">Javam Machado, UFC<\/span><\/td><\/tr><tr><td><b>2014<\/b><\/td><td><span style=\"font-weight: 400;\">Jo\u00e3o Eduardo Ferreira, USP<\/span><\/td><td><span style=\"font-weight: 400;\">Jos\u00e9 Antonio Macedo, UFC<\/span><\/td><td><span style=\"font-weight: 400;\">\u2014<\/span><\/td><td><span style=\"font-weight: 400;\">Vanessa Braganholo, UFF<\/span><\/td><\/tr><tr><td><b>2013<\/b><\/td><td><span style=\"font-weight: 400;\">Karin Becker, UFRGS<\/span><\/td><td><span style=\"font-weight: 400;\">Damires Souza, IFECT PB<\/span><\/td><td><span style=\"font-weight: 400;\">Renato Fileto, UFSC<\/span><\/td><td><span style=\"font-weight: 400;\">Mirella Moro, UFMG<\/span><\/td><\/tr><tr><td>&nbsp;<\/td><td><span style=\"font-weight: 400;\">Andr\u00e9 Santanch\u00e8, UNICAMP<\/span><\/td><td><span style=\"font-weight: 400;\">Daniel Kaster, UEL<\/span><\/td><td><span style=\"font-weight: 400;\">Marco Cristo, UFAM<\/span><\/td><td>&nbsp;<\/td><\/tr><tr><td><b>2012<\/b><\/td><td><span style=\"font-weight: 400;\">F\u00e1bio Porto, LNCC<\/span><\/td><td><span style=\"font-weight: 400;\">Jos\u00e9 Maria Monteiro, UFC<\/span><\/td><td><span style=\"font-weight: 400;\">Renata Galante, UFRGS<\/span><\/td><td><span style=\"font-weight: 400;\">Cristina Ciferri, USP<\/span><\/td><\/tr><tr><td><b>2011<\/b><\/td><td><span style=\"font-weight: 400;\">Maria Luiza Campos, UFRJ<\/span><\/td><td><span style=\"font-weight: 400;\">Agma Traina, USP<\/span><\/td><td><span style=\"font-weight: 400;\">Luciana Rech, UFSC<\/span><\/td><td>&nbsp;<\/td><\/tr><tr><td>&nbsp;<\/td><td><span style=\"font-weight: 400;\">Jonice Sampaio, UFRJ<\/span><\/td><td><span style=\"font-weight: 400;\">Jos\u00e9 F. Rodrigues Jr, USP<\/span><\/td><td>&nbsp;<\/td><td>&nbsp;<\/td><\/tr><tr><td><b>2010<\/b><\/td><td><span style=\"font-weight: 400;\"> Carmen Hara, UFPR<\/span><\/td><td><span style=\"font-weight: 400;\">Ronaldo Melo, UFSC<\/span>\n<p>&nbsp;<\/p>\n<p><span style=\"font-weight: 400;\">Viviane Orengo, UFRGS<\/span><\/p>\n<\/td><td><span style=\"font-weight: 400;\">Ronaldo Melo, UFSC<\/span>\n<p>&nbsp;<\/p>\n<p><span style=\"font-weight: 400;\">Viviane Orengo, UFRGS<\/span><\/p>\n<\/td><td>&nbsp;<\/td><\/tr><\/tbody><\/table><\/figure>\n","protected":false},"excerpt":{"rendered":"<p>Previous SBBD editions and their coordinators Year Place Program Committee Coordinator Organization Coordinator 2025 Fortaleza Carlos Eduardo S. Pires (UFCG)&hellip; <\/p>\n","protected":false},"author":1,"featured_media":0,"parent":0,"menu_order":0,"comment_status":"closed","ping_status":"closed","template":"","meta":{"footnotes":""},"class_list":["post-170","page","type-page","status-publish","hentry"],"_links":{"self":[{"href":"https:\/\/sbbd.org.br\/index.php\/wp-json\/wp\/v2\/pages\/170","targetHints":{"allow":["GET"]}}],"collection":[{"href":"https:\/\/sbbd.org.br\/index.php\/wp-json\/wp\/v2\/pages"}],"about":[{"href":"https:\/\/sbbd.org.br\/index.php\/wp-json\/wp\/v2\/types\/page"}],"author":[{"embeddable":true,"href":"https:\/\/sbbd.org.br\/index.php\/wp-json\/wp\/v2\/users\/1"}],"replies":[{"embeddable":true,"href":"https:\/\/sbbd.org.br\/index.php\/wp-json\/wp\/v2\/comments?post=170"}],"version-history":[{"count":36,"href":"https:\/\/sbbd.org.br\/index.php\/wp-json\/wp\/v2\/pages\/170\/revisions"}],"predecessor-version":[{"id":2550,"href":"https:\/\/sbbd.org.br\/index.php\/wp-json\/wp\/v2\/pages\/170\/revisions\/2550"}],"wp:attachment":[{"href":"https:\/\/sbbd.org.br\/index.php\/wp-json\/wp\/v2\/media?parent=170"}],"curies":[{"name":"wp","href":"https:\/\/api.w.org\/{rel}","templated":true}]}}