{"id":909,"date":"2025-02-24T18:48:16","date_gmt":"2025-02-24T21:48:16","guid":{"rendered":"http:\/\/164.68.101.141\/?page_id=909"},"modified":"2025-08-18T10:45:54","modified_gmt":"2025-08-18T13:45:54","slug":"tutorials-2","status":"publish","type":"page","link":"https:\/\/sbbd.org.br\/2025\/tutorials-2\/","title":{"rendered":"Tutoriais"},"content":{"rendered":"\t\t<div data-elementor-type=\"wp-page\" data-elementor-id=\"909\" class=\"elementor elementor-909\">\n\t\t\t\t<div class=\"elementor-element elementor-element-7b126252 e-con-full e-flex e-con e-parent\" data-id=\"7b126252\" data-element_type=\"container\" data-e-type=\"container\">\n\t\t<div class=\"elementor-element elementor-element-c695e9a e-con-full e-flex e-con e-child\" data-id=\"c695e9a\" data-element_type=\"container\" data-e-type=\"container\">\n\t\t\t\t<div class=\"elementor-element elementor-element-3335c27 elementor-widget elementor-widget-heading\" data-id=\"3335c27\" data-element_type=\"widget\" data-e-type=\"widget\" data-widget_type=\"heading.default\">\n\t\t\t\t<div class=\"elementor-widget-container\">\n\t\t\t\t\t<h2 class=\"elementor-heading-title elementor-size-default\">Tutoriais<\/h2>\t\t\t\t<\/div>\n\t\t\t\t<\/div>\n\t\t\t\t<div class=\"elementor-element elementor-element-1ffc3fd sublinhado elementor-widget__width-initial elementor-widget elementor-widget-image\" data-id=\"1ffc3fd\" data-element_type=\"widget\" data-e-type=\"widget\" data-widget_type=\"image.default\">\n\t\t\t\t<div class=\"elementor-widget-container\">\n\t\t\t\t\t\t\t\t\t\t\t\t\t\t\t<img decoding=\"async\" width=\"246\" height=\"18\" src=\"https:\/\/sbbd.org.br\/2025\/wp-content\/uploads\/2025\/08\/Frame-4-e1748889604907.png\" class=\"attachment-full size-full wp-image-4688\" alt=\"\" \/>\t\t\t\t\t\t\t\t\t\t\t\t\t\t\t<\/div>\n\t\t\t\t<\/div>\n\t\t\t\t<\/div>\n\t\t\t\t<div class=\"elementor-element elementor-element-8a1465f elementor-widget elementor-widget-text-editor\" data-id=\"8a1465f\" data-element_type=\"widget\" data-e-type=\"widget\" data-widget_type=\"text-editor.default\">\n\t\t\t\t<div class=\"elementor-widget-container\">\n\t\t\t\t\t\t\t\t\t<p><span style=\"font-weight: 400;\">O SBBD 2025 convida \u00e0 submiss\u00e3o de propostas de tutoriais. Cada tutorial ser\u00e1 apresentado em at\u00e9 3 horas. Consideraremos propostas de tutoriais introdut\u00f3rios e avan\u00e7ados sobre t\u00f3picos do banco de dados ou \u00e1reas relacionadas (por exemplo, Ci\u00eancia de Dados, IA Centrada em Dados). Os t\u00f3picos de interesse incluem, mas n\u00e3o est\u00e3o limitados aos seguintes t\u00f3picos descritos em <\/span><a href=\"https:\/\/sbbd.org.br\/2025\/call-for-papers\/\"><span style=\"font-weight: 400;\">https:\/\/sbbd.org.br\/2025\/call-for-papers\/<\/span><\/a><span style=\"font-weight: 400;\">. <\/span><\/p><p><span style=\"font-weight: 400;\">Os tutoriais introdut\u00f3rios devem ter como alvo um p\u00fablico composto por estudantes avan\u00e7ados de gradua\u00e7\u00e3o e p\u00f3s-gradua\u00e7\u00e3o, bem como participantes da ind\u00fastria. Neste contexto, tutoriais podem ser considerados cursos de \u201creciclagem\u201d, embora n\u00e3o devam ser sobre t\u00f3picos tradicionais de \u201clivros did\u00e1ticos\u201d. Os tutoriais avan\u00e7ados, por outro lado, devem cobrir o estado da arte de um t\u00f3pico, motivando e expondo poss\u00edveis quest\u00f5es de pesquisa.<\/span><\/p><h2><span style=\"color: #faa80c;\"><strong>Instru\u00e7\u00f5es para Autores<\/strong><\/span><\/h2><p><span style=\"font-weight: 400;\">As propostas de tutoriais dever\u00e3o ter no m\u00e1ximo 5 p\u00e1ginas, em fonte Times New Roman, 12 pt. fonte e deve incluir os seguintes itens (nesta ordem):<\/span><\/p><ul><li style=\"font-weight: 400;\" aria-level=\"1\"><span style=\"font-weight: 400;\">T\u00edtulo do tutorial, nome completo dos autores, afilia\u00e7\u00f5es, e-mails e URL das respectivas home pages (se dispon\u00edveis).<\/span><\/li><li style=\"font-weight: 400;\" aria-level=\"1\"><span style=\"font-weight: 400;\">Caso o tutorial proposto j\u00e1 tenha sido apresentado anteriormente, indique o evento em que o tutorial foi apresentado e como ele ser\u00e1 atualizado e aprimorado para o SBBD 2025.<\/span><\/li><li style=\"font-weight: 400;\" aria-level=\"1\"><span style=\"font-weight: 400;\">Tipo tutorial (introdut\u00f3rio ou avan\u00e7ado).<\/span><\/li><li style=\"font-weight: 400;\" aria-level=\"1\"><span style=\"font-weight: 400;\">O p\u00fablico-alvo e a sua origem presumida.<\/span><\/li><li style=\"font-weight: 400;\" aria-level=\"1\"><span style=\"font-weight: 400;\">O idioma em que o tutorial ser\u00e1 apresentado (Ingl\u00eas ou Portugu\u00eas).<\/span><\/li><li style=\"font-weight: 400;\" aria-level=\"1\"><span style=\"font-weight: 400;\">Um resumo (m\u00e1ximo de 100 palavras) descrevendo o objetivo principal do tutorial.<\/span><\/li><li style=\"font-weight: 400;\" aria-level=\"1\"><span style=\"font-weight: 400;\">Esbo\u00e7o do tutorial (lista de t\u00f3picos e uma breve descri\u00e7\u00e3o de como os t\u00f3picos ser\u00e3o abordados).<\/span><\/li><li style=\"font-weight: 400;\" aria-level=\"1\"><span style=\"font-weight: 400;\">Lista de (at\u00e9 10) refer\u00eancias relacionadas.<\/span><\/li><li style=\"font-weight: 400;\" aria-level=\"1\"><span style=\"font-weight: 400;\">Uma breve biografia dos autores (at\u00e9 20 linhas\/autor).<\/span><\/li><li style=\"font-weight: 400;\" aria-level=\"1\"><span style=\"font-weight: 400;\">Nome de quem apresentar\u00e1 o tutorial, no caso de tutorial proposto por mais de um autor. Os autores podem compartilhar a apresenta\u00e7\u00e3o, ou seja, mais do que um autor pode apresentar o tutorial.<\/span><\/li><li style=\"font-weight: 400;\" aria-level=\"1\"><span style=\"font-weight: 400;\">Equipamento audiovisual necess\u00e1rio (por exemplo, projetor multim\u00eddia e recursos de inform\u00e1tica).<\/span><\/li><\/ul><h2><span style=\"color: #faa80c;\"><strong>Diretrizes para Submiss\u00e3o<\/strong><\/span><\/h2><p><span style=\"font-weight: 400;\">As propostas de tutoriais submetidas poder\u00e3o ser redigidas em portugu\u00eas ou ingl\u00eas. Submiss\u00f5es em ingl\u00eas s\u00e3o fortemente encorajadas. As propostas enviadas ser\u00e3o analisadas com base na originalidade, relev\u00e2ncia, solidez t\u00e9cnica e clareza de apresenta\u00e7\u00e3o.<\/span><\/p><p><span style=\"font-weight: 400;\">As propostas de tutoriais dever\u00e3o ser enviadas por e-mail como anexos em PDF para <\/span><span style=\"font-weight: 400;\">eduardo.almeida@ufpr.br<\/span><span style=\"font-weight: 400;\">. O assunto do e-mail dever\u00e1 ser: \u201cSess\u00e3o Tutorial SBBD 2025\u201d. Por favor, envie e-mail com o assunto sugerido para auxiliar o coordenador na filtragem de mensagens de interesse. Formatos diferentes de PDF n\u00e3o ser\u00e3o aceitos.<\/span><\/p><p>O SBBD 2025 reserva-se o direito de recusar todas as propostas de tutoriais submetidas, bem como de incluir apresenta\u00e7\u00f5es de tutoriais convidados.<\/p>\t\t\t\t\t\t\t\t<\/div>\n\t\t\t\t<\/div>\n\t\t<div class=\"elementor-element elementor-element-1625fbc e-con-full e-flex e-con e-child\" data-id=\"1625fbc\" data-element_type=\"container\" data-e-type=\"container\">\n\t\t\t\t<div class=\"elementor-element elementor-element-0a86f4c elementor-view-default elementor-widget elementor-widget-icon\" data-id=\"0a86f4c\" data-element_type=\"widget\" data-e-type=\"widget\" data-widget_type=\"icon.default\">\n\t\t\t\t<div class=\"elementor-widget-container\">\n\t\t\t\t\t\t\t<div class=\"elementor-icon-wrapper\">\n\t\t\t<div class=\"elementor-icon\">\n\t\t\t<svg aria-hidden=\"true\" class=\"e-font-icon-svg e-far-calendar-alt\" viewBox=\"0 0 448 512\" xmlns=\"http:\/\/www.w3.org\/2000\/svg\"><path d=\"M148 288h-40c-6.6 0-12-5.4-12-12v-40c0-6.6 5.4-12 12-12h40c6.6 0 12 5.4 12 12v40c0 6.6-5.4 12-12 12zm108-12v-40c0-6.6-5.4-12-12-12h-40c-6.6 0-12 5.4-12 12v40c0 6.6 5.4 12 12 12h40c6.6 0 12-5.4 12-12zm96 0v-40c0-6.6-5.4-12-12-12h-40c-6.6 0-12 5.4-12 12v40c0 6.6 5.4 12 12 12h40c6.6 0 12-5.4 12-12zm-96 96v-40c0-6.6-5.4-12-12-12h-40c-6.6 0-12 5.4-12 12v40c0 6.6 5.4 12 12 12h40c6.6 0 12-5.4 12-12zm-96 0v-40c0-6.6-5.4-12-12-12h-40c-6.6 0-12 5.4-12 12v40c0 6.6 5.4 12 12 12h40c6.6 0 12-5.4 12-12zm192 0v-40c0-6.6-5.4-12-12-12h-40c-6.6 0-12 5.4-12 12v40c0 6.6 5.4 12 12 12h40c6.6 0 12-5.4 12-12zm96-260v352c0 26.5-21.5 48-48 48H48c-26.5 0-48-21.5-48-48V112c0-26.5 21.5-48 48-48h48V12c0-6.6 5.4-12 12-12h40c6.6 0 12 5.4 12 12v52h128V12c0-6.6 5.4-12 12-12h40c6.6 0 12 5.4 12 12v52h48c26.5 0 48 21.5 48 48zm-48 346V160H48v298c0 3.3 2.7 6 6 6h340c3.3 0 6-2.7 6-6z\"><\/path><\/svg>\t\t\t<\/div>\n\t\t<\/div>\n\t\t\t\t\t\t<\/div>\n\t\t\t\t<\/div>\n\t\t\t\t<div class=\"elementor-element elementor-element-b1f2555 elementor-widget elementor-widget-heading\" data-id=\"b1f2555\" data-element_type=\"widget\" data-e-type=\"widget\" data-widget_type=\"heading.default\">\n\t\t\t\t<div class=\"elementor-widget-container\">\n\t\t\t\t\t<h2 class=\"elementor-heading-title elementor-size-default\">DATAS IMPORTANTES<\/h2>\t\t\t\t<\/div>\n\t\t\t\t<\/div>\n\t\t\t\t<\/div>\n\t\t\t\t<div class=\"elementor-element elementor-element-8beea4d elementor-widget elementor-widget-text-editor\" data-id=\"8beea4d\" data-element_type=\"widget\" data-e-type=\"widget\" data-widget_type=\"text-editor.default\">\n\t\t\t\t<div class=\"elementor-widget-container\">\n\t\t\t\t\t\t\t\t\t<ul><li><span style=\"font-weight: 400;\">Submiss\u00e3o: <del>09\/06\/2025<\/del> 01\/07\/2025<br \/><\/span><\/li><li aria-level=\"1\"><span style=\"font-weight: 400;\">Notifica\u00e7\u00e3o: 14\/07\/2025<br \/><\/span><\/li><li aria-level=\"1\"><span style=\"font-weight: 400;\">Camera-ready: 28\/07\/2025<\/span><\/li><\/ul><h2><span style=\"color: #faa80c;\"><strong>Coordena\u00e7\u00e3o do Programa de Tutoriais<\/strong><\/span><\/h2><p>Eduardo Cunha de Almeida<br \/><span style=\"font-weight: 400;\">Professor Associado, Departamento de Inform\u00e1tica, UFPR<\/span><\/p><p><strong data-start=\"0\" data-end=\"11\" data-is-only-node=\"\">Contato<\/strong><br data-start=\"11\" data-end=\"14\" \/>Para mais informa\u00e7\u00f5es, entre em contato com Eduardo Almeida pelo e-mail <strong data-start=\"86\" data-end=\"113\"><a rel=\"noopener\" data-start=\"88\" data-end=\"111\" data-is-only-node=\"\">eduardo.almeida@ufpr.br<\/a><\/strong>. Envie a mensagem com o assunto <strong data-start=\"146\" data-end=\"182\">\u201cSBBD 2025 Sess\u00e3o de Minicursos\u201d<\/strong>. Por favor, utilize o assunto sugerido para facilitar a triagem das mensagens de interesse pelo coordenador.<\/p><h2><strong><span style=\"color: #faa80c;\">Tutoriais Aceitos<\/span><br \/><\/strong><\/h2><ul><li>Intelig\u00eancia Artificial Sustent\u00e1vel baseado em Engenharia de Dados, Aprendizado de M\u00e1quina e Transfer\u00eancia de Conhecimento para Processamento de Linguagem Natural. Washington Cunha, Leonardo Rocha, Marcos A. Gon\u00e7alves<\/li><li>LLMs N\u00e3o S\u00e3o Garantidos &#8211; Avaliando LLMs: M\u00e9tricas, Benchmarks, T\u00e9cnicas Autom\u00e1ticas e Considera\u00e7\u00f5es \u00c9ticas. Livy Maria Real Coelho, Daniela Vianna, Andr\u00e9 Luiz da Costa Carvalho, Altigran Soares da Silva<\/li><li>RAG em Bancos de Dados Multimodais: Orquestrando Recupera\u00e7\u00e3o Textual, Vetorial e em Grafo. Ot\u00e1vio Cala\u00e7a Xavier, Anderson da Silva Soares<\/li><\/ul>\t\t\t\t\t\t\t\t<\/div>\n\t\t\t\t<\/div>\n\t\t\t\t<\/div>\n\t\t<div class=\"elementor-element elementor-element-0232e0f e-con-full e-flex e-con e-parent\" data-id=\"0232e0f\" data-element_type=\"container\" data-e-type=\"container\" data-settings=\"{&quot;background_background&quot;:&quot;gradient&quot;,&quot;shape_divider_top&quot;:&quot;waves&quot;}\">\n\t\t\t\t<div class=\"elementor-shape elementor-shape-top\" aria-hidden=\"true\" data-negative=\"false\">\n\t\t\t<svg xmlns=\"http:\/\/www.w3.org\/2000\/svg\" viewBox=\"0 0 1000 100\" preserveAspectRatio=\"none\">\n\t<path class=\"elementor-shape-fill\" d=\"M421.9,6.5c22.6-2.5,51.5,0.4,75.5,5.3c23.6,4.9,70.9,23.5,100.5,35.7c75.8,32.2,133.7,44.5,192.6,49.7\n\tc23.6,2.1,48.7,3.5,103.4-2.5c54.7-6,106.2-25.6,106.2-25.6V0H0v30.3c0,0,72,32.6,158.4,30.5c39.2-0.7,92.8-6.7,134-22.4\n\tc21.2-8.1,52.2-18.2,79.7-24.2C399.3,7.9,411.6,7.5,421.9,6.5z\"\/>\n<\/svg>\t\t<\/div>\n\t\t\t\t<\/div>\n\t\t\t\t<\/div>\n\t\t","protected":false},"excerpt":{"rendered":"<p>Tutoriais O SBBD 2025 convida \u00e0 submiss\u00e3o de propostas de tutoriais. Cada tutorial ser\u00e1 apresentado em at\u00e9 3 horas. Consideraremos propostas de tutoriais introdut\u00f3rios e avan\u00e7ados sobre t\u00f3picos do banco de dados ou \u00e1reas relacionadas (por exemplo, Ci\u00eancia de Dados, IA Centrada em Dados). Os t\u00f3picos de interesse incluem, mas n\u00e3o est\u00e3o limitados aos seguintes [&hellip;]<\/p>\n","protected":false},"author":2,"featured_media":0,"parent":0,"menu_order":0,"comment_status":"closed","ping_status":"closed","template":"","meta":{"footnotes":""},"class_list":["post-909","page","type-page","status-publish","hentry"],"_links":{"self":[{"href":"https:\/\/sbbd.org.br\/2025\/wp-json\/wp\/v2\/pages\/909","targetHints":{"allow":["GET"]}}],"collection":[{"href":"https:\/\/sbbd.org.br\/2025\/wp-json\/wp\/v2\/pages"}],"about":[{"href":"https:\/\/sbbd.org.br\/2025\/wp-json\/wp\/v2\/types\/page"}],"author":[{"embeddable":true,"href":"https:\/\/sbbd.org.br\/2025\/wp-json\/wp\/v2\/users\/2"}],"replies":[{"embeddable":true,"href":"https:\/\/sbbd.org.br\/2025\/wp-json\/wp\/v2\/comments?post=909"}],"version-history":[{"count":12,"href":"https:\/\/sbbd.org.br\/2025\/wp-json\/wp\/v2\/pages\/909\/revisions"}],"predecessor-version":[{"id":4819,"href":"https:\/\/sbbd.org.br\/2025\/wp-json\/wp\/v2\/pages\/909\/revisions\/4819"}],"wp:attachment":[{"href":"https:\/\/sbbd.org.br\/2025\/wp-json\/wp\/v2\/media?parent=909"}],"curies":[{"name":"wp","href":"https:\/\/api.w.org\/{rel}","templated":true}]}}