{"id":5351,"date":"2025-09-02T20:39:45","date_gmt":"2025-09-02T23:39:45","guid":{"rendered":"https:\/\/sbbd.org.br\/2025\/?page_id=5351"},"modified":"2025-09-02T20:50:59","modified_gmt":"2025-09-02T23:50:59","slug":"dsw-final","status":"publish","type":"page","link":"https:\/\/sbbd.org.br\/2025\/dsw-final\/","title":{"rendered":"DSW"},"content":{"rendered":"\t\t<div data-elementor-type=\"wp-page\" data-elementor-id=\"5351\" class=\"elementor elementor-5351\">\n\t\t\t\t<div class=\"elementor-element elementor-element-567e7c7 e-con-full e-flex e-con e-parent\" data-id=\"567e7c7\" data-element_type=\"container\" data-e-type=\"container\" data-settings=\"{&quot;background_background&quot;:&quot;classic&quot;}\">\n\t\t\t\t<div class=\"elementor-element elementor-element-865a55e elementor-widget elementor-widget-heading\" data-id=\"865a55e\" data-element_type=\"widget\" data-e-type=\"widget\" data-widget_type=\"heading.default\">\n\t\t\t\t<div class=\"elementor-widget-container\">\n\t\t\t\t\t<h2 class=\"elementor-heading-title elementor-size-default\">DSW<\/h2>\t\t\t\t<\/div>\n\t\t\t\t<\/div>\n\t\t<div class=\"elementor-element elementor-element-34fd088 e-con-full e-flex e-con e-child\" data-id=\"34fd088\" data-element_type=\"container\" data-e-type=\"container\" data-settings=\"{&quot;background_background&quot;:&quot;classic&quot;}\">\n\t\t\t\t<\/div>\n\t\t\t\t<\/div>\n\t\t<div class=\"elementor-element elementor-element-2118654 e-con-full e-flex e-con e-parent\" data-id=\"2118654\" data-element_type=\"container\" data-e-type=\"container\">\n\t\t\t\t<div class=\"elementor-element elementor-element-5fecd59 elementor-widget elementor-widget-Table\" data-id=\"5fecd59\" data-element_type=\"widget\" data-e-type=\"widget\" data-widget_type=\"Table.default\">\n\t\t\t\t<div class=\"elementor-widget-container\">\n\t\t\t\t\t\t\t<table class=\"tafe-table \">\n\t\t\t<thead  class=\"tafe-table-header\">\n\t\t\t\t<tr>\n\t\t\t\t\t<th class=\"elementor-inline-editing elementor-repeater-item-75f0621\"  colSpan=\"5\" >Artigos Aceitos<\/th>\t\t\t\t<\/tr>\n\t\t\t<\/thead>\n\t\t\t\t\t\t<tbody class=\"tafe-table-body\">\n\t\t\t\t<tr>\n\t\t\t\t\t<td data-label=\"Artigos Aceitos\"   class=\"elementor-repeater-item-d85471b td-content-type-default\" >T\u00edtulo do Artigo<\/td><td data-label=\"\"   class=\"elementor-repeater-item-6689c1b td-content-type-default\" >Autores\/Filia\u00e7\u00f5es<\/td><\/tr><tr><td data-label=\"Artigos Aceitos\"   class=\"elementor-repeater-item-66a4890 td-content-type-default\" >Conjunto de not\u00edcias para avalia\u00e7\u00e3o de investimentos em regi\u00f5es do estado de S\u00e3o Paulo<\/td><td data-label=\"\"   class=\"elementor-repeater-item-0a819d6 td-content-type-default\" >Gabriel L. Melo, Joao V. C. Neres Sousa<\/br>Willian D. Oliveira (ICMC USP)<\/br>Lucas Mingardo (SEADE)<\/br>Carlos Freire (SEADE)<\/br>Agma J. M. Traina (ICMC USP)<\/br>Caetano Traina Jr. (ICMC USP)<\/td><\/tr><tr><td data-label=\"Artigos Aceitos\"   class=\"elementor-repeater-item-5ff7709 td-content-type-default\" >Construindo um Dataset Georreferenciado para a Educa\u00e7\u00e3o Superior no Brasil<\/td><td data-label=\"\"   class=\"elementor-repeater-item-b7a92be td-content-type-default\" >Di\u00eago de Araujo Correia <\/br> Rafael Luciano Lima da Silva <\/br> F\u00e1bio Jos\u00e9 Coutinho da Silva<\/br>Maria Ribeiro (UFAL)<\/td><\/tr><tr><td data-label=\"Artigos Aceitos\"   class=\"elementor-repeater-item-6e19781 td-content-type-default\" >DataCoin: Dataset Sazonal para Estrat\u00e9gias Quantitativas com Bitcoin <\/td><td data-label=\"\"   class=\"elementor-repeater-item-014d98c td-content-type-default\" >Jose Jeovane R. Cordeiro<\/br> Arlino H. Magalhaes de Ara\u00fajo<\/br>Guilherme A. Avelino (UFPI)<\/td><\/tr><tr><td data-label=\"Artigos Aceitos\"   class=\"elementor-repeater-item-31d1fcd td-content-type-default\" >DataCrimeBR: Constru\u00e7\u00e3o de um Dataset de Crimes Reportados em Tweets no Brasil<\/td><td data-label=\"\"   class=\"elementor-repeater-item-628e0b7 td-content-type-default\" >Miguel A. R. e Silva <\/br>Philipe de Freitas Melo <\/br>Thais R. M. Braga Silva (UFV)<\/td><\/tr><tr><td data-label=\"Artigos Aceitos\"   class=\"elementor-repeater-item-1cc6fab td-content-type-default\" >DIP-BR: An Open and Network-Based Dataset of Brazilian Patents<\/td><td data-label=\"\"   class=\"elementor-repeater-item-731f323 td-content-type-default\" >Pablo Vasconcelos da Cruz<\/br>Iuri V. A. Lima<\/br>Danilo B. Seufitelli<\/br>Daniel H. Dalip (CEFET-MG)<\/br>Fabr\u00edcio P. V. de Campos (UFJF)<\/td><\/tr><tr><td data-label=\"Artigos Aceitos\"   class=\"elementor-repeater-item-8ffae72 td-content-type-default\" >EggQuality-UFRPE: A Chicken Egg Dataset for Multidisciplinary Studies in Animal Science and Computing<\/td><td data-label=\"\"   class=\"elementor-repeater-item-7733e35 td-content-type-default\" >Katariny Lima de Abreu<\/br>Andr\u00e9a Souza, Matheus Carmo<\/br>Lilian Francisco de Souza<\/br>Carlos B\u00f4a-Viagem Rabello (UFRPE)<\/br>Denis Salvadeo (UNESP)<\/br>Jo\u00e3o Paulo Lima, Kellyton Brito (UFRPE)<\/td><\/tr><tr><td data-label=\"Artigos Aceitos\"   class=\"elementor-repeater-item-3ff7383 td-content-type-default\" >LegisPL-BR \u2013 Dataset de projetos de leis brasileiros<\/td><td data-label=\"\"   class=\"elementor-repeater-item-93a7590 td-content-type-default\" >Juan Marciano (IFPI<\/br>Vinicius Machado<\/br>Arlino Magalh\u00e3es (UFPI)<\/td><\/tr><tr><td data-label=\"Artigos Aceitos\"   class=\"elementor-repeater-item-5d0589e td-content-type-default\" >Medical Dialogue Audio Transcription: Dataset and Benchmarking of ASR Models<\/td><td data-label=\"\"   class=\"elementor-repeater-item-5dfcdf2 td-content-type-default\" >Aline E. Gassenn (ICMC USP)<\/br>Luis G. M. Andrade (UNESP)<\/br>Douglas Teodoro (University of Geneve)<\/br>Jose F. Rodrigues-Jr (ICMC USP)<\/td>\t\t\t\t<\/tr>\n\t\t\t<\/tbody>\n\t\t<\/table>\n\t\t\n\t\t\t\t\t\t<\/div>\n\t\t\t\t<\/div>\n\t\t\t\t<\/div>\n\t\t<div class=\"elementor-element elementor-element-6d1f2bf e-con-full e-flex e-con e-parent\" data-id=\"6d1f2bf\" data-element_type=\"container\" data-e-type=\"container\">\n\t\t\t\t<\/div>\n\t\t\t\t<\/div>\n\t\t","protected":false},"excerpt":{"rendered":"<p>DSW Artigos Aceitos T\u00edtulo do Artigo Autores\/Filia\u00e7\u00f5es Conjunto de not\u00edcias para avalia\u00e7\u00e3o de investimentos em regi\u00f5es do estado de S\u00e3o Paulo Gabriel L. Melo, Joao V. C. Neres SousaWillian D. Oliveira (ICMC USP)Lucas Mingardo (SEADE)Carlos Freire (SEADE)Agma J. M. Traina (ICMC USP)Caetano Traina Jr. (ICMC USP) Construindo um Dataset Georreferenciado para a Educa\u00e7\u00e3o Superior no [&hellip;]<\/p>\n","protected":false},"author":2,"featured_media":0,"parent":0,"menu_order":0,"comment_status":"closed","ping_status":"closed","template":"","meta":{"footnotes":""},"class_list":["post-5351","page","type-page","status-publish","hentry"],"_links":{"self":[{"href":"https:\/\/sbbd.org.br\/2025\/wp-json\/wp\/v2\/pages\/5351","targetHints":{"allow":["GET"]}}],"collection":[{"href":"https:\/\/sbbd.org.br\/2025\/wp-json\/wp\/v2\/pages"}],"about":[{"href":"https:\/\/sbbd.org.br\/2025\/wp-json\/wp\/v2\/types\/page"}],"author":[{"embeddable":true,"href":"https:\/\/sbbd.org.br\/2025\/wp-json\/wp\/v2\/users\/2"}],"replies":[{"embeddable":true,"href":"https:\/\/sbbd.org.br\/2025\/wp-json\/wp\/v2\/comments?post=5351"}],"version-history":[{"count":8,"href":"https:\/\/sbbd.org.br\/2025\/wp-json\/wp\/v2\/pages\/5351\/revisions"}],"predecessor-version":[{"id":5361,"href":"https:\/\/sbbd.org.br\/2025\/wp-json\/wp\/v2\/pages\/5351\/revisions\/5361"}],"wp:attachment":[{"href":"https:\/\/sbbd.org.br\/2025\/wp-json\/wp\/v2\/media?parent=5351"}],"curies":[{"name":"wp","href":"https:\/\/api.w.org\/{rel}","templated":true}]}}