{"id":5318,"date":"2025-09-02T12:04:34","date_gmt":"2025-09-02T15:04:34","guid":{"rendered":"https:\/\/sbbd.org.br\/2025\/?page_id=5318"},"modified":"2025-09-12T13:35:02","modified_gmt":"2025-09-12T16:35:02","slug":"minicursos-final","status":"publish","type":"page","link":"https:\/\/sbbd.org.br\/2025\/minicursos-final\/","title":{"rendered":"Minicursos"},"content":{"rendered":"\t\t<div data-elementor-type=\"wp-page\" data-elementor-id=\"5318\" class=\"elementor elementor-5318\">\n\t\t\t\t<div class=\"elementor-element elementor-element-567e7c7 e-con-full e-flex e-con e-parent\" data-id=\"567e7c7\" data-element_type=\"container\" data-e-type=\"container\" data-settings=\"{&quot;background_background&quot;:&quot;classic&quot;}\">\n\t\t\t\t<div class=\"elementor-element elementor-element-865a55e elementor-widget elementor-widget-heading\" data-id=\"865a55e\" data-element_type=\"widget\" data-e-type=\"widget\" data-widget_type=\"heading.default\">\n\t\t\t\t<div class=\"elementor-widget-container\">\n\t\t\t\t\t<h2 class=\"elementor-heading-title elementor-size-default\">MINICURSOS<\/h2>\t\t\t\t<\/div>\n\t\t\t\t<\/div>\n\t\t<div class=\"elementor-element elementor-element-34fd088 e-con-full e-flex e-con e-child\" data-id=\"34fd088\" data-element_type=\"container\" data-e-type=\"container\" data-settings=\"{&quot;background_background&quot;:&quot;classic&quot;}\">\n\t\t\t\t<\/div>\n\t\t\t\t<\/div>\n\t\t<div class=\"elementor-element elementor-element-2118654 e-con-full e-flex e-con e-parent\" data-id=\"2118654\" data-element_type=\"container\" data-e-type=\"container\">\n\t\t\t\t<div class=\"elementor-element elementor-element-81188d9 elementor-widget elementor-widget-Table\" data-id=\"81188d9\" data-element_type=\"widget\" data-e-type=\"widget\" data-widget_type=\"Table.default\">\n\t\t\t\t<div class=\"elementor-widget-container\">\n\t\t\t\t\t\t\t<table class=\"tafe-table \">\n\t\t\t<thead  class=\"tafe-table-header\">\n\t\t\t\t<tr>\n\t\t\t\t\t<th class=\"elementor-inline-editing elementor-repeater-item-75f0621\"  colSpan=\"5\" >Minicurso 1<\/th>\t\t\t\t<\/tr>\n\t\t\t<\/thead>\n\t\t\t\t\t\t<tbody class=\"tafe-table-body\">\n\t\t\t\t<tr>\n\t\t\t\t\t<\/tr><tr><td data-label=\"Minicurso 1\" colSpan=\"1\"  class=\"elementor-repeater-item-9385bc2 td-content-type-default\" >Segunda (29\/set)<\/td><td data-label=\"\" colSpan=\"43\"  class=\"elementor-repeater-item-e876324 td-content-type-default\" >Minicurso 1<\/td><\/tr><tr><td data-label=\"Minicurso 1\"   class=\"elementor-repeater-item-612a237 td-content-type-default\" >Hor\u00e1rio<\/td><td data-label=\"\"   class=\"elementor-repeater-item-59688c0 td-content-type-default\" >Minicurso 1<\/td><td data-label=\"\"   class=\"elementor-repeater-item-e7a8d87 td-content-type-default\" >Tema<\/td><td data-label=\"\"   class=\"elementor-repeater-item-6689c1b td-content-type-default\" >Autores\/Filia\u00e7\u00f5es<\/td><\/tr><tr><td data-label=\"Minicurso 1\"   class=\"elementor-repeater-item-bba00e8 td-content-type-default\" >10:30-12:00<\/td><td data-label=\"\"   class=\"elementor-repeater-item-8f52a84 td-content-type-default\" >Parte 1<\/td><td data-label=\"\"   class=\"elementor-repeater-item-00e815e td-content-type-default\" >Modelos de Difus\u00e3o: Uma Introdu\u00e7\u00e3o Acess\u00edvel ao Estado da Arte em Gera\u00e7\u00e3o de Dados<\/td><td data-label=\"\"   class=\"elementor-repeater-item-0a819d6 td-content-type-default\" >Samir Braga Chaves (UFC)<\/br>Vaux Sandino Diniz Gomes (IFCE)<\/br>Jos\u00e9 Ant\u00f4nio Fernandes de Mac\u00eado (UFC)<\/br>Regis Pires Magalh\u00e3es (UFC)<\/br>C\u00e9sar Lincoln Cavalcante Mattos (UFC)<\/td><\/tr><tr><td data-label=\"Minicurso 1\"   class=\"elementor-repeater-item-be23c62 td-content-type-default\" >16:30-19:00<\/td><td data-label=\"\"   class=\"elementor-repeater-item-66a4890 td-content-type-default\" >Parte 2<\/td><td data-label=\"\"   class=\"elementor-repeater-item-5baa91a td-content-type-default\" >Modelos de Difus\u00e3o: Uma Introdu\u00e7\u00e3o Acess\u00edvel ao Estado da Arte em Gera\u00e7\u00e3o de Dados<\/td><td data-label=\"\"   class=\"elementor-repeater-item-ddfba41 td-content-type-default\" >Samir Braga Chaves (UFC)<\/br>Vaux Sandino Diniz Gomes (IFCE)<\/br>Jos\u00e9 Ant\u00f4nio Fernandes de Mac\u00eado (UFC)<\/br>Regis Pires Magalh\u00e3es (UFC)<\/br>C\u00e9sar Lincoln Cavalcante Mattos (UFC)<\/td>\t\t\t\t<\/tr>\n\t\t\t<\/tbody>\n\t\t<\/table>\n\t\t\n\t\t\t\t\t\t<\/div>\n\t\t\t\t<\/div>\n\t\t\t\t<div class=\"elementor-element elementor-element-e091e04 elementor-widget elementor-widget-Table\" data-id=\"e091e04\" data-element_type=\"widget\" data-e-type=\"widget\" data-widget_type=\"Table.default\">\n\t\t\t\t<div class=\"elementor-widget-container\">\n\t\t\t\t\t\t\t<table class=\"tafe-table \">\n\t\t\t<thead  class=\"tafe-table-header\">\n\t\t\t\t<tr>\n\t\t\t\t\t<th class=\"elementor-inline-editing elementor-repeater-item-75f0621\"  colSpan=\"5\" >Minicurso 2<\/th>\t\t\t\t<\/tr>\n\t\t\t<\/thead>\n\t\t\t\t\t\t<tbody class=\"tafe-table-body\">\n\t\t\t\t<tr>\n\t\t\t\t\t<\/tr><tr><td data-label=\"Minicurso 2\" colSpan=\"1\"  class=\"elementor-repeater-item-9385bc2 td-content-type-default\" >Segunda (29\/set)<\/td><td data-label=\"\" colSpan=\"43\"  class=\"elementor-repeater-item-e876324 td-content-type-default\" >Minicurso 2\n<\/td><\/tr><tr><td data-label=\"Minicurso 2\"   class=\"elementor-repeater-item-612a237 td-content-type-default\" >Hor\u00e1rio<\/td><td data-label=\"\"   class=\"elementor-repeater-item-59688c0 td-content-type-default\" >Minicurso 2<\/td><td data-label=\"\"   class=\"elementor-repeater-item-e7a8d87 td-content-type-default\" >Tema<\/td><td data-label=\"\"   class=\"elementor-repeater-item-6689c1b td-content-type-default\" >Autores\/Filia\u00e7\u00f5es<\/td><\/tr><tr><td data-label=\"Minicurso 2\"   class=\"elementor-repeater-item-bba00e8 td-content-type-default\" >08:00-10:00<\/td><td data-label=\"\"   class=\"elementor-repeater-item-8f52a84 td-content-type-default\" >Parte 1<\/td><td data-label=\"\"   class=\"elementor-repeater-item-00e815e td-content-type-default\" >Introduction to LLM-Based Agents<\/td><td data-label=\"\"   class=\"elementor-repeater-item-0a819d6 td-content-type-default\" >Eduardo Bezerra (CEFET-RJ)<\/td><\/tr><tr><td data-label=\"Minicurso 2\"   class=\"elementor-repeater-item-be23c62 td-content-type-default\" >14:00-16:00<\/td><td data-label=\"\"   class=\"elementor-repeater-item-66a4890 td-content-type-default\" >Parte 2<\/td><td data-label=\"\"   class=\"elementor-repeater-item-ddfba41 td-content-type-default\" >Introduction to LLM-Based Agents<\/td><td data-label=\"\"   class=\"elementor-repeater-item-94d962d td-content-type-default\" >Eduardo Bezerra (CEFET-RJ)<\/td>\t\t\t\t<\/tr>\n\t\t\t<\/tbody>\n\t\t<\/table>\n\t\t\n\t\t\t\t\t\t<\/div>\n\t\t\t\t<\/div>\n\t\t\t\t<\/div>\n\t\t<div class=\"elementor-element elementor-element-6d1f2bf e-con-full e-flex e-con e-parent\" data-id=\"6d1f2bf\" data-element_type=\"container\" data-e-type=\"container\">\n\t\t\t\t<\/div>\n\t\t\t\t<\/div>\n\t\t","protected":false},"excerpt":{"rendered":"<p>MINICURSOS Minicurso 1 Segunda (29\/set) Minicurso 1 Hor\u00e1rio Minicurso 1 Tema Autores\/Filia\u00e7\u00f5es 10:30-12:00 Parte 1 Modelos de Difus\u00e3o: Uma Introdu\u00e7\u00e3o Acess\u00edvel ao Estado da Arte em Gera\u00e7\u00e3o de Dados Samir Braga Chaves (UFC)Vaux Sandino Diniz Gomes (IFCE)Jos\u00e9 Ant\u00f4nio Fernandes de Mac\u00eado (UFC)Regis Pires Magalh\u00e3es (UFC)C\u00e9sar Lincoln Cavalcante Mattos (UFC) 16:30-19:00 Parte 2 Modelos de Difus\u00e3o: [&hellip;]<\/p>\n","protected":false},"author":2,"featured_media":0,"parent":0,"menu_order":0,"comment_status":"closed","ping_status":"closed","template":"","meta":{"footnotes":""},"class_list":["post-5318","page","type-page","status-publish","hentry"],"_links":{"self":[{"href":"https:\/\/sbbd.org.br\/2025\/wp-json\/wp\/v2\/pages\/5318","targetHints":{"allow":["GET"]}}],"collection":[{"href":"https:\/\/sbbd.org.br\/2025\/wp-json\/wp\/v2\/pages"}],"about":[{"href":"https:\/\/sbbd.org.br\/2025\/wp-json\/wp\/v2\/types\/page"}],"author":[{"embeddable":true,"href":"https:\/\/sbbd.org.br\/2025\/wp-json\/wp\/v2\/users\/2"}],"replies":[{"embeddable":true,"href":"https:\/\/sbbd.org.br\/2025\/wp-json\/wp\/v2\/comments?post=5318"}],"version-history":[{"count":11,"href":"https:\/\/sbbd.org.br\/2025\/wp-json\/wp\/v2\/pages\/5318\/revisions"}],"predecessor-version":[{"id":5802,"href":"https:\/\/sbbd.org.br\/2025\/wp-json\/wp\/v2\/pages\/5318\/revisions\/5802"}],"wp:attachment":[{"href":"https:\/\/sbbd.org.br\/2025\/wp-json\/wp\/v2\/media?parent=5318"}],"curies":[{"name":"wp","href":"https:\/\/api.w.org\/{rel}","templated":true}]}}