{"id":5306,"date":"2025-09-02T11:44:05","date_gmt":"2025-09-02T14:44:05","guid":{"rendered":"https:\/\/sbbd.org.br\/2025\/?page_id=5306"},"modified":"2025-09-02T11:59:31","modified_gmt":"2025-09-02T14:59:31","slug":"lago-final","status":"publish","type":"page","link":"https:\/\/sbbd.org.br\/2025\/lago-final\/","title":{"rendered":"LAGO-final"},"content":{"rendered":"\t\t<div data-elementor-type=\"wp-page\" data-elementor-id=\"5306\" class=\"elementor elementor-5306\">\n\t\t\t\t<div class=\"elementor-element elementor-element-567e7c7 e-con-full e-flex e-con e-parent\" data-id=\"567e7c7\" data-element_type=\"container\" data-e-type=\"container\" data-settings=\"{&quot;background_background&quot;:&quot;classic&quot;}\">\n\t\t\t\t<div class=\"elementor-element elementor-element-865a55e elementor-widget elementor-widget-heading\" data-id=\"865a55e\" data-element_type=\"widget\" data-e-type=\"widget\" data-widget_type=\"heading.default\">\n\t\t\t\t<div class=\"elementor-widget-container\">\n\t\t\t\t\t<h2 class=\"elementor-heading-title elementor-size-default\">LAGO<\/h2>\t\t\t\t<\/div>\n\t\t\t\t<\/div>\n\t\t<div class=\"elementor-element elementor-element-34fd088 e-con-full e-flex e-con e-child\" data-id=\"34fd088\" data-element_type=\"container\" data-e-type=\"container\" data-settings=\"{&quot;background_background&quot;:&quot;classic&quot;}\">\n\t\t\t\t<\/div>\n\t\t\t\t<\/div>\n\t\t<div class=\"elementor-element elementor-element-2118654 e-con-full e-flex e-con e-parent\" data-id=\"2118654\" data-element_type=\"container\" data-e-type=\"container\">\n\t\t\t\t<div class=\"elementor-element elementor-element-5fecd59 elementor-widget elementor-widget-Table\" data-id=\"5fecd59\" data-element_type=\"widget\" data-e-type=\"widget\" data-widget_type=\"Table.default\">\n\t\t\t\t<div class=\"elementor-widget-container\">\n\t\t\t\t\t\t\t<table class=\"tafe-table \">\n\t\t\t<thead  class=\"tafe-table-header\">\n\t\t\t\t<tr>\n\t\t\t\t\t<th class=\"elementor-inline-editing elementor-repeater-item-75f0621\"  colSpan=\"5\" >Artigos Aceitos<\/th>\t\t\t\t<\/tr>\n\t\t\t<\/thead>\n\t\t\t\t\t\t<tbody class=\"tafe-table-body\">\n\t\t\t\t<tr>\n\t\t\t\t\t<td data-label=\"Artigos Aceitos\"   class=\"elementor-repeater-item-d85471b td-content-type-default\" >T\u00edtulo do Artigo<\/td><td data-label=\"\"   class=\"elementor-repeater-item-6689c1b td-content-type-default\" >Autores\/Filia\u00e7\u00f5es<\/td><\/tr><tr><td data-label=\"Artigos Aceitos\"   class=\"elementor-repeater-item-66a4890 td-content-type-default\" >A RAG-Powered Academic Chatbot with Ontology-Driven Factual Verification<\/td><td data-label=\"\"   class=\"elementor-repeater-item-0a819d6 td-content-type-default\" >Vitor Mateus R. do Amaral (UFSM)<\/br>Luiza Espinosa (UFSM)<\/br>Paula D. Rigo (UFSM)\n<\/br>Gabriel M. Lunardi (UFSM)<\/td><\/tr><tr><td data-label=\"Artigos Aceitos\"   class=\"elementor-repeater-item-5ff7709 td-content-type-default\" >Constructing Knowledge Graphs from Text Using Large Language Models: Scoping Review<\/td><td data-label=\"\"   class=\"elementor-repeater-item-b7a92be td-content-type-default\" >Giovanna Borges Bottino (USP)<\/br>Jos\u00e9 de Jesus P\u00e9rez Alcaz\u00e1r (USP)<\/td><\/tr><tr><td data-label=\"Artigos Aceitos\"   class=\"elementor-repeater-item-6e19781 td-content-type-default\" >Estruturando o Conhecimento sobre TEA: Uma Ontologia para Apoiar a Rede de Cuidados de Crian\u00e7as Autistas com Base nos MSD Manuals e DSM-5<\/td><td data-label=\"\"   class=\"elementor-repeater-item-014d98c td-content-type-default\" >J\u00e9ssica Ruana Costa Lima (UFERSA)<\/br>Victor Benoiston Jales de Oliveira (UFERSA)<\/br>Sebasti\u00e3o Emidio Alves Filho (UFERSA)<\/br>Patr\u00edcio de Alencar Silva (UFERSA)<\/td><\/tr><tr><td data-label=\"Artigos Aceitos\"   class=\"elementor-repeater-item-31d1fcd td-content-type-default\" >Estudo de Caso de um Rob\u00f4 Social Integrado com LLM Interagindo em Ambientes P\u00fablicos<\/td><td data-label=\"\"   class=\"elementor-repeater-item-628e0b7 td-content-type-default\" >Marcos V. Cruz, Murillo R. Batista (CTI Renato Archer)<\/br>Douglas A. de Sousa (CTI Renato Archer)<\/br>Clarissa F. C. L. Loureiro (CTI Renato Archer)<\/br>Adriano L. Lima (CTI Renato Archer)<\/br>Josue J. G. Ramos (CTI Renato Archer)<\/td><\/tr><tr><td data-label=\"Artigos Aceitos\"   class=\"elementor-repeater-item-1cc6fab td-content-type-default\" >Gypscie-KG: Building a Logic-Based Approach for Knowledge Graph Data Integration View in ML Systems<\/td><td data-label=\"\"   class=\"elementor-repeater-item-731f323 td-content-type-default\" >Gabriela Moraes<\/br>Fabio Porto<\/br>Federico Ulliana<\/br>Jean-Francois Baget<\/br>Michel Leclere<\/br>Pierre Bisquert<\/br>Bernardo Goncalves<\/br>Patrick Valduriez<\/br>LNCC, CNRS INRAE<\/td><\/tr><tr><td data-label=\"Artigos Aceitos\"   class=\"elementor-repeater-item-8ffae72 td-content-type-default\" >LLMs na Gera\u00e7\u00e3o de Mapeamentos Sem\u00e2nticos: Experimento no dom\u00ednio de Plantas Industriais<\/td><td data-label=\"\"   class=\"elementor-repeater-item-7733e35 td-content-type-default\" >Geiza M. H. da Silva<\/br>Elvismary M. Armas<\/br>Pedro Saieg.1<\/br>Rafael A. de Castro<\/br>Thiago D. Coqueiro<\/br>Melissa Lemos<\/br>Liester C. Castro<\/br>PUC-RIO, UNIRIO<\/td><\/tr><tr><td data-label=\"Artigos Aceitos\"   class=\"elementor-repeater-item-0b7299e td-content-type-default\" >LLMs S\u00e3o Bons Matem\u00e1ticos? Avaliando o Desempenho em Resolu\u00e7\u00e3o de Exerc\u00edcios<\/td><td data-label=\"\"   class=\"elementor-repeater-item-283766a td-content-type-default\" >Igor Alberte R. Eleut\u00e9rio (ICI)<\/br>Israel Efraim de Oliveira (UFSC)<\/br>Mirela T. Cazzolato (ICMC USP)<\/td><\/tr><tr><td data-label=\"Artigos Aceitos\"   class=\"elementor-repeater-item-3ff7383 td-content-type-default\" >Metadata-Driven Construction of Semantic Views in Enterprise Knowledge Graphs with LLM Agents<\/td><td data-label=\"\"   class=\"elementor-repeater-item-93a7590 td-content-type-default\" >Tulio Vidal Rolim (UFC)<\/br>Jos\u00e9 Renato S. Freitas (IFPI)<\/br>V\u00e2nia Maria Ponte Vidal (IFCE)<\/td><\/tr><tr><td data-label=\"Artigos Aceitos\"   class=\"elementor-repeater-item-5d0589e td-content-type-default\" >Ontologia para An\u00e1lise Qualitativa Automatizada em Avalia\u00e7\u00f5es de Cursos de Ensino Superior<\/td><td data-label=\"\"   class=\"elementor-repeater-item-5dfcdf2 td-content-type-default\" >Eulanda Maria Pedro Daniel (UFRGS)<\/br>Leandro Krug Wives (UFRGS)<\/br>Alexandra Lorandi (UFRGS)<\/br>Jos\u00e9 Palazzo Moreira de Oliveira (UFRGS)<\/td><\/tr><tr><td data-label=\"Artigos Aceitos\"   class=\"elementor-repeater-item-6e6d4a8 td-content-type-default\" >Towards a Self-Explainable Recommender System using Large Language Models and Knowledge Graphs<\/td><td data-label=\"\"   class=\"elementor-repeater-item-779230e td-content-type-default\" >Antony Seabra (PUC-Rio)<\/br>Claudio Cavalcante(PUC-Rio)<\/br>Sergio Lifschitz(PUC-Rio)<\/br><\/td><\/tr><tr><td data-label=\"Artigos Aceitos\"   class=\"elementor-repeater-item-bbc0e94 td-content-type-default\" >Usando LLMs para simplificar e representar documentos m\u00e9dicos<\/td><td data-label=\"\"   class=\"elementor-repeater-item-807eb6a td-content-type-default\" >Leandro Krug Wives (UFRGS)<\/br>Maria Jos\u00e9 Bocorny Finatto (UFRGS)<\/td>\t\t\t\t<\/tr>\n\t\t\t<\/tbody>\n\t\t<\/table>\n\t\t\n\t\t\t\t\t\t<\/div>\n\t\t\t\t<\/div>\n\t\t\t\t<\/div>\n\t\t<div class=\"elementor-element elementor-element-6d1f2bf e-con-full e-flex e-con e-parent\" data-id=\"6d1f2bf\" data-element_type=\"container\" data-e-type=\"container\">\n\t\t\t\t<\/div>\n\t\t\t\t<\/div>\n\t\t","protected":false},"excerpt":{"rendered":"<p>LAGO Artigos Aceitos T\u00edtulo do Artigo Autores\/Filia\u00e7\u00f5es A RAG-Powered Academic Chatbot with Ontology-Driven Factual Verification Vitor Mateus R. do Amaral (UFSM)Luiza Espinosa (UFSM)Paula D. Rigo (UFSM) Gabriel M. Lunardi (UFSM) Constructing Knowledge Graphs from Text Using Large Language Models: Scoping Review Giovanna Borges Bottino (USP)Jos\u00e9 de Jesus P\u00e9rez Alcaz\u00e1r (USP) Estruturando o Conhecimento sobre TEA: [&hellip;]<\/p>\n","protected":false},"author":2,"featured_media":0,"parent":0,"menu_order":0,"comment_status":"closed","ping_status":"closed","template":"","meta":{"footnotes":""},"class_list":["post-5306","page","type-page","status-publish","hentry"],"_links":{"self":[{"href":"https:\/\/sbbd.org.br\/2025\/wp-json\/wp\/v2\/pages\/5306","targetHints":{"allow":["GET"]}}],"collection":[{"href":"https:\/\/sbbd.org.br\/2025\/wp-json\/wp\/v2\/pages"}],"about":[{"href":"https:\/\/sbbd.org.br\/2025\/wp-json\/wp\/v2\/types\/page"}],"author":[{"embeddable":true,"href":"https:\/\/sbbd.org.br\/2025\/wp-json\/wp\/v2\/users\/2"}],"replies":[{"embeddable":true,"href":"https:\/\/sbbd.org.br\/2025\/wp-json\/wp\/v2\/comments?post=5306"}],"version-history":[{"count":7,"href":"https:\/\/sbbd.org.br\/2025\/wp-json\/wp\/v2\/pages\/5306\/revisions"}],"predecessor-version":[{"id":5314,"href":"https:\/\/sbbd.org.br\/2025\/wp-json\/wp\/v2\/pages\/5306\/revisions\/5314"}],"wp:attachment":[{"href":"https:\/\/sbbd.org.br\/2025\/wp-json\/wp\/v2\/media?parent=5306"}],"curies":[{"name":"wp","href":"https:\/\/api.w.org\/{rel}","templated":true}]}}