{"id":5265,"date":"2025-09-02T10:37:36","date_gmt":"2025-09-02T13:37:36","guid":{"rendered":"https:\/\/sbbd.org.br\/2025\/?page_id=5265"},"modified":"2025-09-03T11:05:47","modified_gmt":"2025-09-03T14:05:47","slug":"ds4sg-3","status":"publish","type":"page","link":"https:\/\/sbbd.org.br\/2025\/ds4sg-3\/","title":{"rendered":"DS4SG"},"content":{"rendered":"\t\t<div data-elementor-type=\"wp-page\" data-elementor-id=\"5265\" class=\"elementor elementor-5265\">\n\t\t\t\t<div class=\"elementor-element elementor-element-567e7c7 e-con-full e-flex e-con e-parent\" data-id=\"567e7c7\" data-element_type=\"container\" data-e-type=\"container\" data-settings=\"{&quot;background_background&quot;:&quot;classic&quot;}\">\n\t\t\t\t<div class=\"elementor-element elementor-element-865a55e elementor-widget elementor-widget-heading\" data-id=\"865a55e\" data-element_type=\"widget\" data-e-type=\"widget\" data-widget_type=\"heading.default\">\n\t\t\t\t<div class=\"elementor-widget-container\">\n\t\t\t\t\t<h2 class=\"elementor-heading-title elementor-size-default\">DS4SG<\/h2>\t\t\t\t<\/div>\n\t\t\t\t<\/div>\n\t\t<div class=\"elementor-element elementor-element-34fd088 e-con-full e-flex e-con e-child\" data-id=\"34fd088\" data-element_type=\"container\" data-e-type=\"container\" data-settings=\"{&quot;background_background&quot;:&quot;classic&quot;}\">\n\t\t\t\t<\/div>\n\t\t\t\t<\/div>\n\t\t<div class=\"elementor-element elementor-element-2118654 e-con-full e-flex e-con e-parent\" data-id=\"2118654\" data-element_type=\"container\" data-e-type=\"container\">\n\t\t\t\t<div class=\"elementor-element elementor-element-6c84478 elementor-widget elementor-widget-Table\" data-id=\"6c84478\" data-element_type=\"widget\" data-e-type=\"widget\" data-widget_type=\"Table.default\">\n\t\t\t\t<div class=\"elementor-widget-container\">\n\t\t\t\t\t\t\t<table class=\"tafe-table \">\n\t\t\t<thead  class=\"tafe-table-header\">\n\t\t\t\t<tr>\n\t\t\t\t\t<th class=\"elementor-inline-editing elementor-repeater-item-75f0621\"  colSpan=\"5\" >ST1 - Sess\u00e3o T\u00e9cnica 1<\/th>\t\t\t\t<\/tr>\n\t\t\t<\/thead>\n\t\t\t\t\t\t<tbody class=\"tafe-table-body\">\n\t\t\t\t<tr>\n\t\t\t\t\t<\/tr><tr><td data-label=\"ST1 - Sess\u00e3o T\u00e9cnica 1\" colSpan=\"1\"  class=\"elementor-repeater-item-9385bc2 td-content-type-default\" >Segunda (29\/set)<\/td><td data-label=\"\" colSpan=\"43\"  class=\"elementor-repeater-item-e876324 td-content-type-default\" >Coordenador: Luis Z\u00e1rate<\/td><\/tr><tr><td data-label=\"ST1 - Sess\u00e3o T\u00e9cnica 1\"   class=\"elementor-repeater-item-612a237 td-content-type-default\" >Hor\u00e1rio<\/td><td data-label=\"\"   class=\"elementor-repeater-item-d85471b td-content-type-default\" >T\u00edtulo do Artigo<\/td><td data-label=\"\"   class=\"elementor-repeater-item-6689c1b td-content-type-default\" >Autores\/Filia\u00e7\u00f5es<\/td><\/tr><tr><td data-label=\"ST1 - Sess\u00e3o T\u00e9cnica 1\"   class=\"elementor-repeater-item-bba00e8 td-content-type-default\" >08:00-08:20<\/td><td data-label=\"\"   class=\"elementor-repeater-item-66a4890 td-content-type-default\" >Fatores socioecon\u00f4micos e desigualdade na mobilidade de curta dist\u00e2ncia aos servi\u00e7os urbanos de Curitiba<\/td><td data-label=\"\"   class=\"elementor-repeater-item-0a819d6 td-content-type-default\" >Matheus Izidoro de Almeida (UTFPR)<\/br>Ricardo L\u00fcders (UTFPR)<\/br>Luiz Celso Gomes Jr (UTFPR)<\/td><\/tr><tr><td data-label=\"ST1 - Sess\u00e3o T\u00e9cnica 1\"   class=\"elementor-repeater-item-1d7d10e td-content-type-default\" >08:20-08:40<\/td><td data-label=\"\"   class=\"elementor-repeater-item-5ff7709 td-content-type-default\" >Estimating Vulnerability to Extreme Events in Urban Areas: From Microdata to City-Wide Indicators<\/td><td data-label=\"\"   class=\"elementor-repeater-item-b7a92be td-content-type-default\" >Eduardo Reolon (UTFPR)<\/br>Ricardo L\u00fcders (UTFPR) <\/br>Luiz Celso Gomes Jr (UTFPR)<\/td><\/tr><tr><td data-label=\"ST1 - Sess\u00e3o T\u00e9cnica 1\"   class=\"elementor-repeater-item-0c07794 td-content-type-default\" >08:40-09:00<\/td><td data-label=\"\"   class=\"elementor-repeater-item-6e19781 td-content-type-default\" >Caracteriza\u00e7\u00e3o da Popula\u00e7\u00e3o Brasileira que sofre de Catarata-Hipertens\u00e3o \u2013 Um Estudo Baseado na Base de Dados PNS 2019<\/td><td data-label=\"\"   class=\"elementor-repeater-item-014d98c td-content-type-default\" >Anna Silva (PUC Minas)<\/br> Luis Z\u00e1rate (PUC Minas)<\/td><\/tr><tr><td data-label=\"ST1 - Sess\u00e3o T\u00e9cnica 1\"   class=\"elementor-repeater-item-ebaa480 td-content-type-default\" >09:00-09:20<\/td><td data-label=\"\"   class=\"elementor-repeater-item-31d1fcd td-content-type-default\" >InSANdB: Bases de Dados Integrada, por Munic\u00edpio Brasileiro, para Estudos da Inseguran\u00e7a Alimentar e Nutricional no Brasil<\/td><td data-label=\"\"   class=\"elementor-repeater-item-628e0b7 td-content-type-default\" >Arthur Henrique Oliveira (PUC Minas)<\/br> Sara Martins (PUC Minas)<\/br>Daniel Franca (PUC Minas)<\/br> Lucas Rafael do Nascimento (PUC Minas)<\/br>Heitor Oliveira (PUC Minas)<\/br> Marco Paulo Gomes (PUC Minas)<\/br> Luis Z\u00e1rate (PUC Minas)<\/td><\/tr><tr><td data-label=\"ST1 - Sess\u00e3o T\u00e9cnica 1\"   class=\"elementor-repeater-item-15dba7f td-content-type-default\" >09:20-09:40<\/td><td data-label=\"\"   class=\"elementor-repeater-item-ffa6233 td-content-type-default\" >Caracterizando o perfil Artrite-Depress\u00e3o da Popula\u00e7\u00e3o Brasileira \u2013 Um Estudo Baseado na Base de Dados PNS 2019<\/td><td data-label=\"\"   class=\"elementor-repeater-item-1932a1e td-content-type-default\" >Lu\u00eds Cancella (PUC Minas)<\/br>Luis Z\u00e1rate (PUC Minas)<\/td><\/tr><tr><td data-label=\"ST1 - Sess\u00e3o T\u00e9cnica 1\"   class=\"elementor-repeater-item-4a4ba27 td-content-type-default\" >09:40-10:00<\/td><td data-label=\"\"   class=\"elementor-repeater-item-ca2fddf td-content-type-default\" >From Surveillance to Manipulation: How Data Collection Enables Targeted Disinformation\u00a0<\/td><td data-label=\"\"   class=\"elementor-repeater-item-e2fe5cc td-content-type-default\" >Antony Medeiros (PUC-Rio)<\/br> Claudio Fraga (BNDES)<\/br> Sergio Lifschitz (PUC-Rio)<\/td>\t\t\t\t<\/tr>\n\t\t\t<\/tbody>\n\t\t<\/table>\n\t\t\n\t\t\t\t\t\t<\/div>\n\t\t\t\t<\/div>\n\t\t\t\t<\/div>\n\t\t<div class=\"elementor-element elementor-element-6d1f2bf e-con-full e-flex e-con e-parent\" data-id=\"6d1f2bf\" data-element_type=\"container\" data-e-type=\"container\">\n\t\t\t\t<div class=\"elementor-element elementor-element-eeefebe elementor-widget elementor-widget-Table\" data-id=\"eeefebe\" data-element_type=\"widget\" data-e-type=\"widget\" data-widget_type=\"Table.default\">\n\t\t\t\t<div class=\"elementor-widget-container\">\n\t\t\t\t\t\t\t<table class=\"tafe-table \">\n\t\t\t<thead  class=\"tafe-table-header\">\n\t\t\t\t<tr>\n\t\t\t\t\t<th class=\"elementor-inline-editing elementor-repeater-item-75f0621\"  colSpan=\"5\" >ST2 - Sess\u00e3o T\u00e9cnica 2<\/th>\t\t\t\t<\/tr>\n\t\t\t<\/thead>\n\t\t\t\t\t\t<tbody class=\"tafe-table-body\">\n\t\t\t\t<tr>\n\t\t\t\t\t<\/tr><tr><td data-label=\"ST2 - Sess\u00e3o T\u00e9cnica 2\" colSpan=\"1\"  class=\"elementor-repeater-item-9385bc2 td-content-type-default\" >Segunda (29\/set)<\/td><td data-label=\"\" colSpan=\"43\"  class=\"elementor-repeater-item-e876324 td-content-type-default\" >Coordenador: Sergio Lifschitz<\/td><\/tr><tr><td data-label=\"ST2 - Sess\u00e3o T\u00e9cnica 2\"   class=\"elementor-repeater-item-612a237 td-content-type-default\" >Hor\u00e1rio<\/td><td data-label=\"\"   class=\"elementor-repeater-item-d85471b td-content-type-default\" >T\u00edtulo do Artigo<\/td><td data-label=\"\"   class=\"elementor-repeater-item-6689c1b td-content-type-default\" >Autores\/Filia\u00e7\u00f5es<\/td><\/tr><tr><td data-label=\"ST2 - Sess\u00e3o T\u00e9cnica 2\"   class=\"elementor-repeater-item-bba00e8 td-content-type-default\" >13:30-13:50<\/td><td data-label=\"\"   class=\"elementor-repeater-item-66a4890 td-content-type-default\" >Uso da Minera\u00e7\u00e3o de Dados na Caracteriza\u00e7\u00e3o da Asma na Popula\u00e7\u00e3o Brasileira<\/td><td data-label=\"\"   class=\"elementor-repeater-item-0a819d6 td-content-type-default\" >Arthur Henrique Oliveira (PUC Minas)<\/br> Sara Martins (PUC Minas)<\/br> Luis Z\u00e1rate (PUC Minas)<\/td><\/tr><tr><td data-label=\"ST2 - Sess\u00e3o T\u00e9cnica 2\"   class=\"elementor-repeater-item-1d7d10e td-content-type-default\" >13:50-14:10<\/td><td data-label=\"\"   class=\"elementor-repeater-item-5ff7709 td-content-type-default\" >Descrevendo o perfil de pessoas com depress\u00e3o nas regi\u00f5es Sudeste e Centro-Oeste do Brasil por meio de Minera\u00e7\u00e3o de Dados<\/td><td data-label=\"\"   class=\"elementor-repeater-item-b7a92be td-content-type-default\" >Gl\u00f3ria Ferreira Alves (PUC Minas)<\/br>Pedro Grojpen (PUC Minas)<\/br> Luis Z\u00e1rate (PUC Minas)<\/td><\/tr><tr><td data-label=\"ST2 - Sess\u00e3o T\u00e9cnica 2\"   class=\"elementor-repeater-item-0c07794 td-content-type-default\" >14:10-14:30<\/td><td data-label=\"\"   class=\"elementor-repeater-item-6e19781 td-content-type-default\" >Uso de Aprendizado de M\u00e1quina para Identificar Perfis de Mulheres com C\u00e2ncer de Mama no Brasil<\/td><td data-label=\"\"   class=\"elementor-repeater-item-014d98c td-content-type-default\" >Alice Soares (PUC Minas)<\/br> Laura Gomes (PUC Minas)<\/br> Luis Z\u00e1rate (PUC Minas)<\/td><\/tr><tr><td data-label=\"ST2 - Sess\u00e3o T\u00e9cnica 2\"   class=\"elementor-repeater-item-ebaa480 td-content-type-default\" >14:30-14:50<\/td><td data-label=\"\"   class=\"elementor-repeater-item-31d1fcd td-content-type-default\" >Desempenho Log\u00edstico no Brasil: An\u00e1lise Geoespacial sobre Prazos de Entrega, Custos de Frete e Satisfa\u00e7\u00e3o do Cliente no E-commerce<\/td><td data-label=\"\"   class=\"elementor-repeater-item-628e0b7 td-content-type-default\" >Lucas Praxedes (UERN)<\/br> Isaac Oliveira Filho (UERN)<\/td><\/tr><tr><td data-label=\"ST2 - Sess\u00e3o T\u00e9cnica 2\"   class=\"elementor-repeater-item-15dba7f td-content-type-default\" >14:50-15:10<\/td><td data-label=\"\"   class=\"elementor-repeater-item-ffa6233 td-content-type-default\" >Built to Breathe? Modeling Air Quality with Features of the Built and Natural Environment<\/td><td data-label=\"\"   class=\"elementor-repeater-item-1932a1e td-content-type-default\" >Lara Furtado (UFC)<\/br> Nayara Gurj\u00e3o (UFC)<\/br>Nicolas Monteiro (UFC)<\/br> Jose Edilson Silva Filho (UFC)<\/br> Carlos Matheus Ferreira (UFC)<\/br> Jarbas Silveira (UFC)<\/br>Jorge Soares (UFC) <\/br>Jos\u00e9 Ant\u00f4nio Mac\u00eado (UFC)<\/td><\/tr><tr><td data-label=\"ST2 - Sess\u00e3o T\u00e9cnica 2\"   class=\"elementor-repeater-item-4a4ba27 td-content-type-default\" >15:10-15:20<\/td><td data-label=\"\"   class=\"elementor-repeater-item-ca2fddf td-content-type-default\" >UrbanReleaf: Enhancing Sustainable Urban Transformation with a Data-Driven Solution for Smart Depaving<\/td><td data-label=\"\"   class=\"elementor-repeater-item-e2fe5cc td-content-type-default\" >Rafaela Santos (ITA)<\/br>Lucas Reinaldo Sarmento (ITA)<\/br> Mirela Cazzolato (USP)<\/br> Harlei Leite (ITA)<\/td>\t\t\t\t<\/tr>\n\t\t\t<\/tbody>\n\t\t<\/table>\n\t\t\n\t\t\t\t\t\t<\/div>\n\t\t\t\t<\/div>\n\t\t\t\t<\/div>\n\t\t\t\t<\/div>\n\t\t","protected":false},"excerpt":{"rendered":"<p>DS4SG ST1 &#8211; Sess\u00e3o T\u00e9cnica 1 Segunda (29\/set) Coordenador: Luis Z\u00e1rate Hor\u00e1rio T\u00edtulo do Artigo Autores\/Filia\u00e7\u00f5es 08:00-08:20 Fatores socioecon\u00f4micos e desigualdade na mobilidade de curta dist\u00e2ncia aos servi\u00e7os urbanos de Curitiba Matheus Izidoro de Almeida (UTFPR)Ricardo L\u00fcders (UTFPR)Luiz Celso Gomes Jr (UTFPR) 08:20-08:40 Estimating Vulnerability to Extreme Events in Urban Areas: From Microdata to City-Wide [&hellip;]<\/p>\n","protected":false},"author":2,"featured_media":0,"parent":0,"menu_order":0,"comment_status":"closed","ping_status":"closed","template":"","meta":{"footnotes":""},"class_list":["post-5265","page","type-page","status-publish","hentry"],"_links":{"self":[{"href":"https:\/\/sbbd.org.br\/2025\/wp-json\/wp\/v2\/pages\/5265","targetHints":{"allow":["GET"]}}],"collection":[{"href":"https:\/\/sbbd.org.br\/2025\/wp-json\/wp\/v2\/pages"}],"about":[{"href":"https:\/\/sbbd.org.br\/2025\/wp-json\/wp\/v2\/types\/page"}],"author":[{"embeddable":true,"href":"https:\/\/sbbd.org.br\/2025\/wp-json\/wp\/v2\/users\/2"}],"replies":[{"embeddable":true,"href":"https:\/\/sbbd.org.br\/2025\/wp-json\/wp\/v2\/comments?post=5265"}],"version-history":[{"count":16,"href":"https:\/\/sbbd.org.br\/2025\/wp-json\/wp\/v2\/pages\/5265\/revisions"}],"predecessor-version":[{"id":5390,"href":"https:\/\/sbbd.org.br\/2025\/wp-json\/wp\/v2\/pages\/5265\/revisions\/5390"}],"wp:attachment":[{"href":"https:\/\/sbbd.org.br\/2025\/wp-json\/wp\/v2\/media?parent=5265"}],"curies":[{"name":"wp","href":"https:\/\/api.w.org\/{rel}","templated":true}]}}