{"id":5249,"date":"2025-09-02T09:21:35","date_gmt":"2025-09-02T12:21:35","guid":{"rendered":"https:\/\/sbbd.org.br\/2025\/?page_id=5249"},"modified":"2025-09-15T08:19:05","modified_gmt":"2025-09-15T11:19:05","slug":"wtdbd-programacao-2","status":"publish","type":"page","link":"https:\/\/sbbd.org.br\/2025\/wtdbd-programacao-2\/","title":{"rendered":"WTAG &#8211; program\u00e7\u00e3o"},"content":{"rendered":"<h2>WTAG<\/h2>\n<table>\n<thead>\n<tr>\n<th colspan=\"5\">ST1 &#8211; Sess\u00e3o T\u00e9cnica 1<\/th>\n<\/tr>\n<\/thead>\n<tbody>\n<tr>\n<td colspan=\"1\" data-label=\"ST1 - Sess\u00e3o T\u00e9cnica 1\">Quarta (01\/out)<\/td>\n<td colspan=\"43\" data-label=\"\">Big Data e Business Intelligence &#8211; Coordenadora: Kele Belloze &#8211; CEFET RJ<\/td>\n<\/tr>\n<tr>\n<td data-label=\"ST1 - Sess\u00e3o T\u00e9cnica 1\">Hor\u00e1rio<\/td>\n<td data-label=\"\">T\u00edtulo do Artigo<\/td>\n<td data-label=\"\">Autores\/Filia\u00e7\u00f5es<\/td>\n<td data-label=\"\">Avaliadores<\/td>\n<\/tr>\n<tr>\n<td data-label=\"ST1 - Sess\u00e3o T\u00e9cnica 1\">16:30-16:55<\/td>\n<td data-label=\"\">FLAMI vs GADDS: Estudo Comparativo de Arquiteturas de Big DataAderentes aos Princ\u00edpios FAIR<\/td>\n<td data-label=\"\">Cec\u00edlia Sedenho (USP))Thiago Araujo (USP))Cristina Aguiar (USP))Joao Pedro Castro (UFMG)<\/td>\n<td data-label=\"\">Liliane Kunstmann (IMPA), Lyncoln S. de Oliveira (IC\/UFF) e Annie Vianna Amorim (UFF)<\/td>\n<\/tr>\n<tr>\n<td data-label=\"ST1 - Sess\u00e3o T\u00e9cnica 1\">16:55-17:15<\/td>\n<td data-label=\"\">Integra\u00e7\u00e3o Sem\u00e2ntica de Dados P\u00fablicos: O Caso do Observat\u00f3riodos Sert\u00f5es de Crate\u00fas com o Framework OBSCRAT<\/td>\n<td data-label=\"\">Yuri Oliveira (UFC)Emanoel Alves (UFC)Amanda Venceslau (UFC)Lisieux Andrade (UFC)Marciel Barros Pereira (UFC)Giovanna Xavier (UFC)<\/td>\n<\/tr>\n<tr>\n<td data-label=\"ST1 - Sess\u00e3o T\u00e9cnica 1\">17:15-17:40<\/td>\n<td data-label=\"\">Reconcilia\u00e7\u00e3o de dados usando MapReduce<\/td>\n<td data-label=\"\">Adriano Lopes Le\u00e3o da Silva (UFCAT) Dayse de Almeida (UFCAT)<\/td>\n<\/tr>\n<tr>\n<td data-label=\"ST1 - Sess\u00e3o T\u00e9cnica 1\">17:40-18:05<\/td>\n<td data-label=\"\">TeraORM Design e Implementa\u00e7\u00e3o de um ORM Anal\u00edtico para Aplica\u00e7\u00f5es em Big Data<\/td>\n<td data-label=\"\">Jo\u00e3o Vitor Coimbra (CEFET\/RJ)Eduardo Ferreira (CEFET\/RJ)<\/td>\n<\/tr>\n<tr>\n<td data-label=\"ST1 - Sess\u00e3o T\u00e9cnica 1\">18:05-18:30<\/td>\n<td data-label=\"\">Desenvolvimento de Solu\u00e7\u00e3o de Business Intelligence para Microempreendedorpor Meio da Aprendizagem Baseada em Projetos<\/td>\n<td data-label=\"\">Viviane Dias (PUC Minas)Marianna Oliveira (PUC Minas)<\/td>\n<\/tr>\n<\/tbody>\n<\/table>\n<table>\n<thead>\n<tr>\n<th colspan=\"5\">ST2 &#8211; Sess\u00e3o T\u00e9cnica 2<\/th>\n<\/tr>\n<\/thead>\n<tbody>\n<tr>\n<td colspan=\"1\" data-label=\"ST2 - Sess\u00e3o T\u00e9cnica 2\">Quinta (02\/out)<\/td>\n<td colspan=\"43\" data-label=\"\">LLMs &#8211; Coordenadora: Vanessa Braganholo &#8211; ICC &#8211; UFF<\/td>\n<\/tr>\n<tr>\n<td data-label=\"ST2 - Sess\u00e3o T\u00e9cnica 2\">Hor\u00e1rio<\/td>\n<td data-label=\"\">T\u00edtulo do Artigo<\/td>\n<td data-label=\"\">Autores\/Filia\u00e7\u00f5es<\/td>\n<td data-label=\"\">Avaliadores<\/td>\n<\/tr>\n<tr>\n<td data-label=\"ST2 - Sess\u00e3o T\u00e9cnica 2\">08:00-08:25<\/td>\n<td data-label=\"\">Predi\u00e7\u00e3o Num\u00e9rica de Avalia\u00e7\u00f5es em Portugu\u00eas:Comparando BERTimbau e Modelos Multil\u00edngues<\/td>\n<td data-label=\"\">Emanuelle Marreira (UEA)Tiago de Melo (UEA)<\/td>\n<td data-label=\"\">Maria Luiza Falci (IC\/UFF) e D\u00e9bora Barbosa Pina<\/td>\n<\/tr>\n<tr>\n<td data-label=\"ST2 - Sess\u00e3o T\u00e9cnica 2\">08:25-08:50<\/td>\n<td data-label=\"\">Assessing Large Language Models for Structuring Patient Records<\/td>\n<td data-label=\"\">Eduardo Campos (USP)Rafael Conrado (USP)Caetano Traina J\u00fanior (USP)Agma Traina (USP)Mirela Cazzolato (USP)<\/td>\n<\/tr>\n<tr>\n<td data-label=\"ST2 - Sess\u00e3o T\u00e9cnica 2\">08:50-09:15<\/td>\n<td data-label=\"\">Text Style Transfer with Large Language Models:Enhancing Medical Anamnesis Transcriptions<\/td>\n<td data-label=\"\">Yanna Gon\u00e7alves (UFC)Ticiana Linhares Coelho da Silva (UFC)<\/td>\n<\/tr>\n<tr>\n<td data-label=\"ST2 - Sess\u00e3o T\u00e9cnica 2\">09:15-09:40<\/td>\n<td data-label=\"\">Extra\u00e7\u00e3o de Sinais Vitais em Textos Cl\u00ednicos usando LLMs<\/td>\n<td data-label=\"\">Sami Nagahama (UFC)Ticiana Linhares Coelho da Silva (UFC)<\/td>\n<\/tr>\n<\/tbody>\n<\/table>\n","protected":false},"excerpt":{"rendered":"<p>WTAG ST1 &#8211; Sess\u00e3o T\u00e9cnica 1 Quarta (01\/out) Big Data e Business Intelligence &#8211; Coordenadora: Kele Belloze &#8211; CEFET RJ Hor\u00e1rio T\u00edtulo do Artigo Autores\/Filia\u00e7\u00f5es Avaliadores 16:30-16:55 FLAMI vs GADDS: Estudo Comparativo de Arquiteturas de Big DataAderentes aos Princ\u00edpios FAIR Cec\u00edlia Sedenho (USP))Thiago Araujo (USP))Cristina Aguiar (USP))Joao Pedro Castro (UFMG) Liliane Kunstmann (IMPA), Lyncoln S. [&hellip;]<\/p>\n","protected":false},"author":2,"featured_media":0,"parent":0,"menu_order":0,"comment_status":"closed","ping_status":"closed","template":"","meta":{"footnotes":""},"class_list":["post-5249","page","type-page","status-publish","hentry"],"_links":{"self":[{"href":"https:\/\/sbbd.org.br\/2025\/wp-json\/wp\/v2\/pages\/5249","targetHints":{"allow":["GET"]}}],"collection":[{"href":"https:\/\/sbbd.org.br\/2025\/wp-json\/wp\/v2\/pages"}],"about":[{"href":"https:\/\/sbbd.org.br\/2025\/wp-json\/wp\/v2\/types\/page"}],"author":[{"embeddable":true,"href":"https:\/\/sbbd.org.br\/2025\/wp-json\/wp\/v2\/users\/2"}],"replies":[{"embeddable":true,"href":"https:\/\/sbbd.org.br\/2025\/wp-json\/wp\/v2\/comments?post=5249"}],"version-history":[{"count":20,"href":"https:\/\/sbbd.org.br\/2025\/wp-json\/wp\/v2\/pages\/5249\/revisions"}],"predecessor-version":[{"id":5849,"href":"https:\/\/sbbd.org.br\/2025\/wp-json\/wp\/v2\/pages\/5249\/revisions\/5849"}],"wp:attachment":[{"href":"https:\/\/sbbd.org.br\/2025\/wp-json\/wp\/v2\/media?parent=5249"}],"curies":[{"name":"wp","href":"https:\/\/api.w.org\/{rel}","templated":true}]}}