{"id":4619,"date":"2025-08-14T16:02:55","date_gmt":"2025-08-14T19:02:55","guid":{"rendered":"https:\/\/sbbd.org.br\/2025\/?page_id=4619"},"modified":"2025-08-14T16:02:55","modified_gmt":"2025-08-14T19:02:55","slug":"lago-en","status":"publish","type":"page","link":"https:\/\/sbbd.org.br\/2025\/en\/lago-en\/","title":{"rendered":"LAGO [EN]"},"content":{"rendered":"<h1>LAGO<\/h1>\n<h2>Accepted Papers<\/h2>\n<ul>\n<li>\n<p class=\"ds-markdown-paragraph\"><strong>A RAG-Powered Academic Chatbot with Ontology-Driven Factual Verification<\/strong>\u00a0&#8211; Vitor Mateus R. do Amaral, Luiza Espinosa, Paula D. Rigo, Gabriel M. Lunardi (UFSM)<\/p>\n<\/li>\n<li>\n<p class=\"ds-markdown-paragraph\"><strong>Constructing Knowledge Graphs from Text Using Large Language Models: Scoping Review<\/strong>\u00a0&#8211; Giovanna Borges Bottino, Jos\u00e9 de Jesus P\u00e9rez Alcaz\u00e1r (USP)<\/p>\n<\/li>\n<li>\n<p class=\"ds-markdown-paragraph\"><strong>Structuring Knowledge About ASD: An Ontology to Support the Care Network for Autistic Children Based on MSD Manuals and DSM-5<\/strong>\u00a0&#8211; J\u00e9ssica Ruana Costa Lima, Victor Benoiston Jales de Oliveira, Sebasti\u00e3o Emidio Alves Filho, Patr\u00edcio de Alencar Silva (UFERSA)<\/p>\n<\/li>\n<li>\n<p class=\"ds-markdown-paragraph\"><strong>Case Study of a Social Robot Integrated with LLM Interacting in Public Environments<\/strong>\u00a0&#8211; Marcos V. Cruz, Murillo R. Batista, Douglas A. de Sousa, Clarissa F. C. L. Loureiro, Adriano L. Lima, Josue J. G. Ramos (CTI Renato Archer)<\/p>\n<\/li>\n<li>\n<p class=\"ds-markdown-paragraph\"><strong>Gypscie-KG: Building a Logic-Based Approach for Knowledge Graph Data Integration View in ML Systems<\/strong>\u00a0&#8211; Gabriela Moraes, Fabio Porto (LNCC); Federico Ulliana, Jean-Francois Baget, Michel Leclere, Pierre Bisquert (CNRS); Bernardo Goncalves, Patrick Valduriez (INRAE)<\/p>\n<\/li>\n<li>\n<p class=\"ds-markdown-paragraph\"><strong>LLMs for Generating Semantic Mappings: Experiment in the Industrial Plants Domain<\/strong>\u00a0&#8211; Geiza M. H. da Silva, Elvismary M. Armas, Pedro Saieg, Rafael A. de Castro, Thiago D. Coqueiro, Melissa Lemos, Liester C. Castro (PUC-RIO, UNIRIO)<\/p>\n<\/li>\n<li>\n<p class=\"ds-markdown-paragraph\"><strong>Are LLMs Good Mathematicians? Evaluating Performance in Exercise Solving<\/strong>\u00a0&#8211; Igor Alberte R. Eleut\u00e9rio, Israel Efraim de Oliveira (UFSC); Mirela T. Cazzolato (ICMC USP)<\/p>\n<\/li>\n<li>\n<p class=\"ds-markdown-paragraph\"><strong>Metadata-Driven Construction of Semantic Views in Enterprise Knowledge Graphs with LLM Agents<\/strong>\u00a0&#8211; Tulio Vidal Rolim (UFC); Jos\u00e9 Renato S. Freitas (IFPI); V\u00e2nia Maria Ponte Vidal (IFCE)<\/p>\n<\/li>\n<li>\n<p class=\"ds-markdown-paragraph\"><strong>Ontology for Automated Qualitative Analysis in Higher Education Course Evaluations<\/strong>\u00a0&#8211; Eulanda Maria Pedro Daniel, Leandro Krug Wives, Alexandra Lorandi, Jos\u00e9 Palazzo Moreira de Oliveira (UFRGS)<\/p>\n<\/li>\n<li>\n<p class=\"ds-markdown-paragraph\"><strong>Towards a Self-Explainable Recommender System using Large Language Models and Knowledge Graphs<\/strong>\u00a0&#8211; Antony Seabra, Claudio Cavalcante, Sergio Lifschitz (PUC-Rio)<\/p>\n<\/li>\n<li>\n<p class=\"ds-markdown-paragraph\"><strong>Using LLMs to Simplify and Represent Medical Documents<\/strong>\u00a0&#8211; Leandro Krug Wives, Maria Jos\u00e9 Bocorny Finatto (UFRGS)<\/p>\n<\/li>\n<\/ul>\n","protected":false},"excerpt":{"rendered":"<p>LAGO Accepted Papers A RAG-Powered Academic Chatbot with Ontology-Driven Factual Verification\u00a0&#8211; Vitor Mateus R. do Amaral, Luiza Espinosa, Paula D. Rigo, Gabriel M. Lunardi (UFSM) Constructing Knowledge Graphs from Text Using Large Language Models: Scoping Review\u00a0&#8211; Giovanna Borges Bottino, Jos\u00e9 de Jesus P\u00e9rez Alcaz\u00e1r (USP) Structuring Knowledge About ASD: An Ontology to Support the Care [&hellip;]<\/p>\n","protected":false},"author":3,"featured_media":0,"parent":0,"menu_order":0,"comment_status":"closed","ping_status":"closed","template":"","meta":{"footnotes":""},"class_list":["post-4619","page","type-page","status-publish","hentry"],"_links":{"self":[{"href":"https:\/\/sbbd.org.br\/2025\/wp-json\/wp\/v2\/pages\/4619","targetHints":{"allow":["GET"]}}],"collection":[{"href":"https:\/\/sbbd.org.br\/2025\/wp-json\/wp\/v2\/pages"}],"about":[{"href":"https:\/\/sbbd.org.br\/2025\/wp-json\/wp\/v2\/types\/page"}],"author":[{"embeddable":true,"href":"https:\/\/sbbd.org.br\/2025\/wp-json\/wp\/v2\/users\/3"}],"replies":[{"embeddable":true,"href":"https:\/\/sbbd.org.br\/2025\/wp-json\/wp\/v2\/comments?post=4619"}],"version-history":[{"count":2,"href":"https:\/\/sbbd.org.br\/2025\/wp-json\/wp\/v2\/pages\/4619\/revisions"}],"predecessor-version":[{"id":5697,"href":"https:\/\/sbbd.org.br\/2025\/wp-json\/wp\/v2\/pages\/4619\/revisions\/5697"}],"wp:attachment":[{"href":"https:\/\/sbbd.org.br\/2025\/wp-json\/wp\/v2\/media?parent=4619"}],"curies":[{"name":"wp","href":"https:\/\/api.w.org\/{rel}","templated":true}]}}