{"id":4612,"date":"2025-08-14T15:57:05","date_gmt":"2025-08-14T18:57:05","guid":{"rendered":"https:\/\/sbbd.org.br\/2025\/?page_id=4612"},"modified":"2025-08-14T15:57:05","modified_gmt":"2025-08-14T18:57:05","slug":"ds4sg-en","status":"publish","type":"page","link":"https:\/\/sbbd.org.br\/2025\/en\/ds4sg-en\/","title":{"rendered":"DS4SG [EN]"},"content":{"rendered":"<h1>DS4SG<\/h1>\n<h2>Accepted Papers<\/h2>\n<ul>\n<li>\n<p class=\"ds-markdown-paragraph\"><strong>Socioeconomic Factors and Inequality in Short-Distance Mobility to Urban Services in Curitiba<\/strong>\u00a0&#8211; Matheus Izidoro de Almeida (UTFPR), Ricardo L\u00fcders (UTFPR), Luiz Celso Gomes Jr (UTFPR)<\/p>\n<\/li>\n<li>\n<p class=\"ds-markdown-paragraph\"><strong>Estimating Vulnerability to Extreme Events in Urban Areas: From Microdata to City-Wide Indicators<\/strong>\u00a0&#8211; Eduardo Reolon (UTFPR), Ricardo L\u00fcders (UTFPR), Luiz Celso Gomes Jr (UTFPR)<\/p>\n<\/li>\n<li>\n<p class=\"ds-markdown-paragraph\"><strong>Characterization of the Brazilian Population with Cataract-Hypertension: A Study Based on PNS 2019 Database<\/strong>\u00a0&#8211; Anna Silva (PUC Minas), Luis Z\u00e1rate (PUC Minas)<\/p>\n<\/li>\n<li>\n<p class=\"ds-markdown-paragraph\"><strong>InSANdB: Integrated Municipal Database for Studies of Food and Nutritional Insecurity in Brazil<\/strong>\u00a0&#8211; Arthur Henrique Oliveira (PUC Minas), Sara Martins (PUC Minas), Daniel Franca (PUC Minas), Lucas Rafael do Nascimento (PUC Minas), Heitor Oliveira (PUC Minas), Marco Paulo Gomes (PUC Minas), Luis Z\u00e1rate (PUC Minas)<\/p>\n<\/li>\n<li>\n<p class=\"ds-markdown-paragraph\"><strong>Characterizing the Arthritis-Depression Profile of the Brazilian Population: A Study Based on PNS 2019 Database<\/strong>\u00a0&#8211; Lu\u00eds Cancella (PUC Minas), Luis Z\u00e1rate (PUC Minas)<\/p>\n<\/li>\n<li>\n<p class=\"ds-markdown-paragraph\"><strong>From Surveillance to Manipulation: How Data Collection Enables Targeted Disinformation<\/strong>\u00a0&#8211; Antony Medeiros (PUC-Rio), Claudio Fraga (BNDES), Sergio Lifschitz (PUC-Rio)<\/p>\n<\/li>\n<li>\n<p class=\"ds-markdown-paragraph\"><strong>Using Data Mining to Characterize Asthma in the Brazilian Population<\/strong>\u00a0&#8211; Arthur Henrique Oliveira (PUC Minas), Sara Martins (PUC Minas), Luis Z\u00e1rate (PUC Minas)<\/p>\n<\/li>\n<li>\n<p class=\"ds-markdown-paragraph\"><strong>Profiling People with Depression in Southeast and Central-West Brazil Through Data Mining<\/strong>\u00a0&#8211; Gl\u00f3ria Ferreira Alves (PUC Minas), Pedro Grojpen (PUC Minas), Luis Z\u00e1rate (PUC Minas)<\/p>\n<\/li>\n<li>\n<p class=\"ds-markdown-paragraph\"><strong>Using Machine Learning to Identify Profiles of Women with Breast Cancer in Brazil<\/strong>\u00a0&#8211; Alice Soares (PUC Minas), Laura Gomes (PUC Minas), Luis Z\u00e1rate (PUC Minas)<\/p>\n<\/li>\n<li>\n<p class=\"ds-markdown-paragraph\"><strong>Logistics Performance in Brazil: Geospatial Analysis of Delivery Times, Freight Costs, and Customer Satisfaction in E-commerce<\/strong>\u00a0&#8211; Lucas Praxedes (UERN), Isaac Oliveira Filho (UERN)<\/p>\n<\/li>\n<li>\n<p class=\"ds-markdown-paragraph\"><strong>Built to Breathe? Modeling Air Quality with Features of the Built and Natural Environment<\/strong>\u00a0&#8211; Lara Furtado (UFC), Nayara Gurj\u00e3o (UFC), Nicolas Monteiro (UFC), Jose Edilson Silva Filho (UFC), Carlos Matheus Ferreira (UFC), Jarbas Silveira (UFC), Jorge Soares (UFC), Jos\u00e9 Ant\u00f4nio Mac\u00eado (UFC)<\/p>\n<\/li>\n<li>\n<p class=\"ds-markdown-paragraph\"><strong>UrbanReleaf: Enhancing Sustainable Urban Transformation with a Data-Driven Solution for Smart Depaving<\/strong>\u00a0&#8211; Rafaela Santos (ITA), Lucas Reinaldo Sarmento (ITA), Mirela Cazzolato (USP), Harlei Leite (ITA)<\/p>\n<\/li>\n<\/ul>\n","protected":false},"excerpt":{"rendered":"<p>DS4SG Accepted Papers Socioeconomic Factors and Inequality in Short-Distance Mobility to Urban Services in Curitiba\u00a0&#8211; Matheus Izidoro de Almeida (UTFPR), Ricardo L\u00fcders (UTFPR), Luiz Celso Gomes Jr (UTFPR) Estimating Vulnerability to Extreme Events in Urban Areas: From Microdata to City-Wide Indicators\u00a0&#8211; Eduardo Reolon (UTFPR), Ricardo L\u00fcders (UTFPR), Luiz Celso Gomes Jr (UTFPR) Characterization of the [&hellip;]<\/p>\n","protected":false},"author":3,"featured_media":0,"parent":0,"menu_order":0,"comment_status":"closed","ping_status":"closed","template":"","meta":{"footnotes":""},"class_list":["post-4612","page","type-page","status-publish","hentry"],"_links":{"self":[{"href":"https:\/\/sbbd.org.br\/2025\/wp-json\/wp\/v2\/pages\/4612","targetHints":{"allow":["GET"]}}],"collection":[{"href":"https:\/\/sbbd.org.br\/2025\/wp-json\/wp\/v2\/pages"}],"about":[{"href":"https:\/\/sbbd.org.br\/2025\/wp-json\/wp\/v2\/types\/page"}],"author":[{"embeddable":true,"href":"https:\/\/sbbd.org.br\/2025\/wp-json\/wp\/v2\/users\/3"}],"replies":[{"embeddable":true,"href":"https:\/\/sbbd.org.br\/2025\/wp-json\/wp\/v2\/comments?post=4612"}],"version-history":[{"count":1,"href":"https:\/\/sbbd.org.br\/2025\/wp-json\/wp\/v2\/pages\/4612\/revisions"}],"predecessor-version":[{"id":4615,"href":"https:\/\/sbbd.org.br\/2025\/wp-json\/wp\/v2\/pages\/4612\/revisions\/4615"}],"wp:attachment":[{"href":"https:\/\/sbbd.org.br\/2025\/wp-json\/wp\/v2\/media?parent=4612"}],"curies":[{"name":"wp","href":"https:\/\/api.w.org\/{rel}","templated":true}]}}