{"id":4610,"date":"2025-08-14T15:53:29","date_gmt":"2025-08-14T18:53:29","guid":{"rendered":"https:\/\/sbbd.org.br\/2025\/?page_id=4610"},"modified":"2025-08-14T15:56:41","modified_gmt":"2025-08-14T18:56:41","slug":"dsw-en","status":"publish","type":"page","link":"https:\/\/sbbd.org.br\/2025\/en\/dsw-en\/","title":{"rendered":"DSW [EN]"},"content":{"rendered":"<h1>DSW<\/h1>\n<h2>Accepted Papers<\/h2>\n<ul>\n<li>\n<p class=\"ds-markdown-paragraph\"><strong>News Collection for Investment Evaluation in S\u00e3o Paulo State Regions<\/strong>\u00a0&#8211; Gabriel L. Melo, Joao V. C. Neres Sousa, Willian D. Oliveira (ICMC USP), Lucas Mingardo (SEADE), Carlos Freire (SEADE), Agma J. M. Traina, Caetano Traina Jr. (ICMC USP)<\/p>\n<\/li>\n<li>\n<p class=\"ds-markdown-paragraph\"><strong>Building a Georeferenced Dataset for Higher Education in Brazil<\/strong>\u00a0&#8211; Di\u00eago de Araujo Correia, Rafael Luciano Lima da Silva, F\u00e1bio Jos\u00e9 Coutinho da Silva, Maria Ribeiro (UFAL)<\/p>\n<\/li>\n<li>\n<p class=\"ds-markdown-paragraph\"><strong>DataCoin: Seasonal Dataset for Quantitative Bitcoin Strategies<\/strong>\u00a0&#8211; Jose Jeovane R. Cordeiro, Arlino H. Magalhaes de Ara\u00fajo, Guilherme A. Avelino (UFPI)<\/p>\n<\/li>\n<li>\n<p class=\"ds-markdown-paragraph\"><strong>DataCrimeBR: Construction of a Crime Reporting Dataset from Brazilian Tweets<\/strong>\u00a0&#8211; Miguel A. R. e Silva, Philipe de Freitas Melo, Thais R. M. Braga Silva (UFV)<\/p>\n<\/li>\n<li>\n<p class=\"ds-markdown-paragraph\"><strong>DIP-BR: An Open and Network-Based Dataset of Brazilian Patents<\/strong>\u00a0&#8211; Pablo Vasconcelos da Cruz, Iuri V. A. Lima, Danilo B. Seufitelli, Daniel H. Dalip (CEFET-MG), Fabr\u00edcio P. V. de Campos (UFJF)<\/p>\n<\/li>\n<li>\n<p class=\"ds-markdown-paragraph\"><strong>EggQuality-UFRPE: A Chicken Egg Dataset for Multidisciplinary Studies in Animal Science and Computing<\/strong>\u00a0&#8211; Katariny Lima de Abreu, Andr\u00e9a Souza, Matheus Carmo, Lilian Francisco de Souza, Carlos B\u00f4a-Viagem Rabello (UFRPE), Denis Salvadeo (UNESP), Jo\u00e3o Paulo Lima, Kellyton Brito (UFRPE)<\/p>\n<\/li>\n<li>\n<p class=\"ds-markdown-paragraph\"><strong>LegisPL-BR &#8211; Dataset of Brazilian Legislative Bills<\/strong>\u00a0&#8211; Juan Marciano (IFPI), Vinicius Machado, Arlino Magalh\u00e3es (UFPI)<\/p>\n<\/li>\n<li>\n<p class=\"ds-markdown-paragraph\"><strong>Medical Dialogue Audio Transcription: Dataset and Benchmarking of ASR Models<\/strong>\u00a0&#8211; Aline E. Gassenn (ICMC USP), Luis G. M. Andrade (UNESP), Douglas Teodoro (University of Geneva), Jose F. Rodrigues-Jr (ICMC USP)<\/p>\n<\/li>\n<\/ul>\n","protected":false},"excerpt":{"rendered":"<p>DSW Accepted Papers News Collection for Investment Evaluation in S\u00e3o Paulo State Regions\u00a0&#8211; Gabriel L. Melo, Joao V. C. Neres Sousa, Willian D. Oliveira (ICMC USP), Lucas Mingardo (SEADE), Carlos Freire (SEADE), Agma J. M. Traina, Caetano Traina Jr. (ICMC USP) Building a Georeferenced Dataset for Higher Education in Brazil\u00a0&#8211; Di\u00eago de Araujo Correia, Rafael [&hellip;]<\/p>\n","protected":false},"author":3,"featured_media":0,"parent":0,"menu_order":0,"comment_status":"closed","ping_status":"closed","template":"","meta":{"footnotes":""},"class_list":["post-4610","page","type-page","status-publish","hentry"],"_links":{"self":[{"href":"https:\/\/sbbd.org.br\/2025\/wp-json\/wp\/v2\/pages\/4610","targetHints":{"allow":["GET"]}}],"collection":[{"href":"https:\/\/sbbd.org.br\/2025\/wp-json\/wp\/v2\/pages"}],"about":[{"href":"https:\/\/sbbd.org.br\/2025\/wp-json\/wp\/v2\/types\/page"}],"author":[{"embeddable":true,"href":"https:\/\/sbbd.org.br\/2025\/wp-json\/wp\/v2\/users\/3"}],"replies":[{"embeddable":true,"href":"https:\/\/sbbd.org.br\/2025\/wp-json\/wp\/v2\/comments?post=4610"}],"version-history":[{"count":3,"href":"https:\/\/sbbd.org.br\/2025\/wp-json\/wp\/v2\/pages\/4610\/revisions"}],"predecessor-version":[{"id":4614,"href":"https:\/\/sbbd.org.br\/2025\/wp-json\/wp\/v2\/pages\/4610\/revisions\/4614"}],"wp:attachment":[{"href":"https:\/\/sbbd.org.br\/2025\/wp-json\/wp\/v2\/media?parent=4610"}],"curies":[{"name":"wp","href":"https:\/\/api.w.org\/{rel}","templated":true}]}}