{"id":4602,"date":"2025-08-14T15:28:15","date_gmt":"2025-08-14T18:28:15","guid":{"rendered":"https:\/\/sbbd.org.br\/2025\/?page_id=4602"},"modified":"2025-08-14T15:28:15","modified_gmt":"2025-08-14T18:28:15","slug":"wtag-en","status":"publish","type":"page","link":"https:\/\/sbbd.org.br\/2025\/en\/wtag-en\/","title":{"rendered":"WTAG [EN]"},"content":{"rendered":"<h1>WTAG<\/h1>\n<h2>Accepted Papers<\/h2>\n<ul>\n<li>\n<p class=\"ds-markdown-paragraph\"><strong>FLAMI vs GADDS: Comparative Study of Big Data Architectures Adhering to FAIR Principles<\/strong>\u00a0&#8211; Cec\u00edlia Sedenho (USP), Thiago Araujo (USP), Cristina Aguiar (USP), Joao Pedro Castro (UFMG)<\/p>\n<\/li>\n<li>\n<p class=\"ds-markdown-paragraph\"><strong>Semantic Integration of Public Data: The Case of Observat\u00f3rio dos Sert\u00f5es de Crate\u00fas with the OBSCRAT Framework<\/strong>\u00a0&#8211; Yuri Oliveira (UFC), Emanoel Alves (UFC), Amanda Venceslau (UFC), Lisieux Andrade (UFC), Marciel Barros Pereira (UFC), Giovanna Xavier (UFC)<\/p>\n<\/li>\n<li>\n<p class=\"ds-markdown-paragraph\"><strong>Data Reconciliation Using MapReduce<\/strong>\u00a0&#8211; Adriano Lopes Le\u00e3o da Silva (UFCAT), Dayse de Almeida (UFCAT)<\/p>\n<\/li>\n<li>\n<p class=\"ds-markdown-paragraph\"><strong>TeraORM: Design and Implementation of an Analytical ORM for Big Data Applications<\/strong>\u00a0&#8211; Jo\u00e3o Vitor Coimbra (CEFET\/RJ), Eduardo Ferreira (CEFET\/RJ)<\/p>\n<\/li>\n<li>\n<p class=\"ds-markdown-paragraph\"><strong>Developing a Business Intelligence Solution for Microentrepreneurs Through Project-Based Learning<\/strong>\u00a0&#8211; Viviane Dias (PUC Minas), Marianna Oliveira (PUC Minas)<\/p>\n<\/li>\n<li>\n<p class=\"ds-markdown-paragraph\"><strong>Numerical Prediction of Portuguese Reviews: Comparing BERTimbau and Multilingual Models<\/strong>\u00a0&#8211; Emanuelle Marreira (UEA), Tiago de Melo (UEA)<\/p>\n<\/li>\n<li>\n<p class=\"ds-markdown-paragraph\"><strong>Assessing Large Language Models for Structuring Patient Records<\/strong>\u00a0&#8211; Eduardo Campos (USP), Rafael Conrado (USP), Caetano Traina J\u00fanior (USP), Agma Traina (USP), Mirela Cazzolato (USP)<\/p>\n<\/li>\n<li>\n<p class=\"ds-markdown-paragraph\"><strong>Text Style Transfer with Large Language Models: Enhancing Medical Anamnesis Transcriptions<\/strong>\u00a0&#8211; Yanna Gon\u00e7alves (UFC), Ticiana Linhares Coelho da Silva (UFC)<\/p>\n<\/li>\n<li>\n<p class=\"ds-markdown-paragraph\"><strong>Vital Signs Extraction from Clinical Texts Using LLMs<\/strong>\u00a0&#8211; Sami Nagahama (UFC), Ticiana Linhares Coelho da Silva (UFC)<\/p>\n<\/li>\n<\/ul>\n","protected":false},"excerpt":{"rendered":"<p>WTAG Accepted Papers FLAMI vs GADDS: Comparative Study of Big Data Architectures Adhering to FAIR Principles\u00a0&#8211; Cec\u00edlia Sedenho (USP), Thiago Araujo (USP), Cristina Aguiar (USP), Joao Pedro Castro (UFMG) Semantic Integration of Public Data: The Case of Observat\u00f3rio dos Sert\u00f5es de Crate\u00fas with the OBSCRAT Framework\u00a0&#8211; Yuri Oliveira (UFC), Emanoel Alves (UFC), Amanda Venceslau (UFC), [&hellip;]<\/p>\n","protected":false},"author":3,"featured_media":0,"parent":0,"menu_order":0,"comment_status":"closed","ping_status":"closed","template":"","meta":{"footnotes":""},"class_list":["post-4602","page","type-page","status-publish","hentry"],"_links":{"self":[{"href":"https:\/\/sbbd.org.br\/2025\/wp-json\/wp\/v2\/pages\/4602","targetHints":{"allow":["GET"]}}],"collection":[{"href":"https:\/\/sbbd.org.br\/2025\/wp-json\/wp\/v2\/pages"}],"about":[{"href":"https:\/\/sbbd.org.br\/2025\/wp-json\/wp\/v2\/types\/page"}],"author":[{"embeddable":true,"href":"https:\/\/sbbd.org.br\/2025\/wp-json\/wp\/v2\/users\/3"}],"replies":[{"embeddable":true,"href":"https:\/\/sbbd.org.br\/2025\/wp-json\/wp\/v2\/comments?post=4602"}],"version-history":[{"count":1,"href":"https:\/\/sbbd.org.br\/2025\/wp-json\/wp\/v2\/pages\/4602\/revisions"}],"predecessor-version":[{"id":4603,"href":"https:\/\/sbbd.org.br\/2025\/wp-json\/wp\/v2\/pages\/4602\/revisions\/4603"}],"wp:attachment":[{"href":"https:\/\/sbbd.org.br\/2025\/wp-json\/wp\/v2\/media?parent=4602"}],"curies":[{"name":"wp","href":"https:\/\/api.w.org\/{rel}","templated":true}]}}