{"id":4596,"date":"2025-08-14T15:15:48","date_gmt":"2025-08-14T18:15:48","guid":{"rendered":"https:\/\/sbbd.org.br\/2025\/?page_id=4596"},"modified":"2025-08-14T15:17:14","modified_gmt":"2025-08-14T18:17:14","slug":"demos-e-aplicacoes-en","status":"publish","type":"page","link":"https:\/\/sbbd.org.br\/2025\/en\/demos-e-aplicacoes-en\/","title":{"rendered":"Demos e Aplica\u00e7\u00f5es [EN]"},"content":{"rendered":"<h1><strong>Demos and Applications<\/strong><\/h1>\n<h2><strong>Accepted Papers<\/strong><\/h2>\n<ul>\n<li>\n<p class=\"ds-markdown-paragraph\"><strong>From Tables to Graphs with AKGrApp: Leveraging LLMs to Support Modeling and Mining Knowledge Graphs<\/strong>\u00a0\u2013 Rafael Conrado (Universidade de S\u00e3o Paulo &#8211; Brazil), Eduardo Campos (Universidade de S\u00e3o Paulo &#8211; Brazil), Caetano Traina J\u00fanior (ICMC &#8211; USP &#8211; Brazil), Agma Traina (ICMC-USP &#8211; Brazil), Mirela Cazzolato (University of S\u00e3o Paulo &#8211; Brazil).<\/p>\n<\/li>\n<li>\n<p class=\"ds-markdown-paragraph\"><strong>Plug and Flow: Execution of Scientific Workflows in Containers with the Ak\u00f4Flow Middleware<\/strong>\u00a0\u2013 Wesley Ferreira (UFF &#8211; Brazil), Liliane Kunstmann (Mendelics &#8211; Brazil), Raphael Garcia (UFF &#8211; Brazil), Marcos Bedo (Universidade Federal Fluminense &#8211; Brazil), Aline Paes (Universidade Federal Fluminense &#8211; Brazil), Daniel de Oliveira (Universidade Federal Fluminense &#8211; Brazil).<\/p>\n<\/li>\n<li>\n<p class=\"ds-markdown-paragraph\"><strong>TricIA: A Multi-Agent System to Simplify Interaction with the Business Intelligence Dashboard Platform of the Fiscal Monitor<\/strong>\u00a0\u2013 Bruno Raviolo (University of Fortaleza &#8211; Brazil), Joan Chaves (University of Fortaleza &#8211; Brazil), Raimir Holanda (University of Fortaleza &#8211; Brazil), Carlos Caminha (Universidade Federal do Cear\u00e1 &#8211; Brazil).<\/p>\n<\/li>\n<li>\n<p class=\"ds-markdown-paragraph\"><strong>SmartApSUS: Integrating Data, Prediction, and Optimization to Strengthen Primary Health Care Management in Brazil<\/strong>\u00a0\u2013 Thiago Pinheiro (Universidade Federal de Pernambuco &#8211; Brazil), M\u00e1gno Sillas Nunes Ramos Gomes (Universidade Federal do Agreste de Pernambuco &#8211; Brazil), Igor Vanderlei (Universidade Federal do Agreste de Pernambuco &#8211; Brazil), Dimas Cassimiro Nascimento (Universidade Federal do Agreste de Pernambuco (UFAPE) &#8211; Brazil), Thiago Fabr\u00edcio (Universidade Federal do Agreste de Pernambuco &#8211; Brazil), Rodrigo Andrade (Universidade Federal do Agreste de Pernambuco &#8211; Brazil), Daliton da Silva (Universidade Federal do Agreste de Pernambuco &#8211; Brazil).<\/p>\n<\/li>\n<li>\n<p class=\"ds-markdown-paragraph\"><strong>Real-Time Decision Support Service for Wildfire Combat<\/strong>\u00a0\u2013 Tiago Brasileiro Ara\u00fajo (IFPB &#8211; Brazil), Dami\u00e3o Ribeiro de Almeida (UFCG &#8211; Brazil), Jos\u00e9 Gomes Lopes Filho (Funda\u00e7\u00e3o Parque Tecnologico Itaipu (Itaipu ParqueTec) &#8211; Brazil), Hicaro Ferreira Brasil (IFPB &#8211; Brazil), Igor Silva Sobral (IFPB &#8211; Brazil), Anna Beatriz Gomes Sales (IFPB &#8211; Brazil), Ana L\u00edcia Ferreira Soares (IFPB &#8211; Brazil).<\/p>\n<\/li>\n<li>\n<p class=\"ds-markdown-paragraph\"><strong>OBI-UAN: An Agent to Assist in Studies for the Brazilian Olympiad in Informatics<\/strong>\u00a0\u2013 Luiz Viana (Universidade Federal do Cear\u00e1 &#8211; Brazil), Gabriel Rudan Sales Matos (Universidade Federal do Cear\u00e1 &#8211; Brazil), Marlon Duarte (Universidade Federal do Cear\u00e1 &#8211; Brazil), Raylander Marques Melo (UFC Crate\u00fas &#8211; Brazil), Jos\u00e9 Wellington Franco (Universidade Federal do Cear\u00e1 &#8211; Brazil).<\/p>\n<\/li>\n<li>\n<p class=\"ds-markdown-paragraph\"><strong>LLM4Time: An Interactive Tool for Time Series Forecasting with Large Language Models<\/strong>\u00a0\u2013 Luiz Viana (Universidade Federal do Cear\u00e1 &#8211; Brazil), Jos\u00e9 Wellington Franco (Universidade Federal do Cear\u00e1 &#8211; Brazil), Carlos Caminha (Universidade Federal do Cear\u00e1 &#8211; Brazil).<\/p>\n<\/li>\n<li>\n<p class=\"ds-markdown-paragraph\"><strong>GUISSE: A Graphical User Interface for Snippet Selection and Evaluation in Time Series Data<\/strong>\u00a0\u2013 Guilherme Fernandes (Universidade Federal do Cear\u00e1 &#8211; Brazil), Lucas Gaspar (Universidade Federal do Cear\u00e1 &#8211; Brazil), L\u00edvia Cruz (Universidade Federal do Cear\u00e1 &#8211; Brazil), Regis Magalh\u00e3es (Universidade Federal do Cear\u00e1 &#8211; Brazil), Jos\u00e9 Macedo (UFC &#8211; Brazil).<\/p>\n<\/li>\n<li>\n<p class=\"ds-markdown-paragraph\"><strong>LTVHub: A Modular Tool for Customer Lifetime Value Calculation with Support for Multiple Models<\/strong>\u00a0\u2013 Maria Eduarda de Pinho Braga (Universidade Federal de Vi\u00e7osa &#8211; Brazil), Jo\u00e3o Marcos Ramos (UFV &#8211; Brazil), Fabr\u00edcio Silva (UFV &#8211; Brazil), Linnyer Ruiz (UEM &#8211; Brazil).<\/p>\n<\/li>\n<li>\n<p class=\"ds-markdown-paragraph\"><strong>SADD &#8211; Storage and Provisioning System for Oceanographic Data<\/strong>\u00a0\u2013 Almir Monteiro J\u00fanior (Universidade Federal do Rio de Janeiro &#8211; Brazil), Claudio Alves (Universidade Federal do Rio de Janeiro &#8211; Brazil), Janice Trotte-Duha (Instituto Nacional de Pesquisas Oce\u00e2nicas &#8211; Brazil), Fernando Monteiro (Instituto Nacional de Pesquisas Oce\u00e2nicas &#8211; Brazil), Eduardo Bezerra (CEFET\/RJ &#8211; Brazil), Pedro Henrique Gonzalez (Universidade Federal do Rio de Janeiro &#8211; Brazil).<\/p>\n<\/li>\n<li>\n<p class=\"ds-markdown-paragraph\"><strong>Nota Conforme: Integrated System for Automated Classification of Services in NFS-e with Machine Learning<\/strong>\u00a0\u2013 Tarc\u00edsio Paraiso Farias (Instituto Federal de Educa\u00e7\u00e3o, Ci\u00eancia e Tecnologia da Bahia &#8211; IFBA &#8211; Brazil), Thiago Mendes (IFBA &#8211; Instituto Federal de Educa\u00e7\u00e3o, Ci\u00eancia e Tecnologia da Bahia &#8211; Brazil), Rafael Conceicao (Prefeitura do Recife &#8211; Brazil).<\/p>\n<\/li>\n<li>\n<p class=\"ds-markdown-paragraph\"><strong>EKGmetavis: A Tool for Exploring and Visualizing Semantic View Metadata in Enterprise Knowledge Graphs<\/strong>\u00a0\u2013 Jos\u00e9 Renato S. Freitas (Universidade Federal do Cear\u00e1 &#8211; Brazil), Vania Vidal (Universidade Federal do Cear\u00e1 &#8211; Brazil), Tulio Vidal Rolim (Universidade Federal do Cear\u00e1 &#8211; Brazil), Narciso Arruda Jr (University of Cear\u00e1 &#8211; Brazil).<\/p>\n<\/li>\n<li>\n<p class=\"ds-markdown-paragraph\"><strong>Recicle++: An Application for Recyclable Collection with Route Optimization Using OSRM<\/strong>\u00a0\u2013 Leonardo Campos (University of S\u00e3o Paulo &#8211; Brazil), Mirela Cazzolato (University of S\u00e3o Paulo &#8211; Brazil).<\/p>\n<\/li>\n<li>\n<p class=\"ds-markdown-paragraph\"><strong>Ask BI: A Conversational Interface for Decision Support Using AI, Multimodal Data, and Agents<\/strong>\u00a0\u2013 Antony Medeiros (PUC-Rio &#8211; Brazil), Claudio Fraga (BNDES &#8211; Brazil), Gabryel Medeiros (BNDES &#8211; Brazil), Joao Nepomuceno (BNDES &#8211; Brazil), Nicolaas Ruberg (BNDES &#8211; Brazil), Vitor Sallenave (BNDES &#8211; Algeria), Sergio Lifschitz (PUC-Rio &#8211; Brazil).<\/p>\n<\/li>\n<li>\n<p class=\"ds-markdown-paragraph\"><strong>Geo: A Visual Analytics Tool for Spatiotemporal Analysis<\/strong>\u00a0\u2013 Jos\u00e9 Flor\u00eancio Queiroz Neto (Insight Lab &#8211; Universidade Federal do Cear\u00e1 &#8211; Brazil), Jos\u00e9 Ant\u00f4nio Mac\u00eado (Insight Lab &#8211; Universidade Federal do Cear\u00e1 &#8211; Brazil), Erick Lima Trentini (Universidade Federal do Cear\u00e1 &#8211; Brazil), Samir Chaves (Universidade Federal do Cear\u00e1 &#8211; Brazil), Jo\u00e3o Castelo Branco (Universidade Federal do Cear\u00e1 &#8211; Brazil).<\/p>\n<\/li>\n<\/ul>\n","protected":false},"excerpt":{"rendered":"<p>Demos and Applications Accepted Papers From Tables to Graphs with AKGrApp: Leveraging LLMs to Support Modeling and Mining Knowledge Graphs\u00a0\u2013 Rafael Conrado (Universidade de S\u00e3o Paulo &#8211; Brazil), Eduardo Campos (Universidade de S\u00e3o Paulo &#8211; Brazil), Caetano Traina J\u00fanior (ICMC &#8211; USP &#8211; Brazil), Agma Traina (ICMC-USP &#8211; Brazil), Mirela Cazzolato (University of S\u00e3o Paulo [&hellip;]<\/p>\n","protected":false},"author":3,"featured_media":0,"parent":0,"menu_order":0,"comment_status":"closed","ping_status":"closed","template":"","meta":{"footnotes":""},"class_list":["post-4596","page","type-page","status-publish","hentry"],"_links":{"self":[{"href":"https:\/\/sbbd.org.br\/2025\/wp-json\/wp\/v2\/pages\/4596","targetHints":{"allow":["GET"]}}],"collection":[{"href":"https:\/\/sbbd.org.br\/2025\/wp-json\/wp\/v2\/pages"}],"about":[{"href":"https:\/\/sbbd.org.br\/2025\/wp-json\/wp\/v2\/types\/page"}],"author":[{"embeddable":true,"href":"https:\/\/sbbd.org.br\/2025\/wp-json\/wp\/v2\/users\/3"}],"replies":[{"embeddable":true,"href":"https:\/\/sbbd.org.br\/2025\/wp-json\/wp\/v2\/comments?post=4596"}],"version-history":[{"count":1,"href":"https:\/\/sbbd.org.br\/2025\/wp-json\/wp\/v2\/pages\/4596\/revisions"}],"predecessor-version":[{"id":4597,"href":"https:\/\/sbbd.org.br\/2025\/wp-json\/wp\/v2\/pages\/4596\/revisions\/4597"}],"wp:attachment":[{"href":"https:\/\/sbbd.org.br\/2025\/wp-json\/wp\/v2\/media?parent=4596"}],"curies":[{"name":"wp","href":"https:\/\/api.w.org\/{rel}","templated":true}]}}