{"id":4437,"date":"2025-08-11T11:09:48","date_gmt":"2025-08-11T14:09:48","guid":{"rendered":"https:\/\/sbbd.org.br\/2025\/?page_id=4437"},"modified":"2025-08-12T09:59:15","modified_gmt":"2025-08-12T12:59:15","slug":"lago","status":"publish","type":"page","link":"https:\/\/sbbd.org.br\/2025\/lago\/","title":{"rendered":"LAGO"},"content":{"rendered":"<h1><b>LAGO<\/b><\/h1>\n<h2><strong>Artigos Aceitos<\/strong><\/h2>\n<ul>\n<li>A RAG-Powered Academic Chatbot with Ontology-Driven Factual Verification, Vitor Mateus R. do Amaral, Luiza Espinosa, Paula D. Rigo, Gabriel M. Lunardi, UFSM<\/li>\n<li>Constructing Knowledge Graphs from Text Using Large Language Models: Scoping Review, Giovanna Borges Bottino, Jos\u00e9 de Jesus P\u00e9rez Alcaz\u00e1r, USP<\/li>\n<li>Estruturando o Conhecimento sobre TEA: Uma Ontologia para Apoiar a Rede de Cuidados de Crian\u00e7as Autistas com Base nos MSD Manuals e DSM-5, J\u00e9ssica Ruana Costa Lima, Victor Benoiston Jales de Oliveira, Sebasti\u00e3o Emidio Alves Filho, Patr\u00edcio de Alencar Silva, UFERSA<\/li>\n<li>Estudo de Caso de um Rob\u00f4 Social Integrado com LLM Interagindo em Ambientes P\u00fablicos, Marcos V. Cruz, Murillo R. Batista, Douglas A. de Sousa, Clarissa F. C. L. Loureiro, Adriano L. Lima, Josue J. G. Ramos, CTI Renato Archer<\/li>\n<li>Gypscie-KG: Building a Logic-Based Approach for Knowledge Graph Data Integration View in ML Systems, Gabriela Moraes, Fabio Porto, Federico Ulliana, Jean-Francois Baget, Michel Leclere, Pierre Bisquert, Bernardo Goncalves, Patrick Valduriez, LNCC, CNRS INRAE<\/li>\n<li>LLMs na Gera\u00e7\u00e3o de Mapeamentos Sem\u00e2nticos: Experimento no dom\u00ednio de Plantas Industriais, Geiza M. H. da Silva, Elvismary M. Armas, Pedro Saieg.1, Rafael A. de Castro, Thiago D. Coqueiro, Melissa Lemos, Liester C. Castro, PUC-RIO, UNIRIO<\/li>\n<li>LLMs S\u00e3o Bons Matem\u00e1ticos? Avaliando o Desempenho em Resolu\u00e7\u00e3o de Exerc\u00edcios, Igor Alberte R. Eleut\u00e9rio, Israel Efraim de Oliveira, Mirela T. Cazzolato, ICI, UFSC, ICMC USP<\/li>\n<li>Metadata-Driven Construction of Semantic Views in Enterprise Knowledge Graphs with LLM Agents, Tulio Vidal Rolim, Jos\u00e9 Renato S. Freitas, V\u00e2nia Maria Ponte Vidal, UFC, IFPI, IFCE<\/li>\n<li>Ontologia para An\u00e1lise Qualitativa Automatizada em Avalia\u00e7\u00f5es de Cursos de Ensino Superior, Eulanda Maria Pedro Daniel, Leandro Krug Wives1, Alexandra Lorandi, Jos\u00e9 Palazzo Moreira de Oliveira, UFRGS<\/li>\n<li>Towards a Self-Explainable Recommender System using Large Language Models and Knowledge Graphs, Antony Seabra, Claudio Cavalcante, Sergio Lifschitz, PUC-Rio<\/li>\n<li>Usando LLMs para simplificar e representar documentos m\u00e9dicos, Leandro Krug Wives, Maria Jos\u00e9 Bocorny Finatto, UFRGS<\/li>\n<\/ul>\n","protected":false},"excerpt":{"rendered":"<p>LAGO Artigos Aceitos A RAG-Powered Academic Chatbot with Ontology-Driven Factual Verification, Vitor Mateus R. do Amaral, Luiza Espinosa, Paula D. Rigo, Gabriel M. Lunardi, UFSM Constructing Knowledge Graphs from Text Using Large Language Models: Scoping Review, Giovanna Borges Bottino, Jos\u00e9 de Jesus P\u00e9rez Alcaz\u00e1r, USP Estruturando o Conhecimento sobre TEA: Uma Ontologia para Apoiar a [&hellip;]<\/p>\n","protected":false},"author":2,"featured_media":0,"parent":0,"menu_order":0,"comment_status":"closed","ping_status":"closed","template":"","meta":{"footnotes":""},"class_list":["post-4437","page","type-page","status-publish","hentry"],"_links":{"self":[{"href":"https:\/\/sbbd.org.br\/2025\/wp-json\/wp\/v2\/pages\/4437","targetHints":{"allow":["GET"]}}],"collection":[{"href":"https:\/\/sbbd.org.br\/2025\/wp-json\/wp\/v2\/pages"}],"about":[{"href":"https:\/\/sbbd.org.br\/2025\/wp-json\/wp\/v2\/types\/page"}],"author":[{"embeddable":true,"href":"https:\/\/sbbd.org.br\/2025\/wp-json\/wp\/v2\/users\/2"}],"replies":[{"embeddable":true,"href":"https:\/\/sbbd.org.br\/2025\/wp-json\/wp\/v2\/comments?post=4437"}],"version-history":[{"count":2,"href":"https:\/\/sbbd.org.br\/2025\/wp-json\/wp\/v2\/pages\/4437\/revisions"}],"predecessor-version":[{"id":4490,"href":"https:\/\/sbbd.org.br\/2025\/wp-json\/wp\/v2\/pages\/4437\/revisions\/4490"}],"wp:attachment":[{"href":"https:\/\/sbbd.org.br\/2025\/wp-json\/wp\/v2\/media?parent=4437"}],"curies":[{"name":"wp","href":"https:\/\/api.w.org\/{rel}","templated":true}]}}