{"id":4436,"date":"2025-08-11T11:09:48","date_gmt":"2025-08-11T14:09:48","guid":{"rendered":"https:\/\/sbbd.org.br\/2025\/?page_id=4436"},"modified":"2025-08-12T13:25:32","modified_gmt":"2025-08-12T16:25:32","slug":"ds4sg-2","status":"publish","type":"page","link":"https:\/\/sbbd.org.br\/2025\/ds4sg-2\/","title":{"rendered":"DS4SG"},"content":{"rendered":"<h1><b>DS4SG<\/b><\/h1>\n<h2><strong>Artigos Aceitos<\/strong><\/h2>\n<ul>\n<li>Fatores socioecon\u00f4micos e desigualdade na mobilidade de curta dist\u00e2ncia aos servi\u00e7os urbanos de Curitiba &#8211; Matheus Izidoro de Almeida (UTFPR), Ricardo L\u00fcders (UTFPR) e Luiz Celso Gomes Jr (UTFPR)<\/li>\n<li>Estimating Vulnerability to Extreme Events in Urban Areas: From Microdata to City-Wide Indicators &#8211; Eduardo Reolon (UTFPR), Ricardo L\u00fcders (UTFPR) e Luiz Celso Gomes Jr (UTFPR)<\/li>\n<li>Caracteriza\u00e7\u00e3o da Popula\u00e7\u00e3o Brasileira que sofre de Catarata-Hipertens\u00e3o &#8211; Um Estudo Baseado na Base de Dados PNS 2019 &#8211; Anna Silva (PUC Minas) e Luis Z\u00e1rate (PUC Minas)<\/li>\n<li>InSANdB: Bases de Dados Integrada, por Munic\u00edpio Brasileiro, para Estudos da Inseguran\u00e7a Alimentar e Nutricional no Brasil &#8211; Arthur Henrique Oliveira (PUC Minas), Sara Martins (PUC Minas), Daniel Franca (PUC Minas), Lucas Rafael do Nascimento (PUC Minas), Heitor Oliveira (PUC Minas), Marco Paulo Gomes (PUC Minas) e Luis Z\u00e1rate (PUC Minas)<\/li>\n<li>Caracterizando o perfil Artrite-Depress\u00e3o da Popula\u00e7\u00e3o Brasileira &#8211; Um Estudo Baseado na Base de Dados PNS 2019 &#8211; Lu\u00eds Cancella (PUC Minas) e Luis Z\u00e1rate (PUC Minas)<\/li>\n<li>From Surveillance to Manipulation: How Data Collection Enables Targeted Disinformation &#8211; Antony Medeiros (PUC-Rio), Claudio Fraga (BNDES) e Sergio Lifschitz (PUC-Rio)<\/li>\n<li>Uso da Minera\u00e7\u00e3o de Dados na Caracteriza\u00e7\u00e3o da Asma na Popula\u00e7\u00e3o Brasileira &#8211; Arthur Henrique Oliveira (PUC Minas), Sara Martins (PUC Minas) e Luis Z\u00e1rate (PUC Minas)<\/li>\n<li>Descrevendo o perfil de pessoas com depress\u00e3o nas regi\u00f5es Sudeste e Centro-Oeste do Brasil por meio de Minera\u00e7\u00e3o de Dados &#8211; Gl\u00f3ria Ferreira Alves (PUC Minas), Pedro Grojpen (PUC Minas) e Luis Z\u00e1rate (PUC Minas)<\/li>\n<li>Uso de Aprendizado de M\u00e1quina para Identificar Perfis de Mulheres com C\u00e2ncer de Mama no Brasil &#8211; Alice Soares (PUC Minas), Laura Gomes (PUC Minas) e Luis Z\u00e1rate (PUC Minas)<\/li>\n<li>Desempenho Log\u00edstico no Brasil: An\u00e1lise Geoespacial sobre Prazos de Entrega, Custos de Frete e Satisfa\u00e7\u00e3o do Cliente no E-commerce &#8211; Lucas Praxedes (UERN) e Isaac Oliveira Filho (UERN)<\/li>\n<li>Built to Breathe? Modeling Air Quality with Features of the Built and Natural Environment &#8211; Lara Furtado (UFC), Nayara Gurj\u00e3o (UFC), Nicolas Monteiro (UFC), Jose Edilson Silva Filho (UFC), Carlos Matheus Ferreira (UFC), Jarbas Silveira (UFC), Jorge Soares (UFC) e Jos\u00e9 Ant\u00f4nio Mac\u00eado (UFC)<\/li>\n<li>UrbanReleaf: Enhancing Sustainable Urban Transformation with a Data-Driven Solution for Smart Depaving &#8211; Rafaela Santos (ITA), Lucas Reinaldo Sarmento (ITA), Mirela Cazzolato (USP) e Harlei Leite (ITA)<\/li>\n<\/ul>\n","protected":false},"excerpt":{"rendered":"<p>DS4SG Artigos Aceitos Fatores socioecon\u00f4micos e desigualdade na mobilidade de curta dist\u00e2ncia aos servi\u00e7os urbanos de Curitiba &#8211; Matheus Izidoro de Almeida (UTFPR), Ricardo L\u00fcders (UTFPR) e Luiz Celso Gomes Jr (UTFPR) Estimating Vulnerability to Extreme Events in Urban Areas: From Microdata to City-Wide Indicators &#8211; Eduardo Reolon (UTFPR), Ricardo L\u00fcders (UTFPR) e Luiz Celso [&hellip;]<\/p>\n","protected":false},"author":2,"featured_media":0,"parent":0,"menu_order":0,"comment_status":"closed","ping_status":"closed","template":"","meta":{"footnotes":""},"class_list":["post-4436","page","type-page","status-publish","hentry"],"_links":{"self":[{"href":"https:\/\/sbbd.org.br\/2025\/wp-json\/wp\/v2\/pages\/4436","targetHints":{"allow":["GET"]}}],"collection":[{"href":"https:\/\/sbbd.org.br\/2025\/wp-json\/wp\/v2\/pages"}],"about":[{"href":"https:\/\/sbbd.org.br\/2025\/wp-json\/wp\/v2\/types\/page"}],"author":[{"embeddable":true,"href":"https:\/\/sbbd.org.br\/2025\/wp-json\/wp\/v2\/users\/2"}],"replies":[{"embeddable":true,"href":"https:\/\/sbbd.org.br\/2025\/wp-json\/wp\/v2\/comments?post=4436"}],"version-history":[{"count":6,"href":"https:\/\/sbbd.org.br\/2025\/wp-json\/wp\/v2\/pages\/4436\/revisions"}],"predecessor-version":[{"id":5913,"href":"https:\/\/sbbd.org.br\/2025\/wp-json\/wp\/v2\/pages\/4436\/revisions\/5913"}],"wp:attachment":[{"href":"https:\/\/sbbd.org.br\/2025\/wp-json\/wp\/v2\/media?parent=4436"}],"curies":[{"name":"wp","href":"https:\/\/api.w.org\/{rel}","templated":true}]}}