{"id":4435,"date":"2025-08-11T11:09:48","date_gmt":"2025-08-11T14:09:48","guid":{"rendered":"https:\/\/sbbd.org.br\/2025\/?page_id=4435"},"modified":"2025-08-11T11:14:55","modified_gmt":"2025-08-11T14:14:55","slug":"dsw","status":"publish","type":"page","link":"https:\/\/sbbd.org.br\/2025\/dsw\/","title":{"rendered":"DSW"},"content":{"rendered":"<h1><b>DSW<\/b><\/h1>\n<h2><strong>Artigos Aceitos<\/strong><\/h2>\n<ul>\n<li>Conjunto de not\u00edcias para avalia\u00e7\u00e3o de investimentos em regi\u00f5es do estado de S\u00e3o Paulo &#8211;\u00a0Gabriel L. Melo, Joao V. C. Neres Sousa, Willian D. Oliveira (ICMC USP), Lucas Mingardo (SEADE), Carlos Freire (SEADE), Agma J. M. Traina, Caetano Traina Jr. (ICMC USP)<\/li>\n<li>Construindo um Dataset Georreferenciado para a Educa\u00e7\u00e3o Superior no Brasil &#8211;\u00a0Di\u00eago de Araujo Correia, Rafael Luciano Lima da Silva, F\u00e1bio Jos\u00e9 Coutinho da Silva, Maria Ribeiro (UFAL)<\/li>\n<li>DataCoin: Dataset Sazonal para Estrat\u00e9gias Quantitativas com Bitcoin &#8211;\u00a0Jose Jeovane R. Cordeiro, Arlino H. Magalhaes de Ara\u00fajo, Guilherme A. Avelino (UFPI)<\/li>\n<li>DataCrimeBR: Constru\u00e7\u00e3o de um Dataset de Crimes Reportados em Tweets no Brasil &#8211;\u00a0Miguel A. R. e Silva, Philipe de Freitas Melo, Thais R. M. Braga Silva (UFV)<\/li>\n<li>DIP-BR: An Open and Network-Based Dataset of Brazilian Patents &#8211;\u00a0Pablo Vasconcelos da Cruz, Iuri V. A. Lima, Danilo B. Seufitelli, Daniel H. Dalip (CEFET-MG), Fabr\u00edcio P. V. de Campos (UFJF)<\/li>\n<li>EggQuality-UFRPE: A Chicken Egg Dataset for Multidisciplinary Studies in Animal Science and Computing &#8211;\u00a0Katariny Lima de Abreu, Andr\u00e9a Souza, Matheus Carmo, Lilian Francisco de Souza, Carlos B\u00f4a-Viagem Rabello (UFRPE), Denis Salvadeo (UNESP), Jo\u00e3o Paulo Lima, Kellyton Brito (UFRPE)<\/li>\n<li>LegisPL-BR &#8211; Dataset de projetos de leis brasileiros &#8211;\u00a0Juan Marciano (IFPI), Vinicius Machado, Arlino Magalh\u00e3es (UFPI)<\/li>\n<li>Medical Dialogue Audio Transcription: Dataset and Benchmarking of ASR Models &#8211;\u00a0Aline E. Gassenn (ICMC USP), Luis G. M. Andrade (UNESP), Douglas Teodoro (University of Geneve), Jose F. Rodrigues-Jr (ICMC USP)<\/li>\n<\/ul>\n","protected":false},"excerpt":{"rendered":"<p>DSW Artigos Aceitos Conjunto de not\u00edcias para avalia\u00e7\u00e3o de investimentos em regi\u00f5es do estado de S\u00e3o Paulo &#8211;\u00a0Gabriel L. Melo, Joao V. C. Neres Sousa, Willian D. Oliveira (ICMC USP), Lucas Mingardo (SEADE), Carlos Freire (SEADE), Agma J. M. Traina, Caetano Traina Jr. (ICMC USP) Construindo um Dataset Georreferenciado para a Educa\u00e7\u00e3o Superior no Brasil [&hellip;]<\/p>\n","protected":false},"author":2,"featured_media":0,"parent":0,"menu_order":0,"comment_status":"closed","ping_status":"closed","template":"","meta":{"footnotes":""},"class_list":["post-4435","page","type-page","status-publish","hentry"],"_links":{"self":[{"href":"https:\/\/sbbd.org.br\/2025\/wp-json\/wp\/v2\/pages\/4435","targetHints":{"allow":["GET"]}}],"collection":[{"href":"https:\/\/sbbd.org.br\/2025\/wp-json\/wp\/v2\/pages"}],"about":[{"href":"https:\/\/sbbd.org.br\/2025\/wp-json\/wp\/v2\/types\/page"}],"author":[{"embeddable":true,"href":"https:\/\/sbbd.org.br\/2025\/wp-json\/wp\/v2\/users\/2"}],"replies":[{"embeddable":true,"href":"https:\/\/sbbd.org.br\/2025\/wp-json\/wp\/v2\/comments?post=4435"}],"version-history":[{"count":3,"href":"https:\/\/sbbd.org.br\/2025\/wp-json\/wp\/v2\/pages\/4435\/revisions"}],"predecessor-version":[{"id":4453,"href":"https:\/\/sbbd.org.br\/2025\/wp-json\/wp\/v2\/pages\/4435\/revisions\/4453"}],"wp:attachment":[{"href":"https:\/\/sbbd.org.br\/2025\/wp-json\/wp\/v2\/media?parent=4435"}],"curies":[{"name":"wp","href":"https:\/\/api.w.org\/{rel}","templated":true}]}}