{"id":4408,"date":"2025-08-11T10:25:23","date_gmt":"2025-08-11T13:25:23","guid":{"rendered":"https:\/\/sbbd.org.br\/2025\/?page_id=4408"},"modified":"2025-08-11T13:30:51","modified_gmt":"2025-08-11T16:30:51","slug":"demos-e-aplicacoes-2","status":"publish","type":"page","link":"https:\/\/sbbd.org.br\/2025\/demos-e-aplicacoes-2\/","title":{"rendered":"Demos e Aplica\u00e7\u00f5es"},"content":{"rendered":"<h1><b>Demos e Aplica\u00e7\u00f5es<\/b><\/h1>\n<h2><strong>Artigos Aceitos<\/strong><\/h2>\n<ul>\n<li>From Tables to Graphs with AKGrApp: Leveraging LLMs to Support Modeling and Mining Knowledge Graphs. Rafael Conrado (Universidade de S\u00e3o Paulo &#8211; Brazil), Eduardo Campos (Universidade de S\u00e3o Paulo &#8211; Brazil), Caetano Traina J\u00fanior (ICMC &#8211; USP &#8211; Brazil), Agma Traina (ICMC-USP &#8211; Brazil), Mirela Cazzolato (University of S\u00e3o Paulo &#8211; Brazil).<\/li>\n<li>Plug and Flow: Execu\u00e7\u00e3o de Workflows Cient\u00edficos em Cont\u00eaineres com o Middleware Ak\u00f4Flow. Wesley Ferreira (UFF &#8211; Brazil), Liliane Kunstmann (Mendelics &#8211; Brazil), Raphael Garcia (UFF &#8211; Brazil), Marcos Bedo (Universidade Federal Fluminense &#8211; Brazil), Aline Paes (Universidade Federal Fluminense &#8211; Brazil), Daniel de Oliveira (Universidade Federal Fluminense &#8211; Brazil).<\/li>\n<li>TricIA: A Multi-Agent System to Simplify Interaction with the Business Intelligence Dashboard Platform of the Fiscal Monitor. Bruno Raviolo (University of Fortaleza &#8211; Brazil), Joan Chaves (University of Fortaleza &#8211; Brazil), Raimir Holanda (University of Fortaleza &#8211; Brazil), Carlos Caminha (Universidade Federal do Cear\u00e1 &#8211; Brazil).<\/li>\n<li>SmartApSUS: Integrando Dados, Previs\u00e3o e Otimiza\u00e7\u00e3o para Fortalecer a Gest\u00e3o da APS no Brasil. Thiago Pinheiro (Universidade Federal de Pernambuco &#8211; Brazil), M\u00e1gno Sillas Nunes Ramos Gomes (Universidade Federal do Agreste de Pernambuco &#8211; Brazil), Igor Vanderlei (Universidade Federal do Agreste de Pernambuco &#8211; Brazil), Dimas Cassimiro Nascimento (Universidade Federal do Agreste de Pernambuco (UFAPE) &#8211; Brazil), Thiago Fabr\u00edcio (Universidade Federal do Agreste de Pernambuco &#8211; Brazil), Rodrigo Andrade (Universidade Federal do Agreste de Pernambuco &#8211; Brazil), Daliton da Silva (Universidade Federal do Agreste de Pernambuco &#8211; Brazil).<\/li>\n<li>Servi\u00e7o de Apoio \u00e0 Decis\u00e3o em Tempo Real para o Combate a Inc\u00eandios Florestais. Tiago Brasileiro Ara\u00fajo (IFPB &#8211; Brazil), Dami\u00e3o Ribeiro de Almeida (UFCG &#8211; Brazil), Jos\u00e9 Gomes Lopes Filho (Funda\u00e7\u00e3o Parque Tecnologico Itaipu (Itaipu ParqueTec) &#8211; Brazil), Hicaro Ferreira Brasil (IFPB &#8211; Brazil), Igor Silva Sobral (IFPB &#8211; Brazil), Anna Beatriz Gomes Sales (IFPB &#8211; Brazil), Ana L\u00edcia Ferreira Soares (IFPB &#8211; Brazil).<\/li>\n<li>OBI-UAN: Um Agente para Auxiliar nos Estudos da Olimp\u00edada Brasileira de Inform\u00e1tica. Luiz Viana (Universidade Federal do Cear\u00e1 &#8211; Brazil), Gabriel Rudan Sales Matos (Universidade Federal do Cear\u00e1 &#8211; Brazil), Marlon Duarte (Universidade Federal do Cear\u00e1 &#8211; Brazil), Raylander Marques Melo (UFC Crate\u00fas &#8211; Brazil), Jos\u00e9 Wellington Franco (Universidade Federal do Cear\u00e1 &#8211; Brazil).<\/li>\n<li>LLM4Time: Uma Ferramenta Interativa para Previs\u00e3o de S\u00e9ries Temporais com Modelos Largos de Linguagem. Luiz Viana (Universidade Federal do Cear\u00e1 &#8211; Brazil), Jos\u00e9 Wellington Franco (Universidade Federal do Cear\u00e1 &#8211; Brazil), Carlos Caminha (Universidade Federal do Cear\u00e1 &#8211; Brazil).<\/li>\n<li>GUISSE: A Graphical User Interface For Snippet Selection and Evaluation in Time Series Data. Guilherme Fernandes (Universidade Federal do Cear\u00e1 &#8211; Brazil), Lucas Gaspar (Universidade Federal do Cear\u00e1 &#8211; Brazil), L\u00edvia Cruz (Universidade Federal do Cear\u00e1 &#8211; Brazil), Regis Magalh\u00e3es (Universidade Federal do Cear\u00e1 &#8211; Brazil), Jos\u00e9 Macedo (UFC &#8211; Brazil).<\/li>\n<li>LTVHub: Uma Ferramenta Modular para C\u00e1lculo do Customer Lifetime Value com Suporte a M\u00faltiplos Modelos. Maria Eduarda de Pinho Braga (Universidade Federal de Vi\u00e7osa &#8211; Brazil), Jo\u00e3o Marcos Ramos (UFV &#8211; Brazil), Fabr\u00edcio Silva (UFV &#8211; Brazil), Linnyer Ruiz (UEM &#8211; Brazil).<\/li>\n<li>SADD &#8211; Sistema de Armazenamento e Disponibiliza\u00e7\u00e3o de Dados Oceanogr\u00e1ficos. Almir Monteiro J\u00fanior (Universidade Federal do Rio de Janeiro &#8211; Brazil), Claudio Alves (Universidade Federal do Rio de Janeiro &#8211; Brazil), Janice Trotte-Duha (Instituto Nacional de Pesquisas Oce\u00e2nicas &#8211; Brazil), Fernando Monteiro (Instituto Nacional de Pesquisas Oce\u00e2nicas &#8211; Brazil), Eduardo Bezerra (CEFET\/RJ &#8211; Brazil), Pedro Henrique Gonzalez (Universidade Federal do Rio de Janeiro &#8211; Brazil).<\/li>\n<li>Nota Conforme: Sistema Integrado para Classifica\u00e7\u00e3o Automatizada de Servi\u00e7os em NFS-e com Machine Learning. Tarc\u00edsio Paraiso Farias (Instituto Federal de Educa\u00e7\u00e3o, Ci\u00eancia e Tecnologia da Bahia &#8211; IFBA &#8211; Brazil), Thiago Mendes (IFBA &#8211; Instituto Federal de Educa\u00e7\u00e3o, Ci\u00eancia e Tecnologia da Bahia &#8211; Brazil), Rafael Conceicao (Prefeitura do Recife &#8211; Brazil).<\/li>\n<li>EKGmetavis: Uma Ferramenta para Explora\u00e7\u00e3o e Visualiza\u00e7\u00e3o dos Metadados da Vis\u00e3o Sem\u00e2ntica em Enterprise Knowledge Graphs. Jos\u00e9 Renato S. Freitas (Universidade Federal do Cear\u00e1 &#8211; Brazil), Vania Vidal (Universidade Federal do Cear\u00e1 &#8211; Brazil), Tulio Vidal Rolim (Universidade Federal do Cear\u00e1 &#8211; Brazil), Narciso Arruda Jr (University of Cear\u00e1 &#8211; Brazil).<\/li>\n<li>Recicle++: Uma aplica\u00e7\u00e3o para coleta de recicl\u00e1veis com otimiza\u00e7\u00e3o de rotas utilizando OSRM. Leonardo Campos (University of S\u00e3o Paulo &#8211; Brazil), Mirela Cazzolato (University of S\u00e3o Paulo &#8211; Brazil).<\/li>\n<li>Pergunte ao BI: Uma Interface Conversacional para Apoio \u00e0 Tomada de Decis\u00e3o usando IA, Dados Multimodais e Agentes. Antony Medeiros (PUC-Rio &#8211; Brazil), Claudio Fraga (BNDES &#8211; Brazil), Gabryel Medeiros (BNDES &#8211; Brazil), Joao Nepomuceno (BNDES &#8211; Brazil), Nicolaas Ruberg (BNDES &#8211; Brazil), Vitor Sallenave (BNDES &#8211; Algeria), Sergio Lifschitz (PUC-Rio &#8211; Brazil).<\/li>\n<li>Geo: A Visual Analytics Tool for Spatiotemporal Analysis. Jos\u00e9 Flor\u00eancio Queiroz Neto (Insight Lab &#8211; Universidade Federal do Cear\u00e1 &#8211; Brazil), Jos\u00e9 Ant\u00f4nio Mac\u00eado (Insight Lab &#8211; Universidade Federal do Cear\u00e1 &#8211; Brazil), Erick Lima Trentini (Universidade Federal do Cear\u00e1 &#8211; Brazil), Samir Chaves (Universidade Federal do Cear\u00e1 &#8211; Brazil), Jo\u00e3o Castelo Branco (Universidade Federal do Cear\u00e1 &#8211; Brazil)<\/li>\n<\/ul>\n","protected":false},"excerpt":{"rendered":"<p>Demos e Aplica\u00e7\u00f5es Artigos Aceitos From Tables to Graphs with AKGrApp: Leveraging LLMs to Support Modeling and Mining Knowledge Graphs. Rafael Conrado (Universidade de S\u00e3o Paulo &#8211; Brazil), Eduardo Campos (Universidade de S\u00e3o Paulo &#8211; Brazil), Caetano Traina J\u00fanior (ICMC &#8211; USP &#8211; Brazil), Agma Traina (ICMC-USP &#8211; Brazil), Mirela Cazzolato (University of S\u00e3o Paulo [&hellip;]<\/p>\n","protected":false},"author":2,"featured_media":0,"parent":0,"menu_order":0,"comment_status":"closed","ping_status":"closed","template":"","meta":{"footnotes":""},"class_list":["post-4408","page","type-page","status-publish","hentry"],"_links":{"self":[{"href":"https:\/\/sbbd.org.br\/2025\/wp-json\/wp\/v2\/pages\/4408","targetHints":{"allow":["GET"]}}],"collection":[{"href":"https:\/\/sbbd.org.br\/2025\/wp-json\/wp\/v2\/pages"}],"about":[{"href":"https:\/\/sbbd.org.br\/2025\/wp-json\/wp\/v2\/types\/page"}],"author":[{"embeddable":true,"href":"https:\/\/sbbd.org.br\/2025\/wp-json\/wp\/v2\/users\/2"}],"replies":[{"embeddable":true,"href":"https:\/\/sbbd.org.br\/2025\/wp-json\/wp\/v2\/comments?post=4408"}],"version-history":[{"count":3,"href":"https:\/\/sbbd.org.br\/2025\/wp-json\/wp\/v2\/pages\/4408\/revisions"}],"predecessor-version":[{"id":4455,"href":"https:\/\/sbbd.org.br\/2025\/wp-json\/wp\/v2\/pages\/4408\/revisions\/4455"}],"wp:attachment":[{"href":"https:\/\/sbbd.org.br\/2025\/wp-json\/wp\/v2\/media?parent=4408"}],"curies":[{"name":"wp","href":"https:\/\/api.w.org\/{rel}","templated":true}]}}