{"id":4404,"date":"2025-08-11T10:25:23","date_gmt":"2025-08-11T13:25:23","guid":{"rendered":"https:\/\/sbbd.org.br\/2025\/?page_id=4404"},"modified":"2025-08-28T15:27:07","modified_gmt":"2025-08-28T18:27:07","slug":"wtag-3","status":"publish","type":"page","link":"https:\/\/sbbd.org.br\/2025\/wtag-3\/","title":{"rendered":"WTAG"},"content":{"rendered":"\t\t<div data-elementor-type=\"wp-page\" data-elementor-id=\"4404\" class=\"elementor elementor-4404\">\n\t\t\t\t<div class=\"elementor-element elementor-element-7a998c74 e-flex e-con-boxed e-con e-parent\" data-id=\"7a998c74\" data-element_type=\"container\" data-e-type=\"container\">\n\t\t\t\t\t<div class=\"e-con-inner\">\n\t\t\t\t<div class=\"elementor-element elementor-element-73ee4c5b elementor-widget-mobile__width-initial elementor-widget elementor-widget-text-editor\" data-id=\"73ee4c5b\" data-element_type=\"widget\" data-e-type=\"widget\" data-widget_type=\"text-editor.default\">\n\t\t\t\t<div class=\"elementor-widget-container\">\n\t\t\t\t\t\t\t\t\t<h1><b>WTAG<\/b><\/h1><h2><strong>Artigos Aceitos<\/strong><\/h2>\t\t\t\t\t\t\t\t<\/div>\n\t\t\t\t<\/div>\n\t\t\t\t\t<\/div>\n\t\t\t\t<\/div>\n\t\t<div class=\"elementor-element elementor-element-5995a64 e-con-full e-flex e-con e-parent\" data-id=\"5995a64\" data-element_type=\"container\" data-e-type=\"container\">\n\t\t\t\t<div class=\"elementor-element elementor-element-cff56c1 elementor-widget__width-initial elementor-widget-mobile__width-initial elementor-widget elementor-widget-Table\" data-id=\"cff56c1\" data-element_type=\"widget\" data-e-type=\"widget\" data-widget_type=\"Table.default\">\n\t\t\t\t<div class=\"elementor-widget-container\">\n\t\t\t\t\t\t\t<table class=\"tafe-table \">\n\t\t\t<thead  class=\"tafe-table-header\">\n\t\t\t\t<tr>\n\t\t\t\t\t<th class=\"elementor-inline-editing elementor-repeater-item-b17cba4\"  colSpan=\"3\" >ST1 - Se\u00e7\u00e3o T\u00e9cnica 1<\/th>\t\t\t\t<\/tr>\n\t\t\t<\/thead>\n\t\t\t\t\t\t<tbody class=\"tafe-table-body\">\n\t\t\t\t<tr>\n\t\t\t\t\t<td data-label=\"ST1 - Se\u00e7\u00e3o T\u00e9cnica 1\"   class=\"elementor-repeater-item-2ade0fb td-content-type-default\" >Quarta-feira, 1\/out<\/td><td data-label=\"\"   class=\"elementor-repeater-item-9af22e8 td-content-type-default\" >Big Data e Business Intelligence<\/td><td data-label=\"\"   class=\"elementor-repeater-item-dfa95ce td-content-type-default\" >Coordenador:<\/td><\/tr><tr><td data-label=\"ST1 - Se\u00e7\u00e3o T\u00e9cnica 1\"   class=\"elementor-repeater-item-0fe1189 td-content-type-default\" ><\/td><td data-label=\"\"   class=\"elementor-repeater-item-5456490 td-content-type-default\" >T\u00edtulo do artigo<\/td><td data-label=\"\"   class=\"elementor-repeater-item-02eaccb td-content-type-default\" >Autores\/Filia\u00e7\u00f5es<\/td><\/tr><tr><td data-label=\"ST1 - Se\u00e7\u00e3o T\u00e9cnica 1\"   class=\"elementor-repeater-item-b8f0dbd td-content-type-default\" >16:30 - 16:55<\/td><td data-label=\"\"   class=\"elementor-repeater-item-6ac8c7a td-content-type-default\" >FLAMI vs GADDS: Estudo Comparativo de Arquiteturas de Big Data Aderentes aos Princ\u00edpios FAIR<\/td><td data-label=\"\"   class=\"elementor-repeater-item-09618bb td-content-type-default\" >Cec\u00edlia Sedenho (USP), Thiago Araujo (USP), Cristina Aguiar (USP), Jo\u00e3o Pedro Castro (UFMG)<\/td><\/tr><tr><td data-label=\"ST1 - Se\u00e7\u00e3o T\u00e9cnica 1\"   class=\"elementor-repeater-item-96fa4fe td-content-type-default\" >16:55 - 17:15<\/td><td data-label=\"\"   class=\"elementor-repeater-item-45f4e3b td-content-type-default\" >Integra\u00e7\u00e3o Sem\u00e2ntica de Dados P\u00fablicos: O Caso do Observat\u00f3rio dos Sert\u00f5es de Crate\u00fas com o Framework OBSCRAT<\/td><td data-label=\"\"   class=\"elementor-repeater-item-156eb18 td-content-type-default\" >Yuri Oliveira (UFC), Emanoel Alves (UFC), Amanda Venceslau (UFC), Lisieux Andrade (UFC), Marciel Barros Pereira (UFC), Giovanna Xavier (UFC)<\/td><\/tr><tr><td data-label=\"ST1 - Se\u00e7\u00e3o T\u00e9cnica 1\"   class=\"elementor-repeater-item-5d746c1 td-content-type-default\" >17:15 - 17:40<\/td><td data-label=\"\"   class=\"elementor-repeater-item-ff1b356 td-content-type-default\" >Reconcilia\u00e7\u00e3o de dados usando MapReduce<\/td><td data-label=\"\"   class=\"elementor-repeater-item-3da46b3 td-content-type-default\" >Adriano Lopes Le\u00e3o da Silva (UFCAT) , Dayse de Almeida (UFCAT) <\/td><\/tr><tr><td data-label=\"ST1 - Se\u00e7\u00e3o T\u00e9cnica 1\"   class=\"elementor-repeater-item-0d159d9 td-content-type-default\" >17:40 - 18:05<\/td><td data-label=\"\"   class=\"elementor-repeater-item-14d1e24 td-content-type-default\" >TeraORM Design e Implementa\u00e7\u00e3o de um ORM Anal\u00edtico para Aplica\u00e7\u00f5es em Big Data<\/td><td data-label=\"\"   class=\"elementor-repeater-item-a0d02d7 td-content-type-default\" >Jo\u00e3o Vitor Coimbra (CEFET\/RJ), Eduardo Ferreira (CEFET\/RJ)<\/td><\/tr><tr><td data-label=\"ST1 - Se\u00e7\u00e3o T\u00e9cnica 1\"   class=\"elementor-repeater-item-e57977a td-content-type-default\" >18:05 - 18:30<\/td><td data-label=\"\"   class=\"elementor-repeater-item-f6b5d84 td-content-type-default\" >Desenvolvimento de Solu\u00e7\u00e3o de Business Intelligence para Microempreendedor por Meio da Aprendizagem Baseada em Projetos<\/td><td data-label=\"\"   class=\"elementor-repeater-item-c6c17ba td-content-type-default\" >Viviane Dias (PUC Minas), Marianna Oliveira (PUC Minas)<\/td>\t\t\t\t<\/tr>\n\t\t\t<\/tbody>\n\t\t<\/table>\n\t\t\n\t\t\t\t\t\t<\/div>\n\t\t\t\t<\/div>\n\t\t\t\t<\/div>\n\t\t<div class=\"elementor-element elementor-element-20b9e7e e-flex e-con-boxed e-con e-parent\" data-id=\"20b9e7e\" data-element_type=\"container\" data-e-type=\"container\">\n\t\t\t\t\t<div class=\"e-con-inner\">\n\t\t<div class=\"elementor-element elementor-element-7aadaee e-con-full e-flex e-con e-child\" data-id=\"7aadaee\" data-element_type=\"container\" data-e-type=\"container\">\n\t\t\t\t<div class=\"elementor-element elementor-element-eaf3e69 elementor-widget-divider--separator-type-pattern elementor-widget-divider--no-spacing elementor-widget-divider--view-line elementor-widget elementor-widget-divider\" data-id=\"eaf3e69\" data-element_type=\"widget\" data-e-type=\"widget\" data-widget_type=\"divider.default\">\n\t\t\t\t<div class=\"elementor-widget-container\">\n\t\t\t\t\t\t\t<div class=\"elementor-divider\" style=\"--divider-pattern-url: url(&quot;data:image\/svg+xml,%3Csvg xmlns=&#039;http:\/\/www.w3.org\/2000\/svg&#039; preserveAspectRatio=&#039;xMidYMid meet&#039; overflow=&#039;visible&#039; height=&#039;100%&#039; viewBox=&#039;0 0 120 26&#039; fill=&#039;black&#039; stroke=&#039;none&#039;%3E%3Cpolygon points=&#039;0,14.4 0,21 11.5,12.4 21.3,20 30.4,11.1 40.3,20 51,12.4 60.6,20 69.6,11.1 79.3,20 90.1,12.4 99.6,20 109.7,11.1 120,21 120,14.4 109.7,5 99.6,13 90.1,5 79.3,14.5 71,5.7 60.6,12.4 51,5 40.3,14.5 31.1,5 21.3,13 11.5,5 \t&#039;\/%3E%3C\/svg%3E&quot;);\">\n\t\t\t<span class=\"elementor-divider-separator\">\n\t\t\t\t\t\t<\/span>\n\t\t<\/div>\n\t\t\t\t\t\t<\/div>\n\t\t\t\t<\/div>\n\t\t\t\t<\/div>\n\t\t\t\t\t<\/div>\n\t\t\t\t<\/div>\n\t\t<div class=\"elementor-element elementor-element-0398fb2 e-con-full e-flex e-con e-parent\" data-id=\"0398fb2\" data-element_type=\"container\" data-e-type=\"container\">\n\t\t\t\t<div class=\"elementor-element elementor-element-80403ad elementor-widget elementor-widget-Table\" data-id=\"80403ad\" data-element_type=\"widget\" data-e-type=\"widget\" data-widget_type=\"Table.default\">\n\t\t\t\t<div class=\"elementor-widget-container\">\n\t\t\t\t\t\t\t<table class=\"tafe-table \">\n\t\t\t<thead  class=\"tafe-table-header\">\n\t\t\t\t<tr>\n\t\t\t\t\t<th class=\"elementor-inline-editing elementor-repeater-item-4d60a19\"  colSpan=\"3\" >ST2 - Se\u00e7\u00e3o T\u00e9cnica 2<\/th>\t\t\t\t<\/tr>\n\t\t\t<\/thead>\n\t\t\t\t\t\t<tbody class=\"tafe-table-body\">\n\t\t\t\t<tr>\n\t\t\t\t\t<td data-label=\"ST2 - Se\u00e7\u00e3o T\u00e9cnica 2\"   class=\"elementor-repeater-item-c6e9f81 td-content-type-default\" >Quinta-feira, 2\/out<\/td><td data-label=\"\"   class=\"elementor-repeater-item-718f3fe td-content-type-default\" >LLMs<\/td><td data-label=\"\"   class=\"elementor-repeater-item-fbcc9c9 td-content-type-default\" >Coordenador:<\/td><\/tr><tr><td data-label=\"ST2 - Se\u00e7\u00e3o T\u00e9cnica 2\"   class=\"elementor-repeater-item-de8482a td-content-type-default\" ><\/td><td data-label=\"\"   class=\"elementor-repeater-item-37fa102 td-content-type-default\" >T\u00edtulo do artigo<\/td><td data-label=\"\"   class=\"elementor-repeater-item-19b813e td-content-type-default\" >Autor\/Filia\u00e7\u00e3o<\/td><\/tr><tr><td data-label=\"ST2 - Se\u00e7\u00e3o T\u00e9cnica 2\"   class=\"elementor-repeater-item-bcd1472 td-content-type-default\" >08:00-08:25<\/td><td data-label=\"\"   class=\"elementor-repeater-item-1793df6 td-content-type-default\" >Predi\u00e7\u00e3o Num\u00e9rica de Avalia\u00e7\u00f5es em Portugu\u00eas: Comparando BERTimbau e Modelos Multil\u00edngues<\/td><td data-label=\"\"   class=\"elementor-repeater-item-5b3645e td-content-type-default\" >Emanuelle Marreira  (UEA), Tiago de Melo (UEA)<\/td><\/tr><tr><td data-label=\"ST2 - Se\u00e7\u00e3o T\u00e9cnica 2\"   class=\"elementor-repeater-item-ccee150 td-content-type-default\" >08:25-08:50<\/td><td data-label=\"\"   class=\"elementor-repeater-item-53ee778 td-content-type-default\" >Assessing Large Language Models for Structuring Patient Records<\/td><td data-label=\"\"   class=\"elementor-repeater-item-5000e19 td-content-type-default\" >Eduardo Campos (USP), Rafael Conrado (USP), Caetano Traina J\u00fanior (USP), Agma Traina (USP), Mirela Cazzolato (USP)<\/td><\/tr><tr><td data-label=\"ST2 - Se\u00e7\u00e3o T\u00e9cnica 2\"   class=\"elementor-repeater-item-5ed456b td-content-type-default\" >08:50-09:15<\/td><td data-label=\"\"   class=\"elementor-repeater-item-9c39212 td-content-type-default\" >Text Style Transfer with Large Language Models: Enhancing Medical Anamnesis Transcriptions<\/td><td data-label=\"\"   class=\"elementor-repeater-item-6b5c115 td-content-type-default\" >Yanna Gon\u00e7alves (UFC), Ticiana Linhares Coelho da Silva (UFC)<\/td><\/tr><tr><td data-label=\"ST2 - Se\u00e7\u00e3o T\u00e9cnica 2\"   class=\"elementor-repeater-item-a4cba8a td-content-type-default\" >09:15-09:40<\/td><td data-label=\"\"   class=\"elementor-repeater-item-e0b9ca5 td-content-type-default\" >Extra\u00e7\u00e3o de Sinais Vitais em Textos Cl\u00ednicos usando LLMs<\/td><td data-label=\"\"   class=\"elementor-repeater-item-04f8708 td-content-type-default\" >Sami Nagahama (UFC), Ticiana Linhares Coelho da Silva (UFC)<\/td>\t\t\t\t<\/tr>\n\t\t\t<\/tbody>\n\t\t<\/table>\n\t\t\n\t\t\t\t\t\t<\/div>\n\t\t\t\t<\/div>\n\t\t\t\t<\/div>\n\t\t\t\t<\/div>\n\t\t","protected":false},"excerpt":{"rendered":"<p>WTAG Artigos Aceitos ST1 &#8211; Se\u00e7\u00e3o T\u00e9cnica 1 Quarta-feira, 1\/out Big Data e Business Intelligence Coordenador: T\u00edtulo do artigo Autores\/Filia\u00e7\u00f5es 16:30 &#8211; 16:55 FLAMI vs GADDS: Estudo Comparativo de Arquiteturas de Big Data Aderentes aos Princ\u00edpios FAIR Cec\u00edlia Sedenho (USP), Thiago Araujo (USP), Cristina Aguiar (USP), Jo\u00e3o Pedro Castro (UFMG) 16:55 &#8211; 17:15 Integra\u00e7\u00e3o Sem\u00e2ntica [&hellip;]<\/p>\n","protected":false},"author":2,"featured_media":0,"parent":0,"menu_order":0,"comment_status":"closed","ping_status":"closed","template":"","meta":{"footnotes":""},"class_list":["post-4404","page","type-page","status-publish","hentry"],"_links":{"self":[{"href":"https:\/\/sbbd.org.br\/2025\/wp-json\/wp\/v2\/pages\/4404","targetHints":{"allow":["GET"]}}],"collection":[{"href":"https:\/\/sbbd.org.br\/2025\/wp-json\/wp\/v2\/pages"}],"about":[{"href":"https:\/\/sbbd.org.br\/2025\/wp-json\/wp\/v2\/types\/page"}],"author":[{"embeddable":true,"href":"https:\/\/sbbd.org.br\/2025\/wp-json\/wp\/v2\/users\/2"}],"replies":[{"embeddable":true,"href":"https:\/\/sbbd.org.br\/2025\/wp-json\/wp\/v2\/comments?post=4404"}],"version-history":[{"count":11,"href":"https:\/\/sbbd.org.br\/2025\/wp-json\/wp\/v2\/pages\/4404\/revisions"}],"predecessor-version":[{"id":5082,"href":"https:\/\/sbbd.org.br\/2025\/wp-json\/wp\/v2\/pages\/4404\/revisions\/5082"}],"wp:attachment":[{"href":"https:\/\/sbbd.org.br\/2025\/wp-json\/wp\/v2\/media?parent=4404"}],"curies":[{"name":"wp","href":"https:\/\/api.w.org\/{rel}","templated":true}]}}