{"id":4383,"date":"2025-08-09T16:36:23","date_gmt":"2025-08-09T19:36:23","guid":{"rendered":"https:\/\/sbbd.org.br\/2025\/?page_id=4383"},"modified":"2025-08-09T16:40:42","modified_gmt":"2025-08-09T19:40:42","slug":"accepted-papers-ctdbd","status":"publish","type":"page","link":"https:\/\/sbbd.org.br\/2025\/accepted-papers-ctdbd\/","title":{"rendered":"Trabalhos Aceitos CTDBD [EN]"},"content":{"rendered":"<h1><b>Thesis and Dissertation Contest on Databases (CTDBD)<\/b><\/h1>\n<p><span style=\"font-weight: 400;\">We are pleased to announce the works accepted for the second phase of the Thesis and Dissertation Contest on Databases \u2013 CTDBD of SBBD 2025. The works will be presented on the SBC channel (https:\/\/www.youtube.com\/@sbcoficial\/) on the dates and times defined below. Congratulations to the selected participants!<\/span><\/p>\n<h3><b>DOCTORATE<\/b><\/h3>\n<p><strong>Online session: 08\/12 (Tuesday), 6:00 PM<br \/>\n<\/strong><\/p>\n<p><span style=\"font-weight: 400;\"><strong>Committee<\/strong>: Karin Becker (UFRGS), Ricardo Ciferri (UFSCar), Sergio Lifschitz (PUC-Rio)<br \/>\n<\/span><strong data-start=\"42\" data-end=\"51\">Link:<\/strong> To watch the Master&#8217;s dissertation presentations: https:\/\/www.youtube.com\/watch?v=JOUjBmXQKgA<\/p>\n<p><strong>Title<\/strong>: A Comprehensive Exploitation of Instance Selection Methods for Automatic Text Classification \u2014 \u201cDoing More with Less\u201d<br \/>\nAuthor: Washington Cunha (DCC &#8211; UFMG)<br \/>\nAdvisor: Marcos Andr\u00e9 Gon\u00e7alves (DCC &#8211; UFMG)<br \/>\nCo-advisor: Leonardo Chaves Dutra da Rocha (DCOMP &#8211; UFSJ)<\/p>\n<p><strong>Title<\/strong>: Provenance Data as First-Class Citizens for Workflow Analysis in Deep Learning<br \/>\nAuthor: D\u00e9bora Pina (PESC\/COPPE &#8211; UFRJ)<br \/>\nAdvisor: Marta L. de Queir\u00f3s Mattoso (PESC\/COPPE &#8211; UFRJ)<br \/>\nCo-advisor: Daniel Cardoso Moraes de Oliveira (IC &#8211; UFF)<\/p>\n<p><strong>Title<\/strong>: Provenance Data as First-Class Citizens for Workflow Analysis in Deep Learning<br \/>\nAuthor: D\u00e9bora Pina (PESC\/COPPE &#8211; UFRJ)<br \/>\nAdvisor: Marta L. de Queir\u00f3s Mattoso (PESC\/COPPE &#8211; UFRJ)<br \/>\nCo-advisor: Daniel Cardoso Moraes de Oliveira (IC &#8211; UFF)<\/p>\n<h3><b>MASTER&#8217;S<\/b><\/h3>\n<p><strong>Online session: 08\/14 (Thursday), 6:00 PM<\/strong><\/p>\n<p><span style=\"font-weight: 400;\"><strong>Committee<\/strong>: \u00c2ngelo Brayner (UFC), F\u00e1bio Porto (LNCC), Marco Ant\u00f4nio Casanova (PUC-Rio)<\/span><b><br \/>\n<\/b><strong data-start=\"144\" data-end=\"153\">Link:<\/strong> To watch the PhD thesis presentations: https:\/\/www.youtube.com\/live\/i3yD9Jp9QFw<\/p>\n<p><strong>Title<\/strong>: CarboFarm: Data Integration and Knowledge Generation for Agricultural GHG Inventories<br \/>\nAuthor: Luiz Fernando Santos (DCC-UFJF)<br \/>\nAdvisor: Regina Maria Maciel Braga (DCC-UFJF)<br \/>\nCo-advisor: Jos\u00e9 Maria N. David (DCC-UFJF)<\/p>\n<p><strong>Title<\/strong>: Combining Ontology and Deep Learning for Sensor Data Integration and Critical Event Prediction<br \/>\nAuthor: Jefferson do Nascimento Amar\u00e1 (DCC-UFJF)<br \/>\nAdvisor: Victor Str\u00f6ele de Andrade Menezes (DCC-UFJF)<br \/>\nCo-advisor: Regina Maria Maciel Braga (DCC-UFJF)<\/p>\n<p><strong>Title<\/strong>: BioF4C-Frame: A Framework for Feature Preparation and Selection applied to Ecological Data Classification<br \/>\nAuthor: Luma Rios Delponte (INE \u2013 UFSC)<br \/>\nAdvisor: Carina F. Dorneles (INE \u2013 UFSC)<br \/>\nCo-advisor: Simone S. Werner (INE \u2013 UFSC)<\/p>\n","protected":false},"excerpt":{"rendered":"<p>Thesis and Dissertation Contest on Databases (CTDBD) We are pleased to announce the works accepted for the second phase of the Thesis and Dissertation Contest on Databases \u2013 CTDBD of SBBD 2025. The works will be presented on the SBC channel (https:\/\/www.youtube.com\/@sbcoficial\/) on the dates and times defined below. Congratulations to the selected participants! DOCTORATE [&hellip;]<\/p>\n","protected":false},"author":3,"featured_media":0,"parent":0,"menu_order":0,"comment_status":"closed","ping_status":"closed","template":"","meta":{"footnotes":""},"class_list":["post-4383","page","type-page","status-publish","hentry"],"_links":{"self":[{"href":"https:\/\/sbbd.org.br\/2025\/wp-json\/wp\/v2\/pages\/4383","targetHints":{"allow":["GET"]}}],"collection":[{"href":"https:\/\/sbbd.org.br\/2025\/wp-json\/wp\/v2\/pages"}],"about":[{"href":"https:\/\/sbbd.org.br\/2025\/wp-json\/wp\/v2\/types\/page"}],"author":[{"embeddable":true,"href":"https:\/\/sbbd.org.br\/2025\/wp-json\/wp\/v2\/users\/3"}],"replies":[{"embeddable":true,"href":"https:\/\/sbbd.org.br\/2025\/wp-json\/wp\/v2\/comments?post=4383"}],"version-history":[{"count":1,"href":"https:\/\/sbbd.org.br\/2025\/wp-json\/wp\/v2\/pages\/4383\/revisions"}],"predecessor-version":[{"id":4385,"href":"https:\/\/sbbd.org.br\/2025\/wp-json\/wp\/v2\/pages\/4383\/revisions\/4385"}],"wp:attachment":[{"href":"https:\/\/sbbd.org.br\/2025\/wp-json\/wp\/v2\/media?parent=4383"}],"curies":[{"name":"wp","href":"https:\/\/api.w.org\/{rel}","templated":true}]}}