{"id":4380,"date":"2025-08-09T16:25:28","date_gmt":"2025-08-09T19:25:28","guid":{"rendered":"https:\/\/sbbd.org.br\/2025\/?page_id=4380"},"modified":"2025-08-09T16:25:28","modified_gmt":"2025-08-09T19:25:28","slug":"trabalhos-aceitos-ctdbd","status":"publish","type":"page","link":"https:\/\/sbbd.org.br\/2025\/trabalhos-aceitos-ctdbd\/","title":{"rendered":"Trabalhos Aceitos CTDBD"},"content":{"rendered":"<h1><b>Concurso de Teses e Disserta\u00e7\u00f5es em Banco de Dados (CTDBD)<\/b><\/h1>\n<p><span style=\"font-weight: 400;\">\u00c9 com grande alegria que divulgamos os trabalhos aceitos para a segunda fase do Concurso de Teses e Disserta\u00e7\u00f5es em Banco de Dados \u2013 CTDBD do SBBD 2025. Os trabalhos ser\u00e3o apresentados no Canal da SBC (https:\/\/www.youtube.com\/@sbcoficial\/), nas datas e hor\u00e1rios definidos abaixo. Parab\u00e9ns aos selecionados!<\/span><\/p>\n<h3><b>DOUTORADO<\/b><\/h3>\n<p><b>Sess\u00e3o online: 12\/08 (ter\u00e7a-feira), 18:00h<br \/>\n<\/b><b>Banca:<\/b><span style=\"font-weight: 400;\"> Karin Becker (UFRGS), Ricardo Ciferri (UFSCar), Sergio Lifschitz (PUC-Rio)<br \/>\n<\/span><b>Link:<\/b> <span style=\"font-weight: 400;\">Para assistir \u00e0s apresenta\u00e7\u00f5es das teses de doutorado: https:\/\/www.youtube.com\/watch?v=JOUjBmXQKgA<\/span><\/p>\n<p><strong>T\u00edtulo<\/strong>: A Comprehensive Exploitation of Instance Selection Methods for Automatic Text Classification \u2014 \u201cDoing More with Less\u201d<br \/>\nAutor: Washington Cunha (DCC &#8211; UFMG)<br \/>\nOrientador: Marcos Andr\u00e9 Gon\u00e7alves (DCC &#8211; UFMG)<br \/>\nCoorientador: Leonardo Chaves Dutra da Rocha (DCOMP &#8211; UFSJ)<\/p>\n<p><b>T\u00edtulo:<\/b><span style=\"font-weight: 400;\"> Dados de Proveni\u00eancia como Cidad\u00e3os de Primeira Classe para An\u00e1lises de <\/span><i><span style=\"font-weight: 400;\">Workflows<\/span><\/i><span style=\"font-weight: 400;\"> em Aprendizado Profundo<br \/>\n<\/span><span style=\"font-weight: 400;\">Autor: D\u00e9bora Pina (PESC\/COPPE &#8211; UFRJ)<br \/>\n<\/span><span style=\"font-weight: 400;\">Orientadora: Marta L. de Queir\u00f3s Mattoso (PESC\/COPPE &#8211; UFRJ)<br \/>\n<\/span><span style=\"font-weight: 400;\">Coorientador: Daniel Cardoso Moraes de Oliveira (IC &#8211; UFF)<\/span><\/p>\n<p><b>T\u00edtulo<\/b><span style=\"font-weight: 400;\">: Differentially Private Selection using Smooth Sensitivity<br \/>\n<\/span><span style=\"font-weight: 400;\">Autor: Iago Chaves (LSBD\/Departamento de Computa\u00e7\u00e3o \u2013 UFC)<br \/>\n<\/span><span style=\"font-weight: 400;\">Orientador: Javam Machado (LSBD\/Departamento de Computa\u00e7\u00e3o \u2013 UFC)<\/span><\/p>\n<h3><b>MESTRADO<\/b><\/h3>\n<p><b>Sess\u00e3o online: 14\/08 (quinta-feira), 18:00h<br \/>\n<\/b><b>Banca:<\/b><span style=\"font-weight: 400;\"> \u00c2ngelo Brayner (UFC), F\u00e1bio Porto (LNCC), Marco Ant\u00f4nio Casanova (PUC-Rio)<br \/>\n<\/span><b>Link:<\/b> <span style=\"font-weight: 400;\">Para assistir \u00e0s apresenta\u00e7\u00f5es das disserta\u00e7\u00f5es de mestrado: https:\/\/www.youtube.com\/live\/i3yD9Jp9QFw<\/span><\/p>\n<p><b>T\u00edtulo:<\/b><span style=\"font-weight: 400;\"> CarboFarm: Data Integration and Knowledge Generation for Agricultural GHG Inventories<br \/>\n<\/span><span style=\"font-weight: 400;\">Autor: Luiz Fernando Santos (DCC-UFJF)<br \/>\n<\/span><span style=\"font-weight: 400;\">Orientadora: Regina Maria Maciel Braga (DCC-UFJF)<br \/>\n<\/span><span style=\"font-weight: 400;\">Co-orientador: Jos\u00e9 Maria N. David (DCC-UFJF)<\/span><\/p>\n<p><b>T\u00edtulo:<\/b><span style=\"font-weight: 400;\"> Combinando Ontologia e Deep Learning para Integra\u00e7\u00e3o de Dados de Sensores e Predi\u00e7\u00e3o de Eventos Cr\u00edticos<br \/>\n<\/span><span style=\"font-weight: 400;\">Autor: Jefferson do Nascimento Amar\u00e1 (DCC-UFJF)<br \/>\n<\/span><span style=\"font-weight: 400;\">Orientador: Victor Str\u00f6ele de Andrade Menezes (DCC-UFJF)<br \/>\n<\/span><span style=\"font-weight: 400;\">Co-orientadora: Regina Maria Maciel Braga (DCC-UFJF)<\/span><\/p>\n<p><b>T\u00edtulo:<\/b><span style=\"font-weight: 400;\"> BioF4C-Frame: A Framework for Feature Preparation and Selection applied to Ecological Data Classification<br \/>\n<\/span><span style=\"font-weight: 400;\">Autora: Luma Rios Delponte (INE \u2013 UFSC)<br \/>\n<\/span><span style=\"font-weight: 400;\">Orientadora: Carina F. Dorneles (INE \u2013 UFSC)<br \/>\n<\/span><span style=\"font-weight: 400;\">Co-orientadora: Simone S. Werner (INE \u2013 UFSC)<\/span><\/p>\n<h1><\/h1>\n","protected":false},"excerpt":{"rendered":"<p>Concurso de Teses e Disserta\u00e7\u00f5es em Banco de Dados (CTDBD) \u00c9 com grande alegria que divulgamos os trabalhos aceitos para a segunda fase do Concurso de Teses e Disserta\u00e7\u00f5es em Banco de Dados \u2013 CTDBD do SBBD 2025. Os trabalhos ser\u00e3o apresentados no Canal da SBC (https:\/\/www.youtube.com\/@sbcoficial\/), nas datas e hor\u00e1rios definidos abaixo. Parab\u00e9ns aos [&hellip;]<\/p>\n","protected":false},"author":3,"featured_media":0,"parent":0,"menu_order":0,"comment_status":"closed","ping_status":"closed","template":"","meta":{"footnotes":""},"class_list":["post-4380","page","type-page","status-publish","hentry"],"_links":{"self":[{"href":"https:\/\/sbbd.org.br\/2025\/wp-json\/wp\/v2\/pages\/4380","targetHints":{"allow":["GET"]}}],"collection":[{"href":"https:\/\/sbbd.org.br\/2025\/wp-json\/wp\/v2\/pages"}],"about":[{"href":"https:\/\/sbbd.org.br\/2025\/wp-json\/wp\/v2\/types\/page"}],"author":[{"embeddable":true,"href":"https:\/\/sbbd.org.br\/2025\/wp-json\/wp\/v2\/users\/3"}],"replies":[{"embeddable":true,"href":"https:\/\/sbbd.org.br\/2025\/wp-json\/wp\/v2\/comments?post=4380"}],"version-history":[{"count":1,"href":"https:\/\/sbbd.org.br\/2025\/wp-json\/wp\/v2\/pages\/4380\/revisions"}],"predecessor-version":[{"id":4381,"href":"https:\/\/sbbd.org.br\/2025\/wp-json\/wp\/v2\/pages\/4380\/revisions\/4381"}],"wp:attachment":[{"href":"https:\/\/sbbd.org.br\/2025\/wp-json\/wp\/v2\/media?parent=4380"}],"curies":[{"name":"wp","href":"https:\/\/api.w.org\/{rel}","templated":true}]}}