{"id":3,"date":"2025-02-25T12:08:54","date_gmt":"2025-02-25T15:08:54","guid":{"rendered":"https:\/\/sbbd.org.br\/2025\/?page_id=3"},"modified":"2025-08-21T16:03:23","modified_gmt":"2025-08-21T19:03:23","slug":"sobre","status":"publish","type":"page","link":"https:\/\/sbbd.org.br\/2025\/sobre\/","title":{"rendered":"40a edi\u00e7\u00e3o do SBBD"},"content":{"rendered":"\t\t<div data-elementor-type=\"wp-page\" data-elementor-id=\"3\" class=\"elementor elementor-3\">\n\t\t\t\t<div class=\"elementor-element elementor-element-cf3f40d e-flex e-con-boxed e-con e-parent\" data-id=\"cf3f40d\" data-element_type=\"container\" data-e-type=\"container\" data-settings=\"{&quot;background_background&quot;:&quot;classic&quot;,&quot;shape_divider_bottom&quot;:&quot;waves&quot;,&quot;shape_divider_bottom_negative&quot;:&quot;yes&quot;}\">\n\t\t\t\t\t<div class=\"e-con-inner\">\n\t\t\t\t<div class=\"elementor-shape elementor-shape-bottom\" aria-hidden=\"true\" data-negative=\"true\">\n\t\t\t<svg xmlns=\"http:\/\/www.w3.org\/2000\/svg\" viewBox=\"0 0 1000 100\" preserveAspectRatio=\"none\">\n\t<path class=\"elementor-shape-fill\" d=\"M790.5,93.1c-59.3-5.3-116.8-18-192.6-50c-29.6-12.7-76.9-31-100.5-35.9c-23.6-4.9-52.6-7.8-75.5-5.3\n\tc-10.2,1.1-22.6,1.4-50.1,7.4c-27.2,6.3-58.2,16.6-79.4,24.7c-41.3,15.9-94.9,21.9-134,22.6C72,58.2,0,25.8,0,25.8V100h1000V65.3\n\tc0,0-51.5,19.4-106.2,25.7C839.5,97,814.1,95.2,790.5,93.1z\"\/>\n<\/svg>\t\t<\/div>\n\t\t<div class=\"elementor-element elementor-element-17a4d8a e-con-full max-width-1170px e-flex e-con e-child\" data-id=\"17a4d8a\" data-element_type=\"container\" data-e-type=\"container\">\n\t\t\t\t<div class=\"elementor-element elementor-element-f047f85 elementor-widget elementor-widget-heading\" data-id=\"f047f85\" data-element_type=\"widget\" data-e-type=\"widget\" data-widget_type=\"heading.default\">\n\t\t\t\t<div class=\"elementor-widget-container\">\n\t\t\t\t\t<h2 class=\"elementor-heading-title elementor-size-default\">40a edi\u00e7\u00e3o do SBBD<\/h2>\t\t\t\t<\/div>\n\t\t\t\t<\/div>\n\t\t\t\t<div class=\"elementor-element elementor-element-d96f967 elementor-widget elementor-widget-text-editor\" data-id=\"d96f967\" data-element_type=\"widget\" data-e-type=\"widget\" data-widget_type=\"text-editor.default\">\n\t\t\t\t<div class=\"elementor-widget-container\">\n\t\t\t\t\t\t\t\t\t<p>O\u00a0Simp\u00f3sio Brasileiro de Banco de Dados\u00a0(SBBD) \u00e9\u00a0 o principal evento em Ci\u00eancia de Dados e Big Data da Am\u00e9rica Latina. O SBBD \u00e9 promovido e organizado pela Comiss\u00e3o Especial de Bancos de Dados (CEBD) da Sociedade Brasileira de Computa\u00e7\u00e3o (SBC). Em 2025, o SBBD ser\u00e1 realizado em Fortaleza, Cear\u00e1, juntamente com outros eventos importantes na \u00e1rea de Intelig\u00eancia Artificial, Aprendizagem de M\u00e1quina e Ci\u00eancia de Dados \u2013 BRACIS (35a edi\u00e7\u00e3o do\u00a0Brazilian Conference on Intelligent Systems), KDMiLe (13a edi\u00e7\u00e3o do\u00a0Knowledge Discovery, Mining and Learning), ENIAC (22a edi\u00e7\u00e3o do Encontro Nacional de Intelig\u00eancia Artificial e Computacional) e STIL (16a edi\u00e7\u00e3o do\u00a0Symposium in Information and Human Language Technology).<\/p>\t\t\t\t\t\t\t\t<\/div>\n\t\t\t\t<\/div>\n\t\t\t\t<div class=\"elementor-element elementor-element-2cff3b2 elementor-widget elementor-widget-html\" data-id=\"2cff3b2\" data-element_type=\"widget\" data-e-type=\"widget\" data-widget_type=\"html.default\">\n\t\t\t\t<div class=\"elementor-widget-container\">\n\t\t\t\t\t<svg width=\"232\" height=\"50\" viewBox=\"0 0 232 50\" fill=\"none\" xmlns=\"http:\/\/www.w3.org\/2000\/svg\">\n<path d=\"M1 49.5C1 49.5 12.957 43.7006 25.115 42.642C41.3649 41.2271 48.5196 47.2123 65.3067 47.6426C96.8027 48.45 105.162 35.5243 136.759 35.4982C151.694 35.4859 164.239 38.7099 174.917 41.8902C177.844 42.7331 180.593 43.5905 183.187 44.3977C191.489 46.892 198.53 48.7051 204.638 47.7854L231.432 42.9277C231.432 42.9277 219.375 46.2138 205.085 48.3569C198.952 49.2766 191.951 47.1239 183.187 44.3977C180.56 43.6084 177.807 42.7509 174.917 41.8902C164.694 38.9457 152.303 36.1791 136.759 36.3554C104.256 36.7242 98.1664 49.4986 65.7533 48.6427C49.0923 48.2027 39.8892 41.287 24.6684 43.4992C15.7809 44.7909 1 49.5 1 49.5Z\" fill=\"white\" stroke=\"white\"\/>\n<path d=\"M139.681 16.7812C139.681 16.7966 139.681 16.8094 139.681 16.8155C139.68 16.829 139.68 16.8421 139.68 16.8508C139.679 16.8692 139.677 16.8916 139.676 16.9151C139.672 16.9636 139.668 17.0304 139.662 17.107C139.65 17.2608 139.634 17.4641 139.617 17.6687C139.586 18.0528 139.546 18.5102 139.534 18.5946L139.503 18.8487L139.42 19.5028C139.206 21.0219 138.844 22.4762 138.367 23.7091C138.178 24.1984 137.973 24.648 137.738 25.0888C138.12 25.1259 138.569 25.1702 139.049 25.2165C140.423 25.3485 144.079 25.7036 147.174 26.0047L151.664 26.4409C150.868 24.0982 150.023 22.025 148.994 19.8984L148.694 19.2899L148.693 19.2888C148.68 19.2643 148.579 19.0649 148.468 18.8454L148.468 18.8444C147.398 16.7384 146.083 14.5456 144.634 12.4492C143.734 11.1471 142.908 10.0475 141.818 8.70129C141.026 7.72385 140.373 6.95472 139.653 6.14982L139.256 5.71446C139.368 6.88666 139.468 8.01088 139.541 9.03289C139.665 10.7731 139.746 12.6949 139.746 13.875C139.746 13.8907 139.746 13.9093 139.746 13.926C139.746 13.9344 139.746 13.9421 139.747 13.9476C139.747 13.95 139.747 13.9516 139.747 13.9526L139.746 13.9525C139.752 14.0935 139.743 15.075 139.735 15.3983C139.732 15.5125 139.729 15.6319 139.729 15.6655L139.729 15.6675C139.728 15.7207 139.723 15.8457 139.718 15.9471L139.714 16.0732C139.713 16.0901 139.713 16.1028 139.713 16.1104L139.713 16.1123L139.713 16.129C139.713 16.1376 139.713 16.1452 139.713 16.1506C139.712 16.1617 139.712 16.1738 139.712 16.1848C139.711 16.2074 139.71 16.2362 139.708 16.2678C139.705 16.3319 139.7 16.4158 139.695 16.5039C139.69 16.5878 139.685 16.665 139.683 16.7206C139.681 16.7486 139.681 16.7687 139.681 16.7802C139.681 16.7863 139.681 16.7857 139.681 16.7812ZM139.681 16.7812C139.681 16.7751 139.681 16.7647 139.68 16.7517C139.68 16.754 139.681 16.7561 139.681 16.7576C139.681 16.7703 139.681 16.7794 139.681 16.7812ZM145.162 29.2634C147.842 29.5208 150.278 29.7553 152.044 29.9263C152.249 29.9462 152.445 29.9647 152.631 29.9827C151.922 30.3834 151.177 30.7858 150.478 31.1376L150.477 31.1384C150.239 31.2591 150.114 31.3208 149.62 31.5632C149.453 31.6452 148.912 31.8991 148.651 32.0185L148.65 32.0194C148.221 32.2161 147.77 32.4146 147.214 32.6506L147.213 32.6505C147.128 32.6867 146.845 32.8023 146.562 32.9166C146.423 32.973 146.286 33.028 146.178 33.071C146.124 33.0926 146.078 33.1108 146.043 33.1247C146.025 33.1317 146.01 33.1379 145.999 33.1421C145.99 33.1457 145.985 33.147 145.984 33.1475C145.938 33.1643 145.821 33.2097 145.735 33.2423L145.73 33.2438C145.645 33.2769 145.452 33.3487 145.304 33.403C143.124 34.2006 141.134 34.7384 139.193 35.0586L139.192 35.0585C138.887 35.1092 138.142 35.2118 137.957 35.2292L137.951 35.2297C137.919 35.2329 137.827 35.2425 137.747 35.2503L137.746 35.2502C136.671 35.3577 135.706 35.3831 134.731 35.3295C134.604 35.3224 134.345 35.3003 134.089 35.2757L133.46 35.2075C133.053 35.1509 132.724 35.0693 132.34 34.9203L131.931 34.7477C130.105 33.9155 127.806 31.8827 125.394 28.8493C124.912 28.2426 124.553 27.771 124.176 27.25L128.317 27.6477L134.043 28.2006L134.79 28.2723L134.79 28.2674L145.162 29.2634ZM133.301 18.0176C133.136 20.0378 132.986 21.875 132.877 23.2073C132.83 23.7824 132.79 24.2635 132.76 24.6244C132.552 24.605 132.304 24.583 132.024 24.5566C131.113 24.471 129.857 24.3521 128.476 24.2208C126.915 24.0724 125.449 23.9337 124.422 23.8364C124.837 23.5294 125.357 23.1505 126.203 22.5468C127.914 21.3268 128.95 20.5288 129.869 19.7078L130.257 19.3527C131.567 18.1319 132.612 16.8588 133.46 15.4422C133.48 15.4092 133.498 15.375 133.517 15.3417C133.45 16.1717 133.377 17.0746 133.301 18.0176ZM139.674 16.6863C139.676 16.7014 139.677 16.7138 139.678 16.722C139.678 16.7254 139.678 16.7289 139.678 16.7319C139.677 16.7144 139.672 16.6781 139.663 16.6343C139.668 16.6572 139.672 16.6756 139.674 16.6863ZM136.907 2.45773C136.991 2.49264 137.064 2.55892 137.108 2.6448L137.144 2.73942C137.148 2.75621 137.154 2.80284 137.15 2.86462C137.149 2.89271 137.146 2.9177 137.142 2.93744C137.14 2.95109 137.137 2.95932 137.136 2.96237C137.115 3.01916 137.099 3.04529 137.088 3.06074C137.077 3.07633 137.058 3.10108 137.012 3.14268L137.011 3.14356L136.915 3.23045L136.763 3.36505L136.6 3.18259L136.532 3.10639L136.529 3.10417L136.478 3.02663C136.449 2.96869 136.431 2.90001 136.43 2.83466L136.439 2.74043C136.462 2.64985 136.501 2.58804 136.569 2.52925L136.569 2.52828C136.629 2.47696 136.689 2.44965 136.769 2.43951L136.841 2.44651C136.868 2.45003 136.891 2.45417 136.907 2.45773Z\" stroke=\"#F9F9D0\" stroke-width=\"1.5\"\/>\n<\/svg>\n\t\t\t\t<\/div>\n\t\t\t\t<\/div>\n\t\t\t\t<\/div>\n\t\t\t\t\t<\/div>\n\t\t\t\t<\/div>\n\t\t<div class=\"elementor-element elementor-element-095b38f max-width-1170px e-flex e-con-boxed e-con e-parent\" data-id=\"095b38f\" data-element_type=\"container\" data-e-type=\"container\">\n\t\t\t\t\t<div class=\"e-con-inner\">\n\t\t<div class=\"elementor-element elementor-element-142f311 e-con-full e-flex e-con e-child\" data-id=\"142f311\" data-element_type=\"container\" data-e-type=\"container\">\n\t\t\t\t<div class=\"elementor-element elementor-element-e94116a elementor-widget elementor-widget-heading\" data-id=\"e94116a\" data-element_type=\"widget\" data-e-type=\"widget\" data-widget_type=\"heading.default\">\n\t\t\t\t<div class=\"elementor-widget-container\">\n\t\t\t\t\t<h2 class=\"elementor-heading-title elementor-size-default\">O <span style=\"color:#0DB46D\">SBBD<\/span> e eventos co-alocados integram alunos, professores, empresas e pesquisadores nacionais e internacionais para apresentar e discutir trabalhos de pesquisa na grande \u00e1rea de Bancos de Dados e Intelig\u00eancia Artificial. Esse interc\u00e2mbio fomenta a atualiza\u00e7\u00e3o de conhecimentos, incentiva padr\u00f5es de excel\u00eancia global, promove\u00a0networking\u00a0e colabora\u00e7\u00f5es internacionais, elevando a visibilidade e o reconhecimento dos grupos de pesquisa brasileiros no cen\u00e1rio mundial.<\/h2>\t\t\t\t<\/div>\n\t\t\t\t<\/div>\n\t\t\t\t<\/div>\n\t\t<div class=\"elementor-element elementor-element-0f1bc2b e-con-full e-flex e-con e-child\" data-id=\"0f1bc2b\" data-element_type=\"container\" data-e-type=\"container\">\n\t\t<div class=\"elementor-element elementor-element-4bddc88 e-con-full e-flex e-con e-child\" data-id=\"4bddc88\" data-element_type=\"container\" data-e-type=\"container\">\n\t\t\t\t<div class=\"elementor-element elementor-element-a2b7a5c elementor-widget elementor-widget-heading\" data-id=\"a2b7a5c\" data-element_type=\"widget\" data-e-type=\"widget\" data-widget_type=\"heading.default\">\n\t\t\t\t<div class=\"elementor-widget-container\">\n\t\t\t\t\t<h2 class=\"elementor-heading-title elementor-size-default\">EVENTOS SBDD<\/h2>\t\t\t\t<\/div>\n\t\t\t\t<\/div>\n\t\t\t\t<div class=\"elementor-element elementor-element-1ea5e7e elementor-widget elementor-widget-text-editor\" data-id=\"1ea5e7e\" data-element_type=\"widget\" data-e-type=\"widget\" data-widget_type=\"text-editor.default\">\n\t\t\t\t<div class=\"elementor-widget-container\">\n\t\t\t\t\t\t\t\t\t<ul>\n<li>Workshops<\/li>\n<li>Minicursos<\/li>\n<li>Tutoriais<\/li>\n<li>Trilha Principal (artigos completos e artigos curtos)<\/li>\n<li>Maratona SQL<\/li>\n<li>Demos e<\/li>\n<li>Aplica\u00e7\u00f5es<\/li>\n<li>Concurso de Teses e Disserta\u00e7\u00f5es em Banco de Dados (CTDBD)<\/li>\n<li>Workshop de Teses e Disserta\u00e7\u00f5es em Banco de Dados (WTDBD)<\/li>\n<li>Workshop de Trabalhos de Alunos de Gradua\u00e7\u00e3o (WTAG)\u00a0<\/li>\n<\/ul>\t\t\t\t\t\t\t\t<\/div>\n\t\t\t\t<\/div>\n\t\t\t\t<\/div>\n\t\t\t\t<\/div>\n\t\t<div class=\"elementor-element elementor-element-86e35e5 e-con-full e-flex e-con e-child\" data-id=\"86e35e5\" data-element_type=\"container\" data-e-type=\"container\">\n\t\t\t\t<div class=\"elementor-element elementor-element-ce7ecff elementor-widget elementor-widget-heading\" data-id=\"ce7ecff\" data-element_type=\"widget\" data-e-type=\"widget\" data-widget_type=\"heading.default\">\n\t\t\t\t<div class=\"elementor-widget-container\">\n\t\t\t\t\t<h2 class=\"elementor-heading-title elementor-size-default\">COMIT\u00caS<\/h2>\t\t\t\t<\/div>\n\t\t\t\t<\/div>\n\t\t\t\t<div class=\"elementor-element elementor-element-d9d93f2 elementor-widget elementor-widget-text-editor\" data-id=\"d9d93f2\" data-element_type=\"widget\" data-e-type=\"widget\" data-widget_type=\"text-editor.default\">\n\t\t\t\t<div class=\"elementor-widget-container\">\n\t\t\t\t\t\t\t\t\t<p><strong>Coordena\u00e7\u00e3o do Comit\u00ea de Programa &#8211; Artigos Completos<\/strong><\/p>\n<ul>\n<li>Carlos Eduardo Santos Pires (UFCG)<\/li>\n<\/ul>\n<p>\u00a0<\/p>\n<p><strong>Coordena\u00e7\u00e3o do Comit\u00ea de Programa &#8211; Artigos Curtos<\/strong><\/p>\n<ul>\n<li><span style=\"font-weight: 400;\">Elaine Parros M. Sousa (USP)<\/span><\/li>\n<\/ul>\n<p>\u00a0<\/p>\n<p><b>Coordena\u00e7\u00e3o do Comit\u00ea de Programa &#8211; Tutoriais<\/b><\/p>\n<ul>\n<li><span style=\"font-weight: 400;\">Eduardo Cunha de Almeida (UFPR)<\/span><\/li>\n<\/ul>\n<p>\u00a0<\/p>\n<p><b>Coordena\u00e7\u00e3o do Comit\u00ea de Programa &#8211; Demo e Aplica\u00e7\u00f5es\u00a0<\/b><\/p>\n<ul>\n<li>Luiz Celso Gomes Jr <span style=\"font-weight: 400;\">(UTFPR)<\/span><\/li>\n<\/ul>\n<p>\u00a0<\/p>\n<p><strong>Coordena\u00e7\u00e3o do Comit\u00ea de Programa &#8211; WTDBD:<\/strong><\/p>\n<ul>\n<li><span style=\"font-weight: 400;\">Maria Camila Nardini Barioni <\/span><span style=\"font-weight: 400;\">(UFU)<\/span><\/li>\n<\/ul>\n<p>\u00a0<\/p>\n<p><strong>Coordena\u00e7\u00e3o &#8211; <i>Proceedings<\/i><\/strong><\/p>\n<ul>\n<li style=\"font-weight: 400;\" aria-level=\"1\"><span style=\"font-weight: 400;\">Michele Brand\u00e3o (UFMG)<\/span><\/li>\n<\/ul>\t\t\t\t\t\t\t\t<\/div>\n\t\t\t\t<\/div>\n\t\t\t\t<\/div>\n\t\t<div class=\"elementor-element elementor-element-1fcebbd e-con-full e-flex e-con e-child\" data-id=\"1fcebbd\" data-element_type=\"container\" data-e-type=\"container\">\n\t\t\t\t<div class=\"elementor-element elementor-element-679fd70 elementor-widget elementor-widget-heading\" data-id=\"679fd70\" data-element_type=\"widget\" data-e-type=\"widget\" data-widget_type=\"heading.default\">\n\t\t\t\t<div class=\"elementor-widget-container\">\n\t\t\t\t\t<h2 class=\"elementor-heading-title elementor-size-default\">Comit\u00ea Local de Organiza\u00e7\u00e3o<\/h2>\t\t\t\t<\/div>\n\t\t\t\t<\/div>\n\t\t\t\t<div class=\"elementor-element elementor-element-75d6021 elementor-widget elementor-widget-text-editor\" data-id=\"75d6021\" data-element_type=\"widget\" data-e-type=\"widget\" data-widget_type=\"text-editor.default\">\n\t\t\t\t<div class=\"elementor-widget-container\">\n\t\t\t\t\t\t\t\t\t<ul>\n<li style=\"font-weight: 400;\" aria-level=\"1\"><span style=\"font-weight: 400;\">Jos\u00e9 Ant\u00f4nio Fernandes de Mac\u00eado<\/span><\/li>\n<li style=\"font-weight: 400;\" aria-level=\"1\"><span style=\"font-weight: 400;\">L\u00edvia Almada Cruz (UFC)<\/span><\/li>\n<li style=\"font-weight: 400;\" aria-level=\"1\"><span style=\"font-weight: 400;\">Regis Pires Magalh\u00e3es (UFC)<\/span><\/li>\n<li style=\"font-weight: 400;\" aria-level=\"1\"><span style=\"font-weight: 400;\">Ticiana Linhares (UFC)<\/span><\/li>\n<\/ul>\t\t\t\t\t\t\t\t<\/div>\n\t\t\t\t<\/div>\n\t\t\t\t<\/div>\n\t\t<div class=\"elementor-element elementor-element-5777dc2 e-con-full e-flex e-con e-child\" data-id=\"5777dc2\" data-element_type=\"container\" data-e-type=\"container\">\n\t\t\t\t<div class=\"elementor-element elementor-element-6491876 elementor-widget elementor-widget-heading\" data-id=\"6491876\" data-element_type=\"widget\" data-e-type=\"widget\" data-widget_type=\"heading.default\">\n\t\t\t\t<div class=\"elementor-widget-container\">\n\t\t\t\t\t<h2 class=\"elementor-heading-title elementor-size-default\">Membros CEBD\u00a0<\/h2>\t\t\t\t<\/div>\n\t\t\t\t<\/div>\n\t\t\t\t<div class=\"elementor-element elementor-element-ae885d3 elementor-widget elementor-widget-text-editor\" data-id=\"ae885d3\" data-element_type=\"widget\" data-e-type=\"widget\" data-widget_type=\"text-editor.default\">\n\t\t\t\t<div class=\"elementor-widget-container\">\n\t\t\t\t\t\t\t\t\t<ul>\n<li>\u00a0Eduardo Ogasawara (CEFET\/RJ) \u2013 Chair<\/li>\n<li style=\"font-weight: 400;\" aria-level=\"1\"><span style=\"font-weight: 400;\">Carlos Eduardo Santos Pires (UFCG)<\/span><\/li>\n<li style=\"font-weight: 400;\" aria-level=\"1\"><span style=\"font-weight: 400;\">Daniel de Oliveira (UFF)<\/span><\/li>\n<li style=\"font-weight: 400;\" aria-level=\"1\"><span style=\"font-weight: 400;\">Daniel Kaster (UEL)<\/span><\/li>\n<li style=\"font-weight: 400;\" aria-level=\"1\"><span style=\"font-weight: 400;\">Elaine Parros M. Sousa (USP)<\/span><\/li>\n<li style=\"font-weight: 400;\" aria-level=\"1\"><span style=\"font-weight: 400;\">Jos\u00e9 Antonio Macedo (UFC)<\/span><\/li>\n<li style=\"font-weight: 400;\" aria-level=\"1\"><span style=\"font-weight: 400;\">Ronaldo Mello (UFSC)<\/span><\/li>\n<li style=\"font-weight: 400;\" aria-level=\"1\"><span style=\"font-weight: 400;\">Vanessa Braganholo (UFF)<\/span><\/li>\n<\/ul>\t\t\t\t\t\t\t\t<\/div>\n\t\t\t\t<\/div>\n\t\t\t\t<\/div>\n\t\t\t\t\t<\/div>\n\t\t\t\t<\/div>\n\t\t<div class=\"elementor-element elementor-element-acfd13b e-con-full e-flex e-con e-parent\" data-id=\"acfd13b\" data-element_type=\"container\" data-e-type=\"container\" data-settings=\"{&quot;background_background&quot;:&quot;classic&quot;}\">\n\t\t<div class=\"elementor-element elementor-element-fffa091 e-con-full e-flex e-con e-child\" data-id=\"fffa091\" data-element_type=\"container\" data-e-type=\"container\" data-settings=\"{&quot;background_background&quot;:&quot;gradient&quot;,&quot;shape_divider_top&quot;:&quot;waves&quot;}\">\n\t\t\t\t<div class=\"elementor-shape elementor-shape-top\" aria-hidden=\"true\" data-negative=\"false\">\n\t\t\t<svg xmlns=\"http:\/\/www.w3.org\/2000\/svg\" viewBox=\"0 0 1000 100\" preserveAspectRatio=\"none\">\n\t<path class=\"elementor-shape-fill\" d=\"M421.9,6.5c22.6-2.5,51.5,0.4,75.5,5.3c23.6,4.9,70.9,23.5,100.5,35.7c75.8,32.2,133.7,44.5,192.6,49.7\n\tc23.6,2.1,48.7,3.5,103.4-2.5c54.7-6,106.2-25.6,106.2-25.6V0H0v30.3c0,0,72,32.6,158.4,30.5c39.2-0.7,92.8-6.7,134-22.4\n\tc21.2-8.1,52.2-18.2,79.7-24.2C399.3,7.9,411.6,7.5,421.9,6.5z\"\/>\n<\/svg>\t\t<\/div>\n\t\t\t\t<\/div>\n\t\t\t\t<\/div>\n\t\t\t\t<\/div>\n\t\t","protected":false},"excerpt":{"rendered":"<p>40a edi\u00e7\u00e3o do SBBD O\u00a0Simp\u00f3sio Brasileiro de Banco de Dados\u00a0(SBBD) \u00e9\u00a0 o principal evento em Ci\u00eancia de Dados e Big Data da Am\u00e9rica Latina. O SBBD \u00e9 promovido e organizado pela Comiss\u00e3o Especial de Bancos de Dados (CEBD) da Sociedade Brasileira de Computa\u00e7\u00e3o (SBC). Em 2025, o SBBD ser\u00e1 realizado em Fortaleza, Cear\u00e1, juntamente com [&hellip;]<\/p>\n","protected":false},"author":1,"featured_media":0,"parent":0,"menu_order":0,"comment_status":"closed","ping_status":"closed","template":"","meta":{"footnotes":""},"class_list":["post-3","page","type-page","status-publish","hentry"],"_links":{"self":[{"href":"https:\/\/sbbd.org.br\/2025\/wp-json\/wp\/v2\/pages\/3","targetHints":{"allow":["GET"]}}],"collection":[{"href":"https:\/\/sbbd.org.br\/2025\/wp-json\/wp\/v2\/pages"}],"about":[{"href":"https:\/\/sbbd.org.br\/2025\/wp-json\/wp\/v2\/types\/page"}],"author":[{"embeddable":true,"href":"https:\/\/sbbd.org.br\/2025\/wp-json\/wp\/v2\/users\/1"}],"replies":[{"embeddable":true,"href":"https:\/\/sbbd.org.br\/2025\/wp-json\/wp\/v2\/comments?post=3"}],"version-history":[{"count":41,"href":"https:\/\/sbbd.org.br\/2025\/wp-json\/wp\/v2\/pages\/3\/revisions"}],"predecessor-version":[{"id":4917,"href":"https:\/\/sbbd.org.br\/2025\/wp-json\/wp\/v2\/pages\/3\/revisions\/4917"}],"wp:attachment":[{"href":"https:\/\/sbbd.org.br\/2025\/wp-json\/wp\/v2\/media?parent=3"}],"curies":[{"name":"wp","href":"https:\/\/api.w.org\/{rel}","templated":true}]}}