{"id":1996,"date":"2025-05-02T15:39:00","date_gmt":"2025-05-02T18:39:00","guid":{"rendered":"https:\/\/sbbd.org.br\/2025\/?page_id=1996"},"modified":"2025-09-25T10:14:00","modified_gmt":"2025-09-25T13:14:00","slug":"lagos","status":"publish","type":"page","link":"https:\/\/sbbd.org.br\/2025\/lagos\/","title":{"rendered":"LAGO"},"content":{"rendered":"<h2>LAGO<\/h2>\n<table>\n<thead>\n<tr>\n<th>Dura\u00e7\u00e3o<\/th>\n<th>Descri\u00e7\u00e3o<\/th>\n<th>Coment\u00e1rios<\/th>\n<\/tr>\n<\/thead>\n<tbody>\n<tr>\n<td data-label=\"Hor\u00e1rio\">30 minutos<\/td>\n<td data-label=\"Descri\u00e7\u00e3o\">Painel de abertura<\/td>\n<td data-label=\"Coment\u00e1rios\">Apresenta\u00e7\u00e3o do workshop e vis\u00e3o geral dos artigos<\/td>\n<\/tr>\n<tr>\n<td data-label=\"Hor\u00e1rio\">1 h 30 m<\/td>\n<td data-label=\"Descri\u00e7\u00e3o\">Sess\u00e3o 1 \u2013 Ontologias e Avalia\u00e7\u00e3o<\/td>\n<td data-label=\"Coment\u00e1rios\">Ontologia para An\u00e1lise Qualitativa Automatizada em Avalia\u00e7\u00f5es de Cursos de Ensino Superior (Eulanda Maria Pedro Daniel, Leandro Krug Wives, Alexandra Lorandi, Jos\u00e9 Palazzo Moreira de Oliveira, UFRGS)<\/p>\n<p>Estruturando o Conhecimento sobre TEA: Uma Ontologia para Apoiar a Rede de Cuidados de Crian\u00e7as Autistas com Base nos MSD Manuals e DSM-5 (J\u00e9ssica Ruana Costa Lima (UFERSA), Victor Benoiston Jales de Oliveira (UFERSA), Sebasti\u00e3o Emidio Alves Filho (UFERSA), Patr\u00edcio de Alencar Silva (UFERSA))<\/p>\n<p>A RAG-Powered Academic Chatbot with Ontology-Driven Factual Verification (Vitor Mateus R. do Amaral (UFSM), Luiza Espinosa (UFSM), Paula D. Rigo (UFSM), Gabriel M. Lunardi (UFSM))<\/p>\n<p>Metadata-Driven Construction of Semantic Views in Enterprise Knowledge Graphs with LLM Agents (Tulio Vidal Rolim (UFC), Jos\u00e9 Renato S. Freitas (IFPI), V\u00e2nia Maria Ponte Vidal (IFCE))<\/p>\n<p>LLMs na Gera\u00e7\u00e3o de Mapeamentos Sem\u00e2nticos: Experimento no dom\u00ednio de Plantas Industriais (Geiza M. H. da Silva, Elvismary M. Armas, Pedro Saieg, Rafael A. de Castro, Thiago D. Coqueiro, Melissa Lemos, Liester C. Castro, PUC-RIO, UNIRIO)<\/p>\n<p>Gypscie-KG: Building a Logic-Based Approach for Knowledge Graph Data Integration View in ML Systems (Gabriela Moraes, Fabio Porto, Federico Ulliana, Jean-Francois Baget, Michel Leclere, Pierre Bisquert, Bernardo Goncalves, Patrick Valduriez, LNCC, CNRS INRAE)<\/td>\n<\/tr>\n<tr>\n<td data-label=\"Hor\u00e1rio\">1 h 30 m<\/td>\n<td data-label=\"Descri\u00e7\u00e3o\">Sess\u00e3o 2 \u2013 Modelagem e Interoperabilidade<\/td>\n<td data-label=\"Coment\u00e1rios\">Constructing Knowledge Graphs from Text Using Large Language Models: Scoping Review (Giovanna Borges Bottino (USP), Jos\u00e9 de Jesus P\u00e9rez Alcaz\u00e1r (USP))<\/p>\n<p>Usando LLMs para simplificar e representar documentos m\u00e9dicos (Leandro Krug Wives, Maria Jos\u00e9 Bocorny Finatto, UFRGS)<\/p>\n<p>Towards a Self-Explainable Recommender System using Large Language Models and Knowledge Graphs (Antony Seabra, Claudio Cavalcante, Sergio Lifschitz, PUC-Rio)<\/p>\n<p>Estudo de Caso de um Rob\u00f4 Social Integrado com LLM Interagindo em Ambientes P\u00fablicos (Marcos V. Cruz, Murillo R. Batista (CTI Renato Archer), Douglas A. de Sousa (CTI Renato Archer), Clarissa F. C. L. Loureiro (CTI Renato Archer), Adriano L. Lima (CTI Renato Archer), Josue J. G. Ramos (CTI Renato Archer))<\/p>\n<p>LLMs S\u00e3o Bons Matem\u00e1ticos? Avaliando o Desempenho em Resolu\u00e7\u00e3o de Exerc\u00edcios (Igor Alberte R. Eleut\u00e9rio (ICI), Israel Efraim de Oliveira (UFSC), Mirela T. Cazzolato (ICMC USP))<\/td>\n<\/tr>\n<tr>\n<td data-label=\"Hor\u00e1rio\">30 minutos<\/td>\n<td colspan=\"2\" data-label=\"Descri\u00e7\u00e3o\">Painel de encerramento com considera\u00e7\u00f5es sobre as apresenta\u00e7\u00f5es<\/td>\n<\/tr>\n<\/tbody>\n<\/table>\n","protected":false},"excerpt":{"rendered":"<p>LAGO Dura\u00e7\u00e3o Descri\u00e7\u00e3o Coment\u00e1rios 30 minutos Painel de abertura Apresenta\u00e7\u00e3o do workshop e vis\u00e3o geral dos artigos 1 h 30 m Sess\u00e3o 1 \u2013 Ontologias e Avalia\u00e7\u00e3o Ontologia para An\u00e1lise Qualitativa Automatizada em Avalia\u00e7\u00f5es de Cursos de Ensino Superior (Eulanda Maria Pedro Daniel, Leandro Krug Wives, Alexandra Lorandi, Jos\u00e9 Palazzo Moreira de Oliveira, UFRGS) Estruturando [&hellip;]<\/p>\n","protected":false},"author":2,"featured_media":0,"parent":0,"menu_order":0,"comment_status":"closed","ping_status":"closed","template":"","meta":{"footnotes":""},"class_list":["post-1996","page","type-page","status-publish","hentry"],"_links":{"self":[{"href":"https:\/\/sbbd.org.br\/2025\/wp-json\/wp\/v2\/pages\/1996","targetHints":{"allow":["GET"]}}],"collection":[{"href":"https:\/\/sbbd.org.br\/2025\/wp-json\/wp\/v2\/pages"}],"about":[{"href":"https:\/\/sbbd.org.br\/2025\/wp-json\/wp\/v2\/types\/page"}],"author":[{"embeddable":true,"href":"https:\/\/sbbd.org.br\/2025\/wp-json\/wp\/v2\/users\/2"}],"replies":[{"embeddable":true,"href":"https:\/\/sbbd.org.br\/2025\/wp-json\/wp\/v2\/comments?post=1996"}],"version-history":[{"count":23,"href":"https:\/\/sbbd.org.br\/2025\/wp-json\/wp\/v2\/pages\/1996\/revisions"}],"predecessor-version":[{"id":6299,"href":"https:\/\/sbbd.org.br\/2025\/wp-json\/wp\/v2\/pages\/1996\/revisions\/6299"}],"wp:attachment":[{"href":"https:\/\/sbbd.org.br\/2025\/wp-json\/wp\/v2\/media?parent=1996"}],"curies":[{"name":"wp","href":"https:\/\/api.w.org\/{rel}","templated":true}]}}