{"id":1858,"date":"2025-04-22T10:59:52","date_gmt":"2025-04-22T13:59:52","guid":{"rendered":"https:\/\/sbbd.org.br\/2025\/?page_id=1858"},"modified":"2025-08-29T22:00:46","modified_gmt":"2025-08-30T01:00:46","slug":"wesaac","status":"publish","type":"page","link":"https:\/\/sbbd.org.br\/2025\/wesaac\/","title":{"rendered":"WESAAC pt"},"content":{"rendered":"\t\t<div data-elementor-type=\"wp-page\" data-elementor-id=\"1858\" class=\"elementor elementor-1858\">\n\t\t\t\t<div class=\"elementor-element elementor-element-920b5ff e-flex e-con-boxed e-con e-parent\" data-id=\"920b5ff\" data-element_type=\"container\" data-e-type=\"container\">\n\t\t\t\t\t<div class=\"e-con-inner\">\n\t\t\t\t<div class=\"elementor-element elementor-element-b39544e elementor-widget elementor-widget-heading\" data-id=\"b39544e\" data-element_type=\"widget\" data-e-type=\"widget\" data-widget_type=\"heading.default\">\n\t\t\t\t<div class=\"elementor-widget-container\">\n\t\t\t\t\t<h2 class=\"elementor-heading-title elementor-size-default\">WESAAC 2025<\/h2>\t\t\t\t<\/div>\n\t\t\t\t<\/div>\n\t\t<div class=\"elementor-element elementor-element-4a0beef e-con-full e-flex e-con e-child\" data-id=\"4a0beef\" data-element_type=\"container\" data-e-type=\"container\" data-settings=\"{&quot;background_background&quot;:&quot;classic&quot;}\">\n\t\t\t\t<\/div>\n\t\t\t\t\t<\/div>\n\t\t\t\t<\/div>\n\t\t<div class=\"elementor-element elementor-element-53518f7 e-flex e-con-boxed e-con e-parent\" data-id=\"53518f7\" data-element_type=\"container\" data-e-type=\"container\">\n\t\t\t\t\t<div class=\"e-con-inner\">\n\t\t\t\t<div class=\"elementor-element elementor-element-7d37ddb elementor-widget elementor-widget-text-editor\" data-id=\"7d37ddb\" data-element_type=\"widget\" data-e-type=\"widget\" data-widget_type=\"text-editor.default\">\n\t\t\t\t<div class=\"elementor-widget-container\">\n\t\t\t\t\t\t\t\t\t<p><span style=\"color: #000000; font-size: 17px; letter-spacing: 0.16px; text-align: justify; white-space-collapse: preserve;\">O Workshop-Escola de Sistemas de Agentes, seus Ambientes e Aplica\u00e7\u00f5es (WESAAC) tem como objetivo integrar pesquisadores e estudantes de todos os n\u00edveis em Agentes e Sistemas de Agentes e divulgar as atividades dos diversos grupos de pesquisa do Brasil, possibilitando a troca de conhecimentos e experi\u00eancias. O evento consiste em Workshops e Palestras ministradas por pesquisadores experientes e apresenta\u00e7\u00f5es de Artigos Completos, Artigos Curtos e Resumos Estendidos. O WESAAC assume grande import\u00e2ncia como evento nacional nesta \u00e1rea, visando preparar as futuras gera\u00e7\u00f5es de investigadores e divulgar os seus projetos atuais. Al\u00e9m disso, o WESAAC pretende ser um f\u00f3rum para discuss\u00e3o de trabalhos em todos os n\u00edveis, incluindo projetos de gradua\u00e7\u00e3o, mestrado e doutorado em andamento. O XIX WESAAC \u00e9 um evento co-alocado ao BRACIS 2025.<\/span><\/p>\t\t\t\t\t\t\t\t<\/div>\n\t\t\t\t<\/div>\n\t\t\t\t\t<\/div>\n\t\t\t\t<\/div>\n\t\t<div class=\"elementor-element elementor-element-0eb562c e-flex e-con-boxed e-con e-parent\" data-id=\"0eb562c\" data-element_type=\"container\" data-e-type=\"container\">\n\t\t\t\t\t<div class=\"e-con-inner\">\n\t\t\t\t<div class=\"elementor-element elementor-element-b05f8a8 elementor-widget elementor-widget-heading\" data-id=\"b05f8a8\" data-element_type=\"widget\" data-e-type=\"widget\" data-widget_type=\"heading.default\">\n\t\t\t\t<div class=\"elementor-widget-container\">\n\t\t\t\t\t<h2 class=\"elementor-heading-title elementor-size-default\">T\u00d3PICOS DE INTERESSE<\/h2>\t\t\t\t<\/div>\n\t\t\t\t<\/div>\n\t\t\t\t\t<\/div>\n\t\t\t\t<\/div>\n\t\t<div class=\"elementor-element elementor-element-0cb4855 e-flex e-con-boxed e-con e-parent\" data-id=\"0cb4855\" data-element_type=\"container\" data-e-type=\"container\">\n\t\t\t\t\t<div class=\"e-con-inner\">\n\t\t\t\t<div class=\"elementor-element elementor-element-e74dc62 elementor-widget elementor-widget-text-editor\" data-id=\"e74dc62\" data-element_type=\"widget\" data-e-type=\"widget\" data-widget_type=\"text-editor.default\">\n\t\t\t\t<div class=\"elementor-widget-container\">\n\t\t\t\t\t\t\t\t\t<p><span style=\"font-weight: 400;\">Os artigos submetidos ao evento devem abordar temas relacionados a agentes aut\u00f4nomos ou sistemas multiagentes, tais como (mas n\u00e3o se limitando a):<\/span><\/p><ul><li style=\"font-weight: 400;\" aria-level=\"1\"><span style=\"font-weight: 400;\">Arquiteturas e teorias de agentes (BDI, revis\u00e3o de cren\u00e7as, racioc\u00ednio automatizado);<\/span><\/li><li style=\"font-weight: 400;\" aria-level=\"1\"><span style=\"font-weight: 400;\">Organiza\u00e7\u00f5es de agentes, quest\u00f5es sociais, sistemas normativos, etc.;<\/span><\/li><li style=\"font-weight: 400;\" aria-level=\"1\"><span style=\"font-weight: 400;\">Comunica\u00e7\u00e3o de agentes;<\/span><\/li><li style=\"font-weight: 400;\" aria-level=\"1\"><span style=\"font-weight: 400;\">Agentes em sistemas embarcados e rob\u00f3ticos;<\/span><\/li><li style=\"font-weight: 400;\" aria-level=\"1\"><span style=\"font-weight: 400;\">Desenvolvimento de software baseado em agentes (linguagens de programa\u00e7\u00e3o, plataformas, ferramentas, metodologias);<\/span><\/li><li style=\"font-weight: 400;\" aria-level=\"1\"><span style=\"font-weight: 400;\">Aplica\u00e7\u00f5es de agentes e sistemas multiagentes;<\/span><\/li><li style=\"font-weight: 400;\" aria-level=\"1\"><span style=\"font-weight: 400;\">Coopera\u00e7\u00e3o\/coordena\u00e7\u00e3o (negocia\u00e7\u00e3o, argumenta\u00e7\u00e3o, reputa\u00e7\u00e3o);<\/span><\/li><li style=\"font-weight: 400;\" aria-level=\"1\"><span style=\"font-weight: 400;\">Planejamento automatizado em sistemas de agentes;<\/span><\/li><li style=\"font-weight: 400;\" aria-level=\"1\"><span style=\"font-weight: 400;\">Aprendizado de m\u00e1quina em sistemas de agentes;<\/span><\/li><li style=\"font-weight: 400;\" aria-level=\"1\"><span style=\"font-weight: 400;\">Simula\u00e7\u00f5es sociais e simula\u00e7\u00e3o baseada em agentes;<\/span><\/li><li style=\"font-weight: 400;\" aria-level=\"1\"><span style=\"font-weight: 400;\">Especifica\u00e7\u00e3o e verifica\u00e7\u00e3o de sistemas multiagentes (formal).<\/span><\/li><\/ul>\t\t\t\t\t\t\t\t<\/div>\n\t\t\t\t<\/div>\n\t\t\t\t\t<\/div>\n\t\t\t\t<\/div>\n\t\t<div class=\"elementor-element elementor-element-02a30bd e-flex e-con-boxed e-con e-parent\" data-id=\"02a30bd\" data-element_type=\"container\" data-e-type=\"container\">\n\t\t\t\t\t<div class=\"e-con-inner\">\n\t\t\t\t<div class=\"elementor-element elementor-element-a59e1ca elementor-widget elementor-widget-heading\" data-id=\"a59e1ca\" data-element_type=\"widget\" data-e-type=\"widget\" data-widget_type=\"heading.default\">\n\t\t\t\t<div class=\"elementor-widget-container\">\n\t\t\t\t\t<h2 class=\"elementor-heading-title elementor-size-default\">INFORMA\u00c7\u00d5ES ADICIONAIS<\/h2>\t\t\t\t<\/div>\n\t\t\t\t<\/div>\n\t\t\t\t\t<\/div>\n\t\t\t\t<\/div>\n\t\t<div class=\"elementor-element elementor-element-8adddc5 e-flex e-con-boxed e-con e-parent\" data-id=\"8adddc5\" data-element_type=\"container\" data-e-type=\"container\">\n\t\t\t\t\t<div class=\"e-con-inner\">\n\t\t\t\t<div class=\"elementor-element elementor-element-9956172 elementor-widget elementor-widget-text-editor\" data-id=\"9956172\" data-element_type=\"widget\" data-e-type=\"widget\" data-widget_type=\"text-editor.default\">\n\t\t\t\t<div class=\"elementor-widget-container\">\n\t\t\t\t\t\t\t\t\t<p><span style=\"font-weight: 400;\">Para obter mais informa\u00e7\u00f5es visite a p\u00e1gina WESAAC dispon\u00edvel em <span style=\"color: #008080;\"><a style=\"color: #008080;\" href=\"https:\/\/sol.sbc.org.br\/index.php\/wesaac\/issue\/archive.\">https:\/\/sol.sbc.org.br\/index.php\/wesaac\/issue\/archive.<\/a><\/span><\/span><\/p>\t\t\t\t\t\t\t\t<\/div>\n\t\t\t\t<\/div>\n\t\t\t\t\t<\/div>\n\t\t\t\t<\/div>\n\t\t<div class=\"elementor-element elementor-element-5a7b1c6 e-flex e-con-boxed e-con e-parent\" data-id=\"5a7b1c6\" data-element_type=\"container\" data-e-type=\"container\">\n\t\t\t\t\t<div class=\"e-con-inner\">\n\t\t\t\t<div class=\"elementor-element elementor-element-fee773e elementor-widget elementor-widget-heading\" data-id=\"fee773e\" data-element_type=\"widget\" data-e-type=\"widget\" data-widget_type=\"heading.default\">\n\t\t\t\t<div class=\"elementor-widget-container\">\n\t\t\t\t\t<h2 class=\"elementor-heading-title elementor-size-default\">CHAMADAS DE TRABALHOS<\/h2>\t\t\t\t<\/div>\n\t\t\t\t<\/div>\n\t\t\t\t\t<\/div>\n\t\t\t\t<\/div>\n\t\t<div class=\"elementor-element elementor-element-c586032 e-flex e-con-boxed e-con e-parent\" data-id=\"c586032\" data-element_type=\"container\" data-e-type=\"container\">\n\t\t\t\t\t<div class=\"e-con-inner\">\n\t\t\t\t<div class=\"elementor-element elementor-element-b07f54a elementor-widget elementor-widget-heading\" data-id=\"b07f54a\" data-element_type=\"widget\" data-e-type=\"widget\" data-widget_type=\"heading.default\">\n\t\t\t\t<div class=\"elementor-widget-container\">\n\t\t\t\t\t<h2 class=\"elementor-heading-title elementor-size-default\">FORMATO DO TRABALHO E SUBMISS\u00c3O<\/h2>\t\t\t\t<\/div>\n\t\t\t\t<\/div>\n\t\t\t\t\t<\/div>\n\t\t\t\t<\/div>\n\t\t<div class=\"elementor-element elementor-element-d999c47 e-flex e-con-boxed e-con e-parent\" data-id=\"d999c47\" data-element_type=\"container\" data-e-type=\"container\">\n\t\t\t\t\t<div class=\"e-con-inner\">\n\t\t\t\t<div class=\"elementor-element elementor-element-08a9703 elementor-widget elementor-widget-text-editor\" data-id=\"08a9703\" data-element_type=\"widget\" data-e-type=\"widget\" data-widget_type=\"text-editor.default\">\n\t\t\t\t<div class=\"elementor-widget-container\">\n\t\t\t\t\t\t\t\t\t<p><span style=\"font-weight: 400;\">Foram criadas duas trilhas distintas para submiss\u00e3o de artigos: (i) artigos completos e (ii) artigos curtos (ou seja, resumos estendidos).<\/span><\/p><ul><li style=\"font-weight: 400;\" aria-level=\"1\"><span style=\"font-weight: 400;\">Artigos completos, relatando trabalhos com resultados s\u00f3lidos, devem ter no m\u00e1ximo doze (12) p\u00e1ginas, incluindo texto, refer\u00eancias, ap\u00eandices, tabelas e figuras.<\/span><\/li><li style=\"font-weight: 400;\" aria-level=\"1\"><span style=\"font-weight: 400;\">Artigos curtos, relatando trabalhos em andamento ou documentos de posicionamento, devem ter entre seis (6) e oito (8) p\u00e1ginas. Os artigos curtos poser\u00e3o ser apresentados oralmente em sess\u00f5es plen\u00e1rias ou em sess\u00f5es poster.<\/span><\/li><\/ul><p><span style=\"font-weight: 400;\">Os artigos podem ser escritos em portugu\u00eas ou ingl\u00eas. Artigos escritos em portugu\u00eas devem ter t\u00edtulos e resumos em ingl\u00eas. Todos os manuscritos devem ser preparados seguindo o estilo de artigo da SBC (&lt;<a href=\"https:\/\/www.sbc.org.br\/wp-content\/uploads\/2024\/07\/modelosparapublicaodeartigos.zip\">https:\/\/www.sbc.org.br\/wp-content\/uploads\/2024\/07\/modelosparapublicaodeartigos.zip<\/a>&gt;), e aqueles que n\u00e3o seguirem as diretrizes de formata\u00e7\u00e3o poder\u00e3o ser rejeitados sem revis\u00e3o.<\/span><\/p><p><span style=\"font-weight: 400;\">Os artigos devem ser submetidos pelo CMT3 usando a seguinte URL: <a href=\"https:\/\/cmt3.research.microsoft.com\/WESAAC2025\">https:\/\/cmt3.research.microsoft.com\/WESAAC2025<\/a><\/span><\/p><p><span style=\"font-weight: 400;\">O processo de revis\u00e3o ser\u00e1 double-blind (os nomes dos autores e institui\u00e7\u00f5es devem ser omitidos nos artigos submetidos). Todas as submiss\u00f5es ser\u00e3o revisadas por pelo menos dois especialistas na \u00e1rea. Os autores dos artigos aceitos ser\u00e3o convidados a apresentar seus trabalhos em uma apresenta\u00e7\u00e3o oral ou em uma sess\u00e3o de p\u00f4steres. Todos os artigos aceitos ser\u00e3o publicados eletronicamente na S\u00e9rie WESAAC do SBC Open Lib \u2013 SOL, dispon\u00edvel em <a href=\"https:\/\/sol.sbc.org.br\/index.php\/wesaac\/issue\/archive\">https:\/\/sol.sbc.org.br\/index.php\/wesaac\/issue\/archive<\/a>.<\/span><\/p><p><span style=\"font-weight: 400;\">N\u00e3o haver\u00e1 distin\u00e7\u00e3o entre artigos apresentados em formato oral ou p\u00f4ster nos anais.<\/span><\/p>\t\t\t\t\t\t\t\t<\/div>\n\t\t\t\t<\/div>\n\t\t\t\t<div class=\"elementor-element elementor-element-46c0125 elementor-widget elementor-widget-heading\" data-id=\"46c0125\" data-element_type=\"widget\" data-e-type=\"widget\" data-widget_type=\"heading.default\">\n\t\t\t\t<div class=\"elementor-widget-container\">\n\t\t\t\t\t<h2 class=\"elementor-heading-title elementor-size-default\">BEST PAPERS<\/h2>\t\t\t\t<\/div>\n\t\t\t\t<\/div>\n\t\t\t\t\t<\/div>\n\t\t\t\t<\/div>\n\t\t<div class=\"elementor-element elementor-element-1ccc1ab e-flex e-con-boxed e-con e-parent\" data-id=\"1ccc1ab\" data-element_type=\"container\" data-e-type=\"container\">\n\t\t\t\t\t<div class=\"e-con-inner\">\n\t\t\t\t<div class=\"elementor-element elementor-element-b6da472 elementor-widget elementor-widget-text-editor\" data-id=\"b6da472\" data-element_type=\"widget\" data-e-type=\"widget\" data-widget_type=\"text-editor.default\">\n\t\t\t\t<div class=\"elementor-widget-container\">\n\t\t\t\t\t\t\t\t\t<p><span style=\"font-weight: 400;\">Os 3 melhores trabalhos de pesquisa do WESAAC 2025 ser\u00e3o agraciados com um certificado.<\/span><\/p><p><span style=\"font-weight: 400;\">Os 3 melhores trabalhos de alunos de gradua\u00e7\u00e3o ser\u00e3o convidados a submeter uma vers\u00e3o estendida para a Revista Eletr\u00f4nica de Inicia\u00e7\u00e3o Cient\u00edfica (REIC) &lt;<a href=\"https:\/\/journals-sol.sbc.org.br\/index.php\/reic\/about\">https:\/\/journals-sol.sbc.org.br\/index.php\/reic\/about<\/a>&gt;.\u00a0<\/span><\/p>\t\t\t\t\t\t\t\t<\/div>\n\t\t\t\t<\/div>\n\t\t\t\t\t<\/div>\n\t\t\t\t<\/div>\n\t\t<div class=\"elementor-element elementor-element-c3eca4f e-flex e-con-boxed e-con e-parent\" data-id=\"c3eca4f\" data-element_type=\"container\" data-e-type=\"container\">\n\t\t\t\t\t<div class=\"e-con-inner\">\n\t\t\t\t<div class=\"elementor-element elementor-element-eaa10cf elementor-widget-divider--view-line elementor-widget elementor-widget-divider\" data-id=\"eaa10cf\" data-element_type=\"widget\" data-e-type=\"widget\" data-widget_type=\"divider.default\">\n\t\t\t\t<div class=\"elementor-widget-container\">\n\t\t\t\t\t\t\t<div class=\"elementor-divider\">\n\t\t\t<span class=\"elementor-divider-separator\">\n\t\t\t\t\t\t<\/span>\n\t\t<\/div>\n\t\t\t\t\t\t<\/div>\n\t\t\t\t<\/div>\n\t\t\t\t<div class=\"elementor-element elementor-element-be43448 elementor-widget elementor-widget-heading\" data-id=\"be43448\" data-element_type=\"widget\" data-e-type=\"widget\" data-widget_type=\"heading.default\">\n\t\t\t\t<div class=\"elementor-widget-container\">\n\t\t\t\t\t<h2 class=\"elementor-heading-title elementor-size-default\">ATEN\u00c7\u00c3O<\/h2>\t\t\t\t<\/div>\n\t\t\t\t<\/div>\n\t\t\t\t<div class=\"elementor-element elementor-element-fe46acd elementor-widget elementor-widget-text-editor\" data-id=\"fe46acd\" data-element_type=\"widget\" data-e-type=\"widget\" data-widget_type=\"text-editor.default\">\n\t\t\t\t<div class=\"elementor-widget-container\">\n\t\t\t\t\t\t\t\t\t<p>Modelos de IA generativos (incluindo Chat-GPT, BARD, LLaMA, Gemini, etc.) ou LLMs semelhantes n\u00e3o atendem aos crit\u00e9rios de autoria de artigos para serem aceitos no WESAAC 2025. No entanto, incentivamos artigos que descrevam pesquisas sobre ou envolvendo tais modelos e ferramentas avan\u00e7adas de IA. Se os autores utilizarem um LLM em qualquer parte do processo de reda\u00e7\u00e3o do artigo, eles assumem total responsabilidade por todo o conte\u00fado, incluindo a verifica\u00e7\u00e3o de pl\u00e1gio e a corre\u00e7\u00e3o de todo o texto.<\/p>\t\t\t\t\t\t\t\t<\/div>\n\t\t\t\t<\/div>\n\t\t\t\t<div class=\"elementor-element elementor-element-d4f012a elementor-widget elementor-widget-heading\" data-id=\"d4f012a\" data-element_type=\"widget\" data-e-type=\"widget\" data-widget_type=\"heading.default\">\n\t\t\t\t<div class=\"elementor-widget-container\">\n\t\t\t\t\t<h2 class=\"elementor-heading-title elementor-size-default\">DATAS IMPORTANTES<\/h2>\t\t\t\t<\/div>\n\t\t\t\t<\/div>\n\t\t\t\t<div class=\"elementor-element elementor-element-31c91f3 elementor-widget elementor-widget-text-editor\" data-id=\"31c91f3\" data-element_type=\"widget\" data-e-type=\"widget\" data-widget_type=\"text-editor.default\">\n\t\t\t\t<div class=\"elementor-widget-container\">\n\t\t\t\t\t\t\t\t\t<ul><li aria-level=\"1\">Submiss\u00e3o:\u00a0<s>25 de maio de 2025<\/s>\u00a0<s>07 de junho de 2025<\/s>\u00a0<b>04 de julho de 2025<\/b>\u00a0(HARD)<\/li><li aria-level=\"1\">Notifica\u00e7\u00e3o aos autores:\u00a0<s>25 de junho de 2025<\/s>\u00a025 de Julho de 2025<\/li><li aria-level=\"1\">Vers\u00e3o Final:\u00a0<s>25 de julho de 2025<\/s>\u00a005 de agosto de 2025<\/li><li aria-level=\"1\">Registro do Artigo:\u00a0<s>01 de agosto de 2025<\/s>\u00a005 de agosto de 2025<\/li><\/ul>\t\t\t\t\t\t\t\t<\/div>\n\t\t\t\t<\/div>\n\t\t\t\t<div class=\"elementor-element elementor-element-a307c27 elementor-widget elementor-widget-heading\" data-id=\"a307c27\" data-element_type=\"widget\" data-e-type=\"widget\" data-widget_type=\"heading.default\">\n\t\t\t\t<div class=\"elementor-widget-container\">\n\t\t\t\t\t<h2 class=\"elementor-heading-title elementor-size-default\">COORDERNA\u00c7\u00c3O GERAL<\/h2>\t\t\t\t<\/div>\n\t\t\t\t<\/div>\n\t\t\t\t<div class=\"elementor-element elementor-element-5fe5b8a elementor-widget elementor-widget-text-editor\" data-id=\"5fe5b8a\" data-element_type=\"widget\" data-e-type=\"widget\" data-widget_type=\"text-editor.default\">\n\t\t\t\t<div class=\"elementor-widget-container\">\n\t\t\t\t\t\t\t\t\t<ul><li aria-level=\"1\">Carlos Eduardo Pantoja (CEFET-RJ)<\/li><li aria-level=\"1\">Eduardo Augusto Ferreira da Silva (CEFET-RJ)<\/li><\/ul>\t\t\t\t\t\t\t\t<\/div>\n\t\t\t\t<\/div>\n\t\t\t\t<div class=\"elementor-element elementor-element-10724fc elementor-widget elementor-widget-heading\" data-id=\"10724fc\" data-element_type=\"widget\" data-e-type=\"widget\" data-widget_type=\"heading.default\">\n\t\t\t\t<div class=\"elementor-widget-container\">\n\t\t\t\t\t<h2 class=\"elementor-heading-title elementor-size-default\">COORDERNA\u00c7\u00c3O DO COMIT\u00ca DE PROGRAMA<\/h2>\t\t\t\t<\/div>\n\t\t\t\t<\/div>\n\t\t\t\t<div class=\"elementor-element elementor-element-beb1724 elementor-widget elementor-widget-text-editor\" data-id=\"beb1724\" data-element_type=\"widget\" data-e-type=\"widget\" data-widget_type=\"text-editor.default\">\n\t\t\t\t<div class=\"elementor-widget-container\">\n\t\t\t\t\t\t\t\t\t<ul><li aria-level=\"1\">Nilson Mori Lazarin (CEFET-RJ)<\/li><li aria-level=\"1\">Bruno Policarpo Toledo Freitas (CEFET-RJ)<\/li><\/ul>\t\t\t\t\t\t\t\t<\/div>\n\t\t\t\t<\/div>\n\t\t\t\t<div class=\"elementor-element elementor-element-eb6d38e elementor-widget elementor-widget-heading\" data-id=\"eb6d38e\" data-element_type=\"widget\" data-e-type=\"widget\" data-widget_type=\"heading.default\">\n\t\t\t\t<div class=\"elementor-widget-container\">\n\t\t\t\t\t<h2 class=\"elementor-heading-title elementor-size-default\">PROGRAM COMMITTEE<\/h2>\t\t\t\t<\/div>\n\t\t\t\t<\/div>\n\t\t\t\t<div class=\"elementor-element elementor-element-6700c78 elementor-widget elementor-widget-text-editor\" data-id=\"6700c78\" data-element_type=\"widget\" data-e-type=\"widget\" data-widget_type=\"text-editor.default\">\n\t\t\t\t<div class=\"elementor-widget-container\">\n\t\t\t\t\t\t\t\t\t<ul>\n<li aria-level=\"1\">Alessandro Ricci (University of Bologna)<\/li>\n<li aria-level=\"1\">Alison R. Panisson (UFSC)<\/li>\n<li aria-level=\"1\">Andr\u00e9 Borges (UTFPR)<\/li>\n<li aria-level=\"1\">Andrei Olaru (POLITEHNICA Bucharest)<\/li>\n<li aria-level=\"1\">Ant\u00f4nio Costa (PUCRS)<\/li>\n<li aria-level=\"1\">Bruno Freitas (CEFET\/RJ)<\/li>\n<li aria-level=\"1\">Bruno Hoelz (Pol\u00edcia Federal)<\/li>\n<li aria-level=\"1\">Carlos Pantoja (CEFET\/RJ)<\/li>\n<li aria-level=\"1\">Carolina Abreu (UnB)<\/li>\n<li aria-level=\"1\">Celia Ralha (UnB)<\/li>\n<li aria-level=\"1\">Cesar Tacla (UTFPR)<\/li>\n<li aria-level=\"1\">Cleber Amaral (IFSC)<\/li>\n<li aria-level=\"1\">Diana Adamatti (FURG)<\/li>\n<li aria-level=\"1\">Eder Mateus Gon\u00e7alves (FURG)<\/li>\n<li aria-level=\"1\">Eduardo Ferreira (CEFET\/RJ)<\/li>\n<li aria-level=\"1\">Fernando Santos (UDESC)<\/li>\n<li aria-level=\"1\">Fernando de La Prieta (University of Salamanca)<\/li>\n<li aria-level=\"1\">Gleifer Alves (UTFPR)<\/li>\n<li aria-level=\"1\">Guillermo Simari (Universidad Nacional del Sur in Bahia Blanca)<\/li>\n<li aria-level=\"1\">Gustavo Campos (UECE)<\/li>\n<li aria-level=\"1\">Gustavo Gim\u00e9nez-Lugo (UTFPR)<\/li>\n<li aria-level=\"1\">Jerusa Marchi (UFSC)<\/li>\n<li aria-level=\"1\">Jaime Sichman (USP)<\/li>\n<li aria-level=\"1\">Jomi F. Hubner (UFSC)<\/li>\n<li aria-level=\"1\">Jose Pergentino Araujo Neto (UnB)<\/li>\n<li aria-level=\"1\">Leandro Becker (UFSC)<\/li>\n<li aria-level=\"1\">Luis Gustavo Nardin (Mines Saint-Etienne)<\/li>\n<li aria-level=\"1\">Maicon Zatelli (UFSC)<\/li>\n<li aria-level=\"1\">Maiquel Brito (UFSC)<\/li>\n<li aria-level=\"1\">Marilton de Aguiar (UFPel)<\/li>\n<li aria-level=\"1\">M\u00edriam Born (UFPel)<\/li>\n<li aria-level=\"1\">Nilson Lazarin (Cefet\/RJ)<\/li>\n<li aria-level=\"1\">Olivier Boissier (Mines Saint-Etienne)<\/li>\n<li aria-level=\"1\">Rafael Cardoso (University of Aberdeen)<\/li>\n<li aria-level=\"1\">Ricardo Choren (IME)<\/li>\n<li aria-level=\"1\">Stefano Tedeschi (Universit\u00e0 della Valle d\u2019Aosta)<\/li>\n<li aria-level=\"1\">Tiago Luiz Schmitz (UDESC)<\/li>\n<li aria-level=\"1\">Timotheus Kampik (Ume\u00e5 University, SAP)<\/li>\n<li aria-level=\"1\">Tulio Basegio (IFRS)<\/li>\n<li aria-level=\"1\">Vera Maria Werneck (UERJ)<\/li>\n<\/ul>\t\t\t\t\t\t\t\t<\/div>\n\t\t\t\t<\/div>\n\t\t\t\t\t<\/div>\n\t\t\t\t<\/div>\n\t\t\t\t<\/div>\n\t\t","protected":false},"excerpt":{"rendered":"<p>WESAAC 2025 O Workshop-Escola de Sistemas de Agentes, seus Ambientes e Aplica\u00e7\u00f5es (WESAAC) tem como objetivo integrar pesquisadores e estudantes de todos os n\u00edveis em Agentes e Sistemas de Agentes e divulgar as atividades dos diversos grupos de pesquisa do Brasil, possibilitando a troca de conhecimentos e experi\u00eancias. O evento consiste em Workshops e Palestras [&hellip;]<\/p>\n","protected":false},"author":2,"featured_media":0,"parent":0,"menu_order":0,"comment_status":"closed","ping_status":"closed","template":"","meta":{"footnotes":""},"class_list":["post-1858","page","type-page","status-publish","hentry"],"_links":{"self":[{"href":"https:\/\/sbbd.org.br\/2025\/wp-json\/wp\/v2\/pages\/1858","targetHints":{"allow":["GET"]}}],"collection":[{"href":"https:\/\/sbbd.org.br\/2025\/wp-json\/wp\/v2\/pages"}],"about":[{"href":"https:\/\/sbbd.org.br\/2025\/wp-json\/wp\/v2\/types\/page"}],"author":[{"embeddable":true,"href":"https:\/\/sbbd.org.br\/2025\/wp-json\/wp\/v2\/users\/2"}],"replies":[{"embeddable":true,"href":"https:\/\/sbbd.org.br\/2025\/wp-json\/wp\/v2\/comments?post=1858"}],"version-history":[{"count":18,"href":"https:\/\/sbbd.org.br\/2025\/wp-json\/wp\/v2\/pages\/1858\/revisions"}],"predecessor-version":[{"id":5139,"href":"https:\/\/sbbd.org.br\/2025\/wp-json\/wp\/v2\/pages\/1858\/revisions\/5139"}],"wp:attachment":[{"href":"https:\/\/sbbd.org.br\/2025\/wp-json\/wp\/v2\/media?parent=1858"}],"curies":[{"name":"wp","href":"https:\/\/api.w.org\/{rel}","templated":true}]}}