{"id":1725,"date":"2025-04-17T22:36:21","date_gmt":"2025-04-18T01:36:21","guid":{"rendered":"https:\/\/sbbd.org.br\/2025\/?page_id=1725"},"modified":"2025-08-18T14:15:48","modified_gmt":"2025-08-18T17:15:48","slug":"ctdbd-en","status":"publish","type":"page","link":"https:\/\/sbbd.org.br\/2025\/en\/ctdbd-en\/","title":{"rendered":"CTDBD"},"content":{"rendered":"\t\t<div data-elementor-type=\"wp-page\" data-elementor-id=\"1725\" class=\"elementor elementor-1725\">\n\t\t\t\t<div class=\"elementor-element elementor-element-14e7371a e-flex e-con-boxed e-con e-parent\" data-id=\"14e7371a\" data-element_type=\"container\" data-e-type=\"container\">\n\t\t\t\t\t<div class=\"e-con-inner\">\n\t\t<div class=\"elementor-element elementor-element-d89c674 e-con-full e-flex e-con e-child\" data-id=\"d89c674\" data-element_type=\"container\" data-e-type=\"container\">\n\t\t\t\t<div class=\"elementor-element elementor-element-1e5ca40 elementor-widget elementor-widget-heading\" data-id=\"1e5ca40\" data-element_type=\"widget\" data-e-type=\"widget\" data-widget_type=\"heading.default\">\n\t\t\t\t<div class=\"elementor-widget-container\">\n\t\t\t\t\t<h2 class=\"elementor-heading-title elementor-size-default\">Thesis and Dissertation Contest on Databases (CTDBD)<\/h2>\t\t\t\t<\/div>\n\t\t\t\t<\/div>\n\t\t\t\t<div class=\"elementor-element elementor-element-8d3ac09 sublinhado elementor-widget__width-initial elementor-widget elementor-widget-image\" data-id=\"8d3ac09\" data-element_type=\"widget\" data-e-type=\"widget\" data-widget_type=\"image.default\">\n\t\t\t\t<div class=\"elementor-widget-container\">\n\t\t\t\t\t\t\t\t\t\t\t\t\t\t\t<img decoding=\"async\" width=\"246\" height=\"18\" src=\"https:\/\/sbbd.org.br\/2025\/wp-content\/uploads\/2025\/08\/Frame-4-e1748889604907.png\" class=\"attachment-full size-full wp-image-4688\" alt=\"\" \/>\t\t\t\t\t\t\t\t\t\t\t\t\t\t\t<\/div>\n\t\t\t\t<\/div>\n\t\t\t\t<\/div>\n\t\t\t\t<div class=\"elementor-element elementor-element-30ba27e2 elementor-widget elementor-widget-text-editor\" data-id=\"30ba27e2\" data-element_type=\"widget\" data-e-type=\"widget\" data-widget_type=\"text-editor.default\">\n\t\t\t\t<div class=\"elementor-widget-container\">\n\t\t\t\t\t\t\t\t\t<p><span style=\"font-weight: 400;\">We are pleased to announce the works accepted for the second phase of the Thesis and Dissertation Contest on Databases \u2013 CTDBD of SBBD 2025. The works will be presented on the SBC channel (https:\/\/www.youtube.com\/@sbcoficial\/) on the dates and times defined below. Congratulations to the selected participants!<\/span><\/p><h3><span style=\"color: #f35c2c;\"><b>DOCTORATE<\/b><\/span><\/h3><p><strong>Online session: 08\/12 (Tuesday), 6:00 PM<br \/><\/strong><\/p><p><span style=\"font-weight: 400;\"><strong>Committee<\/strong>: Karin Becker (UFRGS), Ricardo Ciferri (UFSCar), Sergio Lifschitz (PUC-Rio)<br \/><\/span><strong data-start=\"42\" data-end=\"51\">Link:<\/strong> To watch the Master&#8217;s dissertation presentations: https:\/\/www.youtube.com\/watch?v=JOUjBmXQKgA<\/p><p><strong>Title<\/strong>: A Comprehensive Exploitation of Instance Selection Methods for Automatic Text Classification \u2014 \u201cDoing More with Less\u201d<br \/>Author: Washington Cunha (DCC &#8211; UFMG)<br \/>Advisor: Marcos Andr\u00e9 Gon\u00e7alves (DCC &#8211; UFMG)<br \/>Co-advisor: Leonardo Chaves Dutra da Rocha (DCOMP &#8211; UFSJ)<\/p><p><strong>Title<\/strong>: Provenance Data as First-Class Citizens for Workflow Analysis in Deep Learning<br \/>Author: D\u00e9bora Pina (PESC\/COPPE &#8211; UFRJ)<br \/>Advisor: Marta L. de Queir\u00f3s Mattoso (PESC\/COPPE &#8211; UFRJ)<br \/>Co-advisor: Daniel Cardoso Moraes de Oliveira (IC &#8211; UFF)<\/p><p><strong>Title<\/strong>: Provenance Data as First-Class Citizens for Workflow Analysis in Deep Learning<br \/>Author: D\u00e9bora Pina (PESC\/COPPE &#8211; UFRJ)<br \/>Advisor: Marta L. de Queir\u00f3s Mattoso (PESC\/COPPE &#8211; UFRJ)<br \/>Co-advisor: Daniel Cardoso Moraes de Oliveira (IC &#8211; UFF)<\/p><h3><span style=\"color: #f35c2c;\"><b>MASTER&#8217;S<\/b><\/span><\/h3><p><strong>Online session: 08\/14 (Thursday), 6:00 PM<\/strong><\/p><p><span style=\"font-weight: 400;\"><strong>Committee<\/strong>: \u00c2ngelo Brayner (UFC), F\u00e1bio Porto (LNCC), Marco Ant\u00f4nio Casanova (PUC-Rio)<\/span><b><br \/><\/b><strong data-start=\"144\" data-end=\"153\">Link:<\/strong> To watch the PhD thesis presentations: https:\/\/www.youtube.com\/live\/i3yD9Jp9QFw<\/p><p><strong>Title<\/strong>: CarboFarm: Data Integration and Knowledge Generation for Agricultural GHG Inventories<br \/>Author: Luiz Fernando Santos (DCC-UFJF)<br \/>Advisor: Regina Maria Maciel Braga (DCC-UFJF)<br \/>Co-advisor: Jos\u00e9 Maria N. David (DCC-UFJF)<\/p><p><strong>Title<\/strong>: Combining Ontology and Deep Learning for Sensor Data Integration and Critical Event Prediction<br \/>Author: Jefferson do Nascimento Amar\u00e1 (DCC-UFJF)<br \/>Advisor: Victor Str\u00f6ele de Andrade Menezes (DCC-UFJF)<br \/>Co-advisor: Regina Maria Maciel Braga (DCC-UFJF)<\/p><p><strong>Title<\/strong>: BioF4C-Frame: A Framework for Feature Preparation and Selection applied to Ecological Data Classification<br \/>Author: Luma Rios Delponte (INE \u2013 UFSC)<br \/>Advisor: Carina F. Dorneles (INE \u2013 UFSC)<br \/>Co-advisor: Simone S. Werner (INE \u2013 UFSC)<\/p><h1 data-start=\"140\" data-end=\"172\"><strong data-start=\"140\" data-end=\"172\"><br \/><span style=\"color: #f35c2c;\">CTDBD \u2013 Call for Submissions<\/span><\/strong><\/h1><p class=\"\" data-start=\"174\" data-end=\"637\">The Database Theses and Dissertations Competition (CTDBD) of the Brazilian Symposium on Databases (SBBD) aims to select and award the <strong>best PhD thesis and the best Master&#8217;s dissertation<\/strong> in the field of Databases in Brazil. The competition is open to works developed at Brazilian educational and research institutions, defended and approved between January 1, 2024, and April 30, 2025. Theses and dissertations must be related to the topics of interest of the SBBD.<\/p><p class=\"\" data-start=\"639\" data-end=\"886\">Theses and dissertations will be evaluated based on their scientific and technological contributions, as well as their potential impact on the state of the art and\/or their innovative nature in the field of Databases and data-centric applications.<\/p><p class=\"\" data-start=\"888\" data-end=\"1202\">To promote high-quality research developed in Brazil and encourage broad participation from the community, CTDBD 2025 will follow the structure below: annual competition, simplified submission, online selection process, and awarding of the best dissertation and best thesis, to be presented in person at SBBD 2025.<\/p><div style=\"display: none; contain: layout style paint; position: absolute !important; z-index: 2147483647 !important; filter: none !important; width: fit-content; pointer-events: auto !important;\">\u00a0<\/div>\t\t\t\t\t\t\t\t<\/div>\n\t\t\t\t<\/div>\n\t\t<div class=\"elementor-element elementor-element-ad77ca7 e-con-full e-flex e-con e-child\" data-id=\"ad77ca7\" data-element_type=\"container\" data-e-type=\"container\">\n\t\t\t\t<div class=\"elementor-element elementor-element-970a65a elementor-view-default elementor-widget elementor-widget-icon\" data-id=\"970a65a\" data-element_type=\"widget\" data-e-type=\"widget\" data-widget_type=\"icon.default\">\n\t\t\t\t<div class=\"elementor-widget-container\">\n\t\t\t\t\t\t\t<div class=\"elementor-icon-wrapper\">\n\t\t\t<div class=\"elementor-icon\">\n\t\t\t<svg aria-hidden=\"true\" class=\"e-font-icon-svg e-far-calendar-alt\" viewBox=\"0 0 448 512\" xmlns=\"http:\/\/www.w3.org\/2000\/svg\"><path d=\"M148 288h-40c-6.6 0-12-5.4-12-12v-40c0-6.6 5.4-12 12-12h40c6.6 0 12 5.4 12 12v40c0 6.6-5.4 12-12 12zm108-12v-40c0-6.6-5.4-12-12-12h-40c-6.6 0-12 5.4-12 12v40c0 6.6 5.4 12 12 12h40c6.6 0 12-5.4 12-12zm96 0v-40c0-6.6-5.4-12-12-12h-40c-6.6 0-12 5.4-12 12v40c0 6.6 5.4 12 12 12h40c6.6 0 12-5.4 12-12zm-96 96v-40c0-6.6-5.4-12-12-12h-40c-6.6 0-12 5.4-12 12v40c0 6.6 5.4 12 12 12h40c6.6 0 12-5.4 12-12zm-96 0v-40c0-6.6-5.4-12-12-12h-40c-6.6 0-12 5.4-12 12v40c0 6.6 5.4 12 12 12h40c6.6 0 12-5.4 12-12zm192 0v-40c0-6.6-5.4-12-12-12h-40c-6.6 0-12 5.4-12 12v40c0 6.6 5.4 12 12 12h40c6.6 0 12-5.4 12-12zm96-260v352c0 26.5-21.5 48-48 48H48c-26.5 0-48-21.5-48-48V112c0-26.5 21.5-48 48-48h48V12c0-6.6 5.4-12 12-12h40c6.6 0 12 5.4 12 12v52h128V12c0-6.6 5.4-12 12-12h40c6.6 0 12 5.4 12 12v52h48c26.5 0 48 21.5 48 48zm-48 346V160H48v298c0 3.3 2.7 6 6 6h340c3.3 0 6-2.7 6-6z\"><\/path><\/svg>\t\t\t<\/div>\n\t\t<\/div>\n\t\t\t\t\t\t<\/div>\n\t\t\t\t<\/div>\n\t\t\t\t<div class=\"elementor-element elementor-element-fb5cff8 elementor-widget elementor-widget-heading\" data-id=\"fb5cff8\" data-element_type=\"widget\" data-e-type=\"widget\" data-widget_type=\"heading.default\">\n\t\t\t\t<div class=\"elementor-widget-container\">\n\t\t\t\t\t<h2 class=\"elementor-heading-title elementor-size-default\">IMPORTANT DATES<\/h2>\t\t\t\t<\/div>\n\t\t\t\t<\/div>\n\t\t\t\t<\/div>\n\t\t\t\t<div class=\"elementor-element elementor-element-7a7d7fb elementor-widget elementor-widget-text-editor\" data-id=\"7a7d7fb\" data-element_type=\"widget\" data-e-type=\"widget\" data-widget_type=\"text-editor.default\">\n\t\t\t\t<div class=\"elementor-widget-container\">\n\t\t\t\t\t\t\t\t\t<p class=\"\" data-start=\"1230\" data-end=\"1263\"><em data-start=\"1230\" data-end=\"1263\"><strong>Phase 1:<\/strong> Submission and ranking<\/em><\/p><ul data-start=\"1265\" data-end=\"1463\"><li class=\"\" data-start=\"1265\" data-end=\"1304\"><p class=\"\" data-start=\"1267\" data-end=\"1304\">Abstract registration: <del>May 22, 2025<\/del>\u00a0 <del>June 3rd, 2025<\/del> <del>June 10th, 2025<\/del><\/p><\/li><li class=\"\" data-start=\"1305\" data-end=\"1401\"><p class=\"\" data-start=\"1307\" data-end=\"1401\">Submission (executive summary, proof of defense, and full thesis\/dissertation): <del>June 3, 2025<\/del>\u00a0 <del>June 6th, 2025<\/del> <del>June 10th, 2025<\/del><\/p><\/li><li class=\"\" data-start=\"1402\" data-end=\"1463\"><p class=\"\" data-start=\"1404\" data-end=\"1463\">Notification of selected works for Phase 2: <del>July 14, 2025<\/del> <del>July 17, 2025<\/del><\/p><\/li><\/ul><p class=\"\" data-start=\"1465\" data-end=\"1495\"><em data-start=\"1465\" data-end=\"1495\"><strong>Phase 2:<\/strong> Online presentation<\/em><\/p><ul data-start=\"1497\" data-end=\"1717\"><li class=\"\" data-start=\"1497\" data-end=\"1567\"><p class=\"\" data-start=\"1499\" data-end=\"1567\">Online presentations of selected works: <del>July 28 to August 11, 2025<\/del> August 12 to August 14, 2025<\/p><\/li><li class=\"\" data-start=\"1568\" data-end=\"1651\"><p class=\"\" data-start=\"1570\" data-end=\"1651\">Announcement of results: by August 15, 2025 (best thesis and best dissertation)<\/p><\/li><li class=\"\" data-start=\"1652\" data-end=\"1717\"><p class=\"\" data-start=\"1654\" data-end=\"1717\">Final version submission for the Proceedings: August 19, 2025<\/p><\/li><\/ul><p class=\"\" data-start=\"1719\" data-end=\"1829\"><em data-start=\"1719\" data-end=\"1829\"><strong>Phase 3:<\/strong> Presentation and award ceremony of the two winners (best thesis and best dissertation) at SBBD 2025<\/em><\/p><hr class=\"\" data-start=\"1831\" data-end=\"1834\" \/><h2 data-start=\"1836\" data-end=\"1857\"><span style=\"color: #f35c2c;\"><strong data-start=\"1836\" data-end=\"1857\">Selection Process<\/strong><\/span><\/h2><p class=\"\" data-start=\"1859\" data-end=\"1898\">The selection will occur in two phases:<\/p><p class=\"\" data-start=\"1900\" data-end=\"2268\"><strong data-start=\"1900\" data-end=\"1911\">Phase 1<\/strong>: Each submission will be reviewed by at least three reviewers, who will evaluate the materials submitted (see the \u201cSubmission Instructions\u201d section). Based on the reviews, the three top-rated works in each category (PhD\/Master\u2019s) will be selected: up to three PhD theses and up to three Master\u2019s dissertations. In case of a tie, more works may be selected.<\/p><p class=\"\" data-start=\"2270\" data-end=\"2791\"><strong data-start=\"2270\" data-end=\"2281\">Phase 2<\/strong>: Authors of the selected works must present their work in a public online session to an Evaluation Committee. Each presentation must last 15 minutes and must be delivered by the author (PhD or Master). A 15-minute Q&amp;A session will follow each presentation. The session schedule will be announced 15 days in advance. The best thesis and dissertation will be selected based on the scientific content (as evaluated in Phase 1), the quality of the oral presentation, and how well the author responds to questions.<\/p><hr class=\"\" data-start=\"2793\" data-end=\"2796\" \/><h2 data-start=\"2798\" data-end=\"2824\"><span style=\"color: #f35c2c;\"><strong data-start=\"2798\" data-end=\"2824\">Awards and Publication<\/strong><\/span><\/h2><p class=\"\" data-start=\"2826\" data-end=\"3336\">The awarded works will be presented in person at a dedicated session of SBBD 2025. An extended abstract of the winners and honorable mentions will be published in the SBBD 2025 Proceedings alongside satellite event materials. Awarded authors (of the best thesis and dissertation) must be present at the symposium to deliver their presentations. Authors are required to use their own equipment (laptops) for the presentation. If needed, a request for equipment must be made in advance to the CTDBD coordination.<\/p><hr class=\"\" data-start=\"3338\" data-end=\"3341\" \/><h2 data-start=\"3343\" data-end=\"3370\"><span style=\"color: #f35c2c;\"><strong data-start=\"3343\" data-end=\"3370\">Submission Instructions<\/strong><\/span><\/h2><p class=\"\" data-start=\"3372\" data-end=\"3620\">Submissions must be made by the author (PhD or Master) through the JEMS system. It is assumed that the advisor endorses the submission. Submissions must be made electronically through the following link:<br data-start=\"3575\" data-end=\"3578\" \/><a class=\"\" href=\"https:\/\/jems.sbc.org.br\/home.cgi?c=4673\" target=\"_new\" rel=\"noopener\" data-start=\"3581\" data-end=\"3620\">https:\/\/jems.sbc.org.br\/home.cgi?c=4673<\/a><\/p><p class=\"\" data-start=\"3622\" data-end=\"3689\">Each submission must include the following documents in PDF format:<\/p><ul data-start=\"3691\" data-end=\"3933\"><li class=\"\" data-start=\"3691\" data-end=\"3736\"><p class=\"\" data-start=\"3693\" data-end=\"3736\">Executive summary in the specified format<\/p><\/li><li class=\"\" data-start=\"3737\" data-end=\"3892\"><p class=\"\" data-start=\"3739\" data-end=\"3892\">Document proving that the thesis\/dissertation was defended and approved during the eligible period (e.g., diploma, signed defense minutes, certificate)<\/p><\/li><li class=\"\" data-start=\"3893\" data-end=\"3933\"><p class=\"\" data-start=\"3895\" data-end=\"3933\">Full text of the thesis\/dissertation<\/p><\/li><\/ul><p class=\"\" data-start=\"3935\" data-end=\"4089\">All documents must be in PDF. The evaluation will be based on the executive summary. The full document will serve as a reference source for the reviewers.<\/p><hr class=\"\" data-start=\"4091\" data-end=\"4094\" \/><h2 data-start=\"4096\" data-end=\"4124\"><span style=\"color: #f35c2c;\"><strong data-start=\"4096\" data-end=\"4124\">Executive Summary Format<\/strong><\/span><\/h2><p class=\"\" data-start=\"4126\" data-end=\"4163\">The executive summary must include:<\/p><ul data-start=\"4164\" data-end=\"4333\"><li class=\"\" data-start=\"4164\" data-end=\"4180\"><p class=\"\" data-start=\"4166\" data-end=\"4180\">1 cover page<\/p><\/li><li class=\"\" data-start=\"4181\" data-end=\"4245\"><p class=\"\" data-start=\"4183\" data-end=\"4245\">Up to 2 pages of detailed description in predefined sections<\/p><\/li><li class=\"\" data-start=\"4246\" data-end=\"4300\"><p class=\"\" data-start=\"4248\" data-end=\"4300\">1 page for scientific and technological production<\/p><\/li><li class=\"\" data-start=\"4301\" data-end=\"4333\"><p class=\"\" data-start=\"4303\" data-end=\"4333\">Unlimited pages for references<\/p><\/li><\/ul><p class=\"\" data-start=\"4335\" data-end=\"4370\">Margins: Minimum 2 cm on all sides.<\/p><p class=\"\" data-start=\"4372\" data-end=\"4398\"><strong data-start=\"4372\" data-end=\"4396\">Page 1 \u2013 Cover page:<\/strong><\/p><ul data-start=\"4399\" data-end=\"4927\"><li class=\"\" data-start=\"4399\" data-end=\"4428\"><p class=\"\" data-start=\"4401\" data-end=\"4428\">Category: Master\u2019s or PhD<\/p><\/li><li class=\"\" data-start=\"4429\" data-end=\"4439\"><p class=\"\" data-start=\"4431\" data-end=\"4439\">Author<\/p><\/li><li class=\"\" data-start=\"4440\" data-end=\"4449\"><p class=\"\" data-start=\"4442\" data-end=\"4449\">Title<\/p><\/li><li class=\"\" data-start=\"4450\" data-end=\"4483\"><p class=\"\" data-start=\"4452\" data-end=\"4483\">Graduate Program \/ University<\/p><\/li><li class=\"\" data-start=\"4484\" data-end=\"4530\"><p class=\"\" data-start=\"4486\" data-end=\"4530\">Advisor (include co-advisor if applicable)<\/p><\/li><li class=\"\" data-start=\"4531\" data-end=\"4563\"><p class=\"\" data-start=\"4533\" data-end=\"4563\">Date of defense and approval<\/p><\/li><li class=\"\" data-start=\"4564\" data-end=\"4615\"><p class=\"\" data-start=\"4566\" data-end=\"4615\">Names and affiliations of the committee members<\/p><\/li><li class=\"\" data-start=\"4616\" data-end=\"4758\"><p class=\"\" data-start=\"4618\" data-end=\"4758\">Grade and honors (if applicable): mention if the institution assigns grades\/honors, the grade obtained, and if any distinction was awarded<\/p><\/li><li class=\"\" data-start=\"4759\" data-end=\"4927\"><p class=\"\" data-start=\"4761\" data-end=\"4927\">Highlights: up to 5 bullet points (max. 85 characters each), highlighting innovative and\/or remarkable aspects of the work, as per Elsevier\u2019s definition of highlights<\/p><\/li><\/ul><p class=\"\" data-start=\"4929\" data-end=\"4983\"><strong data-start=\"4929\" data-end=\"4981\">Pages 2\u20133 \u2013 Description using predefined fields:<\/strong><\/p><ul data-start=\"4984\" data-end=\"5743\"><li class=\"\" data-start=\"4984\" data-end=\"5113\"><p class=\"\" data-start=\"4986\" data-end=\"5113\"><strong data-start=\"4986\" data-end=\"5009\">Context and Problem<\/strong>: Describe the motivation, relevance, applicability, impact, challenges, and innovation gaps addressed<\/p><\/li><li class=\"\" data-start=\"5114\" data-end=\"5230\"><p class=\"\" data-start=\"5116\" data-end=\"5230\"><strong data-start=\"5116\" data-end=\"5129\">Objective<\/strong>: State the goals, especially how the work addresses the gaps using unique or innovative approaches<\/p><\/li><li class=\"\" data-start=\"5231\" data-end=\"5374\"><p class=\"\" data-start=\"5233\" data-end=\"5374\"><strong data-start=\"5233\" data-end=\"5249\">Contribution<\/strong>: List the main contributions, including scientific innovations, datasets (with link), and public code\/software (with link)<\/p><\/li><li class=\"\" data-start=\"5375\" data-end=\"5505\"><p class=\"\" data-start=\"5377\" data-end=\"5505\"><strong data-start=\"5377\" data-end=\"5416\">Advancement in the State of the Art<\/strong>: Compare your work with related ones, referencing them numerically in the bibliography<\/p><\/li><li class=\"\" data-start=\"5506\" data-end=\"5636\"><p class=\"\" data-start=\"5508\" data-end=\"5636\"><strong data-start=\"5508\" data-end=\"5528\">Solution Summary<\/strong>: Brief description of your solution and its distinguishing\/innovative features. Include figures if needed<\/p><\/li><li class=\"\" data-start=\"5637\" data-end=\"5743\"><p class=\"\" data-start=\"5639\" data-end=\"5743\"><strong data-start=\"5639\" data-end=\"5653\">Evaluation<\/strong>: Explain how the solution was evaluated, including experimental setup and key conclusions<\/p><\/li><\/ul><p class=\"\" data-start=\"5745\" data-end=\"5796\"><strong data-start=\"5745\" data-end=\"5794\">Page 4 \u2013 Scientific and Technological Output:<\/strong><\/p><ul data-start=\"5797\" data-end=\"6355\"><li class=\"\" data-start=\"5797\" data-end=\"5993\"><p class=\"\" data-start=\"5799\" data-end=\"5993\"><strong data-start=\"5799\" data-end=\"5824\">Scientific Production<\/strong>: Oral\/written communications (articles, posters, interviews, etc.), ordered by importance. Include QUALIS if available. You may include accepted but unpublished works<\/p><\/li><li class=\"\" data-start=\"5994\" data-end=\"6111\"><p class=\"\" data-start=\"5996\" data-end=\"6111\"><strong data-start=\"5996\" data-end=\"6016\">Submitted Papers<\/strong>: List submissions pending decision, including authors, forum, and evaluation progress if any<\/p><\/li><li class=\"\" data-start=\"6112\" data-end=\"6228\"><p class=\"\" data-start=\"6114\" data-end=\"6228\"><strong data-start=\"6114\" data-end=\"6160\">Technical Production, Records, and Patents<\/strong>: Briefly describe any software or patents resulting from the work<\/p><\/li><li class=\"\" data-start=\"6229\" data-end=\"6355\"><p class=\"\" data-start=\"6231\" data-end=\"6355\"><strong data-start=\"6231\" data-end=\"6241\">Awards<\/strong>: Include honors or distinctions, identifying the awarding body and the year. Pre-finalist stages can be mentioned<\/p><\/li><\/ul><p class=\"\" data-start=\"6357\" data-end=\"6391\"><strong data-start=\"6357\" data-end=\"6391\">Page 5 and beyond \u2013 References<\/strong><\/p><hr class=\"\" data-start=\"6393\" data-end=\"6396\" \/><h2><span style=\"color: #f35c2c;\"><strong data-start=\"6398\" data-end=\"6423\">SBBD 2025 CTDBD Chair<\/strong><\/span><\/h2><p>Val\u00e9ria Ces\u00e1rio Times (UFPE)<\/p><hr class=\"\" data-start=\"6456\" data-end=\"6459\" \/><h2><span style=\"color: #f35c2c;\"><strong data-start=\"6461\" data-end=\"6482\">Program Committee<\/strong><\/span><\/h2><ul><li data-start=\"6461\" data-end=\"7157\">Agma Traina (ICMC \u2013 USP)<\/li><li data-start=\"6461\" data-end=\"7157\">\u00c2ngelo Brayner (UFC)<\/li><li data-start=\"6461\" data-end=\"7157\">Caetano Traina J\u00fanior (ICMC \u2013 USP)<\/li><li data-start=\"6461\" data-end=\"7157\">Carina Dorneles (UFSC)<\/li><li data-start=\"6461\" data-end=\"7157\">Carmem Hara (UFPR)<\/li><li data-start=\"6461\" data-end=\"7157\">Cristina Aguiar (ICMC \u2013 USP)<\/li><li data-start=\"6461\" data-end=\"7157\">Daniel de Oliveira (UFF)<\/li><li data-start=\"6461\" data-end=\"7157\">Daniel Kaster (UEL)<\/li><li data-start=\"6461\" data-end=\"7157\">F\u00e1bio Porto (LNCC)<\/li><li data-start=\"6461\" data-end=\"7157\">Fl\u00e1vio Sousa (UFC)<\/li><li data-start=\"6461\" data-end=\"7157\">Javam Machado (UFC)<\/li><li data-start=\"6461\" data-end=\"7157\">Jorge Barbosa (UNISINOS)<\/li><li data-start=\"6461\" data-end=\"7157\">Jos\u00e9 Ant\u00f4nio Macedo (UFC)<\/li><li data-start=\"6461\" data-end=\"7157\">Jos\u00e9 Maria Monteiro (UFC)<\/li><li data-start=\"6461\" data-end=\"7157\">Jos\u00e9 Palazzo (UFRGS)<\/li><li data-start=\"6461\" data-end=\"7157\">Karin Becker (UFRGS)<\/li><li data-start=\"6461\" data-end=\"7157\">Marcela Ribeiro (UFSCar)<\/li><li data-start=\"6461\" data-end=\"7157\">Marco Antonio Casanova (PUC-Rio)<\/li><li data-start=\"6461\" data-end=\"7157\">Mirella Moro (UFMG)<\/li><li data-start=\"6461\" data-end=\"7157\">Renata Galante (UFRGS)<\/li><li data-start=\"6461\" data-end=\"7157\">Renato Fileto (UFSC)<\/li><li data-start=\"6461\" data-end=\"7157\">Ricardo Ciferri (UFSCar)<\/li><li data-start=\"6461\" data-end=\"7157\">Ronaldo Mello (UFSC)<\/li><li data-start=\"6461\" data-end=\"7157\">Sergio Lifschitz (PUC-Rio)<\/li><li data-start=\"6461\" data-end=\"7157\"><strong data-start=\"7125\" data-end=\"7157\">Valeria Times (UFPE) \u2013 chair<\/strong><\/li><\/ul><hr class=\"\" data-start=\"7159\" data-end=\"7162\" \/><h2><span style=\"color: #f35c2c;\"><strong data-start=\"7164\" data-end=\"7202\">Contact for Additional Information<\/strong><\/span><\/h2><p class=\"\" data-start=\"7164\" data-end=\"7285\">For further information, please contact the CTDBD 2025 Chair at: <a rel=\"noopener\" data-start=\"7270\" data-end=\"7285\">vct@cin.ufpe.br<\/a><\/p><div style=\"display: none; contain: layout style paint; position: absolute !important; z-index: 2147483647 !important; filter: none !important; width: fit-content; pointer-events: auto !important;\">\u00a0<\/div>\t\t\t\t\t\t\t\t<\/div>\n\t\t\t\t<\/div>\n\t\t\t\t\t<\/div>\n\t\t\t\t<\/div>\n\t\t<div class=\"elementor-element elementor-element-b8d673d e-con-full e-flex e-con e-parent\" data-id=\"b8d673d\" data-element_type=\"container\" data-e-type=\"container\" data-settings=\"{&quot;background_background&quot;:&quot;gradient&quot;,&quot;shape_divider_top&quot;:&quot;waves&quot;}\">\n\t\t\t\t<div class=\"elementor-shape elementor-shape-top\" aria-hidden=\"true\" data-negative=\"false\">\n\t\t\t<svg xmlns=\"http:\/\/www.w3.org\/2000\/svg\" viewBox=\"0 0 1000 100\" preserveAspectRatio=\"none\">\n\t<path class=\"elementor-shape-fill\" d=\"M421.9,6.5c22.6-2.5,51.5,0.4,75.5,5.3c23.6,4.9,70.9,23.5,100.5,35.7c75.8,32.2,133.7,44.5,192.6,49.7\n\tc23.6,2.1,48.7,3.5,103.4-2.5c54.7-6,106.2-25.6,106.2-25.6V0H0v30.3c0,0,72,32.6,158.4,30.5c39.2-0.7,92.8-6.7,134-22.4\n\tc21.2-8.1,52.2-18.2,79.7-24.2C399.3,7.9,411.6,7.5,421.9,6.5z\"\/>\n<\/svg>\t\t<\/div>\n\t\t\t\t<\/div>\n\t\t\t\t<\/div>\n\t\t","protected":false},"excerpt":{"rendered":"<p>Thesis and Dissertation Contest on Databases (CTDBD) We are pleased to announce the works accepted for the second phase of the Thesis and Dissertation Contest on Databases \u2013 CTDBD of SBBD 2025. The works will be presented on the SBC channel (https:\/\/www.youtube.com\/@sbcoficial\/) on the dates and times defined below. Congratulations to the selected participants! DOCTORATE [&hellip;]<\/p>\n","protected":false},"author":2,"featured_media":0,"parent":0,"menu_order":0,"comment_status":"closed","ping_status":"closed","template":"","meta":{"footnotes":""},"class_list":["post-1725","page","type-page","status-publish","hentry"],"_links":{"self":[{"href":"https:\/\/sbbd.org.br\/2025\/wp-json\/wp\/v2\/pages\/1725","targetHints":{"allow":["GET"]}}],"collection":[{"href":"https:\/\/sbbd.org.br\/2025\/wp-json\/wp\/v2\/pages"}],"about":[{"href":"https:\/\/sbbd.org.br\/2025\/wp-json\/wp\/v2\/types\/page"}],"author":[{"embeddable":true,"href":"https:\/\/sbbd.org.br\/2025\/wp-json\/wp\/v2\/users\/2"}],"replies":[{"embeddable":true,"href":"https:\/\/sbbd.org.br\/2025\/wp-json\/wp\/v2\/comments?post=1725"}],"version-history":[{"count":19,"href":"https:\/\/sbbd.org.br\/2025\/wp-json\/wp\/v2\/pages\/1725\/revisions"}],"predecessor-version":[{"id":4855,"href":"https:\/\/sbbd.org.br\/2025\/wp-json\/wp\/v2\/pages\/1725\/revisions\/4855"}],"wp:attachment":[{"href":"https:\/\/sbbd.org.br\/2025\/wp-json\/wp\/v2\/media?parent=1725"}],"curies":[{"name":"wp","href":"https:\/\/api.w.org\/{rel}","templated":true}]}}