{"id":1723,"date":"2025-04-17T22:35:41","date_gmt":"2025-04-18T01:35:41","guid":{"rendered":"https:\/\/sbbd.org.br\/2025\/?page_id=1723"},"modified":"2025-08-14T15:01:36","modified_gmt":"2025-08-14T18:01:36","slug":"mini-courses","status":"publish","type":"page","link":"https:\/\/sbbd.org.br\/2025\/en\/mini-courses\/","title":{"rendered":"Mini-Courses"},"content":{"rendered":"<h1><strong>Accepted Short Courses<\/strong><\/h1>\n<ul>\n<li class=\"ds-markdown-paragraph\"><strong>Diffusion Models: An Accessible Introduction to State-of-the-Art Data Generation<\/strong> &#8211; Samir Braga Chaves (UFC), Vaux Sandino Diniz Gomes (IFCE), Jos\u00e9 Ant\u00f4nio Fernandes de Mac\u00eado (UFC), Regis Pires<br \/>\nMagalh\u00e3es (UFC), C\u00e9sar Lincoln Cavalcante Mattos (UFC)<\/li>\n<li class=\"ds-markdown-paragraph\"><strong>Introduction to LLM-Based Agents<\/strong>\u00a0&#8211; Eduardo Bezerra (CEFET-RJ)<\/li>\n<\/ul>\n","protected":false},"excerpt":{"rendered":"<p>Accepted Short Courses Diffusion Models: An Accessible Introduction to State-of-the-Art Data Generation &#8211; Samir Braga Chaves (UFC), Vaux Sandino Diniz Gomes (IFCE), Jos\u00e9 Ant\u00f4nio Fernandes de Mac\u00eado (UFC), Regis Pires Magalh\u00e3es (UFC), C\u00e9sar Lincoln Cavalcante Mattos (UFC) Introduction to LLM-Based Agents\u00a0&#8211; Eduardo Bezerra (CEFET-RJ)<\/p>\n","protected":false},"author":2,"featured_media":0,"parent":0,"menu_order":0,"comment_status":"closed","ping_status":"closed","template":"","meta":{"footnotes":""},"class_list":["post-1723","page","type-page","status-publish","hentry"],"_links":{"self":[{"href":"https:\/\/sbbd.org.br\/2025\/wp-json\/wp\/v2\/pages\/1723","targetHints":{"allow":["GET"]}}],"collection":[{"href":"https:\/\/sbbd.org.br\/2025\/wp-json\/wp\/v2\/pages"}],"about":[{"href":"https:\/\/sbbd.org.br\/2025\/wp-json\/wp\/v2\/types\/page"}],"author":[{"embeddable":true,"href":"https:\/\/sbbd.org.br\/2025\/wp-json\/wp\/v2\/users\/2"}],"replies":[{"embeddable":true,"href":"https:\/\/sbbd.org.br\/2025\/wp-json\/wp\/v2\/comments?post=1723"}],"version-history":[{"count":2,"href":"https:\/\/sbbd.org.br\/2025\/wp-json\/wp\/v2\/pages\/1723\/revisions"}],"predecessor-version":[{"id":4593,"href":"https:\/\/sbbd.org.br\/2025\/wp-json\/wp\/v2\/pages\/1723\/revisions\/4593"}],"wp:attachment":[{"href":"https:\/\/sbbd.org.br\/2025\/wp-json\/wp\/v2\/media?parent=1723"}],"curies":[{"name":"wp","href":"https:\/\/api.w.org\/{rel}","templated":true}]}}