{"id":1715,"date":"2025-04-17T22:33:34","date_gmt":"2025-04-18T01:33:34","guid":{"rendered":"https:\/\/sbbd.org.br\/2025\/?page_id=1715"},"modified":"2025-08-15T15:37:24","modified_gmt":"2025-08-15T18:37:24","slug":"workshops","status":"publish","type":"page","link":"https:\/\/sbbd.org.br\/2025\/en\/workshops\/","title":{"rendered":"Workshops"},"content":{"rendered":"\t\t<div data-elementor-type=\"wp-page\" data-elementor-id=\"1715\" class=\"elementor elementor-1715\">\n\t\t\t\t<div class=\"elementor-element elementor-element-2623d23e e-flex e-con-boxed e-con e-parent\" data-id=\"2623d23e\" data-element_type=\"container\" data-e-type=\"container\">\n\t\t\t\t\t<div class=\"e-con-inner\">\n\t\t\t\t<div class=\"elementor-element elementor-element-8da19da elementor-widget elementor-widget-spacer\" data-id=\"8da19da\" data-element_type=\"widget\" data-e-type=\"widget\" data-widget_type=\"spacer.default\">\n\t\t\t\t<div class=\"elementor-widget-container\">\n\t\t\t\t\t\t\t<div class=\"elementor-spacer\">\n\t\t\t<div class=\"elementor-spacer-inner\"><\/div>\n\t\t<\/div>\n\t\t\t\t\t\t<\/div>\n\t\t\t\t<\/div>\n\t\t<div class=\"elementor-element elementor-element-dfbd89f e-flex e-con-boxed e-con e-child\" data-id=\"dfbd89f\" data-element_type=\"container\" data-e-type=\"container\">\n\t\t\t\t\t<div class=\"e-con-inner\">\n\t\t\t\t<div class=\"elementor-element elementor-element-e4a2829 elementor-widget elementor-widget-heading\" data-id=\"e4a2829\" data-element_type=\"widget\" data-e-type=\"widget\" data-widget_type=\"heading.default\">\n\t\t\t\t<div class=\"elementor-widget-container\">\n\t\t\t\t\t<h2 class=\"elementor-heading-title elementor-size-default\">WORKSHOPS<\/h2>\t\t\t\t<\/div>\n\t\t\t\t<\/div>\n\t\t\t\t<div class=\"elementor-element elementor-element-4621643 elementor-widget elementor-widget-image\" data-id=\"4621643\" data-element_type=\"widget\" data-e-type=\"widget\" data-widget_type=\"image.default\">\n\t\t\t\t<div class=\"elementor-widget-container\">\n\t\t\t\t\t\t\t\t\t\t\t\t\t\t\t<img decoding=\"async\" width=\"246\" height=\"18\" src=\"https:\/\/sbbd.org.br\/2025\/wp-content\/uploads\/2025\/05\/Frame-4-e1748889604907.png\" class=\"attachment-large size-large wp-image-2871\" alt=\"\" \/>\t\t\t\t\t\t\t\t\t\t\t\t\t\t\t<\/div>\n\t\t\t\t<\/div>\n\t\t<div class=\"elementor-element elementor-element-f6f9645 e-con-full e-flex e-con e-child\" data-id=\"f6f9645\" data-element_type=\"container\" data-e-type=\"container\">\n\t\t\t\t<div class=\"elementor-element elementor-element-4b26ef8 elementor-widget elementor-widget-heading\" data-id=\"4b26ef8\" data-element_type=\"widget\" data-e-type=\"widget\" data-widget_type=\"heading.default\">\n\t\t\t\t<div class=\"elementor-widget-container\">\n\t\t\t\t\t<h2 class=\"elementor-heading-title elementor-size-default\">CALL FOR WORKSHOPS<\/h2>\t\t\t\t<\/div>\n\t\t\t\t<\/div>\n\t\t\t\t<div class=\"elementor-element elementor-element-b45805e elementor-widget elementor-widget-text-editor\" data-id=\"b45805e\" data-element_type=\"widget\" data-e-type=\"widget\" data-widget_type=\"text-editor.default\">\n\t\t\t\t<div class=\"elementor-widget-container\">\n\t\t\t\t\t\t\t\t\t<p data-start=\"84\" data-end=\"106\"><span style=\"font-size: 20px; font-style: inherit; font-weight: inherit; font-family: var( --e-global-typography-text-font-family ), Sans-serif; text-align: var(--text-align); letter-spacing: 0.01em;\">SBBD workshops provide a collaborative environment for the exchange of innovative ideas and discussions on new research directions.<\/span><\/p><ul><li data-start=\"160\" data-end=\"207\"><p data-start=\"162\" data-end=\"207\"><a href=\"https:\/\/sbbd.org.br\/2025\/bresci-pt\/\"><strong data-start=\"162\" data-end=\"172\">BreSci<\/strong> \u2013 <em data-start=\"175\" data-end=\"205\">Brazilian e-Science Workshop<\/em><\/a><\/p><\/li><li data-start=\"208\" data-end=\"249\"><p data-start=\"210\" data-end=\"249\"><a href=\"https:\/\/sites.google.com\/view\/sbbd-dsw\" target=\"_blank\" rel=\"noopener\"><strong data-start=\"210\" data-end=\"217\">DSW<\/strong> \u2013 <em data-start=\"220\" data-end=\"247\">Dataset Showcase Workshop<\/em><\/a><\/p><\/li><li data-start=\"250\" data-end=\"296\"><p data-start=\"252\" data-end=\"296\"><a href=\"https:\/\/sbbd.org.br\/2025\/ds4sg\/\"><strong data-start=\"252\" data-end=\"261\">DS4SG<\/strong> \u2013 <em data-start=\"264\" data-end=\"294\">Data Science for Social Good<\/em><\/a><\/p><\/li><li data-start=\"250\" data-end=\"296\"><a href=\"https:\/\/sbbd.org.br\/2025\/index.php\/lagos\/\"><b>LAGO <\/b>&#8211; LLMs, An\u00e1lise de Grafos e Ontologias<\/a><\/li><li data-start=\"297\" data-end=\"441\"><p data-start=\"299\" data-end=\"441\"><a href=\"https:\/\/lbd-dcc-ufmg.github.io\/rali-inct-tild-iar\/\"><strong data-start=\"299\" data-end=\"307\">RALI<\/strong> \u2013 Workshop do INCT em Intelig\u00eancia Artificial Respons\u00e1vel para Lingu\u00edstica Computacional, Tratamento e Dissemina\u00e7\u00e3o de Informa\u00e7\u00e3o<\/a><\/p><\/li><\/ul>\t\t\t\t\t\t\t\t<\/div>\n\t\t\t\t<\/div>\n\t\t\t\t<div class=\"elementor-element elementor-element-519eb7a elementor-widget elementor-widget-heading\" data-id=\"519eb7a\" data-element_type=\"widget\" data-e-type=\"widget\" data-widget_type=\"heading.default\">\n\t\t\t\t<div class=\"elementor-widget-container\">\n\t\t\t\t\t<h2 class=\"elementor-heading-title elementor-size-default\">IMPORTANT DATES<\/h2>\t\t\t\t<\/div>\n\t\t\t\t<\/div>\n\t\t\t\t<div class=\"elementor-element elementor-element-2f7e0cd elementor-widget elementor-widget-text-editor\" data-id=\"2f7e0cd\" data-element_type=\"widget\" data-e-type=\"widget\" data-widget_type=\"text-editor.default\">\n\t\t\t\t<div class=\"elementor-widget-container\">\n\t\t\t\t\t\t\t\t\t<ul data-start=\"764\" data-end=\"1062\"><li data-start=\"764\" data-end=\"818\"><p data-start=\"766\" data-end=\"818\"><strong data-start=\"766\" data-end=\"799\">Workshop proposal submission:<\/strong> <del>April 7, 2025, <\/del><strong>April 14, 2025<\/strong><\/p><\/li><li data-start=\"819\" data-end=\"875\"><p data-start=\"821\" data-end=\"875\"><strong data-start=\"821\" data-end=\"858\">Proposal acceptance notification:<\/strong> <del> April 21, 2025<\/del> <strong>April 28, 2025<\/strong><\/p><\/li><li data-start=\"876\" data-end=\"947\"><p data-start=\"878\" data-end=\"947\"><strong data-start=\"878\" data-end=\"930\">Workshop description and website URL submission:<\/strong> <del>April 30, 2025 <\/del><strong>May 07, 2025<\/strong><\/p><\/li><li data-start=\"948\" data-end=\"1062\"><p data-start=\"950\" data-end=\"1062\"><strong data-start=\"950\" data-end=\"979\">Final version submission:<\/strong> <strong>August 4, 2025<\/strong><br data-start=\"994\" data-end=\"997\" \/><em data-start=\"999\" data-end=\"1062\">(including all accepted papers and a summary of the workshop)<\/em><\/p><\/li><\/ul>\t\t\t\t\t\t\t\t<\/div>\n\t\t\t\t<\/div>\n\t\t\t\t<div class=\"elementor-element elementor-element-56c7b6c elementor-widget elementor-widget-heading\" data-id=\"56c7b6c\" data-element_type=\"widget\" data-e-type=\"widget\" data-widget_type=\"heading.default\">\n\t\t\t\t<div class=\"elementor-widget-container\">\n\t\t\t\t\t<h2 class=\"elementor-heading-title elementor-size-default\">SUBMISSION INSTRUCTIONS<\/h2>\t\t\t\t<\/div>\n\t\t\t\t<\/div>\n\t\t\t\t<div class=\"elementor-element elementor-element-29d9053 elementor-widget elementor-widget-text-editor\" data-id=\"29d9053\" data-element_type=\"widget\" data-e-type=\"widget\" data-widget_type=\"text-editor.default\">\n\t\t\t\t<div class=\"elementor-widget-container\">\n\t\t\t\t\t\t\t\t\t<p data-start=\"1098\" data-end=\"1269\">We encourage potential workshop organizers to submit proposals for interactive events, focusing on in-depth analysis and innovative approaches to emerging database topics.<\/p><p data-start=\"1271\" data-end=\"1381\">Workshop proposals should be <strong data-start=\"1300\" data-end=\"1316\">3 to 5 pages<\/strong> long (in PDF format) and must include the following information:<\/p><ul data-start=\"1383\" data-end=\"1671\"><li data-start=\"1383\" data-end=\"1401\"><p data-start=\"1385\" data-end=\"1401\">Workshop title<\/p><\/li><li data-start=\"1402\" data-end=\"1424\"><p data-start=\"1404\" data-end=\"1424\">Topics of interest<\/p><\/li><li data-start=\"1425\" data-end=\"1468\"><p data-start=\"1427\" data-end=\"1468\">Relevance to the main conference themes<\/p><\/li><li data-start=\"1469\" data-end=\"1515\"><p data-start=\"1471\" data-end=\"1515\">Format and duration (half-day or full-day)<\/p><\/li><li data-start=\"1516\" data-end=\"1580\"><p data-start=\"1518\" data-end=\"1580\">Proposed program committee (names, emails, and affiliations)<\/p><\/li><li data-start=\"1581\" data-end=\"1632\"><p data-start=\"1583\" data-end=\"1632\">Expected number of submissions and participants<\/p><\/li><li data-start=\"1633\" data-end=\"1671\"><p data-start=\"1635\" data-end=\"1671\">Expected number of accepted papers<\/p><\/li><\/ul><p data-start=\"1673\" data-end=\"1982\">Each proposal must be accompanied by a short CV for each organizer (maximum 2 pages per person), including a photo, brief bio highlighting experience in event organization, and any available information from previous editions of the proposed workshop, especially regarding submission and registration numbers.<\/p><p data-start=\"1984\" data-end=\"2133\">Please note that <strong data-start=\"2001\" data-end=\"2072\">at least one of the workshop organizers must register for SBBD 2025<\/strong> and attend the conference, at a minimum during the workshop.<\/p><p data-start=\"2135\" data-end=\"2312\">For accepted workshops, the <strong data-start=\"2163\" data-end=\"2213\">paper submission and author notification dates<\/strong> will be defined by the organizers but must align with the <strong data-start=\"2272\" data-end=\"2291\">important dates<\/strong> listed in this call.<\/p><p data-start=\"2314\" data-end=\"2447\">Proposals must be submitted <strong data-start=\"2342\" data-end=\"2354\">by email<\/strong> to <strong data-start=\"2358\" data-end=\"2382\">laribeiro@inf.ufg.br<\/strong> with the subject:<br data-start=\"2400\" data-end=\"2403\" \/><strong data-start=\"2403\" data-end=\"2447\">\u201c[SBBD2025-Workshops] Workshop Proposal\u201d<\/strong><\/p>\t\t\t\t\t\t\t\t<\/div>\n\t\t\t\t<\/div>\n\t\t\t\t<div class=\"elementor-element elementor-element-82e6ed0 elementor-widget elementor-widget-heading\" data-id=\"82e6ed0\" data-element_type=\"widget\" data-e-type=\"widget\" data-widget_type=\"heading.default\">\n\t\t\t\t<div class=\"elementor-widget-container\">\n\t\t\t\t\t<h2 class=\"elementor-heading-title elementor-size-default\">SELECTION PROCESS<\/h2>\t\t\t\t<\/div>\n\t\t\t\t<\/div>\n\t\t\t\t<div class=\"elementor-element elementor-element-7338bae elementor-widget elementor-widget-text-editor\" data-id=\"7338bae\" data-element_type=\"widget\" data-e-type=\"widget\" data-widget_type=\"text-editor.default\">\n\t\t\t\t<div class=\"elementor-widget-container\">\n\t\t\t\t\t\t\t\t\t<p data-start=\"766\" data-end=\"818\">Workshop proposals will be evaluated based on their quality, alignment with SBBD\u2019s main topics, potential to attract participants, opportunities for debate and discussion, and the organizers&#8217; experience. Accepted workshop organizers are also encouraged to invite speakers to promote participant interaction and discussion.<\/p>\t\t\t\t\t\t\t\t<\/div>\n\t\t\t\t<\/div>\n\t\t\t\t<div class=\"elementor-element elementor-element-d6727ef elementor-widget elementor-widget-heading\" data-id=\"d6727ef\" data-element_type=\"widget\" data-e-type=\"widget\" data-widget_type=\"heading.default\">\n\t\t\t\t<div class=\"elementor-widget-container\">\n\t\t\t\t\t<h2 class=\"elementor-heading-title elementor-size-default\">GENERAL CHAIR<\/h2>\t\t\t\t<\/div>\n\t\t\t\t<\/div>\n\t\t\t\t<div class=\"elementor-element elementor-element-79f7681 elementor-widget elementor-widget-text-editor\" data-id=\"79f7681\" data-element_type=\"widget\" data-e-type=\"widget\" data-widget_type=\"text-editor.default\">\n\t\t\t\t<div class=\"elementor-widget-container\">\n\t\t\t\t\t\t\t\t\t<p><strong data-start=\"2827\" data-end=\"2855\">Leonardo Andrade Ribeiro<\/strong><br data-start=\"2855\" data-end=\"2858\" \/>Institute of Informatics \u2013 Federal University of Goi\u00e1s (INF\/UFG) \u2013 Brazil<br data-start=\"2931\" data-end=\"2934\" \/><strong data-start=\"2934\" data-end=\"2958\"><a rel=\"noopener\" data-start=\"2936\" data-end=\"2956\">laribeiro@inf.ufg.br<\/a><\/strong><\/p>\t\t\t\t\t\t\t\t<\/div>\n\t\t\t\t<\/div>\n\t\t\t\t<\/div>\n\t\t\t\t\t<\/div>\n\t\t\t\t<\/div>\n\t\t\t\t\t<\/div>\n\t\t\t\t<\/div>\n\t\t\t\t<\/div>\n\t\t","protected":false},"excerpt":{"rendered":"<p>WORKSHOPS CALL FOR WORKSHOPS SBBD workshops provide a collaborative environment for the exchange of innovative ideas and discussions on new research directions. BreSci \u2013 Brazilian e-Science Workshop DSW \u2013 Dataset Showcase Workshop DS4SG \u2013 Data Science for Social Good LAGO &#8211; LLMs, An\u00e1lise de Grafos e Ontologias RALI \u2013 Workshop do INCT em Intelig\u00eancia Artificial [&hellip;]<\/p>\n","protected":false},"author":2,"featured_media":0,"parent":0,"menu_order":0,"comment_status":"closed","ping_status":"closed","template":"","meta":{"footnotes":""},"class_list":["post-1715","page","type-page","status-publish","hentry"],"_links":{"self":[{"href":"https:\/\/sbbd.org.br\/2025\/wp-json\/wp\/v2\/pages\/1715","targetHints":{"allow":["GET"]}}],"collection":[{"href":"https:\/\/sbbd.org.br\/2025\/wp-json\/wp\/v2\/pages"}],"about":[{"href":"https:\/\/sbbd.org.br\/2025\/wp-json\/wp\/v2\/types\/page"}],"author":[{"embeddable":true,"href":"https:\/\/sbbd.org.br\/2025\/wp-json\/wp\/v2\/users\/2"}],"replies":[{"embeddable":true,"href":"https:\/\/sbbd.org.br\/2025\/wp-json\/wp\/v2\/comments?post=1715"}],"version-history":[{"count":32,"href":"https:\/\/sbbd.org.br\/2025\/wp-json\/wp\/v2\/pages\/1715\/revisions"}],"predecessor-version":[{"id":4741,"href":"https:\/\/sbbd.org.br\/2025\/wp-json\/wp\/v2\/pages\/1715\/revisions\/4741"}],"wp:attachment":[{"href":"https:\/\/sbbd.org.br\/2025\/wp-json\/wp\/v2\/media?parent=1715"}],"curies":[{"name":"wp","href":"https:\/\/api.w.org\/{rel}","templated":true}]}}