{"id":1437,"date":"2025-03-27T17:21:44","date_gmt":"2025-03-27T20:21:44","guid":{"rendered":"https:\/\/sbbd.org.br\/2025\/?page_id=1437"},"modified":"2025-08-18T11:24:21","modified_gmt":"2025-08-18T14:24:21","slug":"wtag","status":"publish","type":"page","link":"https:\/\/sbbd.org.br\/2025\/wtag\/","title":{"rendered":"WTAG"},"content":{"rendered":"\t\t<div data-elementor-type=\"wp-page\" data-elementor-id=\"1437\" class=\"elementor elementor-1437\">\n\t\t\t\t<div class=\"elementor-element elementor-element-254e43c1 e-flex e-con-boxed e-con e-parent\" data-id=\"254e43c1\" data-element_type=\"container\" data-e-type=\"container\">\n\t\t\t\t\t<div class=\"e-con-inner\">\n\t\t<div class=\"elementor-element elementor-element-f6fdf60 e-con-full e-flex e-con e-child\" data-id=\"f6fdf60\" data-element_type=\"container\" data-e-type=\"container\">\n\t\t\t\t<div class=\"elementor-element elementor-element-e0f6384 elementor-widget elementor-widget-heading\" data-id=\"e0f6384\" data-element_type=\"widget\" data-e-type=\"widget\" data-widget_type=\"heading.default\">\n\t\t\t\t<div class=\"elementor-widget-container\">\n\t\t\t\t\t<h2 class=\"elementor-heading-title elementor-size-default\">WTAG<\/h2>\t\t\t\t<\/div>\n\t\t\t\t<\/div>\n\t\t\t\t<div class=\"elementor-element elementor-element-eb16c9f sublinhado elementor-widget__width-initial elementor-widget elementor-widget-image\" data-id=\"eb16c9f\" data-element_type=\"widget\" data-e-type=\"widget\" data-widget_type=\"image.default\">\n\t\t\t\t<div class=\"elementor-widget-container\">\n\t\t\t\t\t\t\t\t\t\t\t\t\t\t\t<img decoding=\"async\" width=\"246\" height=\"18\" src=\"https:\/\/sbbd.org.br\/2025\/wp-content\/uploads\/2025\/08\/Frame-4-e1748889604907.png\" class=\"attachment-full size-full wp-image-4688\" alt=\"\" \/>\t\t\t\t\t\t\t\t\t\t\t\t\t\t\t<\/div>\n\t\t\t\t<\/div>\n\t\t\t\t<\/div>\n\t\t\t\t<div class=\"elementor-element elementor-element-4c6a421f elementor-widget elementor-widget-text-editor\" data-id=\"4c6a421f\" data-element_type=\"widget\" data-e-type=\"widget\" data-widget_type=\"text-editor.default\">\n\t\t\t\t<div class=\"elementor-widget-container\">\n\t\t\t\t\t\t\t\t\t<p><span style=\"font-weight: 400;\">O VI Workshop de Trabalhos de Alunos de Gradua\u00e7\u00e3o (VI WTAG) visa promover a participa\u00e7\u00e3o de estudantes de gradua\u00e7\u00e3o e de rec\u00e9m-graduados na produ\u00e7\u00e3o e divulga\u00e7\u00e3o de trabalhos sobre temas relacionados \u00e0 \u00e1rea de Banco de Dados. Autores est\u00e3o convidados a submeter trabalhos que incluam resultados parciais ou finais das suas pesquisas tecnol\u00f3gicas e cient\u00edficas, incluindo: Trabalhos de Inicia\u00e7\u00e3o Cient\u00edfica (IC), Trabalhos de Inicia\u00e7\u00e3o Tecnol\u00f3gica (IT), Trabalhos de Conclus\u00e3o de Curso (TCC), implementa\u00e7\u00f5es de software e projetos de pesquisa ou desenvolvimento independentes que se encaixem nos t\u00f3picos de interesse do SBBD 2025.<\/span><\/p>\t\t\t\t\t\t\t\t<\/div>\n\t\t\t\t<\/div>\n\t\t<div class=\"elementor-element elementor-element-4b17768 e-con-full e-flex e-con e-child\" data-id=\"4b17768\" data-element_type=\"container\" data-e-type=\"container\">\n\t\t\t\t<div class=\"elementor-element elementor-element-acf8675 svg elementor-widget elementor-widget-html\" data-id=\"acf8675\" data-element_type=\"widget\" data-e-type=\"widget\" data-widget_type=\"html.default\">\n\t\t\t\t<div class=\"elementor-widget-container\">\n\t\t\t\t\t\r\n<svg width=\"32\" height=\"32\" viewBox=\"0 0 32 32\" fill=\"none\" xmlns=\"http:\/\/www.w3.org\/2000\/svg\">\r\n<mask id=\"mask0_1097_9\" style=\"mask-type:alpha\" maskUnits=\"userSpaceOnUse\" x=\"0\" y=\"0\" width=\"32\" height=\"32\">\r\n<rect width=\"32\" height=\"32\" fill=\"#F35C2C\"\/>\r\n<\/mask>\r\n<g mask=\"url(#mask0_1097_9)\">\r\n<path d=\"M6.66667 29.3333C5.93333 29.3333 5.30556 29.0722 4.78333 28.55C4.26111 28.0277 4 27.4 4 26.6666V7.99996C4 7.26663 4.26111 6.63885 4.78333 6.11663C5.30556 5.5944 5.93333 5.33329 6.66667 5.33329H8V2.66663H10.6667V5.33329H21.3333V2.66663H24V5.33329H25.3333C26.0667 5.33329 26.6944 5.5944 27.2167 6.11663C27.7389 6.63885 28 7.26663 28 7.99996V26.6666C28 27.4 27.7389 28.0277 27.2167 28.55C26.6944 29.0722 26.0667 29.3333 25.3333 29.3333H6.66667ZM6.66667 26.6666H25.3333V13.3333H6.66667V26.6666ZM6.66667 10.6666H25.3333V7.99996H6.66667V10.6666ZM16 18.6666C15.6222 18.6666 15.3056 18.5388 15.05 18.2833C14.7944 18.0277 14.6667 17.7111 14.6667 17.3333C14.6667 16.9555 14.7944 16.6388 15.05 16.3833C15.3056 16.1277 15.6222 16 16 16C16.3778 16 16.6944 16.1277 16.95 16.3833C17.2056 16.6388 17.3333 16.9555 17.3333 17.3333C17.3333 17.7111 17.2056 18.0277 16.95 18.2833C16.6944 18.5388 16.3778 18.6666 16 18.6666ZM10.6667 18.6666C10.2889 18.6666 9.97222 18.5388 9.71667 18.2833C9.46111 18.0277 9.33333 17.7111 9.33333 17.3333C9.33333 16.9555 9.46111 16.6388 9.71667 16.3833C9.97222 16.1277 10.2889 16 10.6667 16C11.0444 16 11.3611 16.1277 11.6167 16.3833C11.8722 16.6388 12 16.9555 12 17.3333C12 17.7111 11.8722 18.0277 11.6167 18.2833C11.3611 18.5388 11.0444 18.6666 10.6667 18.6666ZM21.3333 18.6666C20.9556 18.6666 20.6389 18.5388 20.3833 18.2833C20.1278 18.0277 20 17.7111 20 17.3333C20 16.9555 20.1278 16.6388 20.3833 16.3833C20.6389 16.1277 20.9556 16 21.3333 16C21.7111 16 22.0278 16.1277 22.2833 16.3833C22.5389 16.6388 22.6667 16.9555 22.6667 17.3333C22.6667 17.7111 22.5389 18.0277 22.2833 18.2833C22.0278 18.5388 21.7111 18.6666 21.3333 18.6666ZM16 24C15.6222 24 15.3056 23.8722 15.05 23.6166C14.7944 23.3611 14.6667 23.0444 14.6667 22.6666C14.6667 22.2888 14.7944 21.9722 15.05 21.7166C15.3056 21.4611 15.6222 21.3333 16 21.3333C16.3778 21.3333 16.6944 21.4611 16.95 21.7166C17.2056 21.9722 17.3333 22.2888 17.3333 22.6666C17.3333 23.0444 17.2056 23.3611 16.95 23.6166C16.6944 23.8722 16.3778 24 16 24ZM10.6667 24C10.2889 24 9.97222 23.8722 9.71667 23.6166C9.46111 23.3611 9.33333 23.0444 9.33333 22.6666C9.33333 22.2888 9.46111 21.9722 9.71667 21.7166C9.97222 21.4611 10.2889 21.3333 10.6667 21.3333C11.0444 21.3333 11.3611 21.4611 11.6167 21.7166C11.8722 21.9722 12 22.2888 12 22.6666C12 23.0444 11.8722 23.3611 11.6167 23.6166C11.3611 23.8722 11.0444 24 10.6667 24ZM21.3333 24C20.9556 24 20.6389 23.8722 20.3833 23.6166C20.1278 23.3611 20 23.0444 20 22.6666C20 22.2888 20.1278 21.9722 20.3833 21.7166C20.6389 21.4611 20.9556 21.3333 21.3333 21.3333C21.7111 21.3333 22.0278 21.4611 22.2833 21.7166C22.5389 21.9722 22.6667 22.2888 22.6667 22.6666C22.6667 23.0444 22.5389 23.3611 22.2833 23.6166C22.0278 23.8722 21.7111 24 21.3333 24Z\" fill=\"#F35C2C\"\/>\r\n<\/g>\r\n<\/svg>\r\n\t\t\t\t<\/div>\n\t\t\t\t<\/div>\n\t\t\t\t<div class=\"elementor-element elementor-element-1a8869f elementor-widget elementor-widget-heading\" data-id=\"1a8869f\" data-element_type=\"widget\" data-e-type=\"widget\" data-widget_type=\"heading.default\">\n\t\t\t\t<div class=\"elementor-widget-container\">\n\t\t\t\t\t<h2 class=\"elementor-heading-title elementor-size-default\">DATAS IMPORTANTES:<\/h2>\t\t\t\t<\/div>\n\t\t\t\t<\/div>\n\t\t\t\t<\/div>\n\t\t\t\t<div class=\"elementor-element elementor-element-c88e498 elementor-widget elementor-widget-text-editor\" data-id=\"c88e498\" data-element_type=\"widget\" data-e-type=\"widget\" data-widget_type=\"text-editor.default\">\n\t\t\t\t<div class=\"elementor-widget-container\">\n\t\t\t\t\t\t\t\t\t<ul><li>Registro de artigos: <del>2 de junho de 2025<\/del> <strong>9 de junho de 2025<\/strong><\/li><li>Submiss\u00e3o de artigos: <del>2 de junho de 2025 9 de junho de 2025<\/del> <b>14 de junho de 2025<\/b><\/li><li>Notifica\u00e7\u00e3o de aceite: 21 de julho de 2025<\/li><li>Envio da vers\u00e3o final: 28 de julho de 2025<\/li><\/ul>\t\t\t\t\t\t\t\t<\/div>\n\t\t\t\t<\/div>\n\t\t\t\t<div class=\"elementor-element elementor-element-5ef84e6 elementor-widget elementor-widget-heading\" data-id=\"5ef84e6\" data-element_type=\"widget\" data-e-type=\"widget\" data-widget_type=\"heading.default\">\n\t\t\t\t<div class=\"elementor-widget-container\">\n\t\t\t\t\t<h2 class=\"elementor-heading-title elementor-size-default\">T\u00d3PICOS DE INTERESSE:<\/h2>\t\t\t\t<\/div>\n\t\t\t\t<\/div>\n\t\t\t\t<div class=\"elementor-element elementor-element-5c6be0e elementor-widget elementor-widget-text-editor\" data-id=\"5c6be0e\" data-element_type=\"widget\" data-e-type=\"widget\" data-widget_type=\"text-editor.default\">\n\t\t\t\t<div class=\"elementor-widget-container\">\n\t\t\t\t\t\t\t\t\t<p><a href=\"https:\/\/sbbd.org.br\/2023\/topicos-de-interesse\/\"><span style=\"font-weight: 400;\">https:\/\/sbbd.org.br\/2023\/topicos-de-interesse\/<\/span><b><\/b><\/a><\/p>\t\t\t\t\t\t\t\t<\/div>\n\t\t\t\t<\/div>\n\t\t\t\t<div class=\"elementor-element elementor-element-221ce1d elementor-widget elementor-widget-heading\" data-id=\"221ce1d\" data-element_type=\"widget\" data-e-type=\"widget\" data-widget_type=\"heading.default\">\n\t\t\t\t<div class=\"elementor-widget-container\">\n\t\t\t\t\t<h2 class=\"elementor-heading-title elementor-size-default\">SUBMISS\u00c3O<\/h2>\t\t\t\t<\/div>\n\t\t\t\t<\/div>\n\t\t\t\t<div class=\"elementor-element elementor-element-bb5b935 elementor-widget elementor-widget-text-editor\" data-id=\"bb5b935\" data-element_type=\"widget\" data-e-type=\"widget\" data-widget_type=\"text-editor.default\">\n\t\t\t\t<div class=\"elementor-widget-container\">\n\t\t\t\t\t\t\t\t\t<p><a href=\"https:\/\/submissoes.sbc.org.br\/home.cgi?c=4675\"><span style=\"font-weight: 400;\">Link Para o JEMS<\/span><\/a><\/p>\t\t\t\t\t\t\t\t<\/div>\n\t\t\t\t<\/div>\n\t\t\t\t<div class=\"elementor-element elementor-element-a26890d elementor-widget elementor-widget-heading\" data-id=\"a26890d\" data-element_type=\"widget\" data-e-type=\"widget\" data-widget_type=\"heading.default\">\n\t\t\t\t<div class=\"elementor-widget-container\">\n\t\t\t\t\t<h2 class=\"elementor-heading-title elementor-size-default\">INSTRU\u00c7\u00d5ES PARA SUBMISS\u00c3O:<\/h2>\t\t\t\t<\/div>\n\t\t\t\t<\/div>\n\t\t\t\t<div class=\"elementor-element elementor-element-6561876 elementor-widget elementor-widget-text-editor\" data-id=\"6561876\" data-element_type=\"widget\" data-e-type=\"widget\" data-widget_type=\"text-editor.default\">\n\t\t\t\t<div class=\"elementor-widget-container\">\n\t\t\t\t\t\t\t\t\t<p><span style=\"font-weight: 400;\">A submiss\u00e3o de artigos ser\u00e1 exclusivamente eletr\u00f4nica, por meio do sistema JEMS. Para a submiss\u00e3o, os autores devem escrever artigos em ingl\u00eas ou portugu\u00eas, limitados a 6 (seis) p\u00e1ginas de conte\u00fado, incluindo resumo (e abstract, para artigos em portugu\u00eas), figuras, diagramas, e anexos, e uma p\u00e1gina extra para refer\u00eancias. Os trabalhos devem ser formatados seguindo o modelo de artigos da SBC.<\/span><\/p><p><span style=\"font-weight: 400;\">Os artigos passar\u00e3o por um processo de revis\u00e3o pelo Comit\u00ea de Programa do WTAG, e os trabalhos selecionados ser\u00e3o organizados para apresenta\u00e7\u00e3o e publica\u00e7\u00e3o nos anais do evento.<\/span><\/p><p><span style=\"font-weight: 400;\">Cada artigo deve ter no m\u00ednimo 2 autores: (1) um estudante de gradua\u00e7\u00e3o ou rec\u00e9m-formado (graduado em 2024 ou 2025); e (2) professor orientador do trabalho. O estudante deve ser o primeiro autor da submiss\u00e3o.<\/span><\/p><p><span style=\"font-weight: 400;\">O estudante de cada artigo selecionado dever\u00e1 se inscrever no SBBD 2025 e apresentar o trabalho.<\/span><\/p>\t\t\t\t\t\t\t\t<\/div>\n\t\t\t\t<\/div>\n\t\t\t\t<div class=\"elementor-element elementor-element-0436315 elementor-widget elementor-widget-heading\" data-id=\"0436315\" data-element_type=\"widget\" data-e-type=\"widget\" data-widget_type=\"heading.default\">\n\t\t\t\t<div class=\"elementor-widget-container\">\n\t\t\t\t\t<h2 class=\"elementor-heading-title elementor-size-default\">PR\u00caMIO PARA MELHORES ARTIGOS<\/h2>\t\t\t\t<\/div>\n\t\t\t\t<\/div>\n\t\t\t\t<div class=\"elementor-element elementor-element-015ce20 elementor-widget elementor-widget-text-editor\" data-id=\"015ce20\" data-element_type=\"widget\" data-e-type=\"widget\" data-widget_type=\"text-editor.default\">\n\t\t\t\t<div class=\"elementor-widget-container\">\n\t\t\t\t\t\t\t\t\t<p><span style=\"font-weight: 400;\">Para fins de premia\u00e7\u00e3o, ser\u00e3o avaliados, por um Comit\u00ea espec\u00edfico do WTAG, os artigos aceitos revisados e a qualidade da apresenta\u00e7\u00e3o oral realizada pelo estudante.<\/span><\/p><p><span style=\"font-weight: 400;\">Os melhores artigos ser\u00e3o premiados com um certificado ao final do WTAG.<\/span><\/p>\t\t\t\t\t\t\t\t<\/div>\n\t\t\t\t<\/div>\n\t\t\t\t<div class=\"elementor-element elementor-element-9a821c9 elementor-widget elementor-widget-heading\" data-id=\"9a821c9\" data-element_type=\"widget\" data-e-type=\"widget\" data-widget_type=\"heading.default\">\n\t\t\t\t<div class=\"elementor-widget-container\">\n\t\t\t\t\t<h2 class=\"elementor-heading-title elementor-size-default\">COORDENA\u00c7\u00c3O DO WTAG<\/h2>\t\t\t\t<\/div>\n\t\t\t\t<\/div>\n\t\t\t\t<div class=\"elementor-element elementor-element-cb4c7ff elementor-widget elementor-widget-text-editor\" data-id=\"cb4c7ff\" data-element_type=\"widget\" data-e-type=\"widget\" data-widget_type=\"text-editor.default\">\n\t\t\t\t<div class=\"elementor-widget-container\">\n\t\t\t\t\t\t\t\t\t<p><span style=\"font-weight: 400;\">Alessandreia Marta de Oliveira \u2013 DCC\/UFJF \u2013 alessandreia.oliveira@ufjf.br<\/span><\/p>\t\t\t\t\t\t\t\t<\/div>\n\t\t\t\t<\/div>\n\t\t\t\t\t<\/div>\n\t\t\t\t<\/div>\n\t\t<div class=\"elementor-element elementor-element-dcc38e3 e-con-full e-flex e-con e-parent\" data-id=\"dcc38e3\" data-element_type=\"container\" data-e-type=\"container\" data-settings=\"{&quot;background_background&quot;:&quot;gradient&quot;,&quot;shape_divider_top&quot;:&quot;waves&quot;}\">\n\t\t\t\t<div class=\"elementor-shape elementor-shape-top\" aria-hidden=\"true\" data-negative=\"false\">\n\t\t\t<svg xmlns=\"http:\/\/www.w3.org\/2000\/svg\" viewBox=\"0 0 1000 100\" preserveAspectRatio=\"none\">\n\t<path class=\"elementor-shape-fill\" d=\"M421.9,6.5c22.6-2.5,51.5,0.4,75.5,5.3c23.6,4.9,70.9,23.5,100.5,35.7c75.8,32.2,133.7,44.5,192.6,49.7\n\tc23.6,2.1,48.7,3.5,103.4-2.5c54.7-6,106.2-25.6,106.2-25.6V0H0v30.3c0,0,72,32.6,158.4,30.5c39.2-0.7,92.8-6.7,134-22.4\n\tc21.2-8.1,52.2-18.2,79.7-24.2C399.3,7.9,411.6,7.5,421.9,6.5z\"\/>\n<\/svg>\t\t<\/div>\n\t\t\t\t<\/div>\n\t\t\t\t<\/div>\n\t\t","protected":false},"excerpt":{"rendered":"<p>WTAG O VI Workshop de Trabalhos de Alunos de Gradua\u00e7\u00e3o (VI WTAG) visa promover a participa\u00e7\u00e3o de estudantes de gradua\u00e7\u00e3o e de rec\u00e9m-graduados na produ\u00e7\u00e3o e divulga\u00e7\u00e3o de trabalhos sobre temas relacionados \u00e0 \u00e1rea de Banco de Dados. Autores est\u00e3o convidados a submeter trabalhos que incluam resultados parciais ou finais das suas pesquisas tecnol\u00f3gicas e [&hellip;]<\/p>\n","protected":false},"author":2,"featured_media":0,"parent":0,"menu_order":0,"comment_status":"closed","ping_status":"closed","template":"","meta":{"footnotes":""},"class_list":["post-1437","page","type-page","status-publish","hentry"],"_links":{"self":[{"href":"https:\/\/sbbd.org.br\/2025\/wp-json\/wp\/v2\/pages\/1437","targetHints":{"allow":["GET"]}}],"collection":[{"href":"https:\/\/sbbd.org.br\/2025\/wp-json\/wp\/v2\/pages"}],"about":[{"href":"https:\/\/sbbd.org.br\/2025\/wp-json\/wp\/v2\/types\/page"}],"author":[{"embeddable":true,"href":"https:\/\/sbbd.org.br\/2025\/wp-json\/wp\/v2\/users\/2"}],"replies":[{"embeddable":true,"href":"https:\/\/sbbd.org.br\/2025\/wp-json\/wp\/v2\/comments?post=1437"}],"version-history":[{"count":22,"href":"https:\/\/sbbd.org.br\/2025\/wp-json\/wp\/v2\/pages\/1437\/revisions"}],"predecessor-version":[{"id":4805,"href":"https:\/\/sbbd.org.br\/2025\/wp-json\/wp\/v2\/pages\/1437\/revisions\/4805"}],"wp:attachment":[{"href":"https:\/\/sbbd.org.br\/2025\/wp-json\/wp\/v2\/media?parent=1437"}],"curies":[{"name":"wp","href":"https:\/\/api.w.org\/{rel}","templated":true}]}}