{"id":1421,"date":"2025-03-25T08:10:34","date_gmt":"2025-03-25T11:10:34","guid":{"rendered":"https:\/\/sbbd.org.br\/2025\/?page_id=1421"},"modified":"2025-08-15T15:32:32","modified_gmt":"2025-08-15T18:32:32","slug":"minicursos-pt","status":"publish","type":"page","link":"https:\/\/sbbd.org.br\/2025\/minicursos-pt\/","title":{"rendered":"Minicursos &#8211; PT"},"content":{"rendered":"\t\t<div data-elementor-type=\"wp-page\" data-elementor-id=\"1421\" class=\"elementor elementor-1421\">\n\t\t\t\t<div class=\"elementor-element elementor-element-799dbd1e e-flex e-con-boxed e-con e-parent\" data-id=\"799dbd1e\" data-element_type=\"container\" data-e-type=\"container\">\n\t\t\t\t\t<div class=\"e-con-inner\">\n\t\t\t\t<div class=\"elementor-element elementor-element-a130a9f elementor-widget elementor-widget-spacer\" data-id=\"a130a9f\" data-element_type=\"widget\" data-e-type=\"widget\" data-widget_type=\"spacer.default\">\n\t\t\t\t<div class=\"elementor-widget-container\">\n\t\t\t\t\t\t\t<div class=\"elementor-spacer\">\n\t\t\t<div class=\"elementor-spacer-inner\"><\/div>\n\t\t<\/div>\n\t\t\t\t\t\t<\/div>\n\t\t\t\t<\/div>\n\t\t\t\t\t<\/div>\n\t\t\t\t<\/div>\n\t\t<div class=\"elementor-element elementor-element-faa22bb e-flex e-con-boxed e-con e-parent\" data-id=\"faa22bb\" data-element_type=\"container\" data-e-type=\"container\">\n\t\t\t\t\t<div class=\"e-con-inner\">\n\t\t\t\t<div class=\"elementor-element elementor-element-ddd6b25 elementor-widget elementor-widget-heading\" data-id=\"ddd6b25\" data-element_type=\"widget\" data-e-type=\"widget\" data-widget_type=\"heading.default\">\n\t\t\t\t<div class=\"elementor-widget-container\">\n\t\t\t\t\t<h2 class=\"elementor-heading-title elementor-size-default\">MINICURSOS<\/h2>\t\t\t\t<\/div>\n\t\t\t\t<\/div>\n\t\t\t\t<div class=\"elementor-element elementor-element-adbf0a0 elementor-widget elementor-widget-image\" data-id=\"adbf0a0\" data-element_type=\"widget\" data-e-type=\"widget\" data-widget_type=\"image.default\">\n\t\t\t\t<div class=\"elementor-widget-container\">\n\t\t\t\t\t\t\t\t\t\t\t\t\t\t\t<img decoding=\"async\" width=\"246\" height=\"18\" src=\"https:\/\/sbbd.org.br\/2025\/wp-content\/uploads\/2025\/05\/Frame-4-e1748889604907.png\" class=\"attachment-large size-large wp-image-2871\" alt=\"\" \/>\t\t\t\t\t\t\t\t\t\t\t\t\t\t\t<\/div>\n\t\t\t\t<\/div>\n\t\t\t\t<div class=\"elementor-element elementor-element-5e32103 elementor-widget elementor-widget-heading\" data-id=\"5e32103\" data-element_type=\"widget\" data-e-type=\"widget\" data-widget_type=\"heading.default\">\n\t\t\t\t<div class=\"elementor-widget-container\">\n\t\t\t\t\t<h2 class=\"elementor-heading-title elementor-size-default\">CHAMADA - MINICURSOS<\/h2>\t\t\t\t<\/div>\n\t\t\t\t<\/div>\n\t\t\t\t<div class=\"elementor-element elementor-element-3ba8d69 elementor-widget elementor-widget-text-editor\" data-id=\"3ba8d69\" data-element_type=\"widget\" data-e-type=\"widget\" data-widget_type=\"text-editor.default\">\n\t\t\t\t<div class=\"elementor-widget-container\">\n\t\t\t\t\t\t\t\t\t<p><span style=\"font-weight: 400;\">Os minicursos do SBBD s\u00e3o eventos de curta dura\u00e7\u00e3o com objetivo de apresentar uma vis\u00e3o introdut\u00f3ria ou avan\u00e7ada de t\u00f3picos atuais de pesquisa e\/ou tecnologia que sejam de interesse da comunidade de Banco de Dados. Com isso, o participante tem a oportunidade de aprender sobre um novo assunto vinculado \u00e0 sua \u00e1rea de atua\u00e7\u00e3o e pode tamb\u00e9m extrair elementos que podem ser aplicados em seus estudos cient\u00edficos e\/ou em suas atividades profissionais.<\/span><\/p><p><span style=\"font-weight: 400;\">Os minicursos dever\u00e3o ter 4 horas de dura\u00e7\u00e3o e apresenta\u00e7\u00e3o em portugu\u00eas ou ingl\u00eas. O p\u00fablico-alvo ser\u00e1 de estudantes de gradua\u00e7\u00e3o, p\u00f3s-gradua\u00e7\u00e3o e profissionais da \u00e1rea em geral.<\/span><\/p>\t\t\t\t\t\t\t\t<\/div>\n\t\t\t\t<\/div>\n\t\t\t\t<div class=\"elementor-element elementor-element-5f40342 elementor-widget elementor-widget-heading\" data-id=\"5f40342\" data-element_type=\"widget\" data-e-type=\"widget\" data-widget_type=\"heading.default\">\n\t\t\t\t<div class=\"elementor-widget-container\">\n\t\t\t\t\t<h2 class=\"elementor-heading-title elementor-size-default\">DATAS IMPORTANTES<\/h2>\t\t\t\t<\/div>\n\t\t\t\t<\/div>\n\t\t\t\t<div class=\"elementor-element elementor-element-c0ac83e elementor-widget elementor-widget-text-editor\" data-id=\"c0ac83e\" data-element_type=\"widget\" data-e-type=\"widget\" data-widget_type=\"text-editor.default\">\n\t\t\t\t<div class=\"elementor-widget-container\">\n\t\t\t\t\t\t\t\t\t<ul><li><p><span style=\"font-weight: 400;\"><strong>Submiss\u00e3o de minicursos:<\/strong> at\u00e9 02 de junho de 2025\u00a0<\/span><\/p><\/li><li><p><span style=\"font-weight: 400;\"><strong>Notifica\u00e7\u00e3o de aceite:<\/strong> 16 de junho de 2025<\/span><\/p><\/li><li><p><span style=\"font-weight: 400;\"><strong>Envio da vers\u00e3o final:<\/strong> 14 de agosto de 2025<\/span><\/p><\/li><\/ul>\t\t\t\t\t\t\t\t<\/div>\n\t\t\t\t<\/div>\n\t\t\t\t<div class=\"elementor-element elementor-element-f2ed0c3 elementor-widget elementor-widget-heading\" data-id=\"f2ed0c3\" data-element_type=\"widget\" data-e-type=\"widget\" data-widget_type=\"heading.default\">\n\t\t\t\t<div class=\"elementor-widget-container\">\n\t\t\t\t\t<h2 class=\"elementor-heading-title elementor-size-default\">INSTRU\u00c7\u00d5ES PARA SUBMISS\u00d5ES<\/h2>\t\t\t\t<\/div>\n\t\t\t\t<\/div>\n\t\t\t\t<div class=\"elementor-element elementor-element-957748e elementor-widget elementor-widget-text-editor\" data-id=\"957748e\" data-element_type=\"widget\" data-e-type=\"widget\" data-widget_type=\"text-editor.default\">\n\t\t\t\t<div class=\"elementor-widget-container\">\n\t\t\t\t\t\t\t\t\t<p><span style=\"font-weight: 400;\">As propostas iniciais devem se limitar a 5 (cinco) p\u00e1ginas, no modelo de cap\u00edtulo de livro da SBC (https:\/\/www.sbc.org.br\/documentos-da-sbc\/summary\/169-templates-para-artigos-e-capitulos-de-livros\/878-modelosparapublicacaodeartigos), incluindo:<\/span><\/p><ul><li style=\"font-weight: 400;\" aria-level=\"1\"><span style=\"font-weight: 400;\">T\u00edtulo do minicurso;<\/span><\/li><li style=\"font-weight: 400;\" aria-level=\"1\"><span style=\"font-weight: 400;\">Autores;<\/span><\/li><li style=\"font-weight: 400;\" aria-level=\"1\"><span style=\"font-weight: 400;\">Resumo (de at\u00e9 200 palavras);<\/span><\/li><li style=\"font-weight: 400;\" aria-level=\"1\"><span style=\"font-weight: 400;\">Indica\u00e7\u00e3o de p\u00fablico-alvo (para propostas com perfil interdisciplinar), com especifica\u00e7\u00e3o e justificativa de pr\u00e9-requisitos;<\/span><\/li><li style=\"font-weight: 400;\" aria-level=\"1\"><span style=\"font-weight: 400;\">Sum\u00e1rio do texto com uma descri\u00e7\u00e3o para cada um dos t\u00f3picos do sum\u00e1rio;<\/span><\/li><li style=\"font-weight: 400;\" aria-level=\"1\"><span style=\"font-weight: 400;\">Indica\u00e7\u00e3o de por que o curso \u00e9 interessante e deve atrair a aten\u00e7\u00e3o do p\u00fablico alvo;<\/span><\/li><li style=\"font-weight: 400;\" aria-level=\"1\"><span style=\"font-weight: 400;\">Breve curr\u00edculo dos autores;<\/span><\/li><li style=\"font-weight: 400;\" aria-level=\"1\"><span style=\"font-weight: 400;\">Indica\u00e7\u00e3o de qual autor apresentar\u00e1 o curso;<\/span><\/li><li style=\"font-weight: 400;\" aria-level=\"1\"><span style=\"font-weight: 400;\">Os recursos computacionais e audiovisuais necess\u00e1rios.<\/span><\/li><\/ul><p><span style=\"font-weight: 400;\">A submiss\u00e3o de propostas de mini-cursos deve ser realizada diretamente por e-mail para duarte@uffs.edu.br com o assunto \u201c[SBBD2025] Submiss\u00e3o de Proposta de Minicurso\u201c. No e-mail devem constar a identifica\u00e7\u00e3o do(s) autor(es) e um arquivo, como anexo, em formato PDF, com a proposta do minicurso. As propostas ser\u00e3o avaliadas de acordo com sua originalidade, relev\u00e2ncia, apresenta\u00e7\u00e3o e afinidade com o p\u00fablico-alvo.<\/span><\/p><p><span style=\"font-weight: 400;\">As propostas iniciais aceitas participar\u00e3o de nova fase, na qual dever\u00e3o ser mais detalhadas em um texto com o m\u00ednimo de 20 p\u00e1ginas e m\u00e1ximo de 30 p\u00e1ginas. O texto ser\u00e1 publicado no formato de cap\u00edtulo de livro. Os formatos finais dos cap\u00edtulos ser\u00e3o divulgados diretamente aos autores. D\u00favidas sobre a submiss\u00e3o de mini-cursos devem ser enviadas para duarte@uffs.edu.br.<\/span><\/p><h2>\u00a0<\/h2>\t\t\t\t\t\t\t\t<\/div>\n\t\t\t\t<\/div>\n\t\t\t\t<div class=\"elementor-element elementor-element-f76c747 elementor-widget elementor-widget-heading\" data-id=\"f76c747\" data-element_type=\"widget\" data-e-type=\"widget\" data-widget_type=\"heading.default\">\n\t\t\t\t<div class=\"elementor-widget-container\">\n\t\t\t\t\t<h2 class=\"elementor-heading-title elementor-size-default\">AUX\u00cdLIO PARA VIABILIZAR A PARTICIPA\u00c7\u00c3O DE UM DOS AUTORES<\/h2>\t\t\t\t<\/div>\n\t\t\t\t<\/div>\n\t\t\t\t<div class=\"elementor-element elementor-element-c0bb9fe elementor-widget elementor-widget-text-editor\" data-id=\"c0bb9fe\" data-element_type=\"widget\" data-e-type=\"widget\" data-widget_type=\"text-editor.default\">\n\t\t\t\t<div class=\"elementor-widget-container\">\n\t\t\t\t\t\t\t\t\t<p data-start=\"766\" data-end=\"818\"><span style=\"font-weight: 400;\">Caso haja disponibilidade de recursos, um dos autores poder\u00e1 receber aux\u00edlio para passagem e hospedagem para apresentar o minicurso. Na aus\u00eancia de recursos suficientes para todos os autores selecionados, a organiza\u00e7\u00e3o do evento estabelecer\u00e1 crit\u00e9rios para a distribui\u00e7\u00e3o dos aux\u00edlios, de modo a cobrir o maior n\u00famero poss\u00edvel de propostas, informando os autores durante a submiss\u00e3o da vers\u00e3o final. Ao menos um autor do minicurso deve se inscrever no simp\u00f3sio, preferencialmente o apresentador.<\/span><\/p>\t\t\t\t\t\t\t\t<\/div>\n\t\t\t\t<\/div>\n\t\t\t\t<div class=\"elementor-element elementor-element-776709e elementor-widget elementor-widget-heading\" data-id=\"776709e\" data-element_type=\"widget\" data-e-type=\"widget\" data-widget_type=\"heading.default\">\n\t\t\t\t<div class=\"elementor-widget-container\">\n\t\t\t\t\t<h2 class=\"elementor-heading-title elementor-size-default\">COORDENA\u00c7\u00c3O DE MINICURSOS<\/h2>\t\t\t\t<\/div>\n\t\t\t\t<\/div>\n\t\t\t\t<div class=\"elementor-element elementor-element-a1f57b1 elementor-widget elementor-widget-text-editor\" data-id=\"a1f57b1\" data-element_type=\"widget\" data-e-type=\"widget\" data-widget_type=\"text-editor.default\">\n\t\t\t\t<div class=\"elementor-widget-container\">\n\t\t\t\t\t\t\t\t\t<p><span style=\"font-weight: 400;\">Denio Duarte<\/span><\/p><p><span style=\"font-weight: 400;\">Universidade Federal da Fronteira Sul (UFFS) &#8211; <\/span><span style=\"font-weight: 400;\">duarte@uffs.edu.br<\/span><\/p>\t\t\t\t\t\t\t\t<\/div>\n\t\t\t\t<\/div>\n\t\t\t\t\t<\/div>\n\t\t\t\t<\/div>\n\t\t<div class=\"elementor-element elementor-element-c291507 e-flex e-con-boxed e-con e-parent\" data-id=\"c291507\" data-element_type=\"container\" data-e-type=\"container\">\n\t\t\t\t\t<div class=\"e-con-inner\">\n\t\t\t\t\t<\/div>\n\t\t\t\t<\/div>\n\t\t\t\t<\/div>\n\t\t","protected":false},"excerpt":{"rendered":"<p>MINICURSOS CHAMADA &#8211; MINICURSOS Os minicursos do SBBD s\u00e3o eventos de curta dura\u00e7\u00e3o com objetivo de apresentar uma vis\u00e3o introdut\u00f3ria ou avan\u00e7ada de t\u00f3picos atuais de pesquisa e\/ou tecnologia que sejam de interesse da comunidade de Banco de Dados. Com isso, o participante tem a oportunidade de aprender sobre um novo assunto vinculado \u00e0 sua [&hellip;]<\/p>\n","protected":false},"author":2,"featured_media":0,"parent":0,"menu_order":0,"comment_status":"closed","ping_status":"closed","template":"","meta":{"footnotes":""},"class_list":["post-1421","page","type-page","status-publish","hentry"],"_links":{"self":[{"href":"https:\/\/sbbd.org.br\/2025\/wp-json\/wp\/v2\/pages\/1421","targetHints":{"allow":["GET"]}}],"collection":[{"href":"https:\/\/sbbd.org.br\/2025\/wp-json\/wp\/v2\/pages"}],"about":[{"href":"https:\/\/sbbd.org.br\/2025\/wp-json\/wp\/v2\/types\/page"}],"author":[{"embeddable":true,"href":"https:\/\/sbbd.org.br\/2025\/wp-json\/wp\/v2\/users\/2"}],"replies":[{"embeddable":true,"href":"https:\/\/sbbd.org.br\/2025\/wp-json\/wp\/v2\/comments?post=1421"}],"version-history":[{"count":5,"href":"https:\/\/sbbd.org.br\/2025\/wp-json\/wp\/v2\/pages\/1421\/revisions"}],"predecessor-version":[{"id":4728,"href":"https:\/\/sbbd.org.br\/2025\/wp-json\/wp\/v2\/pages\/1421\/revisions\/4728"}],"wp:attachment":[{"href":"https:\/\/sbbd.org.br\/2025\/wp-json\/wp\/v2\/media?parent=1421"}],"curies":[{"name":"wp","href":"https:\/\/api.w.org\/{rel}","templated":true}]}}