{"id":1418,"date":"2025-03-25T08:04:28","date_gmt":"2025-03-25T11:04:28","guid":{"rendered":"https:\/\/sbbd.org.br\/2025\/?page_id=1418"},"modified":"2025-09-25T22:27:40","modified_gmt":"2025-09-26T01:27:40","slug":"workshops-pt","status":"publish","type":"page","link":"https:\/\/sbbd.org.br\/2025\/workshops-pt\/","title":{"rendered":"Workshops"},"content":{"rendered":"\t\t<div data-elementor-type=\"wp-page\" data-elementor-id=\"1418\" class=\"elementor elementor-1418\">\n\t\t\t\t<div class=\"elementor-element elementor-element-3f708d2d e-flex e-con-boxed e-con e-parent\" data-id=\"3f708d2d\" data-element_type=\"container\" data-e-type=\"container\">\n\t\t\t\t\t<div class=\"e-con-inner\">\n\t\t\t\t<div class=\"elementor-element elementor-element-7458e7d elementor-widget elementor-widget-spacer\" data-id=\"7458e7d\" data-element_type=\"widget\" data-e-type=\"widget\" data-widget_type=\"spacer.default\">\n\t\t\t\t<div class=\"elementor-widget-container\">\n\t\t\t\t\t\t\t<div class=\"elementor-spacer\">\n\t\t\t<div class=\"elementor-spacer-inner\"><\/div>\n\t\t<\/div>\n\t\t\t\t\t\t<\/div>\n\t\t\t\t<\/div>\n\t\t\t\t<div class=\"elementor-element elementor-element-f2f70d2 elementor-widget elementor-widget-heading\" data-id=\"f2f70d2\" data-element_type=\"widget\" data-e-type=\"widget\" data-widget_type=\"heading.default\">\n\t\t\t\t<div class=\"elementor-widget-container\">\n\t\t\t\t\t<h2 class=\"elementor-heading-title elementor-size-default\">WORKSHOPS<\/h2>\t\t\t\t<\/div>\n\t\t\t\t<\/div>\n\t\t\t\t<div class=\"elementor-element elementor-element-7f4bcb6 elementor-widget elementor-widget-image\" data-id=\"7f4bcb6\" data-element_type=\"widget\" data-e-type=\"widget\" data-widget_type=\"image.default\">\n\t\t\t\t<div class=\"elementor-widget-container\">\n\t\t\t\t\t\t\t\t\t\t\t\t\t\t\t<img decoding=\"async\" width=\"246\" height=\"18\" src=\"https:\/\/sbbd.org.br\/2025\/wp-content\/uploads\/2025\/05\/Frame-4-e1748889604907.png\" class=\"attachment-large size-large wp-image-2871\" alt=\"\" \/>\t\t\t\t\t\t\t\t\t\t\t\t\t\t\t<\/div>\n\t\t\t\t<\/div>\n\t\t\t\t<div class=\"elementor-element elementor-element-549eb20 elementor-widget elementor-widget-heading\" data-id=\"549eb20\" data-element_type=\"widget\" data-e-type=\"widget\" data-widget_type=\"heading.default\">\n\t\t\t\t<div class=\"elementor-widget-container\">\n\t\t\t\t\t<h2 class=\"elementor-heading-title elementor-size-default\">CHAMADA PARA WORKSHOPS<\/h2>\t\t\t\t<\/div>\n\t\t\t\t<\/div>\n\t\t\t\t<div class=\"elementor-element elementor-element-e91c58b elementor-widget elementor-widget-text-editor\" data-id=\"e91c58b\" data-element_type=\"widget\" data-e-type=\"widget\" data-widget_type=\"text-editor.default\">\n\t\t\t\t<div class=\"elementor-widget-container\">\n\t\t\t\t\t\t\t\t\t<p><span style=\"font-weight: 400;\">Os <em>workshops<\/em> proporcionam um ambiente colaborativo para a troca de ideias inovadoras e a discuss\u00e3o sobre novas dire\u00e7\u00f5es de pesquisa nos t\u00f3picos de interesse do SBBD.\u00a0 Na 40a edi\u00e7\u00e3o do SBDD, ser\u00e3o realizados os seguintes <em>workshops<\/em>:<\/span><\/p><ul><li class=\"\" data-start=\"160\" data-end=\"207\"><a href=\"https:\/\/sbbd.org.br\/2025\/bresci-final\/\"><strong data-start=\"162\" data-end=\"172\">BreSci<\/strong> \u2013 <em data-start=\"175\" data-end=\"205\">Brazilian e-Science Workshop<\/em><\/a><\/li><li data-start=\"208\" data-end=\"249\"><p data-start=\"210\" data-end=\"249\"><a href=\"https:\/\/sites.google.com\/view\/sbbd-dsw\" target=\"_blank\" rel=\"noopener\"><strong data-start=\"210\" data-end=\"217\">DSW<\/strong> \u2013 <em data-start=\"220\" data-end=\"247\">Dataset Showcase Workshop<\/em><\/a><\/p><\/li><li data-start=\"250\" data-end=\"296\"><p data-start=\"252\" data-end=\"296\"><a href=\"https:\/\/sbbd.org.br\/2025\/ds4sg\/\"><strong data-start=\"252\" data-end=\"261\">DS4SG<\/strong> \u2013 <em data-start=\"264\" data-end=\"294\">Data Science for Social Good<\/em><\/a><\/p><\/li><li data-start=\"250\" data-end=\"296\"><a href=\"https:\/\/sbbd.org.br\/2025\/index.php\/lagos\/\"><b>LAGO <\/b>&#8211; LLMs, An\u00e1lise de Grafos e Ontologias<\/a><\/li><li data-start=\"297\" data-end=\"441\"><p data-start=\"299\" data-end=\"441\"><a href=\"https:\/\/lbd-dcc-ufmg.github.io\/rali-inct-tild-iar\/\"><strong data-start=\"299\" data-end=\"307\">RALI<\/strong> \u2013 Workshop do INCT em Intelig\u00eancia Artificial Respons\u00e1vel para Lingu\u00edstica Computacional, Tratamento e Dissemina\u00e7\u00e3o de Informa\u00e7\u00e3o<\/a><\/p><\/li><\/ul>\t\t\t\t\t\t\t\t<\/div>\n\t\t\t\t<\/div>\n\t\t\t\t<div class=\"elementor-element elementor-element-8ddd4d3 elementor-widget elementor-widget-heading\" data-id=\"8ddd4d3\" data-element_type=\"widget\" data-e-type=\"widget\" data-widget_type=\"heading.default\">\n\t\t\t\t<div class=\"elementor-widget-container\">\n\t\t\t\t\t<h2 class=\"elementor-heading-title elementor-size-default\">DATAS IMPORTANTES<\/h2>\t\t\t\t<\/div>\n\t\t\t\t<\/div>\n\t\t\t\t<div class=\"elementor-element elementor-element-c90474f elementor-widget elementor-widget-text-editor\" data-id=\"c90474f\" data-element_type=\"widget\" data-e-type=\"widget\" data-widget_type=\"text-editor.default\">\n\t\t\t\t<div class=\"elementor-widget-container\">\n\t\t\t\t\t\t\t\t\t<ul><li><span style=\"font-weight: 400;\">Envio da proposta de workshop: <\/span><b><s>07 abril de 2025\u00a0<\/s>14 de abril de 2025<br \/><\/b><\/li><li><span style=\"font-weight: 400;\">Notifica\u00e7\u00e3o de aceita\u00e7\u00e3o da proposta: <\/span><s>21 de abril de 2025<\/s> <strong>28 de abril de 2025\u00a0<\/strong><\/li><li><span style=\"font-weight: 400;\">Envio da descri\u00e7\u00e3o do workshop e URL do site: <\/span><s>30 de abril de 2025<\/s> <strong>07 de maio de 2025<\/strong><\/li><li><span style=\"font-weight: 400;\">Submiss\u00e3o da vers\u00e3o final: <\/span><b>04 de agosto de 2025<\/b><span style=\"font-weight: 400;\"> (incluindo todos os trabalhos aceitos e um resumo do workshop)<\/span><\/li><li style=\"list-style-type: none;\">\u00a0<\/li><\/ul>\t\t\t\t\t\t\t\t<\/div>\n\t\t\t\t<\/div>\n\t\t\t\t<div class=\"elementor-element elementor-element-a8ff822 elementor-widget elementor-widget-heading\" data-id=\"a8ff822\" data-element_type=\"widget\" data-e-type=\"widget\" data-widget_type=\"heading.default\">\n\t\t\t\t<div class=\"elementor-widget-container\">\n\t\t\t\t\t<h2 class=\"elementor-heading-title elementor-size-default\">INSTRU\u00c7\u00d5ES PARA SUBMISS\u00d5ES<\/h2>\t\t\t\t<\/div>\n\t\t\t\t<\/div>\n\t\t\t\t<div class=\"elementor-element elementor-element-4690de8 elementor-widget elementor-widget-text-editor\" data-id=\"4690de8\" data-element_type=\"widget\" data-e-type=\"widget\" data-widget_type=\"text-editor.default\">\n\t\t\t\t<div class=\"elementor-widget-container\">\n\t\t\t\t\t\t\t\t\t<p><span style=\"font-weight: 400;\">Incentivamos os potenciais coordenadores de workshops a enviar propostas de eventos interativos, com foco em an\u00e1lises aprofundadas e abordagens inovadoras para t\u00f3picos emergentes em bancos de dados.<\/span><\/p><p><span style=\"font-weight: 400;\">A proposta de workshop deve ter cerca de 3\u20135 p\u00e1ginas, em formato PDF, contendo as seguintes informa\u00e7\u00f5es:<\/span><\/p><ul><li style=\"font-weight: 400;\" aria-level=\"1\"><span style=\"font-weight: 400;\">T\u00edtulo do workshop;<\/span><\/li><li style=\"font-weight: 400;\" aria-level=\"1\"><span style=\"font-weight: 400;\">Temas de interesse para o workshop;<\/span><\/li><li style=\"font-weight: 400;\" aria-level=\"1\"><span style=\"font-weight: 400;\">Relev\u00e2ncia em rela\u00e7\u00e3o aos temas da confer\u00eancia principal;<\/span><\/li><li style=\"font-weight: 400;\" aria-level=\"1\"><span style=\"font-weight: 400;\">Formato e dura\u00e7\u00e3o (meio dia ou 1 dia inteiro);<\/span><\/li><li style=\"font-weight: 400;\" aria-level=\"1\"><span style=\"font-weight: 400;\">Comit\u00ea de programa proposto (nome, e-mails e afilia\u00e7\u00f5es);<\/span><\/li><li style=\"font-weight: 400;\" aria-level=\"1\"><span style=\"font-weight: 400;\">N\u00famero esperado de submiss\u00f5es e de participantes;<\/span><\/li><li style=\"font-weight: 400;\" aria-level=\"1\"><span style=\"font-weight: 400;\">N\u00famero esperado de trabalhos aceitos.<\/span><\/li><\/ul><p><span style=\"font-weight: 400;\">Anexo \u00e0 proposta, deve ser apresentado um pequeno CV de cada coordenador (limite de 2 p\u00e1ginas cada), incluindo foto, breve biografia de experi\u00eancia na organiza\u00e7\u00e3o de eventos e qualquer informa\u00e7\u00e3o dispon\u00edvel de edi\u00e7\u00f5es anteriores do workshop proposto, com \u00eanfase nos n\u00fameros de submiss\u00e3o e inscri\u00e7\u00e3o. Ressaltamos que pelo menos um dos coordenadores do workshop deve se inscrever no SBBD 2025 e participar da confer\u00eancia pelo menos durante o workshop.<\/span><\/p><p><span style=\"font-weight: 400;\">Nos <em>workshops<\/em> aceitos, as datas de submiss\u00e3o de artigos e notifica\u00e7\u00e3o dos autores s\u00e3o definidas pelos coordenadores, mas devem estar alinhadas \u00e0s Datas Importantes divulgadas nesta chamada.\u00a0<\/span><\/p><p><b>As propostas devem ser enviadas diretamente para o e-mail laribeiro<\/b><a href=\"mailto:kellyrb@ime.usp.br\"><b>@<\/b><\/a><b>inf.ufg.br, com o assunto \u201c[SBBD2025-Workshops] Proposta de Workshop\u201d.<\/b><\/p>\t\t\t\t\t\t\t\t<\/div>\n\t\t\t\t<\/div>\n\t\t\t\t<div class=\"elementor-element elementor-element-7f18a89 elementor-widget elementor-widget-heading\" data-id=\"7f18a89\" data-element_type=\"widget\" data-e-type=\"widget\" data-widget_type=\"heading.default\">\n\t\t\t\t<div class=\"elementor-widget-container\">\n\t\t\t\t\t<h2 class=\"elementor-heading-title elementor-size-default\">PROCESSO DE SELE\u00c7\u00c3O<\/h2>\t\t\t\t<\/div>\n\t\t\t\t<\/div>\n\t\t\t\t<div class=\"elementor-element elementor-element-eaed20d elementor-widget elementor-widget-text-editor\" data-id=\"eaed20d\" data-element_type=\"widget\" data-e-type=\"widget\" data-widget_type=\"text-editor.default\">\n\t\t\t\t<div class=\"elementor-widget-container\">\n\t\t\t\t\t\t\t\t\t<p data-start=\"766\" data-end=\"818\"><span style=\"font-weight: 400;\">As propostas de <em>workshops<\/em> ser\u00e3o analisadas com base na qualidade da proposta, sua rela\u00e7\u00e3o com os principais t\u00f3picos do SBBD, o potencial de atrair participantes, espa\u00e7o para debate e discuss\u00e3o, bem como a experi\u00eancia dos proponentes. Os coordenadores de <em>workshops<\/em> aceitos s\u00e3o incentivados a propor tamb\u00e9m palestrantes, a fim de estimular as intera\u00e7\u00f5es e discuss\u00f5es dos participantes.<\/span><\/p>\t\t\t\t\t\t\t\t<\/div>\n\t\t\t\t<\/div>\n\t\t\t\t<div class=\"elementor-element elementor-element-2d56b2c elementor-widget elementor-widget-heading\" data-id=\"2d56b2c\" data-element_type=\"widget\" data-e-type=\"widget\" data-widget_type=\"heading.default\">\n\t\t\t\t<div class=\"elementor-widget-container\">\n\t\t\t\t\t<h2 class=\"elementor-heading-title elementor-size-default\">COMISS\u00c3O GERAL<\/h2>\t\t\t\t<\/div>\n\t\t\t\t<\/div>\n\t\t\t\t<div class=\"elementor-element elementor-element-05d98da elementor-widget elementor-widget-text-editor\" data-id=\"05d98da\" data-element_type=\"widget\" data-e-type=\"widget\" data-widget_type=\"text-editor.default\">\n\t\t\t\t<div class=\"elementor-widget-container\">\n\t\t\t\t\t\t\t\t\t<p><span style=\"font-weight: 400;\">Leonardo Andrade Ribeiro\u00a0 (INF\/UFG \u2013 Goi\u00e1s, Brasil) &#8211; <\/span>laribeiro@inf.ufg.br<\/p>\t\t\t\t\t\t\t\t<\/div>\n\t\t\t\t<\/div>\n\t\t\t\t\t<\/div>\n\t\t\t\t<\/div>\n\t\t<div class=\"elementor-element elementor-element-9333b8e e-flex e-con-boxed e-con e-parent\" data-id=\"9333b8e\" data-element_type=\"container\" data-e-type=\"container\">\n\t\t\t\t\t<div class=\"e-con-inner\">\n\t\t\t\t\t<\/div>\n\t\t\t\t<\/div>\n\t\t\t\t<\/div>\n\t\t","protected":false},"excerpt":{"rendered":"<p>WORKSHOPS CHAMADA PARA WORKSHOPS Os workshops proporcionam um ambiente colaborativo para a troca de ideias inovadoras e a discuss\u00e3o sobre novas dire\u00e7\u00f5es de pesquisa nos t\u00f3picos de interesse do SBBD.\u00a0 Na 40a edi\u00e7\u00e3o do SBDD, ser\u00e3o realizados os seguintes workshops: BreSci \u2013 Brazilian e-Science Workshop DSW \u2013 Dataset Showcase Workshop DS4SG \u2013 Data Science for [&hellip;]<\/p>\n","protected":false},"author":2,"featured_media":0,"parent":0,"menu_order":0,"comment_status":"closed","ping_status":"closed","template":"","meta":{"footnotes":""},"class_list":["post-1418","page","type-page","status-publish","hentry"],"_links":{"self":[{"href":"https:\/\/sbbd.org.br\/2025\/wp-json\/wp\/v2\/pages\/1418","targetHints":{"allow":["GET"]}}],"collection":[{"href":"https:\/\/sbbd.org.br\/2025\/wp-json\/wp\/v2\/pages"}],"about":[{"href":"https:\/\/sbbd.org.br\/2025\/wp-json\/wp\/v2\/types\/page"}],"author":[{"embeddable":true,"href":"https:\/\/sbbd.org.br\/2025\/wp-json\/wp\/v2\/users\/2"}],"replies":[{"embeddable":true,"href":"https:\/\/sbbd.org.br\/2025\/wp-json\/wp\/v2\/comments?post=1418"}],"version-history":[{"count":54,"href":"https:\/\/sbbd.org.br\/2025\/wp-json\/wp\/v2\/pages\/1418\/revisions"}],"predecessor-version":[{"id":6325,"href":"https:\/\/sbbd.org.br\/2025\/wp-json\/wp\/v2\/pages\/1418\/revisions\/6325"}],"wp:attachment":[{"href":"https:\/\/sbbd.org.br\/2025\/wp-json\/wp\/v2\/media?parent=1418"}],"curies":[{"name":"wp","href":"https:\/\/api.w.org\/{rel}","templated":true}]}}