{"id":1330,"date":"2025-02-27T14:16:57","date_gmt":"2025-02-27T17:16:57","guid":{"rendered":"https:\/\/sbbd.org.br\/2025\/?page_id=1330"},"modified":"2025-08-18T11:06:12","modified_gmt":"2025-08-18T14:06:12","slug":"demos-2","status":"publish","type":"page","link":"https:\/\/sbbd.org.br\/2025\/demos-2\/","title":{"rendered":"WTDBD"},"content":{"rendered":"\t\t<div data-elementor-type=\"wp-page\" data-elementor-id=\"1330\" class=\"elementor elementor-1330\">\n\t\t\t\t<div class=\"elementor-element elementor-element-9fd3f1b e-flex e-con-boxed e-con e-parent\" data-id=\"9fd3f1b\" data-element_type=\"container\" data-e-type=\"container\">\n\t\t\t\t\t<div class=\"e-con-inner\">\n\t\t<div class=\"elementor-element elementor-element-e948ab7 e-con-full e-flex e-con e-child\" data-id=\"e948ab7\" data-element_type=\"container\" data-e-type=\"container\">\n\t\t\t\t<div class=\"elementor-element elementor-element-56b25c1 elementor-widget elementor-widget-heading\" data-id=\"56b25c1\" data-element_type=\"widget\" data-e-type=\"widget\" data-widget_type=\"heading.default\">\n\t\t\t\t<div class=\"elementor-widget-container\">\n\t\t\t\t\t<h2 class=\"elementor-heading-title elementor-size-default\">XXIV WTDBD<\/h2>\t\t\t\t<\/div>\n\t\t\t\t<\/div>\n\t\t\t\t<div class=\"elementor-element elementor-element-1606195 sublinhado elementor-widget__width-initial elementor-widget elementor-widget-image\" data-id=\"1606195\" data-element_type=\"widget\" data-e-type=\"widget\" data-widget_type=\"image.default\">\n\t\t\t\t<div class=\"elementor-widget-container\">\n\t\t\t\t\t\t\t\t\t\t\t\t\t\t\t<img decoding=\"async\" width=\"246\" height=\"18\" src=\"https:\/\/sbbd.org.br\/2025\/wp-content\/uploads\/2025\/08\/Frame-4-e1748889604907.png\" class=\"attachment-full size-full wp-image-4688\" alt=\"\" \/>\t\t\t\t\t\t\t\t\t\t\t\t\t\t\t<\/div>\n\t\t\t\t<\/div>\n\t\t\t\t<\/div>\n\t\t\t\t<div class=\"elementor-element elementor-element-37e28774 elementor-widget elementor-widget-text-editor\" data-id=\"37e28774\" data-element_type=\"widget\" data-e-type=\"widget\" data-widget_type=\"text-editor.default\">\n\t\t\t\t<div class=\"elementor-widget-container\">\n\t\t\t\t\t\t\t\t\t<p><span style=\"font-weight: 400;\">O <strong>XXIV\u00a0Workshop de Teses e Disserta\u00e7\u00f5es em Banco de Dados<\/strong> (<strong>WTDBD<\/strong>) \u00e9 um evento dedicado \u00e0 discuss\u00e3o de trabalhos desenvolvidos por estudantes de mestrado e de doutorado, incluindo trabalhos em andamento. <\/span><span style=\"font-weight: 400;\">O WTDBD visa proporcionar um ambiente construtivo para discuss\u00f5es. O workshop permite que estudantes possam divulgar seus resultados de pesquisa e obter a opini\u00e3o de pesquisadores experientes em Banco de Dados sobre suas propostas de investiga\u00e7\u00e3o. O evento prov\u00ea oportunidade para a intera\u00e7\u00e3o de estudantes com uma banca de pesquisadores, que podem sugerir e recomendar a\u00e7\u00f5es visando o aprimoramento da pesquisa.<\/span><\/p><p><span style=\"font-weight: 400;\">Os participantes do WTDBD podem aproveitar para participar do evento anual SBBD, sendo o mais relevante do pa\u00eds na \u00e1rea de Banco de Dados. Os participantes do WTDBD tamb\u00e9m podem aproveitar para participar do evento anual de pesquisa mais importante do pa\u00eds na \u00e1rea de Banco de Dados. Nas \u00faltimas edi\u00e7\u00f5es do SBBD, tem-se estimulado grandemente a integra\u00e7\u00e3o e coopera\u00e7\u00e3o de estudantes, professores, pesquisadores e profissionais da \u00e1rea, sempre que poss\u00edvel, atrav\u00e9s de aux\u00edlio aos estudantes.<\/span><\/p>\t\t\t\t\t\t\t\t<\/div>\n\t\t\t\t<\/div>\n\t\t\t\t<div class=\"elementor-element elementor-element-0d4a16b elementor-widget elementor-widget-heading\" data-id=\"0d4a16b\" data-element_type=\"widget\" data-e-type=\"widget\" data-widget_type=\"heading.default\">\n\t\t\t\t<div class=\"elementor-widget-container\">\n\t\t\t\t\t<h2 class=\"elementor-heading-title elementor-size-default\">INSTRU\u00c7\u00d5ES DE SUBMISS\u00c3O:<\/h2>\t\t\t\t<\/div>\n\t\t\t\t<\/div>\n\t\t\t\t<div class=\"elementor-element elementor-element-0e83bdd elementor-widget elementor-widget-text-editor\" data-id=\"0e83bdd\" data-element_type=\"widget\" data-e-type=\"widget\" data-widget_type=\"text-editor.default\">\n\t\t\t\t<div class=\"elementor-widget-container\">\n\t\t\t\t\t\t\t\t\t<ul><li><span style=\"font-weight: 400;\">Trabalhos de doutorado \u2013 devem, preferencialmente, envolver estudantes que tenham sido aprovados em exame de qualifica\u00e7\u00e3o, ou similares.<\/span><\/li><li>Trabalhos de mestrado \u2013 s\u00e3o priorizados para aceita\u00e7\u00e3o no evento os trabalhos de mestrado que j\u00e1 tenham pelo menos a proposta de pesquisa, ou similar, aprovada.<\/li><li>Trabalhos conclu\u00eddos ou que ser\u00e3o conclu\u00eddos at\u00e9 a data do evento n\u00e3o ser\u00e3o aceitos no WTDBD 2025.<\/li><\/ul><p><span style=\"font-weight: 400;\">Os artigos devem seguir o modelo da SBC e serem submetidos via <strong><a href=\"https:\/\/submissoes.sbc.org.br\/home.cgi?c=4674\" target=\"_blank\" rel=\"noopener\">sistema JEMS<\/a><\/strong> em formato PDF exclusivamente. Os artigos podem ser submetidos em portugu\u00eas ou ingl\u00eas. Se a submiss\u00e3o for efetuada em ingl\u00eas, pede-se que seja inclu\u00eddo um resumo em portugu\u00eas. N\u00e3o \u00e9 exigido, mas recomenda-se fortemente que trabalhos de doutorado sejam submetidos em ingl\u00eas.<\/span><\/p><p><span style=\"font-weight: 400;\">Os trabalhos \u2013 tanto de mestrado como de doutorado \u2013 devem conter um <strong>m\u00e1ximo de 7 p\u00e1ginas<\/strong>.\u00a0 <\/span><span style=\"font-weight: 400;\">A primeira p\u00e1gina \u00e9 exclusiva para encaminhamento, contendo as seguintes informa\u00e7\u00f5es:<\/span><\/p><ul><li><span style=\"font-weight: 400;\">T\u00edtulo do trabalho submetido e n\u00edvel: mestrado ou doutorado;<\/span><\/li><li>Resumo em portugu\u00eas (apenas para submiss\u00f5es em ingl\u00eas);<\/li><li>Nome completo do estudante e do nome(s) do(s) orientador(es) e coorientador(es) [quando houver];<\/li><li>E-mail de contato do estudante e do orientador principal;<\/li><li>Universidade e programa de p\u00f3s-gradua\u00e7\u00e3o ou departamento;<\/li><li>M\u00eas e ano de ingresso do estudante no programa de p\u00f3s-gradua\u00e7\u00e3o;<\/li><li>M\u00eas e ano previstos para defesa do mestrado ou do doutorado;<\/li><li>Etapas conclu\u00eddas e datas de refer\u00eancia (ex. conclus\u00e3o de exame de qualifica\u00e7\u00e3o);<\/li><li>Se houver, lista de publica\u00e7\u00f5es do estudante relacionadas ao trabalho submetido.<\/li><\/ul><p><span style=\"font-weight: 400;\">As demais 6 p\u00e1ginas do artigo devem incluir o conte\u00fado da pesquisa. Os seguintes itens s\u00e3o esperados:<\/span><\/p><ul><li><span style=\"font-weight: 400;\">Formula\u00e7\u00e3o clara do problema de pesquisa;<\/span><\/li><li>Descri\u00e7\u00e3o da motiva\u00e7\u00e3o e justificativa para a pesquisa;<\/li><li>Relev\u00e2ncia da pesquisa na \u00e1rea de Banco de Dados;<\/li><li>Principal diferencial com os trabalhos da literatura (breve vis\u00e3o comparativa com trabalhos relacionados);<\/li><li>Descri\u00e7\u00e3o da solu\u00e7\u00e3o proposta e sua contribui\u00e7\u00e3o espec\u00edfica e esperada como avan\u00e7o de pesquisa;<\/li><li>Metodologia da pesquisa empregada para o desenvolvimento da investiga\u00e7\u00e3o;<\/li><li>Avalia\u00e7\u00e3o preliminar de resultados obtidos, se dispon\u00edvel;<\/li><li>Refer\u00eancias bibliogr\u00e1ficas.<\/li><\/ul><p><span style=\"font-weight: 400;\">A publica\u00e7\u00e3o dos trabalhos aceitos \u00e9 condicional \u00e0 inscri\u00e7\u00e3o no SBBD 2025 e apresenta\u00e7\u00e3o oral do estudante durante o evento. As submiss\u00f5es devem ter aprova\u00e7\u00e3o do orientador do estudante, confirmando atrav\u00e9s de e-mail enviado ao coordenador do WTDBD 2025 em qual est\u00e1gio se encontra a pesquisa e concordando com a submiss\u00e3o e participa\u00e7\u00e3o do estudante no WTDBD 2025.<\/span><\/p>\t\t\t\t\t\t\t\t<\/div>\n\t\t\t\t<\/div>\n\t\t<div class=\"elementor-element elementor-element-5c145df e-con-full e-flex e-con e-child\" data-id=\"5c145df\" data-element_type=\"container\" data-e-type=\"container\">\n\t\t\t\t<div class=\"elementor-element elementor-element-6e063a7 svg elementor-widget elementor-widget-html\" data-id=\"6e063a7\" data-element_type=\"widget\" data-e-type=\"widget\" data-widget_type=\"html.default\">\n\t\t\t\t<div class=\"elementor-widget-container\">\n\t\t\t\t\t\r\n<svg width=\"32\" height=\"32\" viewBox=\"0 0 32 32\" fill=\"none\" xmlns=\"http:\/\/www.w3.org\/2000\/svg\">\r\n<mask id=\"mask0_1097_9\" style=\"mask-type:alpha\" maskUnits=\"userSpaceOnUse\" x=\"0\" y=\"0\" width=\"32\" height=\"32\">\r\n<rect width=\"32\" height=\"32\" fill=\"#0540BD\"\/>\r\n<\/mask>\r\n<g mask=\"url(#mask0_1097_9)\">\r\n<path d=\"M6.66667 29.3333C5.93333 29.3333 5.30556 29.0722 4.78333 28.55C4.26111 28.0277 4 27.4 4 26.6666V7.99996C4 7.26663 4.26111 6.63885 4.78333 6.11663C5.30556 5.5944 5.93333 5.33329 6.66667 5.33329H8V2.66663H10.6667V5.33329H21.3333V2.66663H24V5.33329H25.3333C26.0667 5.33329 26.6944 5.5944 27.2167 6.11663C27.7389 6.63885 28 7.26663 28 7.99996V26.6666C28 27.4 27.7389 28.0277 27.2167 28.55C26.6944 29.0722 26.0667 29.3333 25.3333 29.3333H6.66667ZM6.66667 26.6666H25.3333V13.3333H6.66667V26.6666ZM6.66667 10.6666H25.3333V7.99996H6.66667V10.6666ZM16 18.6666C15.6222 18.6666 15.3056 18.5388 15.05 18.2833C14.7944 18.0277 14.6667 17.7111 14.6667 17.3333C14.6667 16.9555 14.7944 16.6388 15.05 16.3833C15.3056 16.1277 15.6222 16 16 16C16.3778 16 16.6944 16.1277 16.95 16.3833C17.2056 16.6388 17.3333 16.9555 17.3333 17.3333C17.3333 17.7111 17.2056 18.0277 16.95 18.2833C16.6944 18.5388 16.3778 18.6666 16 18.6666ZM10.6667 18.6666C10.2889 18.6666 9.97222 18.5388 9.71667 18.2833C9.46111 18.0277 9.33333 17.7111 9.33333 17.3333C9.33333 16.9555 9.46111 16.6388 9.71667 16.3833C9.97222 16.1277 10.2889 16 10.6667 16C11.0444 16 11.3611 16.1277 11.6167 16.3833C11.8722 16.6388 12 16.9555 12 17.3333C12 17.7111 11.8722 18.0277 11.6167 18.2833C11.3611 18.5388 11.0444 18.6666 10.6667 18.6666ZM21.3333 18.6666C20.9556 18.6666 20.6389 18.5388 20.3833 18.2833C20.1278 18.0277 20 17.7111 20 17.3333C20 16.9555 20.1278 16.6388 20.3833 16.3833C20.6389 16.1277 20.9556 16 21.3333 16C21.7111 16 22.0278 16.1277 22.2833 16.3833C22.5389 16.6388 22.6667 16.9555 22.6667 17.3333C22.6667 17.7111 22.5389 18.0277 22.2833 18.2833C22.0278 18.5388 21.7111 18.6666 21.3333 18.6666ZM16 24C15.6222 24 15.3056 23.8722 15.05 23.6166C14.7944 23.3611 14.6667 23.0444 14.6667 22.6666C14.6667 22.2888 14.7944 21.9722 15.05 21.7166C15.3056 21.4611 15.6222 21.3333 16 21.3333C16.3778 21.3333 16.6944 21.4611 16.95 21.7166C17.2056 21.9722 17.3333 22.2888 17.3333 22.6666C17.3333 23.0444 17.2056 23.3611 16.95 23.6166C16.6944 23.8722 16.3778 24 16 24ZM10.6667 24C10.2889 24 9.97222 23.8722 9.71667 23.6166C9.46111 23.3611 9.33333 23.0444 9.33333 22.6666C9.33333 22.2888 9.46111 21.9722 9.71667 21.7166C9.97222 21.4611 10.2889 21.3333 10.6667 21.3333C11.0444 21.3333 11.3611 21.4611 11.6167 21.7166C11.8722 21.9722 12 22.2888 12 22.6666C12 23.0444 11.8722 23.3611 11.6167 23.6166C11.3611 23.8722 11.0444 24 10.6667 24ZM21.3333 24C20.9556 24 20.6389 23.8722 20.3833 23.6166C20.1278 23.3611 20 23.0444 20 22.6666C20 22.2888 20.1278 21.9722 20.3833 21.7166C20.6389 21.4611 20.9556 21.3333 21.3333 21.3333C21.7111 21.3333 22.0278 21.4611 22.2833 21.7166C22.5389 21.9722 22.6667 22.2888 22.6667 22.6666C22.6667 23.0444 22.5389 23.3611 22.2833 23.6166C22.0278 23.8722 21.7111 24 21.3333 24Z\" fill=\"#0540BD\"\/>\r\n<\/g>\r\n<\/svg>\r\n\t\t\t\t<\/div>\n\t\t\t\t<\/div>\n\t\t\t\t<div class=\"elementor-element elementor-element-cfddedf elementor-widget elementor-widget-heading\" data-id=\"cfddedf\" data-element_type=\"widget\" data-e-type=\"widget\" data-widget_type=\"heading.default\">\n\t\t\t\t<div class=\"elementor-widget-container\">\n\t\t\t\t\t<h2 class=\"elementor-heading-title elementor-size-default\">DATAS IMPORTANTES:<\/h2>\t\t\t\t<\/div>\n\t\t\t\t<\/div>\n\t\t\t\t<\/div>\n\t\t\t\t<div class=\"elementor-element elementor-element-5ad720c elementor-widget elementor-widget-text-editor\" data-id=\"5ad720c\" data-element_type=\"widget\" data-e-type=\"widget\" data-widget_type=\"text-editor.default\">\n\t\t\t\t<div class=\"elementor-widget-container\">\n\t\t\t\t\t\t\t\t\t<ul><li><span style=\"font-weight: 400;\">Registro dos resumos: <del>02\/06\/2025<\/del> \u00a0<del>09\/06\/2025<\/del> 13\/06\/2025<\/span><\/li><li>Submiss\u00f5es: <del>09\/06\/2025<\/del> <span style=\"font-weight: 400;\">13\/06\/2025<\/span><\/li><li>Notifica\u00e7\u00e3o: <del>14\/07\/2025<\/del> 18\/07\/2025<\/li><li>Vers\u00e3o final: 28\/07\/2025<\/li><\/ul>\t\t\t\t\t\t\t\t<\/div>\n\t\t\t\t<\/div>\n\t\t\t\t<div class=\"elementor-element elementor-element-5a310b2 elementor-widget elementor-widget-heading\" data-id=\"5a310b2\" data-element_type=\"widget\" data-e-type=\"widget\" data-widget_type=\"heading.default\">\n\t\t\t\t<div class=\"elementor-widget-container\">\n\t\t\t\t\t<h2 class=\"elementor-heading-title elementor-size-default\">COORDENADORA DO WTDBD:<\/h2>\t\t\t\t<\/div>\n\t\t\t\t<\/div>\n\t\t\t\t<div class=\"elementor-element elementor-element-11f4861 elementor-widget elementor-widget-text-editor\" data-id=\"11f4861\" data-element_type=\"widget\" data-e-type=\"widget\" data-widget_type=\"text-editor.default\">\n\t\t\t\t<div class=\"elementor-widget-container\">\n\t\t\t\t\t\t\t\t\t<p><span style=\"font-weight: 400;\">Maria Camila Nardini Barioni (<\/span><a href=\"mailto:camila.barioni@ufu.br\"><span style=\"font-weight: 400;\">camila.barioni@ufu.br<\/span><\/a><span style=\"font-weight: 400;\">)<\/span><\/p><p><span style=\"font-weight: 400;\">Universidade Federal de Uberl\u00e2ndia (UFU)<\/span><\/p>\t\t\t\t\t\t\t\t<\/div>\n\t\t\t\t<\/div>\n\t\t\t\t<div class=\"elementor-element elementor-element-90e81a9 elementor-widget elementor-widget-heading\" data-id=\"90e81a9\" data-element_type=\"widget\" data-e-type=\"widget\" data-widget_type=\"heading.default\">\n\t\t\t\t<div class=\"elementor-widget-container\">\n\t\t\t\t\t<h2 class=\"elementor-heading-title elementor-size-default\">COMIT\u00ca DO PROGRAMA:<\/h2>\t\t\t\t<\/div>\n\t\t\t\t<\/div>\n\t\t\t\t<div class=\"elementor-element elementor-element-936995c elementor-widget elementor-widget-text-editor\" data-id=\"936995c\" data-element_type=\"widget\" data-e-type=\"widget\" data-widget_type=\"text-editor.default\">\n\t\t\t\t<div class=\"elementor-widget-container\">\n\t\t\t\t\t\t\t\t\t<ul><li>Angelo Brayner (UFC)<\/li><li>Carina F. Dorneles (UFSC)<\/li><li>Carmem Hara (UFPR)<\/li><li>Damires Souza (IFPB)<\/li><li>Daniel de Oliveira (UFF)<\/li><li>Daniel Kaster (UEL)<\/li><li>Jos\u00e9 Palazzo Moreira de Oliveira (UFRGS)<\/li><li>Kelly Braghetto (IME\/USP)<\/li><li>Maristela Holanda (UNB)<\/li><li>Renata Galante (UFRGS)<\/li><li>Ronaldo Mello (UFSC)<\/li><li>Sergio Lifschitz (PUC-Rio)<\/li><\/ul>\t\t\t\t\t\t\t\t<\/div>\n\t\t\t\t<\/div>\n\t\t\t\t\t<\/div>\n\t\t\t\t<\/div>\n\t\t<div class=\"elementor-element elementor-element-274f37e e-con-full e-flex e-con e-parent\" data-id=\"274f37e\" data-element_type=\"container\" data-e-type=\"container\" data-settings=\"{&quot;background_background&quot;:&quot;gradient&quot;,&quot;shape_divider_top&quot;:&quot;waves&quot;}\">\n\t\t\t\t<div class=\"elementor-shape elementor-shape-top\" aria-hidden=\"true\" data-negative=\"false\">\n\t\t\t<svg xmlns=\"http:\/\/www.w3.org\/2000\/svg\" viewBox=\"0 0 1000 100\" preserveAspectRatio=\"none\">\n\t<path class=\"elementor-shape-fill\" d=\"M421.9,6.5c22.6-2.5,51.5,0.4,75.5,5.3c23.6,4.9,70.9,23.5,100.5,35.7c75.8,32.2,133.7,44.5,192.6,49.7\n\tc23.6,2.1,48.7,3.5,103.4-2.5c54.7-6,106.2-25.6,106.2-25.6V0H0v30.3c0,0,72,32.6,158.4,30.5c39.2-0.7,92.8-6.7,134-22.4\n\tc21.2-8.1,52.2-18.2,79.7-24.2C399.3,7.9,411.6,7.5,421.9,6.5z\"\/>\n<\/svg>\t\t<\/div>\n\t\t\t\t<\/div>\n\t\t\t\t<\/div>\n\t\t","protected":false},"excerpt":{"rendered":"<p>XXIV WTDBD O XXIV\u00a0Workshop de Teses e Disserta\u00e7\u00f5es em Banco de Dados (WTDBD) \u00e9 um evento dedicado \u00e0 discuss\u00e3o de trabalhos desenvolvidos por estudantes de mestrado e de doutorado, incluindo trabalhos em andamento. O WTDBD visa proporcionar um ambiente construtivo para discuss\u00f5es. O workshop permite que estudantes possam divulgar seus resultados de pesquisa e obter [&hellip;]<\/p>\n","protected":false},"author":2,"featured_media":0,"parent":0,"menu_order":0,"comment_status":"closed","ping_status":"closed","template":"","meta":{"footnotes":""},"class_list":["post-1330","page","type-page","status-publish","hentry"],"_links":{"self":[{"href":"https:\/\/sbbd.org.br\/2025\/wp-json\/wp\/v2\/pages\/1330","targetHints":{"allow":["GET"]}}],"collection":[{"href":"https:\/\/sbbd.org.br\/2025\/wp-json\/wp\/v2\/pages"}],"about":[{"href":"https:\/\/sbbd.org.br\/2025\/wp-json\/wp\/v2\/types\/page"}],"author":[{"embeddable":true,"href":"https:\/\/sbbd.org.br\/2025\/wp-json\/wp\/v2\/users\/2"}],"replies":[{"embeddable":true,"href":"https:\/\/sbbd.org.br\/2025\/wp-json\/wp\/v2\/comments?post=1330"}],"version-history":[{"count":19,"href":"https:\/\/sbbd.org.br\/2025\/wp-json\/wp\/v2\/pages\/1330\/revisions"}],"predecessor-version":[{"id":4777,"href":"https:\/\/sbbd.org.br\/2025\/wp-json\/wp\/v2\/pages\/1330\/revisions\/4777"}],"wp:attachment":[{"href":"https:\/\/sbbd.org.br\/2025\/wp-json\/wp\/v2\/media?parent=1330"}],"curies":[{"name":"wp","href":"https:\/\/api.w.org\/{rel}","templated":true}]}}