{"id":1283,"date":"2025-02-26T16:37:31","date_gmt":"2025-02-26T19:37:31","guid":{"rendered":"https:\/\/sbbd.org.br\/2025\/?page_id=1283"},"modified":"2025-08-18T10:48:59","modified_gmt":"2025-08-18T13:48:59","slug":"demos-e-aplicacoes","status":"publish","type":"page","link":"https:\/\/sbbd.org.br\/2025\/demos-e-aplicacoes\/","title":{"rendered":"Demos e Aplica\u00e7\u00f5es"},"content":{"rendered":"\t\t<div data-elementor-type=\"wp-page\" data-elementor-id=\"1283\" class=\"elementor elementor-1283\">\n\t\t\t\t<div class=\"elementor-element elementor-element-6b1d48b2 max-width-1170px e-flex e-con-boxed e-con e-parent\" data-id=\"6b1d48b2\" data-element_type=\"container\" data-e-type=\"container\">\n\t\t\t\t\t<div class=\"e-con-inner\">\n\t\t<div class=\"elementor-element elementor-element-bed54d5 e-con-full e-flex e-con e-child\" data-id=\"bed54d5\" data-element_type=\"container\" data-e-type=\"container\">\n\t\t\t\t<div class=\"elementor-element elementor-element-0c917c2 elementor-widget elementor-widget-heading\" data-id=\"0c917c2\" data-element_type=\"widget\" data-e-type=\"widget\" data-widget_type=\"heading.default\">\n\t\t\t\t<div class=\"elementor-widget-container\">\n\t\t\t\t\t<h2 class=\"elementor-heading-title elementor-size-default\">Demos e Aplica\u00e7\u00f5es<\/h2>\t\t\t\t<\/div>\n\t\t\t\t<\/div>\n\t\t\t\t<div class=\"elementor-element elementor-element-2c9f513 sublinhado elementor-widget__width-initial elementor-widget elementor-widget-image\" data-id=\"2c9f513\" data-element_type=\"widget\" data-e-type=\"widget\" data-widget_type=\"image.default\">\n\t\t\t\t<div class=\"elementor-widget-container\">\n\t\t\t\t\t\t\t\t\t\t\t\t\t\t\t<img decoding=\"async\" width=\"246\" height=\"18\" src=\"https:\/\/sbbd.org.br\/2025\/wp-content\/uploads\/2025\/08\/Frame-4-e1748889604907.png\" class=\"attachment-full size-full wp-image-4688\" alt=\"\" \/>\t\t\t\t\t\t\t\t\t\t\t\t\t\t\t<\/div>\n\t\t\t\t<\/div>\n\t\t\t\t<\/div>\n\t\t\t\t<div class=\"elementor-element elementor-element-48a4ea6e elementor-widget elementor-widget-text-editor\" data-id=\"48a4ea6e\" data-element_type=\"widget\" data-e-type=\"widget\" data-widget_type=\"text-editor.default\">\n\t\t\t\t<div class=\"elementor-widget-container\">\n\t\t\t\t\t\t\t\t\t<p>A sess\u00e3o Demos e Aplica\u00e7\u00f5es do SBBD 2025 \u00e9 um f\u00f3rum de discuss\u00e3o para troca de experi\u00eancias e apresenta\u00e7\u00e3o de solu\u00e7\u00f5es inovadoras. Convidamos a submiss\u00e3o de pesquisadores, desenvolvedores e profissionais, tanto da academia quanto da ind\u00fastria, interessados em solu\u00e7\u00f5es pr\u00e1ticas e funcionais para problemas relevantes envolvendo tecnologia de gerenciamento de dados e informa\u00e7\u00f5es.<\/p>\t\t\t\t\t\t\t\t<\/div>\n\t\t\t\t<\/div>\n\t\t<div class=\"elementor-element elementor-element-acd3da6 e-con-full e-flex e-con e-child\" data-id=\"acd3da6\" data-element_type=\"container\" data-e-type=\"container\">\n\t\t\t\t<div class=\"elementor-element elementor-element-bd1da0b svg elementor-widget elementor-widget-html\" data-id=\"bd1da0b\" data-element_type=\"widget\" data-e-type=\"widget\" data-widget_type=\"html.default\">\n\t\t\t\t<div class=\"elementor-widget-container\">\n\t\t\t\t\t\r\n<svg width=\"32\" height=\"32\" viewBox=\"0 0 32 32\" fill=\"none\" xmlns=\"http:\/\/www.w3.org\/2000\/svg\">\r\n<mask id=\"mask0_1097_9\" style=\"mask-type:alpha\" maskUnits=\"userSpaceOnUse\" x=\"0\" y=\"0\" width=\"32\" height=\"32\">\r\n<rect width=\"32\" height=\"32\" fill=\"#0540BD\"\/>\r\n<\/mask>\r\n<g mask=\"url(#mask0_1097_9)\">\r\n<path d=\"M6.66667 29.3333C5.93333 29.3333 5.30556 29.0722 4.78333 28.55C4.26111 28.0277 4 27.4 4 26.6666V7.99996C4 7.26663 4.26111 6.63885 4.78333 6.11663C5.30556 5.5944 5.93333 5.33329 6.66667 5.33329H8V2.66663H10.6667V5.33329H21.3333V2.66663H24V5.33329H25.3333C26.0667 5.33329 26.6944 5.5944 27.2167 6.11663C27.7389 6.63885 28 7.26663 28 7.99996V26.6666C28 27.4 27.7389 28.0277 27.2167 28.55C26.6944 29.0722 26.0667 29.3333 25.3333 29.3333H6.66667ZM6.66667 26.6666H25.3333V13.3333H6.66667V26.6666ZM6.66667 10.6666H25.3333V7.99996H6.66667V10.6666ZM16 18.6666C15.6222 18.6666 15.3056 18.5388 15.05 18.2833C14.7944 18.0277 14.6667 17.7111 14.6667 17.3333C14.6667 16.9555 14.7944 16.6388 15.05 16.3833C15.3056 16.1277 15.6222 16 16 16C16.3778 16 16.6944 16.1277 16.95 16.3833C17.2056 16.6388 17.3333 16.9555 17.3333 17.3333C17.3333 17.7111 17.2056 18.0277 16.95 18.2833C16.6944 18.5388 16.3778 18.6666 16 18.6666ZM10.6667 18.6666C10.2889 18.6666 9.97222 18.5388 9.71667 18.2833C9.46111 18.0277 9.33333 17.7111 9.33333 17.3333C9.33333 16.9555 9.46111 16.6388 9.71667 16.3833C9.97222 16.1277 10.2889 16 10.6667 16C11.0444 16 11.3611 16.1277 11.6167 16.3833C11.8722 16.6388 12 16.9555 12 17.3333C12 17.7111 11.8722 18.0277 11.6167 18.2833C11.3611 18.5388 11.0444 18.6666 10.6667 18.6666ZM21.3333 18.6666C20.9556 18.6666 20.6389 18.5388 20.3833 18.2833C20.1278 18.0277 20 17.7111 20 17.3333C20 16.9555 20.1278 16.6388 20.3833 16.3833C20.6389 16.1277 20.9556 16 21.3333 16C21.7111 16 22.0278 16.1277 22.2833 16.3833C22.5389 16.6388 22.6667 16.9555 22.6667 17.3333C22.6667 17.7111 22.5389 18.0277 22.2833 18.2833C22.0278 18.5388 21.7111 18.6666 21.3333 18.6666ZM16 24C15.6222 24 15.3056 23.8722 15.05 23.6166C14.7944 23.3611 14.6667 23.0444 14.6667 22.6666C14.6667 22.2888 14.7944 21.9722 15.05 21.7166C15.3056 21.4611 15.6222 21.3333 16 21.3333C16.3778 21.3333 16.6944 21.4611 16.95 21.7166C17.2056 21.9722 17.3333 22.2888 17.3333 22.6666C17.3333 23.0444 17.2056 23.3611 16.95 23.6166C16.6944 23.8722 16.3778 24 16 24ZM10.6667 24C10.2889 24 9.97222 23.8722 9.71667 23.6166C9.46111 23.3611 9.33333 23.0444 9.33333 22.6666C9.33333 22.2888 9.46111 21.9722 9.71667 21.7166C9.97222 21.4611 10.2889 21.3333 10.6667 21.3333C11.0444 21.3333 11.3611 21.4611 11.6167 21.7166C11.8722 21.9722 12 22.2888 12 22.6666C12 23.0444 11.8722 23.3611 11.6167 23.6166C11.3611 23.8722 11.0444 24 10.6667 24ZM21.3333 24C20.9556 24 20.6389 23.8722 20.3833 23.6166C20.1278 23.3611 20 23.0444 20 22.6666C20 22.2888 20.1278 21.9722 20.3833 21.7166C20.6389 21.4611 20.9556 21.3333 21.3333 21.3333C21.7111 21.3333 22.0278 21.4611 22.2833 21.7166C22.5389 21.9722 22.6667 22.2888 22.6667 22.6666C22.6667 23.0444 22.5389 23.3611 22.2833 23.6166C22.0278 23.8722 21.7111 24 21.3333 24Z\" fill=\"#0540BD\"\/>\r\n<\/g>\r\n<\/svg>\r\n\t\t\t\t<\/div>\n\t\t\t\t<\/div>\n\t\t\t\t<div class=\"elementor-element elementor-element-51b62e8 elementor-widget elementor-widget-heading\" data-id=\"51b62e8\" data-element_type=\"widget\" data-e-type=\"widget\" data-widget_type=\"heading.default\">\n\t\t\t\t<div class=\"elementor-widget-container\">\n\t\t\t\t\t<h2 class=\"elementor-heading-title elementor-size-default\">DATAS IMPORTANTES:<\/h2>\t\t\t\t<\/div>\n\t\t\t\t<\/div>\n\t\t\t\t<\/div>\n\t\t\t\t<div class=\"elementor-element elementor-element-1bce1fb elementor-widget elementor-widget-text-editor\" data-id=\"1bce1fb\" data-element_type=\"widget\" data-e-type=\"widget\" data-widget_type=\"text-editor.default\">\n\t\t\t\t<div class=\"elementor-widget-container\">\n\t\t\t\t\t\t\t\t\t<ul><li>Registro de Resumo: <del>12 de Maio de 2025<\/del> <span style=\"font-weight: 400;\">09 de Junho de 2025\u00a0 &#8211; FINAL<\/span><\/li><li>Submiss\u00e3o dos artigos: <del>19 de Maio de 2025<\/del> 16<span style=\"font-weight: 400;\">\u00a0de Junho de 2025\u00a0 &#8211; FINAL<\/span><\/li><li>Notifica\u00e7\u00e3o dos autores: <del>23 de Junho de 2025\u00a0<\/del><span style=\"font-weight: 400;\">18 de Julho de 2025<\/span><\/li><li>Submiss\u00e3o da vers\u00e3o final: <del>7 de Julho de 2025<\/del> <span style=\"font-weight: 400;\">25 de Julho de 2025<\/span><\/li><\/ul>\t\t\t\t\t\t\t\t<\/div>\n\t\t\t\t<\/div>\n\t\t<div class=\"elementor-element elementor-element-2d433c8 e-con-full e-flex e-con e-child\" data-id=\"2d433c8\" data-element_type=\"container\" data-e-type=\"container\">\n\t\t\t\t<div class=\"elementor-element elementor-element-fe145c6 elementor-widget elementor-widget-heading\" data-id=\"fe145c6\" data-element_type=\"widget\" data-e-type=\"widget\" data-widget_type=\"heading.default\">\n\t\t\t\t<div class=\"elementor-widget-container\">\n\t\t\t\t\t<h2 class=\"elementor-heading-title elementor-size-default\">Instru\u00e7\u00f5es para submiss\u00f5es<\/h2>\t\t\t\t<\/div>\n\t\t\t\t<\/div>\n\t\t\t\t<\/div>\n\t\t\t\t<div class=\"elementor-element elementor-element-1a89ee5 elementor-widget elementor-widget-text-editor\" data-id=\"1a89ee5\" data-element_type=\"widget\" data-e-type=\"widget\" data-widget_type=\"text-editor.default\">\n\t\t\t\t<div class=\"elementor-widget-container\">\n\t\t\t\t\t\t\t\t\t<p>Os autores devem submeter um artigo de at\u00e9 6 p\u00e1ginas, incluindo imagens e refer\u00eancias, descrevendo as principais caracter\u00edsticas de sua demonstra\u00e7\u00e3o\/aplica\u00e7\u00e3o. As submiss\u00f5es para a sess\u00e3o de demonstra\u00e7\u00e3o N\u00c3O est\u00e3o sujeitas a revis\u00e3o duplamente cega. O(s) nome(s) do(s) autor(es) e afilia\u00e7\u00e3o(\u00f5es) devem estar presentes no artigo submetido.<\/p><p>Cada artigo ser\u00e1 analisado por pelo menos tr\u00eas membros do comit\u00ea de programa quanto \u00e0 originalidade, alcance pr\u00e1tico, contribui\u00e7\u00e3o t\u00e9cnica e apresenta\u00e7\u00e3o. Juntamente com o artigo submetido, os autores s\u00e3o fortemente encorajados a fornecer um link para um v\u00eddeo de demonstra\u00e7\u00e3o (screencast) de at\u00e9 5 minutos de dura\u00e7\u00e3o, apresentando a demonstra\u00e7\u00e3o\/aplica\u00e7\u00e3o. Este recurso ser\u00e1 muito apreciado e considerado como uma caracter\u00edstica distintiva no processo de revis\u00e3o. Al\u00e9m disso, os autores s\u00e3o fortemente encorajados a disponibilizar o c\u00f3digo-fonte e\/ou bin\u00e1rio\/execut\u00e1vel \u00fanico em um reposit\u00f3rio versionado (ex.: <a href=\"https:\/\/github.com\/\">GitHub<\/a> ou <a href=\"https:\/\/bitbucket.org\/\">BitBucket<\/a>).<\/p><p>Os trabalhos devem ser redigidos em portugu\u00eas ou ingl\u00eas e formatados de acordo com o modelo da SBC (clique <a href=\"https:\/\/www.sbc.org.br\/wp-content\/uploads\/2024\/07\/modelosparapublicaodeartigos.zip\">aqui<\/a> para acessar o template LaTeX). Ser\u00e3o consideradas apenas submiss\u00f5es eletr\u00f4nicas em formato PDF. O link para o v\u00eddeo de demonstra\u00e7\u00e3o e\/ou o reposit\u00f3rio online da demonstra\u00e7\u00e3o deve ser informado na nota de rodap\u00e9 na primeira p\u00e1gina do trabalho (na primeira men\u00e7\u00e3o). Por favor, fa\u00e7a o upload da sua submiss\u00e3o dentro do prazo por meio do site JEMS (clique <a href=\"https:\/\/jems.sbc.org.br\/\">aqui<\/a> para redirecionar).<\/p><p>Pelo menos um autor de cada trabalho aceito deve se registrar e comparecer \u00e0 confer\u00eancia para apresentar o trabalho. Os trabalhos aceitos ser\u00e3o publicados nos Anais Estendidos do SBBD 2025.<\/p>\t\t\t\t\t\t\t\t<\/div>\n\t\t\t\t<\/div>\n\t\t<div class=\"elementor-element elementor-element-4626ebd e-con-full e-flex e-con e-child\" data-id=\"4626ebd\" data-element_type=\"container\" data-e-type=\"container\">\n\t\t\t\t<div class=\"elementor-element elementor-element-49d0e05 elementor-widget elementor-widget-heading\" data-id=\"49d0e05\" data-element_type=\"widget\" data-e-type=\"widget\" data-widget_type=\"heading.default\">\n\t\t\t\t<div class=\"elementor-widget-container\">\n\t\t\t\t\t<h2 class=\"elementor-heading-title elementor-size-default\">Comit\u00ea de programa<\/h2>\t\t\t\t<\/div>\n\t\t\t\t<\/div>\n\t\t\t\t<\/div>\n\t\t\t\t<div class=\"elementor-element elementor-element-3c9372c elementor-widget elementor-widget-text-editor\" data-id=\"3c9372c\" data-element_type=\"widget\" data-e-type=\"widget\" data-widget_type=\"text-editor.default\">\n\t\t\t\t<div class=\"elementor-widget-container\">\n\t\t\t\t\t\t\t\t\t<ul><li><span style=\"font-weight: 400;\">Andr\u00e9 Santanch\u00e8 (UNICAMP)<\/span><\/li><li><span style=\"font-weight: 400;\">Angelo Brayner (UFC)<\/span><\/li><li><span style=\"font-weight: 400;\">Carmem Hara (UFPR)<\/span><\/li><li><span style=\"font-weight: 400;\">Daniel de Oliveira (UFF)<\/span><\/li><li><span style=\"font-weight: 400;\">Demetrio Mestre (UFCG)<\/span><\/li><li><span style=\"font-weight: 400;\">Denio Duarte (UFFS)<\/span><\/li><li><span style=\"font-weight: 400;\">Eduardo Pena ( UTFPR)<\/span><\/li><li><span style=\"font-weight: 400;\">Elaine Sousa (USP)<\/span><\/li><li><span style=\"font-weight: 400;\">Fabio Porto (LNCC)<\/span><\/li><li><span style=\"font-weight: 400;\">Geomar Schreiner (UFFS)<\/span><\/li><li><span style=\"font-weight: 400;\">Giseli Lopes (UFRJ)<\/span><\/li><li><span style=\"font-weight: 400;\">Humberto Razente (UFU)<\/span><\/li><li><span style=\"font-weight: 400;\">Jos\u00e9 Monteiro (UFC)<\/span><\/li><li><span style=\"font-weight: 400;\">Leonardo Andrade Ribeiro (UFG)<\/span><\/li><li><span style=\"font-weight: 400;\">Lucio Fernandes Dutra Santos (IFNMG)<\/span><\/li><li><span style=\"font-weight: 400;\">Marcela Ribeiro (UFSCar)<\/span><\/li><li><span style=\"font-weight: 400;\">Paulo Martins (UFAM)<\/span><\/li><li><span style=\"font-weight: 400;\">Renata Galante (UFRGS)<\/span><\/li><li><span style=\"font-weight: 400;\">Ricardo Marcacini (ICMC\/USP)<\/span><\/li><li><span style=\"font-weight: 400;\">Rodrigo Monteiro (UFF)<\/span><\/li><li><span style=\"font-weight: 400;\">Simone Dominico (UFPR)<\/span><\/li><li><span style=\"font-weight: 400;\">Thiago N\u00f3brega (UFCG)<\/span><\/li><\/ul>\t\t\t\t\t\t\t\t<\/div>\n\t\t\t\t<\/div>\n\t\t<div class=\"elementor-element elementor-element-f931f77 e-con-full e-flex e-con e-child\" data-id=\"f931f77\" data-element_type=\"container\" data-e-type=\"container\">\n\t\t\t\t<div class=\"elementor-element elementor-element-453c92d elementor-widget elementor-widget-heading\" data-id=\"453c92d\" data-element_type=\"widget\" data-e-type=\"widget\" data-widget_type=\"heading.default\">\n\t\t\t\t<div class=\"elementor-widget-container\">\n\t\t\t\t\t<h2 class=\"elementor-heading-title elementor-size-default\">Coordena\u00e7\u00e3o do Programa de Demos<\/h2>\t\t\t\t<\/div>\n\t\t\t\t<\/div>\n\t\t\t\t<\/div>\n\t\t\t\t<div class=\"elementor-element elementor-element-a931903 elementor-widget elementor-widget-text-editor\" data-id=\"a931903\" data-element_type=\"widget\" data-e-type=\"widget\" data-widget_type=\"text-editor.default\">\n\t\t\t\t<div class=\"elementor-widget-container\">\n\t\t\t\t\t\t\t\t\t<ul><li>Luiz Celso Gomes Jr (lcjunior@utfpr.edu.br)<\/li><li>Universidade Tecnol\u00f3gica Federal do Paran\u00e1 (UTFPR)<\/li><\/ul>\t\t\t\t\t\t\t\t<\/div>\n\t\t\t\t<\/div>\n\t\t\t\t\t<\/div>\n\t\t\t\t<\/div>\n\t\t<div class=\"elementor-element elementor-element-d5b4c95 e-con-full e-flex e-con e-parent\" data-id=\"d5b4c95\" data-element_type=\"container\" data-e-type=\"container\" data-settings=\"{&quot;background_background&quot;:&quot;gradient&quot;,&quot;shape_divider_top&quot;:&quot;waves&quot;}\">\n\t\t\t\t<div class=\"elementor-shape elementor-shape-top\" aria-hidden=\"true\" data-negative=\"false\">\n\t\t\t<svg xmlns=\"http:\/\/www.w3.org\/2000\/svg\" viewBox=\"0 0 1000 100\" preserveAspectRatio=\"none\">\n\t<path class=\"elementor-shape-fill\" d=\"M421.9,6.5c22.6-2.5,51.5,0.4,75.5,5.3c23.6,4.9,70.9,23.5,100.5,35.7c75.8,32.2,133.7,44.5,192.6,49.7\n\tc23.6,2.1,48.7,3.5,103.4-2.5c54.7-6,106.2-25.6,106.2-25.6V0H0v30.3c0,0,72,32.6,158.4,30.5c39.2-0.7,92.8-6.7,134-22.4\n\tc21.2-8.1,52.2-18.2,79.7-24.2C399.3,7.9,411.6,7.5,421.9,6.5z\"\/>\n<\/svg>\t\t<\/div>\n\t\t\t\t<\/div>\n\t\t\t\t<\/div>\n\t\t","protected":false},"excerpt":{"rendered":"<p>Demos e Aplica\u00e7\u00f5es A sess\u00e3o Demos e Aplica\u00e7\u00f5es do SBBD 2025 \u00e9 um f\u00f3rum de discuss\u00e3o para troca de experi\u00eancias e apresenta\u00e7\u00e3o de solu\u00e7\u00f5es inovadoras. Convidamos a submiss\u00e3o de pesquisadores, desenvolvedores e profissionais, tanto da academia quanto da ind\u00fastria, interessados em solu\u00e7\u00f5es pr\u00e1ticas e funcionais para problemas relevantes envolvendo tecnologia de gerenciamento de dados e [&hellip;]<\/p>\n","protected":false},"author":2,"featured_media":0,"parent":0,"menu_order":0,"comment_status":"closed","ping_status":"closed","template":"","meta":{"footnotes":""},"class_list":["post-1283","page","type-page","status-publish","hentry"],"_links":{"self":[{"href":"https:\/\/sbbd.org.br\/2025\/wp-json\/wp\/v2\/pages\/1283","targetHints":{"allow":["GET"]}}],"collection":[{"href":"https:\/\/sbbd.org.br\/2025\/wp-json\/wp\/v2\/pages"}],"about":[{"href":"https:\/\/sbbd.org.br\/2025\/wp-json\/wp\/v2\/types\/page"}],"author":[{"embeddable":true,"href":"https:\/\/sbbd.org.br\/2025\/wp-json\/wp\/v2\/users\/2"}],"replies":[{"embeddable":true,"href":"https:\/\/sbbd.org.br\/2025\/wp-json\/wp\/v2\/comments?post=1283"}],"version-history":[{"count":20,"href":"https:\/\/sbbd.org.br\/2025\/wp-json\/wp\/v2\/pages\/1283\/revisions"}],"predecessor-version":[{"id":4757,"href":"https:\/\/sbbd.org.br\/2025\/wp-json\/wp\/v2\/pages\/1283\/revisions\/4757"}],"wp:attachment":[{"href":"https:\/\/sbbd.org.br\/2025\/wp-json\/wp\/v2\/media?parent=1283"}],"curies":[{"name":"wp","href":"https:\/\/api.w.org\/{rel}","templated":true}]}}