{"id":1276,"date":"2025-02-26T16:32:51","date_gmt":"2025-02-26T19:32:51","guid":{"rendered":"https:\/\/sbbd.org.br\/2025\/?page_id=1276"},"modified":"2025-09-15T15:02:38","modified_gmt":"2025-09-15T18:02:38","slug":"maratona-sql","status":"publish","type":"page","link":"https:\/\/sbbd.org.br\/2025\/maratona-sql\/","title":{"rendered":"Maratona SQL"},"content":{"rendered":"\t\t<div data-elementor-type=\"wp-page\" data-elementor-id=\"1276\" class=\"elementor elementor-1276\">\n\t\t\t\t<div class=\"elementor-element elementor-element-5a2933a5 e-flex e-con-boxed e-con e-parent\" data-id=\"5a2933a5\" data-element_type=\"container\" data-e-type=\"container\">\n\t\t\t\t\t<div class=\"e-con-inner\">\n\t\t<div class=\"elementor-element elementor-element-1e87649 e-con-full e-flex e-con e-child\" data-id=\"1e87649\" data-element_type=\"container\" data-e-type=\"container\">\n\t\t\t\t<div class=\"elementor-element elementor-element-d8b1757 elementor-widget elementor-widget-heading\" data-id=\"d8b1757\" data-element_type=\"widget\" data-e-type=\"widget\" data-widget_type=\"heading.default\">\n\t\t\t\t<div class=\"elementor-widget-container\">\n\t\t\t\t\t<h2 class=\"elementor-heading-title elementor-size-default\">Maratona SQL<\/h2>\t\t\t\t<\/div>\n\t\t\t\t<\/div>\n\t\t\t\t<div class=\"elementor-element elementor-element-92244ca sublinhado elementor-widget__width-initial elementor-widget elementor-widget-image\" data-id=\"92244ca\" data-element_type=\"widget\" data-e-type=\"widget\" data-widget_type=\"image.default\">\n\t\t\t\t<div class=\"elementor-widget-container\">\n\t\t\t\t\t\t\t\t\t\t\t\t\t\t\t<img decoding=\"async\" width=\"246\" height=\"18\" src=\"https:\/\/sbbd.org.br\/2025\/wp-content\/uploads\/2025\/08\/Frame-4-e1748889604907.png\" class=\"attachment-full size-full wp-image-4688\" alt=\"\" \/>\t\t\t\t\t\t\t\t\t\t\t\t\t\t\t<\/div>\n\t\t\t\t<\/div>\n\t\t\t\t<\/div>\n\t\t\t\t<div class=\"elementor-element elementor-element-7c6cb269 elementor-widget elementor-widget-text-editor\" data-id=\"7c6cb269\" data-element_type=\"widget\" data-e-type=\"widget\" data-widget_type=\"text-editor.default\">\n\t\t\t\t<div class=\"elementor-widget-container\">\n\t\t\t\t\t\t\t\t\t<p>A Maratona de SQL \u00e9 uma competi\u00e7\u00e3o que acontece no evento nacional mais importante da \u00e1rea Banco de Dados, o Simp\u00f3sio Brasileiro de Banco de Dados (SBBD). Ela \u00e9 Inspirada na maratona de programa\u00e7\u00e3o da Sociedade Brasileira de Computa\u00e7\u00e3o. A Maratona de SQL se destina a alunos de ensino m\u00e9dio t\u00e9cnico, gradua\u00e7\u00e3o e profissionais de TI.<\/p><p>A competi\u00e7\u00e3o promove exige dos participante criatividade, trabalho em equipe, busca de novas solu\u00e7\u00f5es e habilidade de resolver problemas sob press\u00e3o. Durante a competi\u00e7\u00e3o, ser\u00e3o dados problemas com um esquema de banco de dados e sua inst\u00e2ncia. As solu\u00e7\u00f5es devem ser proposta atrav\u00e9s de consultas utilizando a linguagem SQL. Elas ser\u00e3o avaliadas quanto \u00e0 corretude e quantidade de submiss\u00f5es.<\/p><p>Cada equipe ser\u00e1 formada por at\u00e9 3 (tr\u00eas) pessoas, podendo cada equipe ter a seguinte forma\u00e7\u00e3o:<\/p><ul><li><strong>N\u00edvel m\u00e9dio:<\/strong><ul><li aria-level=\"1\">2 alunos cursando ensino m\u00e9dio + 1 aluno cursando gradua\u00e7\u00e3o ou<\/li><li aria-level=\"1\">3 alunos cursando ensino m\u00e9dio<\/li><\/ul><\/li><li><strong>N\u00edvel superior:<\/strong><ul><li aria-level=\"1\">2 alunos cursando gradua\u00e7\u00e3o + 1 aluno cursando p\u00f3s-gradua\u00e7\u00e3o ou<\/li><li aria-level=\"1\">2 alunos cursando gradua\u00e7\u00e3o + 1 profissional ou<\/li><li aria-level=\"1\">3 alunos cursando gradua\u00e7\u00e3o<\/li><\/ul><\/li><\/ul><p>As equipes s\u00f3 poder\u00e3o usar um \u00fanico computador, para resolver at\u00e9 seis problemas em at\u00e9 2,5 horas. Cada equipe \u00e9 respons\u00e1vel por levar o seu pr\u00f3prio computador. Lembre-se que computadores podem falhar. Dessa forma, tenham um equipamento reserva.<\/p><p>As equipes podem utilizar livros, artigos ou manuais impressos. O sistema de ger\u00eancia de bancos de dados utilizado na maratona ser\u00e1 o PostgreSQL. Portanto, faz-se necess\u00e1rio o conhecimento de sua sintaxe SQL.<\/p><p>A classifica\u00e7\u00e3o das equipes se dar\u00e1 pelo n\u00famero de problemas resolvidos.\u00a0 O crit\u00e9rio de desempate ser\u00e1 o menor n\u00famero de submiss\u00f5es.\u00a0 Teremos 2 (duas) equipes vencedoras: ensino m\u00e9dio e gradua\u00e7\u00e3o. As equipes vencedoras ser\u00e3o as que resolverem o maior n\u00famero de problemas em menor tempo total para cada categoria (ensino m\u00e9dio e gradua\u00e7\u00e3o).<\/p><p><span style=\"color: #ff6600;\"><strong><em><a style=\"color: #ff6600;\" href=\"https:\/\/forms.gle\/yN3AnFJsiUgb2aGQA\"><span style=\"text-decoration: underline;\"><span style=\"color: #f35c2c; text-decoration: underline;\">Fa\u00e7a sua inscri\u00e7\u00e3o aqui<\/span><\/span><\/a><\/em><\/strong><\/span><\/p><h2><span style=\"color: #f35c2c;\"><b>Coordena\u00e7\u00e3o da Maratona<\/b><\/span><\/h2><p>Arlino H. M. de Ara\u00fajo (UFPI) &#8211; arlino@ufpi.edu.br<\/p>\t\t\t\t\t\t\t\t<\/div>\n\t\t\t\t<\/div>\n\t\t\t\t\t<\/div>\n\t\t\t\t<\/div>\n\t\t<div class=\"elementor-element elementor-element-05224c3 e-con-full e-flex e-con e-parent\" data-id=\"05224c3\" data-element_type=\"container\" data-e-type=\"container\" data-settings=\"{&quot;background_background&quot;:&quot;gradient&quot;,&quot;shape_divider_top&quot;:&quot;waves&quot;}\">\n\t\t\t\t<div class=\"elementor-shape elementor-shape-top\" aria-hidden=\"true\" data-negative=\"false\">\n\t\t\t<svg xmlns=\"http:\/\/www.w3.org\/2000\/svg\" viewBox=\"0 0 1000 100\" preserveAspectRatio=\"none\">\n\t<path class=\"elementor-shape-fill\" d=\"M421.9,6.5c22.6-2.5,51.5,0.4,75.5,5.3c23.6,4.9,70.9,23.5,100.5,35.7c75.8,32.2,133.7,44.5,192.6,49.7\n\tc23.6,2.1,48.7,3.5,103.4-2.5c54.7-6,106.2-25.6,106.2-25.6V0H0v30.3c0,0,72,32.6,158.4,30.5c39.2-0.7,92.8-6.7,134-22.4\n\tc21.2-8.1,52.2-18.2,79.7-24.2C399.3,7.9,411.6,7.5,421.9,6.5z\"\/>\n<\/svg>\t\t<\/div>\n\t\t\t\t<\/div>\n\t\t\t\t<\/div>\n\t\t","protected":false},"excerpt":{"rendered":"<p>Maratona SQL A Maratona de SQL \u00e9 uma competi\u00e7\u00e3o que acontece no evento nacional mais importante da \u00e1rea Banco de Dados, o Simp\u00f3sio Brasileiro de Banco de Dados (SBBD). Ela \u00e9 Inspirada na maratona de programa\u00e7\u00e3o da Sociedade Brasileira de Computa\u00e7\u00e3o. A Maratona de SQL se destina a alunos de ensino m\u00e9dio t\u00e9cnico, gradua\u00e7\u00e3o e [&hellip;]<\/p>\n","protected":false},"author":2,"featured_media":0,"parent":0,"menu_order":0,"comment_status":"closed","ping_status":"closed","template":"","meta":{"footnotes":""},"class_list":["post-1276","page","type-page","status-publish","hentry"],"_links":{"self":[{"href":"https:\/\/sbbd.org.br\/2025\/wp-json\/wp\/v2\/pages\/1276","targetHints":{"allow":["GET"]}}],"collection":[{"href":"https:\/\/sbbd.org.br\/2025\/wp-json\/wp\/v2\/pages"}],"about":[{"href":"https:\/\/sbbd.org.br\/2025\/wp-json\/wp\/v2\/types\/page"}],"author":[{"embeddable":true,"href":"https:\/\/sbbd.org.br\/2025\/wp-json\/wp\/v2\/users\/2"}],"replies":[{"embeddable":true,"href":"https:\/\/sbbd.org.br\/2025\/wp-json\/wp\/v2\/comments?post=1276"}],"version-history":[{"count":12,"href":"https:\/\/sbbd.org.br\/2025\/wp-json\/wp\/v2\/pages\/1276\/revisions"}],"predecessor-version":[{"id":5853,"href":"https:\/\/sbbd.org.br\/2025\/wp-json\/wp\/v2\/pages\/1276\/revisions\/5853"}],"wp:attachment":[{"href":"https:\/\/sbbd.org.br\/2025\/wp-json\/wp\/v2\/media?parent=1276"}],"curies":[{"name":"wp","href":"https:\/\/api.w.org\/{rel}","templated":true}]}}