{"id":1269,"date":"2025-02-27T14:44:18","date_gmt":"2025-02-27T17:44:18","guid":{"rendered":"https:\/\/sbbd.org.br\/2025\/?page_id=1269"},"modified":"2025-08-18T11:47:43","modified_gmt":"2025-08-18T14:47:43","slug":"tutorials","status":"publish","type":"page","link":"https:\/\/sbbd.org.br\/2025\/en\/tutorials\/","title":{"rendered":"Tutorials"},"content":{"rendered":"\t\t<div data-elementor-type=\"wp-page\" data-elementor-id=\"1269\" class=\"elementor elementor-1269\">\n\t\t\t\t<div class=\"elementor-element elementor-element-751dc1dc e-flex e-con-boxed e-con e-parent\" data-id=\"751dc1dc\" data-element_type=\"container\" data-e-type=\"container\">\n\t\t\t\t\t<div class=\"e-con-inner\">\n\t\t<div class=\"elementor-element elementor-element-155d763 e-con-full e-flex e-con e-child\" data-id=\"155d763\" data-element_type=\"container\" data-e-type=\"container\">\n\t\t\t\t<div class=\"elementor-element elementor-element-23f0b22 elementor-widget elementor-widget-heading\" data-id=\"23f0b22\" data-element_type=\"widget\" data-e-type=\"widget\" data-widget_type=\"heading.default\">\n\t\t\t\t<div class=\"elementor-widget-container\">\n\t\t\t\t\t<h2 class=\"elementor-heading-title elementor-size-default\">TUTORIALS<\/h2>\t\t\t\t<\/div>\n\t\t\t\t<\/div>\n\t\t\t\t<div class=\"elementor-element elementor-element-3054d60 sublinhado elementor-widget__width-initial elementor-widget elementor-widget-image\" data-id=\"3054d60\" data-element_type=\"widget\" data-e-type=\"widget\" data-widget_type=\"image.default\">\n\t\t\t\t<div class=\"elementor-widget-container\">\n\t\t\t\t\t\t\t\t\t\t\t\t\t\t\t<img decoding=\"async\" width=\"246\" height=\"18\" src=\"https:\/\/sbbd.org.br\/2025\/wp-content\/uploads\/2025\/08\/Frame-4-e1748889604907.png\" class=\"attachment-full size-full wp-image-4688\" alt=\"\" \/>\t\t\t\t\t\t\t\t\t\t\t\t\t\t\t<\/div>\n\t\t\t\t<\/div>\n\t\t\t\t<\/div>\n\t\t\t\t<div class=\"elementor-element elementor-element-625cc174 elementor-widget elementor-widget-text-editor\" data-id=\"625cc174\" data-element_type=\"widget\" data-e-type=\"widget\" data-widget_type=\"text-editor.default\">\n\t\t\t\t<div class=\"elementor-widget-container\">\n\t\t\t\t\t\t\t\t\t<p>SBBD 2025 invites the submission of tutorial proposals. Each tutorial will be presented in up to <strong>3 hours<\/strong>. We will consider proposals for both introductory and advanced tutorials on database topics or related areas (e.g., Data Science, Data-Centric AI). The topics of interest include (but are not limited to) those described at <a href=\"https:\/\/sbbd.org.br\/2025\/index.php\/en\/main-event\/\">SBBD Call for Papers page<\/a>.<\/p><p>Introductory tutorials should target an audience composed of advanced undergraduate and graduate students, as well as industry participants. In this context, tutorials can be considered as \u201crefresher courses,\u201d although they should not cover traditional \u201ctextbook topics.\u201d Advanced tutorials, on the other hand, should cover the state of the art of a topic, motivating and exposing possible research questions.<\/p><h2><span style=\"color: #faa80c;\"><strong>Instructions for Authors<\/strong><\/span><\/h2><p>Tutorial proposals should not exceed 5 pages, using Times New Roman, 12 pt font, and must include the following items (in this order):<\/p><ul><li aria-level=\"1\">Tutorial title, full names of the authors, affiliations, emails, and URLs of their home pages (if available).<\/li><li aria-level=\"1\">If the proposed tutorial has been presented before, indicate the event where it was presented and how it will be updated and improved for SBBD 2025.<\/li><li aria-level=\"1\">Tutorial type (introductory or advanced).<\/li><li aria-level=\"1\">Target audience and its presumed background.<\/li><li aria-level=\"1\">The language in which the tutorial will be presented (English or Portuguese).<\/li><li aria-level=\"1\">A summary (maximum of 100 words) describing the main objective of the tutorial.<\/li><li aria-level=\"1\">Tutorial outline (list of topics and a brief description of how they will be covered).<\/li><li aria-level=\"1\">A list of up to 10 related references.<\/li><li aria-level=\"1\">A brief biography of the authors (up to 20 lines per author).<\/li><li aria-level=\"1\">Name of the presenter(s) if the tutorial is proposed by more than one author. Authors may share the presentation, meaning more than one author can present the tutorial.<\/li><li aria-level=\"1\">Required audiovisual equipment (e.g., multimedia projector and computing resources).<\/li><\/ul><h2><span style=\"color: #faa80c;\"><strong>Submission Guidelines<\/strong><\/span><\/h2><p>Tutorial proposals can be written in Portuguese or English. Submissions in English are strongly encouraged. Submitted proposals will be evaluated based on originality, relevance, technical soundness, and clarity of presentation.<\/p><p>Tutorial proposals must be sent by email as PDF attachments to eduardo.almeida@ufpr.br. The email subject should be: &#8220;Tutorial Session SBBD 2025&#8221;. Please use this subject line to help the coordinator filter relevant messages. Submissions in formats other than PDF will not be accepted.<\/p><p>SBBD 2025 reserves the right to reject all submitted tutorial proposals and to include invited tutorial presentations.<\/p>\t\t\t\t\t\t\t\t<\/div>\n\t\t\t\t<\/div>\n\t\t<div class=\"elementor-element elementor-element-2b14353 e-con-full e-flex e-con e-child\" data-id=\"2b14353\" data-element_type=\"container\" data-e-type=\"container\">\n\t\t\t\t<div class=\"elementor-element elementor-element-86dcf86 elementor-view-default elementor-widget elementor-widget-icon\" data-id=\"86dcf86\" data-element_type=\"widget\" data-e-type=\"widget\" data-widget_type=\"icon.default\">\n\t\t\t\t<div class=\"elementor-widget-container\">\n\t\t\t\t\t\t\t<div class=\"elementor-icon-wrapper\">\n\t\t\t<div class=\"elementor-icon\">\n\t\t\t<svg aria-hidden=\"true\" class=\"e-font-icon-svg e-far-calendar-alt\" viewBox=\"0 0 448 512\" xmlns=\"http:\/\/www.w3.org\/2000\/svg\"><path d=\"M148 288h-40c-6.6 0-12-5.4-12-12v-40c0-6.6 5.4-12 12-12h40c6.6 0 12 5.4 12 12v40c0 6.6-5.4 12-12 12zm108-12v-40c0-6.6-5.4-12-12-12h-40c-6.6 0-12 5.4-12 12v40c0 6.6 5.4 12 12 12h40c6.6 0 12-5.4 12-12zm96 0v-40c0-6.6-5.4-12-12-12h-40c-6.6 0-12 5.4-12 12v40c0 6.6 5.4 12 12 12h40c6.6 0 12-5.4 12-12zm-96 96v-40c0-6.6-5.4-12-12-12h-40c-6.6 0-12 5.4-12 12v40c0 6.6 5.4 12 12 12h40c6.6 0 12-5.4 12-12zm-96 0v-40c0-6.6-5.4-12-12-12h-40c-6.6 0-12 5.4-12 12v40c0 6.6 5.4 12 12 12h40c6.6 0 12-5.4 12-12zm192 0v-40c0-6.6-5.4-12-12-12h-40c-6.6 0-12 5.4-12 12v40c0 6.6 5.4 12 12 12h40c6.6 0 12-5.4 12-12zm96-260v352c0 26.5-21.5 48-48 48H48c-26.5 0-48-21.5-48-48V112c0-26.5 21.5-48 48-48h48V12c0-6.6 5.4-12 12-12h40c6.6 0 12 5.4 12 12v52h128V12c0-6.6 5.4-12 12-12h40c6.6 0 12 5.4 12 12v52h48c26.5 0 48 21.5 48 48zm-48 346V160H48v298c0 3.3 2.7 6 6 6h340c3.3 0 6-2.7 6-6z\"><\/path><\/svg>\t\t\t<\/div>\n\t\t<\/div>\n\t\t\t\t\t\t<\/div>\n\t\t\t\t<\/div>\n\t\t\t\t<div class=\"elementor-element elementor-element-810c225 elementor-widget elementor-widget-heading\" data-id=\"810c225\" data-element_type=\"widget\" data-e-type=\"widget\" data-widget_type=\"heading.default\">\n\t\t\t\t<div class=\"elementor-widget-container\">\n\t\t\t\t\t<h2 class=\"elementor-heading-title elementor-size-default\">DATAS IMPORTANTES<\/h2>\t\t\t\t<\/div>\n\t\t\t\t<\/div>\n\t\t\t\t<\/div>\n\t\t\t\t<div class=\"elementor-element elementor-element-596f1d7 elementor-widget elementor-widget-text-editor\" data-id=\"596f1d7\" data-element_type=\"widget\" data-e-type=\"widget\" data-widget_type=\"text-editor.default\">\n\t\t\t\t<div class=\"elementor-widget-container\">\n\t\t\t\t\t\t\t\t\t<ul><li>Submission deadline: <del>June 9st<\/del> July 1st<\/li><li aria-level=\"1\">Notification of acceptance: July 14st<\/li><li aria-level=\"1\">Camera-ready version: July 28st<\/li><\/ul><h2><span style=\"color: #faa80c;\"><strong>Tutorial Program Chair<\/strong><\/span><\/h2><p>Eduardo Cunha de Almeida<br \/>Associate Professor, Department of Informatics, UFPR<\/p><p><b><br \/><\/b><b>Contact<\/b><\/p><p>For further information please contact Eduardo Almeida at eduardo.almeida@ufpr.br. Send message with the subject \u201cSBBD 2025 Tutorial Session\u201d. Please, send email with the suggested subject to aid the chair to filter messages of interest.<\/p><h2><span style=\"color: #faa80c;\"><strong>Accepted Tutorials<\/strong><\/span><\/h2><ul><li>Intelig\u00eancia Artificial Sustent\u00e1vel baseado em Engenharia de Dados, Aprendizado de M\u00e1quina e Transfer\u00eancia de Conhecimento para Processamento de Linguagem Natural. Washington Cunha, Leonardo Rocha, Marcos A. Gon\u00e7alves<\/li><li>LLMs N\u00e3o S\u00e3o Garantidos &#8211; Avaliando LLMs: M\u00e9tricas, Benchmarks, T\u00e9cnicas Autom\u00e1ticas e Considera\u00e7\u00f5es \u00c9ticas. Livy Maria Real Coelho, Daniela Vianna, Andr\u00e9 Luiz da Costa Carvalho, Altigran Soares da Silva<\/li><li>RAG em Bancos de Dados Multimodais: Orquestrando Recupera\u00e7\u00e3o Textual, Vetorial e em Grafo. Ot\u00e1vio Cala\u00e7a Xavier, Anderson da Silva Soares<\/li><\/ul>\t\t\t\t\t\t\t\t<\/div>\n\t\t\t\t<\/div>\n\t\t\t\t\t<\/div>\n\t\t\t\t<\/div>\n\t\t<div class=\"elementor-element elementor-element-2e34391 e-con-full e-flex e-con e-parent\" data-id=\"2e34391\" data-element_type=\"container\" data-e-type=\"container\" data-settings=\"{&quot;background_background&quot;:&quot;gradient&quot;,&quot;shape_divider_top&quot;:&quot;waves&quot;}\">\n\t\t\t\t<div class=\"elementor-shape elementor-shape-top\" aria-hidden=\"true\" data-negative=\"false\">\n\t\t\t<svg xmlns=\"http:\/\/www.w3.org\/2000\/svg\" viewBox=\"0 0 1000 100\" preserveAspectRatio=\"none\">\n\t<path class=\"elementor-shape-fill\" d=\"M421.9,6.5c22.6-2.5,51.5,0.4,75.5,5.3c23.6,4.9,70.9,23.5,100.5,35.7c75.8,32.2,133.7,44.5,192.6,49.7\n\tc23.6,2.1,48.7,3.5,103.4-2.5c54.7-6,106.2-25.6,106.2-25.6V0H0v30.3c0,0,72,32.6,158.4,30.5c39.2-0.7,92.8-6.7,134-22.4\n\tc21.2-8.1,52.2-18.2,79.7-24.2C399.3,7.9,411.6,7.5,421.9,6.5z\"\/>\n<\/svg>\t\t<\/div>\n\t\t\t\t<\/div>\n\t\t\t\t<\/div>\n\t\t","protected":false},"excerpt":{"rendered":"<p>TUTORIALS SBBD 2025 invites the submission of tutorial proposals. Each tutorial will be presented in up to 3 hours. We will consider proposals for both introductory and advanced tutorials on database topics or related areas (e.g., Data Science, Data-Centric AI). The topics of interest include (but are not limited to) those described at SBBD Call [&hellip;]<\/p>\n","protected":false},"author":2,"featured_media":0,"parent":0,"menu_order":0,"comment_status":"closed","ping_status":"closed","template":"","meta":{"footnotes":""},"class_list":["post-1269","page","type-page","status-publish","hentry"],"_links":{"self":[{"href":"https:\/\/sbbd.org.br\/2025\/wp-json\/wp\/v2\/pages\/1269","targetHints":{"allow":["GET"]}}],"collection":[{"href":"https:\/\/sbbd.org.br\/2025\/wp-json\/wp\/v2\/pages"}],"about":[{"href":"https:\/\/sbbd.org.br\/2025\/wp-json\/wp\/v2\/types\/page"}],"author":[{"embeddable":true,"href":"https:\/\/sbbd.org.br\/2025\/wp-json\/wp\/v2\/users\/2"}],"replies":[{"embeddable":true,"href":"https:\/\/sbbd.org.br\/2025\/wp-json\/wp\/v2\/comments?post=1269"}],"version-history":[{"count":9,"href":"https:\/\/sbbd.org.br\/2025\/wp-json\/wp\/v2\/pages\/1269\/revisions"}],"predecessor-version":[{"id":4822,"href":"https:\/\/sbbd.org.br\/2025\/wp-json\/wp\/v2\/pages\/1269\/revisions\/4822"}],"wp:attachment":[{"href":"https:\/\/sbbd.org.br\/2025\/wp-json\/wp\/v2\/media?parent=1269"}],"curies":[{"name":"wp","href":"https:\/\/api.w.org\/{rel}","templated":true}]}}