{"id":1154,"date":"2025-02-25T21:25:12","date_gmt":"2025-02-26T00:25:12","guid":{"rendered":"http:\/\/petti"},"modified":"2025-10-03T09:15:55","modified_gmt":"2025-10-03T12:15:55","slug":"evento-principal","status":"publish","type":"page","link":"https:\/\/sbbd.org.br\/2025\/evento-principal\/","title":{"rendered":"Evento Principal"},"content":{"rendered":"<h2>Trilha Principal<\/h2>\n<p><img decoding=\"async\" src=\"https:\/\/sbbd.org.br\/2025\/wp-content\/uploads\/2025\/08\/Frame-4-e1748889604907.png\" alt=\"\" width=\"246\" height=\"18\" \/><\/p>\n<h2><strong>Artigos Completos<\/strong><\/h2>\n<p>Submiss\u00f5es nesta categoria dever\u00e3o apresentar resultados de pesquisas e discutir quaisquer temas de interesse do SBBD. Existem tr\u00eas categorias igualmente importantes de artigos completos: (i) Artigos de Pesquisa Regulares, (ii) Artigos de Vis\u00e3o e (iii) Artigos Industriais ou de Aplica\u00e7\u00e3o. Os artigos completos dever\u00e3o ser escritos em portugu\u00eas ou ingl\u00eas e n\u00e3o ultrapassar <strong>14 p\u00e1ginas<\/strong>, conforme <a style=\"color: #000000;\" href=\"https:\/\/www.sbc.org.br\/wp-content\/uploads\/2024\/07\/modelosparapublicaodeartigos.zip\" target=\"_blank\" rel=\"noopener\"><strong>modelo da SBC<\/strong><\/a>. Importante: as p\u00e1ginas 13 e 14 s\u00e3o consideradas p\u00e1ginas extras e devem ser utilizadas exclusivamente para refer\u00eancias. Em outras palavras, um artigo completo pode ter at\u00e9 12 p\u00e1ginas mais duas p\u00e1ginas extras apenas para refer\u00eancias. Encorajamos fortemente os autores a citar artigos publicados em edi\u00e7\u00f5es anteriores do SBBD. Estes artigos n\u00e3o devem ter sido submetidos simultaneamente a qualquer outro f\u00f3rum (confer\u00eancia ou revista) nem j\u00e1 ter sido publicado em outro ve\u00edculo. A aceita\u00e7\u00e3o de um artigo implica que pelo menos uma pessoa de sua autoria se inscreva no simp\u00f3sio para apresent\u00e1-lo. Os trabalhos dever\u00e3o ser submetidos dentro do prazo atrav\u00e9s do <a style=\"color: #000000;\" href=\"https:\/\/submissoes.sbc.org.br\/home.cgi?c=4670\" target=\"_blank\" rel=\"noopener\"><strong>site do JEMS<\/strong><\/a>. Artigos submetidos passar\u00e3o por um processo de revis\u00e3o duplamente an\u00f4nima (<em>double-blind<\/em>), onde as identidades de autoria s\u00e3o ocultadas de quem revisa os artigos e vice-versa (quem escreve n\u00e3o sabe quem revisa). Os artigos ser\u00e3o revisados com base na originalidade, relev\u00e2ncia, solidez t\u00e9cnica e clareza de apresenta\u00e7\u00e3o. Artigos industriais ou de aplica\u00e7\u00e3o ser\u00e3o revisados com base no contexto e potencial de inova\u00e7\u00e3o.<\/p>\n<p>Os artigos completos do SBBD ter\u00e3o um processo de revis\u00e3o em duas rodadas para artigos considerados <em>borderline<\/em>, onde quem os escreveu poder\u00e1 ver uma vers\u00e3o das revis\u00f5es e redigir uma resposta (<em>rebuttal<\/em>) para defender seu artigo em rela\u00e7\u00e3o aos coment\u00e1rios recebidos. Nessa resposta, pode-se propor a realiza\u00e7\u00e3o de algumas pequenas altera\u00e7\u00f5es para corrigir problemas no artigo para gerar uma vers\u00e3o final (<em>camera-ready<\/em>).<\/p>\n<p>Questionamentos referentes \u00e0 submiss\u00e3o de artigos COMPLETOS devem ser direcionados para <a style=\"color: #000000;\" href=\"mailto:cesp@dsc.ufcg.edu.br\">cesp@dsc.ufcg.edu.br<\/a>.<\/p>\n<p>&nbsp;<\/p>\n<h2>DATAS IMPORTANTES<\/h2>\n<ul>\n<li><b>Submiss\u00e3o de resumos:<\/b><del> 31 de Mar\u00e7o de 2025<\/del> &#8211; <del>21 de Abril de 2025<\/del> &#8211; <strong>28 de Abril de 2025 [Firme]<\/strong><\/li>\n<li style=\"font-weight: 400;\" aria-level=\"1\"><b>Submiss\u00e3o de artigos:<\/b><del> 7 de Abril de 2025<\/del> &#8211; <del>28 de Abril de 2025<\/del> &#8211; <strong>5 de Maio de 2025 [Firme]<\/strong><\/li>\n<li style=\"font-weight: 400;\" aria-level=\"1\"><b>Notifica\u00e7\u00e3o:<\/b><del> 12 de Maio de 2025<\/del> &#8211; <del>4 de Junho de 2025<\/del> &#8211; 11 de Junho de 2025<\/li>\n<li aria-level=\"1\"><strong>Submiss\u00e3o de <em>rebuttal<\/em>: <\/strong><del>19 de Maio de 2025<\/del> &#8211; <del>10 de Junho de 2025<\/del> &#8211; 18 de Junho de 2025<\/li>\n<li aria-level=\"1\"><strong>Notifica\u00e7\u00e3o final: <\/strong><del>26 de Maio de 2025<\/del> &#8211; <del>17 de Junho de 2025<\/del> &#8211; 25 de Junho de 2025<\/li>\n<li aria-level=\"1\"><strong>Envio da vers\u00e3o final: <\/strong><del>23 de Junho de 2025<\/del> &#8211; <del>07 de Julho de 2025<\/del> &#8211; 15 de Julho de 2025<\/li>\n<\/ul>\n<hr \/>\n<h2><strong>Artigos Curtos<\/strong><\/h2>\n<p>Artigos curtos dever\u00e3o apresentar resultados iniciais ou trabalhos em andamento sobre qualquer tema de interesse do SBBD. Da mesma forma que os artigos completos, os artigos podem ser: (i) artigos de pesquisa regulares, (ii) artigos de vis\u00e3o ou (iii) artigos industriais ou de aplica\u00e7\u00e3o. Os artigos curtos do SBBD devem ser escritos em portugu\u00eas ou ingl\u00eas e n\u00e3o ultrapassar <strong>7 p\u00e1ginas<\/strong>, conforme <a style=\"color: #000000;\" href=\"https:\/\/www.sbc.org.br\/wp-content\/uploads\/2024\/07\/modelosparapublicaodeartigos.zip\" target=\"_blank\" rel=\"noopener\">modelo da SBC<\/a>. Importante: a p\u00e1gina 7 \u00e9 considerada uma p\u00e1gina extra e deve ser utilizada exclusivamente para refer\u00eancias. Em outras palavras, um artigo curto pode ter at\u00e9 6 p\u00e1ginas mais uma p\u00e1gina extra apenas para refer\u00eancias. Encorajamos fortemente os autores a citar artigos publicados em edi\u00e7\u00f5es anteriores do SBBD. Os artigos curtos submetidos ao SBBD n\u00e3o devem ter sido submetidos simultaneamente a qualquer outro f\u00f3rum (confer\u00eancia ou revista) nem j\u00e1 ter sido publicados em outro lugar. A aceita\u00e7\u00e3o de um artigo implica que pelo menos uma pessoa de sua autoria se inscreva no simp\u00f3sio para apresent\u00e1-lo. Os trabalhos dever\u00e3o ser submetidos dentro do prazo atrav\u00e9s do <a style=\"color: #000000;\" href=\"https:\/\/submissoes.sbc.org.br\/home.cgi?c=4671\" target=\"_blank\" rel=\"noopener\">site do JEMS<\/a>. Artigos submetidos passar\u00e3o por um processo de revis\u00e3o duplamente ant\u00f4nimo (double-blind), onde as identidades de autoria s\u00e3o ocultadas de quem revisa os artigos e vice-versa (quem escreve n\u00e3o sabe quem revisa). Os artigos ser\u00e3o revisados com base na originalidade, relev\u00e2ncia, solidez t\u00e9cnica e clareza de apresenta\u00e7\u00e3o. Os artigos industriais ou de aplica\u00e7\u00e3o ser\u00e3o revisados com base no contexto e potencial de inova\u00e7\u00e3o.<\/p>\n<p>Questionamentos referentes \u00e0 submiss\u00e3o de artigos CURTOS devem ser direcionados para\u00a0<a style=\"color: #000000;\" href=\"mailto:parros@icmc.usp.br\">parros@icmc.usp.br<\/a><\/p>\n<p>&nbsp;<\/p>\n<h2>DATAS IMPORTANTES<\/h2>\n<ul>\n<li><b>Submiss\u00e3o de resumos:<\/b><del> 12 de Maio de 2025<\/del> <strong>16 de Junho de 2025<\/strong> <strong>(FINAL)<\/strong><\/li>\n<li style=\"font-weight: 400;\" aria-level=\"1\"><b>Submiss\u00e3o de artigos curtos:<\/b><del> 19 de Maio de 2025<\/del> <strong>20\u00a0de Junho de 2025<\/strong> <strong>(FINAL)<\/strong><\/li>\n<li style=\"font-weight: 400;\" aria-level=\"1\"><b>Notifica\u00e7\u00e3o:<\/b><del> 23 de Junho de 2025<\/del> <del>25 de Julho de 2025<\/del> <strong>28 de Julho de 2025<\/strong><\/li>\n<li style=\"font-weight: 400;\" aria-level=\"1\"><b>Submiss\u00e3o da vers\u00e3o final:<\/b><del> 7 de Julho de 2025<\/del> <del>1 de Agosto de 2025<\/del> <strong>2 de Agosto de 2025<\/strong><\/li>\n<\/ul>\n<hr \/>\n<h2><strong>T\u00f3picos de Interesse<\/strong><\/h2>\n<p dir=\"ltr\">Os t\u00f3picos de interesse do SBBD (n\u00e3o limitados a eles) s\u00e3o os seguintes:<\/p>\n<ul>\n<li dir=\"ltr\">Gerenciamento de dados em nuvem e blockchains<\/li>\n<li dir=\"ltr\">Qualidade de dados e informa\u00e7\u00f5es<\/li>\n<li dir=\"ltr\">Anota\u00e7\u00e3o de dados e proveni\u00eancia<\/li>\n<li dir=\"ltr\">Limpeza de dados, filtragem e publica\u00e7\u00e3o de informa\u00e7\u00f5es<\/li>\n<li dir=\"ltr\">Frameworks de dados, ecossistemas e arquiteturas de bancos de dados<\/li>\n<li dir=\"ltr\">Minera\u00e7\u00e3o e an\u00e1lise de dados<\/li>\n<li dir=\"ltr\">Modelos de dados e sem\u00e2ntica<\/li>\n<li dir=\"ltr\">Privacidade e seguran\u00e7a de dados<\/li>\n<li dir=\"ltr\">Aplica\u00e7\u00f5es\/pipelines de ci\u00eancia de dados<\/li>\n<li dir=\"ltr\">Visualiza\u00e7\u00e3o de dados, interfaces com o usu\u00e1rio e usabilidade de bancos de dados<\/li>\n<li dir=\"ltr\">Engines de bancos de dados<\/li>\n<li dir=\"ltr\">Monitoramento, desempenho, benchmarking e ajuste fino de bancos de dados<\/li>\n<li dir=\"ltr\">Aplica\u00e7\u00f5es centradas em dados<\/li>\n<li dir=\"ltr\">Bibliotecas digitais e aplica\u00e7\u00f5es<\/li>\n<li dir=\"ltr\">Gerenciamento e classifica\u00e7\u00e3o de documentos<\/li>\n<li dir=\"ltr\">Bancos de dados embutidos e m\u00f3veis<\/li>\n<li dir=\"ltr\">Experimentos e an\u00e1lises<\/li>\n<li dir=\"ltr\">Gerenciamento de dados semiestruturados, em redes e em grafos<\/li>\n<li dir=\"ltr\">Integra\u00e7\u00e3o de informa\u00e7\u00f5es e interoperabilidade<\/li>\n<li dir=\"ltr\">Recupera\u00e7\u00e3o de informa\u00e7\u00e3o<\/li>\n<li dir=\"ltr\">Gerenciamento de dados na mem\u00f3ria<\/li>\n<li dir=\"ltr\">Bases de conhecimento, grafos de conhecimento e modelagem<\/li>\n<li dir=\"ltr\">Aprendizado de m\u00e1quina, IA, gerenciamento de dados e sistemas de dados<\/li>\n<li dir=\"ltr\">Bancos de dados multidimensionais e temporais<\/li>\n<li dir=\"ltr\">Bancos de dados NoSQL<\/li>\n<li dir=\"ltr\">Bancos de dados peer-to-peer, paralelos, distribu\u00eddos ou heterog\u00eaneos<\/li>\n<li dir=\"ltr\">Bancos de dados Polystore<\/li>\n<li dir=\"ltr\">Gerenciamento de dados probabil\u00edstico, fuzzy e incerto<\/li>\n<li dir=\"ltr\">Gerenciamento de dados baseado em perfil ou com reconhecimento de contexto<\/li>\n<li dir=\"ltr\">Linguagens de consulta e processamento<\/li>\n<li dir=\"ltr\">Sistemas de recomenda\u00e7\u00e3o<\/li>\n<li dir=\"ltr\">Gerenciamento de dados respons\u00e1vel\u00a0 e confiabilidade algor\u00edtmica<\/li>\n<li dir=\"ltr\">Gerenciamento e projeto de esquemas<\/li>\n<li dir=\"ltr\">Bancos de dados autogerenciados e aut\u00f4nomos<\/li>\n<li dir=\"ltr\">Web sem\u00e2ntica, dados ligados e ontologias<\/li>\n<li dir=\"ltr\">Processamento de dados de sensores, bancos de dados de fluxo e IoT em dados<\/li>\n<li dir=\"ltr\">Redes sociais e crowdsourcing<\/li>\n<li dir=\"ltr\">Bancos de dados espa\u00e7otemporais<\/li>\n<li dir=\"ltr\">Gerenciamento de dados especializado e espec\u00edfico de dom\u00ednio<\/li>\n<li dir=\"ltr\">Armazenamento, indexa\u00e7\u00e3o e projeto f\u00edsico de bancos de dados<\/li>\n<li dir=\"ltr\">Gerenciamento de transa\u00e7\u00f5es, controle de concorr\u00eancia e recupera\u00e7\u00e3o<\/li>\n<li dir=\"ltr\">Minera\u00e7\u00e3o de textos e processamento de linguagem natural<\/li>\n<li dir=\"ltr\">Gerenciamento de dados na Web<\/li>\n<li dir=\"ltr\">Aplica\u00e7\u00f5es de workflow e bancos de dados<\/li>\n<\/ul>\n<hr \/>\n<h2><strong>Comit\u00eas<\/strong><\/h2>\n<h3><strong>Coordenador do Comit\u00ea de Programa do SBBD 2025<\/strong><\/h3>\n<ul>\n<li style=\"font-weight: 400;\" aria-level=\"1\">Carlos Eduardo Santos Pires (UFCG)<\/li>\n<\/ul>\n<h3><strong>Coordenadora do Comit\u00ea de Programa de Artigos Curtos do SBBD 2025<\/strong><\/h3>\n<ul>\n<li style=\"font-weight: 400;\" aria-level=\"1\">Elaine Parros M. Sousa (USP)<\/li>\n<\/ul>\n<h3><strong>Coordenadores Locais do SBBD 2025<\/strong><\/h3>\n<ul>\n<li style=\"font-weight: 400;\" aria-level=\"1\">Jos\u00e9 Ant\u00f4nio Fernandes de Mac\u00eado<\/li>\n<li style=\"font-weight: 400;\" aria-level=\"1\">L\u00edvia Almada Cruz (UFC)<\/li>\n<li style=\"font-weight: 400;\" aria-level=\"1\">Regis Pires Magalh\u00e3es (UFC)<\/li>\n<li style=\"font-weight: 400;\" aria-level=\"1\">Ticiana Linhares (UFC)<\/li>\n<\/ul>\n<h3><strong>Coordenadora de <em>Proceedings<\/em> do SBBD 2025<\/strong><\/h3>\n<ul>\n<li style=\"font-weight: 400;\" aria-level=\"1\">Michele Brand\u00e3o (UFMG)<\/li>\n<\/ul>\n<h3><strong>Comit\u00ea Gestor Brasileiro de Bancos de Dados (CD-CEBD 2024-2025)<\/strong><\/h3>\n<ul>\n<li style=\"font-weight: 400;\" aria-level=\"1\">Eduardo Ogasawara (CEFET\/RJ) &#8211; Coordenador<\/li>\n<li style=\"font-weight: 400;\" aria-level=\"1\">Carlos Eduardo Santos Pires (UFCG)<\/li>\n<li style=\"font-weight: 400;\" aria-level=\"1\">Daniel de Oliveira (UFF)<\/li>\n<li style=\"font-weight: 400;\" aria-level=\"1\">Daniel Kaster (UEL)<\/li>\n<li style=\"font-weight: 400;\" aria-level=\"1\">Elaine Parros M. Sousa (USP)<\/li>\n<li style=\"font-weight: 400;\" aria-level=\"1\">Jos\u00e9 Antonio Macedo (UFC)<\/li>\n<li style=\"font-weight: 400;\" aria-level=\"1\">Ronaldo Mello (UFSC)<\/li>\n<li style=\"font-weight: 400;\" aria-level=\"1\">Vanessa Braganholo (UFF)<\/li>\n<\/ul>\n<h3><strong>Comit\u00ea de Programa do SBBD 2025 &#8211; Artigos Completos<\/strong><\/h3>\n<ul>\n<li>Agma Traina (ICMC-USP)<\/li>\n<li>Alessandreia Oliveira (Universidade Federal de Juiz de Fora)<\/li>\n<li>Alex Sandro da Cunha R\u00eago (Instituto Federal da Para\u00edba)<\/li>\n<li>Altigran Soares da Silva (Universidade Federal do Amazonas)<\/li>\n<li>Ana Carolina Almeida (Universidade do Estado do Rio de Janeiro)<\/li>\n<li>Ana Carolina Salgado (UFPE)<\/li>\n<li>Andr\u00e9 Santanch\u00e8 (UNICAMP)<\/li>\n<li>Andreza Alencar (UFRPE)<\/li>\n<li>Angelo Brayner (Federal University of Ceara &#8211; UFC)<\/li>\n<li>Angelo Frozza IFC (Instituto Federal Catarinense &#8211; Campus Cambori\u00fa)<\/li>\n<li>Arlino Magalh\u00e3es (Universidade Federal do Piau\u00ed)<\/li>\n<li>Bernadette Loscio (TNO)<\/li>\n<li>Caetano Traina J\u00fanior (ICMC &#8211; USP)<\/li>\n<li>Carina F. Dorneles (Universidade Federal de Santa Catarina)<\/li>\n<li>Carmem Hara (Universidade Federal do Paran\u00e1)<\/li>\n<li>Celso Hirata (ITA)<\/li>\n<li>Claudio Campelo (Universidade Federal de Campina Grande)<\/li>\n<li>Clodoveu Davis (UFMG)<\/li>\n<li>Cristina Aguiar (Universidade de S\u00e3o Paulo)<\/li>\n<li>Damires Souza (Instituto Federal da Para\u00edba &#8211; IFPB)<\/li>\n<li>Daniel de Oliveira (Universidade Federal Fluminense)<\/li>\n<li>Daniel Kaster (UEL &#8211; Universidade Estadual de Londrina)<\/li>\n<li>Daniela Barreiro Claro (Federal University of Bahia)<\/li>\n<li>D\u00e9bora Pina (COPPE\/UFRJ)<\/li>\n<li>Demetrio Mestre (Universidade Federal de Campina Grande)<\/li>\n<li>Denio Duarte (UFFS)<\/li>\n<li>Diego Carvalho (CEFET-RJ)<\/li>\n<li>Diego Pessoa (IFPB)<\/li>\n<li>Dimas Cassimiro Nascimento (Universidade Federal do Agreste de Pernambuco &#8211; UFAPE)<\/li>\n<li>Edleno Moura (Federal University of Amazonas)<\/li>\n<li>Eduardo Bezerra (CEFET\/RJ)<\/li>\n<li>Eduardo de Almeida (Universidade Federal do Paran\u00e1)<\/li>\n<li>Eduardo Ogasawara (CEFET\/RJ)<\/li>\n<li>Eduardo Pena Federal (University of Technology &#8211; UTFPR)<\/li>\n<li>Elaine Sousa (University of Sao Paulo)<\/li>\n<li>Fabio Porto (LNCC)<\/li>\n<li>Felipe Domingos da Cunha (PUC-Minas)<\/li>\n<li>Felipe Louza (Universidade Federal de Uberl\u00e2ndia)<\/li>\n<li>Gabriella Costa (Federal Center for Technological Education of Minas Gerais)<\/li>\n<li>Genoveva Vargas-Solar (French Council on Scientific Research)<\/li>\n<li>Geomar Schreiner (UFFS)<\/li>\n<li>Humberto Razente (Universidade Federal de Uberlandia)<\/li>\n<li>Janderson Aguiar (Universidade Estadual da Para\u00edba &#8211; UEPB)<\/li>\n<li>Javam Machado Federal (University of Cear\u00e1)<\/li>\n<li>Jo\u00e3o Eduardo Ferreira (IME\/USP)<\/li>\n<li>Jo\u00e3o Felipe Pimentel (Universidade Federal Fluminense)<\/li>\n<li>Jos\u00e9 Monteiro Universidade Federal do Cear\u00e1 (UFC)<\/li>\n<li>Jos\u00e9 Palazzo Moreira de Oliveira (UFRGS)<\/li>\n<li>Jos\u00e9 Antonio Mac\u00eado (UFC)<\/li>\n<li>Jose Rodrigues Jr (University of Sao Paulo)<\/li>\n<li>Julio dos Reis (Instituto de Computa\u00e7\u00e3o da Universidade Estadual de Campinas)<\/li>\n<li>Julio Cesar Duarte (Instituto Militar de Engenharia)<\/li>\n<li>Karin Becker (UFRGS)<\/li>\n<li>Kelly Braghetto (IME\/USP)<\/li>\n<li>Larissa Shimomura (Hasselt University)<\/li>\n<li>Leonardo Andrade Ribeiro (Federal University of Goi\u00e1s)<\/li>\n<li>Liliane Kunstmann (COPPE\/UFRJ)<\/li>\n<li>Luiz Celso Gomes Jr (UTFPR)<\/li>\n<li>Luiz Gustavo Dias (UFF)<\/li>\n<li>Marco Antonio Casanova (PUC-Rio)<\/li>\n<li>Marcos Bedo (Universidade Federal Fluminense)<\/li>\n<li>Marcos Gon\u00e7alves (Universidade Federal de Minas Gerais)<\/li>\n<li>Maria Camila Nardini Barioni (UFU)<\/li>\n<li>Maristela Holanda (Universidade de Bras\u00edlia)<\/li>\n<li>Mariza Ferro (Universidade Federal Fluminense)<\/li>\n<li>Michele Brand\u00e3o (UFMG)<\/li>\n<li>Mirela Cazzolato (University of S\u00e3o Paulo)<\/li>\n<li>Mirella Moro (Universidade Federal de Minas Gerais)<\/li>\n<li>Mirian Halfeld-Ferrari (Universit\u00e9 d&#8217;Orleans &#8211; LIFO)<\/li>\n<li>Nadia Kozievitch (UTFPR)<\/li>\n<li>Rafaelli Coutinho (Centro Federal de Educa\u00e7\u00e3o Tecnol\u00f3gica Celso Suckow da Fonseca &#8211; CEFET\/RJ)<\/li>\n<li>Rebecca Salles (INRIA)<\/li>\n<li>Regina Braga (Universidade Federal de Juiz de Fora)<\/li>\n<li>Renata Galante (UFRGS)<\/li>\n<li>Renato Fileto (UFSC)<\/li>\n<li>Ricardo Oliveira (Universidade Federal de Campina Grande)<\/li>\n<li>Ricardo Torres (Wageningen University and Research)<\/li>\n<li>Robson Fidalgo (Universidade Federal de Pernambuco)<\/li>\n<li>Rogerio Luis Costa (Polytechnic University of Leiria)<\/li>\n<li>Ronaldo Goldschmidt (Instituto Militar de Engenharia)<\/li>\n<li>Ronaldo Mello (Universidade Federal de Santa Catarina)<\/li>\n<li>Sergio Lifschitz (PUC-Rio)<\/li>\n<li>Simone Dominico (UFPR)<\/li>\n<li>Thiago Moura (IFPB)<\/li>\n<li>Thiago N\u00f3brega (UFCG)<\/li>\n<li>Tiago Brasileiro Ara\u00fajo (IFPB)<\/li>\n<li>Tiago de Melo (Universidade do Estado do Amazonas)<\/li>\n<li>Val\u00e9ria C. Times UFPE (Universidade Federal de Pernambuco)<\/li>\n<li>Vanessa Lago Machado (Instituto Federal Sul-rio-grandense)<\/li>\n<li>Victor Aguiar Evangelista de Farias (Universidade Federal do Cear\u00e1)<\/li>\n<li>Wagner Meira Jr. (UFMG)<\/li>\n<li>Zoubida Kedad (Universit\u00e9 de Versailles Paris Saclay)<\/li>\n<\/ul>\n<p>Revisores externos:<\/p>\n<ul>\n<li>Daniel Saad Nogueira Nunes (Instituto Federal de Bras\u00edlia)<\/li>\n<li>Felipe Timb\u00f3 Brito (Federal University of Cear\u00e1)<\/li>\n<li>Iago Chaves (Federal University of Cear\u00e1)<\/li>\n<li>Nicolas Hiot (Universit\u00e9 d&#8217;Orl\u00e9ans)<\/li>\n<\/ul>\n<h3><strong>Comit\u00ea de Programa do SBBD 2025 &#8211; Artigos Curtos<\/strong><\/h3>\n<ul>\n<li>Ana Carolina Almeida (UERJ)<\/li>\n<li>Anderson Chaves Carniel (Huawei Technologies R&amp;D \u2013 UK)<\/li>\n<li>Andr\u00e9 Souza (WiKKi Solu\u00e7\u00f5es em Engenharia\/ICMC-USP)<\/li>\n<li>Andreza Alencar (UFRPE)<\/li>\n<li>Carina F. Dorneles (UFSC)<\/li>\n<li>Carmem Hara (UFPR)<\/li>\n<li>Claudio Campelo (UFCG)<\/li>\n<li>Cristina Aguiar (ICMC-USP)<\/li>\n<li>Damires Souza (IFPB)<\/li>\n<li>Daniel de Oliveira (UFF)<\/li>\n<li>Daniel Kaster (UEL)<\/li>\n<li>Demetrio Mestre (UFCG)<\/li>\n<li>Denio Duarte (UFFS)<\/li>\n<li>Edimar Manica (IFRS)<\/li>\n<li>Eduardo Ogasawara (CEFET-RJ)<\/li>\n<li>Eduardo Pena (UTFPR)<\/li>\n<li>Fabio Lobato (UFOPA)<\/li>\n<li>Fabio Porto (LNCC)<\/li>\n<li>Fabr\u00edcio Pereira (UNIRIO)<\/li>\n<li>Felipe Brito (UFC)<\/li>\n<li>\u00a0Humberto Razente (UFU)<\/li>\n<li>Jorge Soares (Cefet-RJ)<\/li>\n<li>Jos\u00e9 Monteiro (UFC)<\/li>\n<li>Karin Becker (UFRGS)<\/li>\n<li>Kelly Braghetto (IME-USP)<\/li>\n<li>Levy Souza (UFPE)<\/li>\n<li>Lucas Valem (ICMC-USP)<\/li>\n<li>Lucio Fernandes Dutra Santos (IFNMG)<\/li>\n<li>Luiz Celso Gomes Jr (UTFPR)<\/li>\n<li>Luiz Olmes Carvalho (UNIFEI)<\/li>\n<li>Marcela Ribeiro (UFSCar)<\/li>\n<li>Marcelo Reis (UNICAMP)<\/li>\n<li>Marcos Arrais (PUC-MG)<\/li>\n<li>Marcos Bedo (UFF)<\/li>\n<li>Maria Camila Nardini Barioni (UFU)<\/li>\n<li>Maristela Holanda (UnB)<\/li>\n<li>Michele Brand\u00e3o (UFMG)<\/li>\n<li>Mirela Cazzolato (ICMC-USP)<\/li>\n<li>Pedro Bugatti (UTFPR)<\/li>\n<li>Rafael Pereira de Oliveira (Aditum)<\/li>\n<li>Rafaelli Coutinho (CEFET-RJ)<\/li>\n<li>Raqueline Penteado (UEM)<\/li>\n<li>Renan Souza (Oak Ridge National Laboratory)<\/li>\n<li>Renata Galante (UFRGS)<\/li>\n<li>Renato Marroquin (Oracle)<\/li>\n<li>Rocio Zorrilla (LNCC)<\/li>\n<li>Rogerio Luis Costa (Polytechnic University of Leiria)<\/li>\n<li>Ronaldo Mello (UFSC)<\/li>\n<li>Sergio Lifschitz (PUC-RJ)<\/li>\n<li>Sergio Mergen (UFSM)<\/li>\n<li>Tarlis Tortelli Portela (UFSC)<\/li>\n<li>Thiago N\u00f3brega (UFCG)<\/li>\n<li>Thiago Henrique Silva (UTFPR)<\/li>\n<li>Tiago Brasileiro Ara\u00fajo (IFPB)<\/li>\n<li>Val\u00e9ria C. Times (UFPE)<\/li>\n<li>Victor de Almeida (Eletrobras)<\/li>\n<li>Vinicius Dias (UFLA)<\/li>\n<\/ul>\n<h2>ARTIGOS CURTOS DE PATROCINADORES<\/h2>\n<ul>\n<li>Artigo Convidado (JusBrasil): Challenges of Generative AI in Legal Practice: A Jusbrasil Perspective Johny Moreira (Jusbrasil), Daniela Vianna (Jusbrasil) <strong>[<a href=\"https:\/\/sbbd.org.br\/2025\/wp-content\/uploads\/2025\/10\/SBBD25-Jusbrasil.pdf\">PDF<\/a>]<\/strong><\/li>\n<li>Artigo Convidado (AWS): Implanta\u00e7\u00e3o de Modelos Preditivos para Diagn\u00f3stico Cl\u00ednico de Arboviroses com MLOps e AWS: A Experi\u00eancia do Projeto VALERIA Sebasti\u00e3o Rogerio da Silva Neto (UPE\/UNIFAVIP), Kayo Henrique de Carvalho Monteiro (UPE\/UNIFAVIP), Elisson da Silva Rocha (UPE), Igor Vitor Teixeira (UPE), Rubem Saldanha (AWS S\u00e3o Paulo), H\u00e9lio Rubens Soares (AWS S\u00e3o Paulo), Wembley Carvalho (AWS S\u00e3o Paulo), Patricia Takako Endo (UPE) <strong>[<a href=\"https:\/\/sbbd.org.br\/2025\/wp-content\/uploads\/2025\/10\/sbbd_2025_upe_aws-1.pdf\">PDF<\/a>]<\/strong><\/li>\n<\/ul>\n","protected":false},"excerpt":{"rendered":"<p>Trilha Principal Artigos Completos Submiss\u00f5es nesta categoria dever\u00e3o apresentar resultados de pesquisas e discutir quaisquer temas de interesse do SBBD. Existem tr\u00eas categorias igualmente importantes de artigos completos: (i) Artigos de Pesquisa Regulares, (ii) Artigos de Vis\u00e3o e (iii) Artigos Industriais ou de Aplica\u00e7\u00e3o. Os artigos completos dever\u00e3o ser escritos em portugu\u00eas ou ingl\u00eas e [&hellip;]<\/p>\n","protected":false},"author":2,"featured_media":0,"parent":0,"menu_order":0,"comment_status":"closed","ping_status":"closed","template":"","meta":{"footnotes":""},"class_list":["post-1154","page","type-page","status-publish","hentry"],"_links":{"self":[{"href":"https:\/\/sbbd.org.br\/2025\/wp-json\/wp\/v2\/pages\/1154","targetHints":{"allow":["GET"]}}],"collection":[{"href":"https:\/\/sbbd.org.br\/2025\/wp-json\/wp\/v2\/pages"}],"about":[{"href":"https:\/\/sbbd.org.br\/2025\/wp-json\/wp\/v2\/types\/page"}],"author":[{"embeddable":true,"href":"https:\/\/sbbd.org.br\/2025\/wp-json\/wp\/v2\/users\/2"}],"replies":[{"embeddable":true,"href":"https:\/\/sbbd.org.br\/2025\/wp-json\/wp\/v2\/comments?post=1154"}],"version-history":[{"count":47,"href":"https:\/\/sbbd.org.br\/2025\/wp-json\/wp\/v2\/pages\/1154\/revisions"}],"predecessor-version":[{"id":6368,"href":"https:\/\/sbbd.org.br\/2025\/wp-json\/wp\/v2\/pages\/1154\/revisions\/6368"}],"wp:attachment":[{"href":"https:\/\/sbbd.org.br\/2025\/wp-json\/wp\/v2\/media?parent=1154"}],"curies":[{"name":"wp","href":"https:\/\/api.w.org\/{rel}","templated":true}]}}