{"id":963,"date":"2024-09-13T18:35:18","date_gmt":"2024-09-13T21:35:18","guid":{"rendered":"https:\/\/sbbd.org.br\/2024\/?page_id=963"},"modified":"2024-09-27T14:42:36","modified_gmt":"2024-09-27T17:42:36","slug":"bresci","status":"publish","type":"page","link":"https:\/\/sbbd.org.br\/2024\/bresci\/","title":{"rendered":"BRESCI"},"content":{"rendered":"\n<p class=\"has-white-color has-luminous-vivid-amber-to-luminous-vivid-orange-gradient-background has-text-color has-background has-link-color wp-elements-0f6affcbf87246fcf125e9c9bb30a4b4\">BRESCI- Trilha Principal (Full Papers) &#8211; Chair: Jorge Soares<\/p>\n\n\n\n<figure class=\"wp-block-table is-style-stripes\"><table><thead><tr><th>Segunda <\/th><th><strong>14\/10\/2024<\/strong><\/th><th><\/th><\/tr><\/thead><tbody><tr><td>10:00<\/td><td><strong>Aplicando L\u00f3gica Fuzzy na Interpreta\u00e7\u00e3o de Grandes Volumes de Dados Cromatogr\u00e1ficos no Controle de Dopagem<\/strong><\/td><td><strong>Guy Junior <\/strong><br><strong>Giseli Lopes Sergio <\/strong><br><strong>Manuel Serra da Cruz<\/strong><\/td><\/tr><tr><td>10:15<\/td><td><strong>Evaluation of deep learning approaches in the identification and classification of fungal spores from microscopy slides<\/strong><\/td><td><strong>Jo\u00e3o Antonio Tafarelo Guelfi <\/strong><br><strong>Lucas Otavio Leme Silva <\/strong><br><strong>Messias Xavier Magalhaes <\/strong><br><strong>Cesar Augusto Dias Batista Edivan Jos\u00e9 Possamai <\/strong><br><strong>Fabr\u00edcio Lopes<\/strong><\/td><\/tr><tr><td>10:30<\/td><td><strong>Explorando Dados de Notifica\u00e7\u00f5es em Farmacovigil\u00e2ncia<\/strong><\/td><td><strong>Ana Beatriz Bento Sousa <br>Luiz <br>Augusto Perciliano <br>Kele Belloze<\/strong><\/td><\/tr><tr><td>10:45<\/td><td><strong>Um Experimento de Engenharia de Features para Gera\u00e7\u00e3o de Modelos Preditivos para Casos de Dengue<\/strong><\/td><td><strong>Ramon Garcia Eduardo Ogasawara Jorge Soares Amaury de Souza Rejane Sobrino Eduardo Bezerra<\/strong><\/td><\/tr><tr><td>11:00<\/td><td><strong>An\u00e1lise de Modelos Baseados em WiSARD para Classifica\u00e7\u00e3o de Trajet\u00f3rias de \u00d4nibus no Contexto da Mobilidade Urbana<\/strong><\/td><td><strong>Bruno Barbosa <br>Lucas Marinho <br>Marcelo Santos <br>Fernando Alexandrino Ubiratam De Paula <br>Rafaelli Coutinho Eduardo Ogasawara Diego Carvalho<\/strong><\/td><\/tr><tr><td>11:15<\/td><td><strong>Aplica\u00e7\u00e3o de Modelos Ocultos de Markov para Detec\u00e7\u00e3o de Falhas em Componentes de Turbinas E\u00f3licas<\/strong><\/td><td><strong>Diego Brand\u00e3o <\/strong><br><strong>Kele Belloze <\/strong><br><strong>Kennedy Fernandes <\/strong><br><strong>Danielle Pinna <\/strong><br><strong>Fernando de S\u00e1 <\/strong><br><strong>Rodrigo Toso <\/strong><br><strong>Sanderson Gonzaga de Oliveira<\/strong><\/td><\/tr><tr><td>11:30<\/td><td><strong>Previs\u00e3o do \u00cdndice Bovespa Utilizando Vari\u00e1veis Ex\u00f3genas<\/strong><\/td><td><strong>Orlando Silva Osvaldo Ribeiro Dos Santos<\/strong><\/td><\/tr><tr><td>14:00<\/td><td><strong>Aplica\u00e7\u00e3o de t\u00e9cnicas de Co-Teaching para Limpeza de Dados e Treinamento Robusto de Redes Neurais: um Estudo de Caso de Modelagem de Distribui\u00e7\u00e3o de Esp\u00e9cies<\/strong><\/td><td><strong>Renato Miyaji <br>Felipe Almeida Pedro Luiz Pizzigatti Corr\u00eaa<\/strong><\/td><\/tr><tr><td>14:15<\/td><td><strong>Aumento de dados e suaviza\u00e7\u00e3o integrada para predi\u00e7\u00e3o de s\u00e9ries temporais baseadas em aprendizado de m\u00e1quina<\/strong><\/td><td><strong>Fernando Alexandrino <\/strong><br><strong>Carla Pacheco <\/strong><br><strong>Diego Carvalho <\/strong><br><strong>Eduardo Ogasawara<\/strong><\/td><\/tr><tr><td>14:30<\/td><td><strong>Busca e Recupera\u00e7\u00e3o de Workflows em Reposit\u00f3rios por meio de Transformers e Modelagem de T\u00f3picos<\/strong><\/td><td><strong>Lyncoln S. de Oliveira <br>Annie Amorim <br>Marcos Lage <br>Aline Paes <br>Daniel de Oliveira<\/strong><\/td><\/tr><tr><td>14:45<\/td><td><strong>Consultas anal\u00edticas por similaridade em SGBD Relacionais<\/strong><\/td><td><strong>Antonio Livio C. Mendon\u00e7a <br>Maria <br>Camila Nardini Barioni <br>Humberto Razente<\/strong><\/td><\/tr><tr><td>15:00<\/td><td><strong>Estudo Comparativo entre MongoDB e PostgreSQL usando Embedding Documents<\/strong><\/td><td><strong>Andr\u00e9 Merlo <br>Jorge Pav\u00e3o <br>Luiz de Freitas <br>Jorge Soares <br>Diego Brand\u00e3o <br>Kele Belloze<\/strong><\/td><\/tr><tr><td>15:15<\/td><td><strong>Open Data Portals &#8211; A case study of Challenges and Opportunities<\/strong><\/td><td><strong>Maiara Flausino <br>Nadia Kozievitch <br>Keiko Fonseca <br>Eunice Liu<\/strong><\/td><\/tr><tr><td>15:30<\/td><td><strong>Relev\u00e2ncia do Entendimento do Dom\u00ednio de Problema na Constru\u00e7\u00e3o de Modelos Computacionais de Aprendizado<\/strong><\/td><td><strong>Ligia Gon\u00e7alves <\/strong><br><strong>Daniel Franca <\/strong><br><strong>Luis Z\u00e1rate<\/strong><\/td><\/tr><tr><td>16:30<\/td><td><strong>Enhancing Large Language Model Performance on ENEM Math Questions Using Retrieval-Augmented Generation<\/strong><\/td><td><strong>Jo\u00e3o Superbi<br>Heitor Pinto<br>Emanoel Santos<br>Lucas Lattari<br>Bianca Castro<\/strong><\/td><\/tr><tr><td>16:35<\/td><td><strong>MMDRS &#8211; Metodologia para Monitoramento de Depress\u00e3o em Redes Sociais<\/strong><\/td><td><strong>Alexandre Cunha <br>Rodolpho Nascimento <br>Flavio Carvalho <br>Gustavo Guedes<\/strong><\/td><\/tr><tr><td>16:40<\/td><td><strong>Predi\u00e7\u00e3o da Produ\u00e7\u00e3o de Etanol nos Estados Brasileiros<\/strong><\/td><td><strong>Antonio Mello <br>Diego Carvalho <br>Eduardo Ogasawara<\/strong><\/td><\/tr><tr><td>16:45<\/td><td><strong>Modelagem Multin\u00edvel de Indicadores de Inseguran\u00e7a Alimentar Baseados em Dados Socioecon\u00f4micos do Cear\u00e1<\/strong><\/td><td><strong>Daniel Silva <br>Davi Albuquerque <br>Antonio Rafael Braga <br>Anna Karine Gurgel <br>Danielo G. Gomes<\/strong><\/td><\/tr><tr><td>17:00<\/td><td><strong>Padr\u00f5es de Subnutri\u00e7\u00e3o Infantil no Estado do Cear\u00e1: Uma An\u00e1lise Estratificada por Regi\u00f5es e Grupos Sociais<\/strong><\/td><td><strong>Daniel Silva <br>Andr\u00e9 Medeiros <br>Antonio Rafael Braga Anna Karine Gurgel Danielo G. Gomes<\/strong><\/td><\/tr><tr><td>17:15<\/td><td><strong>Sele\u00e7\u00e3o de Features para Monitoramento de Vari\u00e1veis Importantes para Seguran\u00e7a Alimentar no Estado do Cear\u00e1<\/strong><\/td><td><strong>\u00cdcaro Rodrigues <\/strong><br><strong>Luiza Pacheco <\/strong><br><strong>Josu\u00e9 Hinrichs <\/strong><br><strong>Adilio Freitas <\/strong><br><strong>Jos\u00e9 Luciano Martins Neto Antonio Rafael Braga <\/strong><br><strong>Danielo G. Gomes<\/strong><\/td><\/tr><\/tbody><\/table><\/figure>\n\n\n\n<p><\/p>\n","protected":false},"excerpt":{"rendered":"<p>BRESCI- Trilha Principal (Full Papers) &#8211; Chair: Jorge Soares Segunda 14\/10\/2024 10:00 Aplicando L\u00f3gica Fuzzy na Interpreta\u00e7\u00e3o de Grandes Volumes de Dados Cromatogr\u00e1ficos no Controle de Dopagem Guy Junior Giseli Lopes Sergio Manuel Serra da Cruz 10:15 Evaluation of deep learning approaches in the identification and classification of fungal spores from microscopy slides Jo\u00e3o Antonio [&hellip;]<\/p>\n","protected":false},"author":3,"featured_media":0,"parent":0,"menu_order":0,"comment_status":"closed","ping_status":"closed","template":"","meta":{"footnotes":""},"class_list":["post-963","page","type-page","status-publish","hentry"],"_links":{"self":[{"href":"https:\/\/sbbd.org.br\/2024\/wp-json\/wp\/v2\/pages\/963","targetHints":{"allow":["GET"]}}],"collection":[{"href":"https:\/\/sbbd.org.br\/2024\/wp-json\/wp\/v2\/pages"}],"about":[{"href":"https:\/\/sbbd.org.br\/2024\/wp-json\/wp\/v2\/types\/page"}],"author":[{"embeddable":true,"href":"https:\/\/sbbd.org.br\/2024\/wp-json\/wp\/v2\/users\/3"}],"replies":[{"embeddable":true,"href":"https:\/\/sbbd.org.br\/2024\/wp-json\/wp\/v2\/comments?post=963"}],"version-history":[{"count":11,"href":"https:\/\/sbbd.org.br\/2024\/wp-json\/wp\/v2\/pages\/963\/revisions"}],"predecessor-version":[{"id":1005,"href":"https:\/\/sbbd.org.br\/2024\/wp-json\/wp\/v2\/pages\/963\/revisions\/1005"}],"wp:attachment":[{"href":"https:\/\/sbbd.org.br\/2024\/wp-json\/wp\/v2\/media?parent=963"}],"curies":[{"name":"wp","href":"https:\/\/api.w.org\/{rel}","templated":true}]}}