{"id":943,"date":"2024-09-13T18:09:02","date_gmt":"2024-09-13T21:09:02","guid":{"rendered":"https:\/\/sbbd.org.br\/2024\/?page_id=943"},"modified":"2024-09-13T19:15:12","modified_gmt":"2024-09-13T22:15:12","slug":"dsw","status":"publish","type":"page","link":"https:\/\/sbbd.org.br\/2024\/dsw\/","title":{"rendered":"DSW"},"content":{"rendered":"\n<p class=\"has-white-color has-vivid-cyan-blue-to-vivid-purple-gradient-background has-text-color has-background has-link-color wp-elements-2cc015fcd977a32b000ee99e4b4d9b66\"><strong>DSW  &#8211; Chair: Mirella M. Moro e Michele A. Brand\u00e3o<\/strong><\/p>\n\n\n\n<figure class=\"wp-block-table is-style-stripes\"><table><thead><tr><th><strong>Segund<\/strong>a<\/th><th><strong>14\/10\/2024<\/strong><\/th><th><\/th><\/tr><\/thead><tbody><tr><td>10:30<\/td><td>Boas vindas<\/td><td><\/td><\/tr><tr><td>10:40<\/td><td><strong>ST1: Dados de Redes Sociais e Avalia\u00e7\u00f5es Chair: Mirella M. Moro<\/strong><\/td><td><\/td><\/tr><tr><td>10:40<\/td><td><em><strong>Caracteriza\u00e7\u00e3o de dados do Twitter na Copa do Mundo&#8217;22<\/strong><\/em><\/td><td><strong><br>Alisson Fabra da Silva,<br>Carina F. Dorneles (UFSC),<br>Ana Paula Couto da Silva (UFMG &#8211; Brazil)<\/strong><\/td><\/tr><tr><td>10:50<\/td><td><strong>DepreRedditBR: Um conjunto de dados textuais com postagens depressivas no idioma portugu\u00eas brasileiro<\/strong><\/td><td><strong>Ayrton Herculano, <br>Taw-Ham <br>Almeida Balbino de Paula,<br>Damires Souza, <br>Alex Sandro da Cunha R\u00eago (IFPB)<\/strong><\/td><\/tr><tr><td>11:00<\/td><td><strong>Dataset Anotado de Sentimentos a partir de coment\u00e1rios de Aplicativos M\u00f3veis<\/strong><\/td><td><strong>Vitor Siqueira, <br>Williamson Silva (UNIPAMPA), <br>Gabriel Lunardi (UFSM)<\/strong><\/td><\/tr><tr><td>11:10<\/td><td><em><strong>FaultyComp++ Dataset: A Dataset of User Reports for Faulty Computer Components<\/strong><\/em><\/td><td><strong>Maria de Lourdes Silva, <br>Andr\u00e9 Mendon\u00e7a, <br>Eduardo Rodrigues, Iago Chaves, <br>Carlos Caminha, <br>Felipe Brito, <br>Victor Aguiar Evangelista de Farias, <\/strong><br><strong>Javam Machado (UFC)<\/strong><\/td><\/tr><tr><td>11:20<\/td><td><strong><br>B2T: A Brazilian Tweet Banks Dataset in the Portuguese Language<\/strong><\/td><td><strong>Gabriel Kakimoto,<br>Seyed Haddadi,<br>Fillipe Santos,<br>Patrick Ara\u00fajo,<br>Julio dos Reis,<br>Marcelo Reis (UNICAMP)<\/strong><\/td><\/tr><tr><td>11:30<\/td><td><strong>StarRest: Um Conjunto de Dados de Restaurantes Estrelados e respectivas Avalia\u00e7\u00f5es<\/strong><\/td><td><strong>Tiago de Melo (UFAM)<\/strong><\/td><\/tr><tr><td>11:40<\/td><td><strong>Mesa Redonda com Pessoas autoras dos artigos ST1<\/strong><\/td><td><\/td><\/tr><tr><td>12:00 <\/td><td>ALMO\u00c7O<\/td><td><\/td><\/tr><tr><td>14:00 <\/td><td>PALESTRA CONVIDADA<\/td><td><\/td><\/tr><tr><td>14:40 <\/td><td><strong>ST2: Dados para Gest\u00e3o P\u00fablica e Privada Chair: Michele A.           Brand\u00e3o<\/strong><\/td><td><\/td><\/tr><tr><td>14:40<\/td><td><strong>BrSuicides: Conjunto de dados para an\u00e1lise de casos di\u00e1rios de suic\u00eddio no Brasil<\/strong><\/td><td><strong>Victor Klann, <br>Elaine Sousa (USP)<\/strong><\/td><\/tr><tr><td>14:50<\/td><td><em><strong>Bus&amp;City: Dados de Transporte Coletivo Urbano Enriquecidos com Informa\u00e7\u00f5es Criminais e de Relevo<\/strong><\/em><\/td><td><strong>Vin\u00edcius Almeida, <br>Thais Braga, <br>Fabr\u00edcio Silva (UFV)<\/strong><\/td><\/tr><tr><td>15:00<\/td><td><em><strong>Constru\u00e7\u00e3o do Dataset Sem\u00e2ntico de Pessoas Jur\u00eddicas<\/strong><\/em><\/td><td><strong>Tulio Vidal Rolim, <br>Caio Viktor Avila (UFC)<\/strong><\/td><\/tr><tr><td>15:10<\/td><td><em><strong>ICPSet: Um Conjunto de Dados Estruturado de Itens de Compras P\u00fablicas<\/strong><\/em><\/td><td><strong>Gabriel P. Oliveira,<br>Mariana O. Silva, <br>Lucas L. Costa, <br>Marco T\u00falio Dutra, <br>Gisele Pappa (UFMG)<\/strong><\/td><\/tr><tr><td>15:20<\/td><td><strong>Um Conjunto de Dados para Estimativa de Localiza\u00e7\u00e3o de Objetos em uma Rodovia<\/strong><\/td><td><strong>Victor Medeiros (UNIPAMPA), <br>Celice Argenta, <br>F\u00e1bio Ruver, <br>Gabriely Barbosa, <br>Thiago Ventura, <br>Raoni Texeira (UFMT)<\/strong><\/td><\/tr><tr><td>15:30<\/td><td><strong>Dados dos Fundos de Investimento Imobili\u00e1rios (FIIs) Brasileiros Enriquecidos<\/strong><\/td><td><strong>Fabr\u00edcio Silva, Thais Braga, Henrique Diniz (UFV)<\/strong><\/td><\/tr><tr><td>15:40<\/td><td><strong>Mesa Redonda com Pessoas autoras dos artigos ST2<\/strong><\/td><td><\/td><\/tr><tr><td>16:00<\/td><td><strong>ENCERRAMENTO DSW 2024<\/strong><\/td><td><\/td><\/tr><\/tbody><\/table><\/figure>\n","protected":false},"excerpt":{"rendered":"<p>DSW &#8211; Chair: Mirella M. Moro e Michele A. Brand\u00e3o Segunda 14\/10\/2024 10:30 Boas vindas 10:40 ST1: Dados de Redes Sociais e Avalia\u00e7\u00f5es Chair: Mirella M. Moro 10:40 Caracteriza\u00e7\u00e3o de dados do Twitter na Copa do Mundo&#8217;22 Alisson Fabra da Silva,Carina F. Dorneles (UFSC),Ana Paula Couto da Silva (UFMG &#8211; Brazil) 10:50 DepreRedditBR: Um conjunto [&hellip;]<\/p>\n","protected":false},"author":3,"featured_media":0,"parent":0,"menu_order":0,"comment_status":"closed","ping_status":"closed","template":"","meta":{"footnotes":""},"class_list":["post-943","page","type-page","status-publish","hentry"],"_links":{"self":[{"href":"https:\/\/sbbd.org.br\/2024\/wp-json\/wp\/v2\/pages\/943","targetHints":{"allow":["GET"]}}],"collection":[{"href":"https:\/\/sbbd.org.br\/2024\/wp-json\/wp\/v2\/pages"}],"about":[{"href":"https:\/\/sbbd.org.br\/2024\/wp-json\/wp\/v2\/types\/page"}],"author":[{"embeddable":true,"href":"https:\/\/sbbd.org.br\/2024\/wp-json\/wp\/v2\/users\/3"}],"replies":[{"embeddable":true,"href":"https:\/\/sbbd.org.br\/2024\/wp-json\/wp\/v2\/comments?post=943"}],"version-history":[{"count":15,"href":"https:\/\/sbbd.org.br\/2024\/wp-json\/wp\/v2\/pages\/943\/revisions"}],"predecessor-version":[{"id":980,"href":"https:\/\/sbbd.org.br\/2024\/wp-json\/wp\/v2\/pages\/943\/revisions\/980"}],"wp:attachment":[{"href":"https:\/\/sbbd.org.br\/2024\/wp-json\/wp\/v2\/media?parent=943"}],"curies":[{"name":"wp","href":"https:\/\/api.w.org\/{rel}","templated":true}]}}