{"id":40,"date":"2024-02-25T14:58:49","date_gmt":"2024-02-25T17:58:49","guid":{"rendered":"https:\/\/sbbd.org.br\/2024\/?page_id=40"},"modified":"2024-06-20T23:57:11","modified_gmt":"2024-06-21T02:57:11","slug":"wtag","status":"publish","type":"page","link":"https:\/\/sbbd.org.br\/2024\/eventos\/wtag\/","title":{"rendered":"WTAG"},"content":{"rendered":"\n<p>O V Workshop de Trabalhos de Alunos de Gradua\u00e7\u00e3o (V WTAG) ser\u00e1 realizado durante o Simp\u00f3sio Brasileiro de Banco de Dados (SBBD) 2024. O WTAG visa promover a participa\u00e7\u00e3o de estudantes de gradua\u00e7\u00e3o e de rec\u00e9m-graduados na produ\u00e7\u00e3o e divulga\u00e7\u00e3o de trabalhos sobre temas relacionados \u00e0 \u00e1rea de Banco de Dados. Autores est\u00e3o convidados a submeter trabalhos que incluam resultados parciais ou finais das suas pesquisas tecnol\u00f3gicas e cient\u00edficas, incluindo: Trabalhos de Inicia\u00e7\u00e3o Cient\u00edfica (IC), Trabalhos de Inicia\u00e7\u00e3o Tecnol\u00f3gica (IT), Trabalhos de Conclus\u00e3o de Curso (TCC), implementa\u00e7\u00f5es de software e projetos de pesquisa ou desenvolvimento independentes que se encaixem nos t\u00f3picos de interesse do SBBD 2024.<\/p>\n\n\n\n<h2 class=\"wp-block-heading\">Datas Importantes:<\/h2>\n\n\n\n<ul class=\"wp-block-list\">\n<li>Registro de artigos: <strong>15 de Julho de 2024<\/strong><\/li>\n\n\n\n<li>Submiss\u00e3o de artigos: <strong>15 de Julho de 2024<\/strong><\/li>\n\n\n\n<li>Notifica\u00e7\u00e3o de aceite: <strong>19 de Agosto de 2024<\/strong><\/li>\n\n\n\n<li>Envio da vers\u00e3o final: <strong>2 de Setembro de 2024:<\/strong><\/li>\n<\/ul>\n\n\n\n<h2 class=\"wp-block-heading\">Submiss\u00e3o<\/h2>\n\n\n\n<div class=\"wp-block-buttons is-layout-flex wp-block-buttons-is-layout-flex\">\n<div class=\"wp-block-button\"><a class=\"wp-block-button__link wp-element-button\" href=\"https:\/\/jems.sbc.org.br\/home.cgi?c=4569\">Link Para o JEMS<\/a><\/div>\n<\/div>\n\n\n\n<h2 class=\"wp-block-heading\">Instru\u00e7\u00f5es para Submiss\u00e3o<\/h2>\n\n\n\n<p>A submiss\u00e3o de artigos ser\u00e1 exclusivamente eletr\u00f4nica, por meio do sistema JEMS. Para a submiss\u00e3o, os autores devem escrever artigos em ingl\u00eas ou portugu\u00eas, limitados a 6 (seis) p\u00e1ginas de conte\u00fado incluindo resumo (e abstract, para artigos em portugu\u00eas), figuras, diagramas, e anexos, e uma p\u00e1gina extra para refer\u00eancias. Os trabalhos devem ser formatados seguindo o modelo de artigos da SBC.<\/p>\n\n\n\n<p>Os artigos passar\u00e3o por um processo de revis\u00e3o pelo Comit\u00ea de Programa do WTAG, e os trabalhos selecionados ser\u00e3o organizados para apresenta\u00e7\u00e3o e publica\u00e7\u00e3o nos anais do evento.<\/p>\n\n\n\n<p>Cada artigo deve ter no m\u00ednimo 2 autores: (1) um estudante de gradua\u00e7\u00e3o ou rec\u00e9m-formado (graduado em 2022 ou 2023); e (2) professor orientador do trabalho. O estudante deve ser o primeiro autor da submiss\u00e3o.<\/p>\n\n\n\n<p>O estudante de cada artigo selecionado dever\u00e1 se inscrever no SBBD 2024 e apresentar o trabalho.<\/p>\n\n\n\n<h2 class=\"wp-block-heading\">Pr\u00eamio para os Melhores Artigos<\/h2>\n\n\n\n<p>Para fins de premia\u00e7\u00e3o, ser\u00e3o avaliados, por um Comit\u00ea espec\u00edfico do WTAG, os artigos aceitos revisados e a qualidade da apresenta\u00e7\u00e3o oral realizada pelo estudante.<\/p>\n\n\n\n<p>Os melhores artigos ser\u00e3o premiados com um certificado ao final do WTAG.<\/p>\n\n\n\n<h2 class=\"wp-block-heading\">Coordena\u00e7\u00e3o do WTAG 2024<\/h2>\n\n\n\n<p>N\u00e1dia P. Kozievitch &#8211; Dainf\/UTFPR &#8211; <a href=\"mailto:nadiap@utfpr.edu.br\">nadiap@utfpr.edu.br<\/a><\/p>\n\n\n\n<h2 class=\"wp-block-heading\">Comit\u00ea de Programa<\/h2>\n\n\n\n<p>Ana Marilza Pernas &#8211; Universidade Federal de Pelotas<br>Andr\u00e9 Carvalho &#8211; Universidade Federal do Amazonas<br>Andr\u00e9 Schwerz &#8211; Universidade Tecnol\u00f3gica Federal do Paran\u00e1<br>Andreia Marini &#8211; Instituto Federal do Paran\u00e1<br>Andreza Alencar &#8211; Universidade Feral Rural de Pernambuco (UFRPE)<br>Angelo Frozza &#8211; IFC &#8211; Instituto Federal Catarinense &#8211; Campus Cambori\u00fa<br>Damires Souza &#8211; Instituto Federal da Para\u00edba (IFPB)<br>Daniel de Oliveira &#8211; Universidade Federal Fluminense<br>Daniel Lichtnow &#8211; Universidade Federal de Santa Maria<br>Duncan Ruiz &#8211; Pontif\u00edcia Universidade Cat\u00f3lica do RS<br>Fl\u00e1vio Uber &#8211; Universidade Estadual de Maring\u00e1<br>Jos\u00e9 Monteiro &#8211; Universidade Federal do Cear\u00e1 (UFC)<br>L\u00edvia Cruz &#8211; Universidade Federal do Cear\u00e1 (UFC)<br>Lilian Nascimento Araujo &#8211; IFPR<br>Luis Gustavo Coutinho do R\u00eago &#8211; Insight Data Science Lab<br>Marcelo Silva &#8211; CEFET\/RJ<br>Marcelo Iury S . Oliveira &#8211; Universidade Federal Rural de Pernambuco<br>Michele Brand\u00e3o &#8211; IFMG<br>Regis Schuch &#8211; UNIJU\u00cd<br>Regis P. Magalh\u00e3es &#8211; Universidade Federal do Cear\u00e1<br>Rita Berardi &#8211; UTFPR<br>Solange Pertile &#8211; UFSM<br>Tarlis Tortelli Portela &#8211; Universidade Federal de Santa Catarina<\/p>\n\n\n","protected":false},"excerpt":{"rendered":"<p>O V Workshop de Trabalhos de Alunos de Gradua\u00e7\u00e3o (V WTAG) ser\u00e1 realizado durante o Simp\u00f3sio Brasileiro de Banco de Dados (SBBD) 2024. O WTAG visa promover a participa\u00e7\u00e3o de estudantes de gradua\u00e7\u00e3o e de rec\u00e9m-graduados na produ\u00e7\u00e3o e divulga\u00e7\u00e3o de trabalhos sobre temas relacionados \u00e0 \u00e1rea de Banco de Dados. Autores est\u00e3o convidados a [&hellip;]<\/p>\n","protected":false},"author":3,"featured_media":0,"parent":14,"menu_order":0,"comment_status":"closed","ping_status":"closed","template":"event_page.php","meta":{"footnotes":""},"class_list":["post-40","page","type-page","status-publish","hentry"],"_links":{"self":[{"href":"https:\/\/sbbd.org.br\/2024\/wp-json\/wp\/v2\/pages\/40","targetHints":{"allow":["GET"]}}],"collection":[{"href":"https:\/\/sbbd.org.br\/2024\/wp-json\/wp\/v2\/pages"}],"about":[{"href":"https:\/\/sbbd.org.br\/2024\/wp-json\/wp\/v2\/types\/page"}],"author":[{"embeddable":true,"href":"https:\/\/sbbd.org.br\/2024\/wp-json\/wp\/v2\/users\/3"}],"replies":[{"embeddable":true,"href":"https:\/\/sbbd.org.br\/2024\/wp-json\/wp\/v2\/comments?post=40"}],"version-history":[{"count":11,"href":"https:\/\/sbbd.org.br\/2024\/wp-json\/wp\/v2\/pages\/40\/revisions"}],"predecessor-version":[{"id":279,"href":"https:\/\/sbbd.org.br\/2024\/wp-json\/wp\/v2\/pages\/40\/revisions\/279"}],"up":[{"embeddable":true,"href":"https:\/\/sbbd.org.br\/2024\/wp-json\/wp\/v2\/pages\/14"}],"wp:attachment":[{"href":"https:\/\/sbbd.org.br\/2024\/wp-json\/wp\/v2\/media?parent=40"}],"curies":[{"name":"wp","href":"https:\/\/api.w.org\/{rel}","templated":true}]}}