{"id":346,"date":"2024-08-09T18:25:10","date_gmt":"2024-08-09T21:25:10","guid":{"rendered":"https:\/\/sbbd.org.br\/2024\/?page_id=346"},"modified":"2024-09-09T09:35:34","modified_gmt":"2024-09-09T12:35:34","slug":"hospedagens","status":"publish","type":"page","link":"https:\/\/sbbd.org.br\/2024\/hospedagens\/","title":{"rendered":"Hospedagem"},"content":{"rendered":"\n<h2 class=\"wp-block-heading\"><strong><em>Hotel hospedeiro do SBBD&#8217;24<\/em><\/strong><\/h2>\n\n\n\n<div class=\"wp-block-media-text is-stacked-on-mobile\"><figure class=\"wp-block-media-text__media\"><img loading=\"lazy\" decoding=\"async\" width=\"559\" height=\"370\" src=\"https:\/\/sbbd.org.br\/2024\/wp-content\/uploads\/2024\/08\/d649a036-0472-4b5a-9bae-7854916790b6.jpeg\" alt=\"\" class=\"wp-image-347 size-full\" srcset=\"https:\/\/sbbd.org.br\/2024\/wp-content\/uploads\/2024\/08\/d649a036-0472-4b5a-9bae-7854916790b6.jpeg 559w, https:\/\/sbbd.org.br\/2024\/wp-content\/uploads\/2024\/08\/d649a036-0472-4b5a-9bae-7854916790b6-300x199.jpeg 300w, https:\/\/sbbd.org.br\/2024\/wp-content\/uploads\/2024\/08\/d649a036-0472-4b5a-9bae-7854916790b6-18x12.jpeg 18w\" sizes=\"auto, (max-width: 559px) 100vw, 559px\" \/><\/figure><div class=\"wp-block-media-text__content\">\n<h2 class=\"wp-block-heading\" style=\"font-size:27px\">Hotel Majestic<\/h2>\n\n\n\n<p style=\"font-size:20px\"><a href=\"https:\/\/www.majesticpalace.com.br\/\">https:\/\/www.majesticpalace.com.br\/<\/a><\/p>\n\n\n\n<p style=\"font-size:17px\">O Majestic Palace Hotel re\u00fane sofistica\u00e7\u00e3o e conforto no melhor endere\u00e7o da cidade, Avenida Beira Mar Norte, ao lado do Beiramar Shopping.<br>Sua Localiza\u00e7\u00e3o permite f\u00e1cil e r\u00e1pido acesso \u00e0s praias do Sul, Norte e Leste da ilha, ao aeroporto internacional Herc\u00edlio Luz, ao Centro de Conven\u00e7\u00f5es Centrosul e \u00e0s universidades Federal e Estadual.&nbsp;<\/p>\n<\/div><\/div>\n\n\n\n<p style=\"font-size:15px\"><\/p>\n\n\n\n<p style=\"font-size:16px\">Informe o c\u00f3digo promocional &#8220;<strong>SBBD2024&#8243;<\/strong> para obter seu desconto na hospedagem.<\/p>\n\n\n\n<p style=\"font-size:16px\"><em>&#8220;O desconto \u00e9 de 15% na tarifa vigente e \u00e9 v\u00e1lido para reservas efetuadas at\u00e9 o dia 13\/10. Lembrando que, trabalhamos com tarifas flutuantes conforme ocupa\u00e7\u00e3o, desta forma, o quanto antes efetuarem a reserva, menores ser\u00e3o as tarifas. Cancelamento sem \u00f4nus at\u00e9 2 dias antes da data do check-in. O cart\u00e3o de cr\u00e9dito solicitado no ato da reserva fica vinculado apenas como garantia, n\u00e3o \u00e9 feito nenhum d\u00e9bito antecipado no cart\u00e3o. O pagamento dever\u00e1 ser feito diretamente no check-in. Hotel Majestic&#8221;<\/em><\/p>\n\n\n\n<figure class=\"wp-block-table\"><table class=\"has-fixed-layout\"><tbody><tr><td><strong>Outras op\u00e7\u00f5es de hoteis pr\u00f3ximos<\/strong><\/td><\/tr><\/tbody><\/table><\/figure>\n\n\n\n<figure class=\"wp-block-table\"><table class=\"has-fixed-layout\"><tbody><tr><td><strong>Blue Tree Premium<\/strong><br><a href=\"https:\/\/www.bluetree.com.br\/hotel\/blue-tree-premium-florianopolis\">https:\/\/www.bluetree.com.br\/hotel\/blue-tree-premium-florianopolis<\/a><br><br>O hotel Blue Tree Florian\u00f3polis est\u00e1 em um endere\u00e7o descolado, charmoso, junto ao melhor do entretenimento da cidade e ao lado do cal\u00e7ad\u00e3o da Beira Mar, para voc\u00ea caminhar ou correr com a energia do mar. Voc\u00ea contar\u00e1 com a nossa aten\u00e7\u00e3o aos detalhes, al\u00e9m de apartamentos confort\u00e1veis e espa\u00e7osos para curtir a sua estada em Floripa.<br><br><strong>Localiza\u00e7\u00e3o<\/strong>:&nbsp;<br>Rua Bocai\u00fava, 2304, Centro \u2022 SC \u2022 Florian\u00f3polis \u2022 88015-530<br><br><strong>290m do local do evento<\/strong><\/td><td><img loading=\"lazy\" decoding=\"async\" width=\"250\" height=\"376\" src=\"https:\/\/sbbd.org.br\/2024\/wp-content\/uploads\/2024\/08\/fe96e2ae-9014-4860-9b2f-d20570edb41f.jpeg\" alt=\"\" class=\"wp-image-355\" srcset=\"https:\/\/sbbd.org.br\/2024\/wp-content\/uploads\/2024\/08\/fe96e2ae-9014-4860-9b2f-d20570edb41f.jpeg 250w, https:\/\/sbbd.org.br\/2024\/wp-content\/uploads\/2024\/08\/fe96e2ae-9014-4860-9b2f-d20570edb41f-199x300.jpeg 199w, https:\/\/sbbd.org.br\/2024\/wp-content\/uploads\/2024\/08\/fe96e2ae-9014-4860-9b2f-d20570edb41f-8x12.jpeg 8w\" sizes=\"auto, (max-width: 250px) 100vw, 250px\" \/><\/td><\/tr><tr><td><strong>Novotel<\/strong><br><a href=\"https:\/\/all.accor.com\/hotel\/5947\/index.pt-br.shtml\">https:\/\/all.accor.com\/hotel\/5947\/index.pt-br.shtml<\/a><br><br>O Novotel est\u00e1 em \u00e1rea nobre, com com\u00e9rcios, bares, lojas, bancos e shoppings, como o Villa Romana, a 9 minutos de carro do hotel. Visite a Praia Mole, a 29 minutos de carro do hotel. Para eventos, o Centrosul, maior espa\u00e7o de eventos da cidade, est\u00e1 a 10 minutos de carro do Novotel em Florian\u00f3polis. Para completar, aprecie a Ponte Herc\u00edlio Luz, a 9 minutos de carro do hotel e visite o Mercado P\u00fablico, a 10 minutos de carro do hotel.<br><br><strong>Localiza\u00e7\u00e3o<\/strong>:<br>Av. Rubens de Arruda Ramos, 2034<br><br><strong>800m do local do evento<\/strong><br><\/td><td><img loading=\"lazy\" decoding=\"async\" width=\"556\" height=\"417\" src=\"https:\/\/sbbd.org.br\/2024\/wp-content\/uploads\/2024\/08\/a422ae9b-74c1-4c69-a75e-aa5bb20cc34c.jpeg\" alt=\"\" class=\"wp-image-357\" srcset=\"https:\/\/sbbd.org.br\/2024\/wp-content\/uploads\/2024\/08\/a422ae9b-74c1-4c69-a75e-aa5bb20cc34c.jpeg 556w, https:\/\/sbbd.org.br\/2024\/wp-content\/uploads\/2024\/08\/a422ae9b-74c1-4c69-a75e-aa5bb20cc34c-300x225.jpeg 300w, https:\/\/sbbd.org.br\/2024\/wp-content\/uploads\/2024\/08\/a422ae9b-74c1-4c69-a75e-aa5bb20cc34c-16x12.jpeg 16w\" sizes=\"auto, (max-width: 556px) 100vw, 556px\" \/><\/td><\/tr><tr><td><strong>LK DESIGN HOTEL<\/strong><br><a href=\"https:\/\/lkdesignhotel.com.br\/\"><strong>https:\/\/lkdesignhotel.com.br\/<\/strong><\/a><br><br>Localizado no ponto mais nobre da Avenida Beira-Mar Norte, o LK Design Hotel Florian\u00f3polis possui apartamentos modernos e confort\u00e1veis, um rooftop incr\u00edvel com piscina ao ar livre, academia de alta performance e tudo o que voc\u00ea deseja em um hotel de alto padr\u00e3o na capital de Santa Catarina.<br><br><strong>Localiza\u00e7\u00e3o:<\/strong><br>R. Bocai\u00fava, 1755<br><br><strong>900m do local do evento<\/strong><br><\/td><td><img loading=\"lazy\" decoding=\"async\" width=\"347\" height=\"526\" src=\"https:\/\/sbbd.org.br\/2024\/wp-content\/uploads\/2024\/08\/da1632fe-d030-4726-a535-7dcd2f14dab8.jpeg\" alt=\"\" class=\"wp-image-358\" srcset=\"https:\/\/sbbd.org.br\/2024\/wp-content\/uploads\/2024\/08\/da1632fe-d030-4726-a535-7dcd2f14dab8.jpeg 347w, https:\/\/sbbd.org.br\/2024\/wp-content\/uploads\/2024\/08\/da1632fe-d030-4726-a535-7dcd2f14dab8-198x300.jpeg 198w, https:\/\/sbbd.org.br\/2024\/wp-content\/uploads\/2024\/08\/da1632fe-d030-4726-a535-7dcd2f14dab8-8x12.jpeg 8w\" sizes=\"auto, (max-width: 347px) 100vw, 347px\" \/><\/td><\/tr><\/tbody><\/table><figcaption class=\"wp-element-caption\"><br>Voc\u00ea tamb\u00e9m consegue \u00f3timas op\u00e7\u00f5es em Hostels pr\u00f3ximos ou pelo AirBnB!<\/figcaption><\/figure>\n","protected":false},"excerpt":{"rendered":"<p>Hotel hospedeiro do SBBD&#8217;24 Hotel Majestic https:\/\/www.majesticpalace.com.br\/ O Majestic Palace Hotel re\u00fane sofistica\u00e7\u00e3o e conforto no melhor endere\u00e7o da cidade, Avenida Beira Mar Norte, ao lado do Beiramar Shopping.Sua Localiza\u00e7\u00e3o permite f\u00e1cil e r\u00e1pido acesso \u00e0s praias do Sul, Norte e Leste da ilha, ao aeroporto internacional Herc\u00edlio Luz, ao Centro de Conven\u00e7\u00f5es Centrosul e [&hellip;]<\/p>\n","protected":false},"author":3,"featured_media":0,"parent":0,"menu_order":0,"comment_status":"closed","ping_status":"closed","template":"","meta":{"footnotes":""},"class_list":["post-346","page","type-page","status-publish","hentry"],"_links":{"self":[{"href":"https:\/\/sbbd.org.br\/2024\/wp-json\/wp\/v2\/pages\/346","targetHints":{"allow":["GET"]}}],"collection":[{"href":"https:\/\/sbbd.org.br\/2024\/wp-json\/wp\/v2\/pages"}],"about":[{"href":"https:\/\/sbbd.org.br\/2024\/wp-json\/wp\/v2\/types\/page"}],"author":[{"embeddable":true,"href":"https:\/\/sbbd.org.br\/2024\/wp-json\/wp\/v2\/users\/3"}],"replies":[{"embeddable":true,"href":"https:\/\/sbbd.org.br\/2024\/wp-json\/wp\/v2\/comments?post=346"}],"version-history":[{"count":7,"href":"https:\/\/sbbd.org.br\/2024\/wp-json\/wp\/v2\/pages\/346\/revisions"}],"predecessor-version":[{"id":740,"href":"https:\/\/sbbd.org.br\/2024\/wp-json\/wp\/v2\/pages\/346\/revisions\/740"}],"wp:attachment":[{"href":"https:\/\/sbbd.org.br\/2024\/wp-json\/wp\/v2\/media?parent=346"}],"curies":[{"name":"wp","href":"https:\/\/api.w.org\/{rel}","templated":true}]}}