{"id":288,"date":"2024-07-05T14:01:10","date_gmt":"2024-07-05T17:01:10","guid":{"rendered":"https:\/\/sbbd.org.br\/2024\/?page_id=288"},"modified":"2024-10-14T14:13:13","modified_gmt":"2024-10-14T17:13:13","slug":"maratonasql","status":"publish","type":"page","link":"https:\/\/sbbd.org.br\/2024\/maratonasql\/","title":{"rendered":"Maratona de SQL"},"content":{"rendered":"\n<p class=\"has-vivid-red-color has-text-color has-link-color has-medium-font-size wp-elements-c5fddfce57a31f416dce14d42de60c35\"><strong>Aten\u00e7\u00e3o: o aquecimento e a maratona ocorrer\u00e3o dia 15\/10 somente 16:30-18:30h<\/strong>.<\/p>\n\n\n\n<p>A quarta edi\u00e7\u00e3o da Maratona de SQL vem a\u00ed!<\/p>\n\n\n\n<p>Inspirada na maratona de programa\u00e7\u00e3o da SBC, a maratona de SQL tem como objetivo principal atrair alunos de <strong>ensino m\u00e9dio t\u00e9cnico<\/strong>, <strong>gradua\u00e7\u00e3o<\/strong> e <strong>profissionais de TI<\/strong> para a \u00e1rea de Banco de Dados, mais especificamente para o evento nacional mais importante da \u00e1rea &#8211; O Simp\u00f3sio Brasileiro de Banco de Dados (SBBD).<\/p>\n\n\n\n<p>Assim, a competi\u00e7\u00e3o ir\u00e1 medir a habilidade dos participantes em resolver problemas, utilizando a linguagem SQL (Structured Query Language), linguagem padr\u00e3o de acesso a bancos de dados relacional. Para tanto, ser\u00e1 dado um esquema de banco de dados, com sua inst\u00e2ncia. As solu\u00e7\u00f5es (consultas) ser\u00e3o avaliadas quanto \u00e0 corretude e quantidade de submiss\u00f5es.<\/p>\n\n\n\n<p>Cada equipe ser\u00e1 formada por at\u00e9 <strong>3 (tr\u00eas) pessoas<\/strong>, podendo cada equipe ter a seguinte forma\u00e7\u00e3o:<\/p>\n\n\n\n<p>N\u00edvel m\u00e9dio:<\/p>\n\n\n\n<ul class=\"wp-block-list\">\n<li>2 alunos cursando ensino m\u00e9dio + 1 aluno cursando gradua\u00e7\u00e3o ou<\/li>\n\n\n\n<li>3 alunos cursando ensino m\u00e9dio<\/li>\n<\/ul>\n\n\n\n<p>N\u00edvel superior:<\/p>\n\n\n\n<ul class=\"wp-block-list\">\n<li>2 alunos cursando gradua\u00e7\u00e3o + 1 aluno cursando p\u00f3s-gradua\u00e7\u00e3o ou<\/li>\n\n\n\n<li>2 alunos cursando gradua\u00e7\u00e3o + 1 profissional ou<\/li>\n\n\n\n<li>3 alunos cursando gradua\u00e7\u00e3o<\/li>\n<\/ul>\n\n\n\n<p>As equipes s\u00f3 poder\u00e3o usar um \u00fanico computador, para resolver at\u00e9 <strong>seis<\/strong> problemas em at\u00e9 <strong>2,5 horas<\/strong>. Cada equipe \u00e9 respons\u00e1vel por levar o seu pr\u00f3prio computador. Lembre-se que computadores podem falhar. Dessa forma, tenham um equipamento reserva.<\/p>\n\n\n\n<p>As equipes podem utilizar livros, artigos ou manuais impressos. O sistema de ger\u00eancia de bancos de dados utilizado na maratona ser\u00e1 o <strong>PostgreSQL<\/strong>. Portanto, faz-se necess\u00e1rio o conhecimento de sua sintaxe SQL.&nbsp;<\/p>\n\n\n\n<p>A classifica\u00e7\u00e3o das equipes se dar\u00e1 pelo n\u00famero de problemas resolvidos.&nbsp; O crit\u00e9rio de desempate ser\u00e1 o menor n\u00famero de submiss\u00f5es.&nbsp; Teremos 2 (duas) equipes vencedoras: ensino m\u00e9dio e gradua\u00e7\u00e3o. As equipes vencedoras ser\u00e3o as que resolverem o maior n\u00famero de problemas em menor tempo total para cada categoria (ensino m\u00e9dio e gradua\u00e7\u00e3o).<\/p>\n\n\n\n<p>As equipes vencedoras ganhar\u00e3o brindes exclusivos da DuckDb e certificados.<\/p>\n\n\n\n<p><strong>Inscri\u00e7\u00e3o:<\/strong><\/p>\n\n\n\n<p>A inscri\u00e7\u00e3o \u00e9 gratuita para <strong>participantes do SBBD<\/strong>.&nbsp;<\/p>\n\n\n\n<p>Data-limite para inscri\u00e7\u00e3o de equipes: At\u00e9 <strong>14\/10<\/strong>, por meio do seguinte link: <a href=\"https:\/\/forms.gle\/FRVCUGQyWquEMNUU7\">https:\/\/forms.gle\/FRVCUGQyWquEMNUU7<\/a>.<\/p>\n\n\n\n<p><strong>Data da competi\u00e7\u00e3o:<\/strong><\/p>\n\n\n\n<p>A competi\u00e7\u00e3o ter\u00e1 in\u00edcio \u00e0s <strong>8h30<\/strong> do dia <strong>15\/10 (Ter\u00e7a-feira)<\/strong>, e se encerrar\u00e1 \u00e0s <strong>18h<\/strong>.<\/p>\n\n\n\n<p><strong>Comiss\u00e3o Organizadora:<\/strong><\/p>\n\n\n\n<p>Ana Carolina Almeida &#8211; UERJ<\/p>\n\n\n\n<p>Angelo Brayner &#8211; UFC<\/p>\n\n\n\n<p>Arlino Henrique Magalh\u00e3es de Ara\u00fajo &#8211; UFPI<\/p>\n\n\n\n<p>Gustavo Moraes<\/p>\n\n\n\n<p>Jos\u00e9 Maria da Silva Monteiro Filho \u2013 UFC<\/p>\n\n\n\n<p>Wellington Franco &#8211; UFC<\/p>\n\n\n\n<p><strong>Apoio:<\/strong><\/p>\n\n\n<div class=\"wp-block-image\">\n<figure class=\"alignright is-resized\"><img decoding=\"async\" src=\"https:\/\/lh7-us.googleusercontent.com\/docsz\/AD_4nXcwb-WadVWVzHKy-cpU87MwBEI5EGIm1EkETQZ9SRDJPg8R5b7fvnB0wjvGBvKH-l0vBEGelWq9umJx2oaZSOIx5R0IXig2nvYYIXprCMfSW9-Iqw6A6d9mO0dmpOmji31XSMw9HsCQuiMFhwWMVDkNr78N?key=0AO5_Lb6aN4tPAbwqWHOHw\" alt=\"\" style=\"width:244px;height:auto\"\/><\/figure>\n<\/div>\n\n<div class=\"wp-block-image\">\n<figure class=\"alignleft is-resized\"><img decoding=\"async\" src=\"https:\/\/lh7-us.googleusercontent.com\/docsz\/AD_4nXfzpunF1XSzeUor957z3iKiY1FZTI4iB3n7Mdk7OkedD3PfBs9KRTVhH3fi0pfiSkmHsaqFkGjXNW_KcJtH0LT-dlMcOv6Ib_3l4LCli2IaJRebH6NnjAGFCXyTpdF8FHaBlX3ViUqPFYFexw9kvz7zY-Aa?key=0AO5_Lb6aN4tPAbwqWHOHw\" alt=\"\" style=\"width:238px;height:auto\"\/><\/figure>\n<\/div>\n\n\n<p><\/p>\n\n\n\n<p><\/p>\n\n\n\n<p><\/p>\n\n\n\n<p>.<\/p>\n","protected":false},"excerpt":{"rendered":"<p>Aten\u00e7\u00e3o: o aquecimento e a maratona ocorrer\u00e3o dia 15\/10 somente 16:30-18:30h. A quarta edi\u00e7\u00e3o da Maratona de SQL vem a\u00ed! Inspirada na maratona de programa\u00e7\u00e3o da SBC, a maratona de SQL tem como objetivo principal atrair alunos de ensino m\u00e9dio t\u00e9cnico, gradua\u00e7\u00e3o e profissionais de TI para a \u00e1rea de Banco de Dados, mais especificamente [&hellip;]<\/p>\n","protected":false},"author":3,"featured_media":0,"parent":0,"menu_order":0,"comment_status":"closed","ping_status":"closed","template":"","meta":{"footnotes":""},"class_list":["post-288","page","type-page","status-publish","hentry"],"_links":{"self":[{"href":"https:\/\/sbbd.org.br\/2024\/wp-json\/wp\/v2\/pages\/288","targetHints":{"allow":["GET"]}}],"collection":[{"href":"https:\/\/sbbd.org.br\/2024\/wp-json\/wp\/v2\/pages"}],"about":[{"href":"https:\/\/sbbd.org.br\/2024\/wp-json\/wp\/v2\/types\/page"}],"author":[{"embeddable":true,"href":"https:\/\/sbbd.org.br\/2024\/wp-json\/wp\/v2\/users\/3"}],"replies":[{"embeddable":true,"href":"https:\/\/sbbd.org.br\/2024\/wp-json\/wp\/v2\/comments?post=288"}],"version-history":[{"count":9,"href":"https:\/\/sbbd.org.br\/2024\/wp-json\/wp\/v2\/pages\/288\/revisions"}],"predecessor-version":[{"id":1169,"href":"https:\/\/sbbd.org.br\/2024\/wp-json\/wp\/v2\/pages\/288\/revisions\/1169"}],"wp:attachment":[{"href":"https:\/\/sbbd.org.br\/2024\/wp-json\/wp\/v2\/media?parent=288"}],"curies":[{"name":"wp","href":"https:\/\/api.w.org\/{rel}","templated":true}]}}