{"id":28,"date":"2024-02-25T14:43:25","date_gmt":"2024-02-25T17:43:25","guid":{"rendered":"https:\/\/sbbd.org.br\/2024\/?page_id=28"},"modified":"2024-08-14T22:13:49","modified_gmt":"2024-08-15T01:13:49","slug":"organizacao","status":"publish","type":"page","link":"https:\/\/sbbd.org.br\/2024\/organizacao\/","title":{"rendered":"Organiza\u00e7\u00e3o"},"content":{"rendered":"\n<h2 class=\"wp-block-heading\">Cordenadores<\/h2>\n\n\n\n<h3 class=\"wp-block-heading\">Coordena\u00e7\u00e3o Local do SBBD 2024<\/h3>\n\n\n\n<ul class=\"wp-block-list\">\n<li>Carina Friedrich Dorneles &#8211; UFSC (chair)<\/li>\n\n\n\n<li>Ronaldo Dos Santos Mello &#8211; UFSC&nbsp; (chair)<\/li>\n<\/ul>\n\n\n\n<h3 class=\"wp-block-heading\">Coordena\u00e7\u00e3o Cient\u00edfica<\/h3>\n\n\n\n<ul class=\"wp-block-list\">\n<li><strong>Artigos Completos: <\/strong>Eduardo Ogasawara (CEFET\/RJ)<\/li>\n\n\n\n<li><strong>Artigos Curtos: <\/strong>Carlos Eduardo Pires (UFCG)<\/li>\n\n\n\n<li><strong>CTDBD:<\/strong> Karin Becker (UFRGS)&nbsp;<\/li>\n\n\n\n<li><strong>Demos:<\/strong> Dimas Cassimiro Nascimento (UFAPE)&nbsp;<\/li>\n\n\n\n<li><strong>Minicursos:<\/strong> Jos\u00e9 Maria Monteiro (UFC)<\/li>\n\n\n\n<li><strong>Tutoriais e Palestras:<\/strong> F\u00e1bio Porto (LNCC)<\/li>\n\n\n\n<li><strong>Workshops:<\/strong> Kelly Braghetto (IME\/USP)&nbsp;<\/li>\n\n\n\n<li><strong>WTAG:<\/strong> Nadia Kozievitch (UTFPR)<\/li>\n\n\n\n<li><strong>WTDBD:<\/strong> Maristela Holanda (UNB)<\/li>\n<\/ul>\n\n\n\n<h3 class=\"wp-block-heading\">Coordena\u00e7\u00e3o Executiva<\/h3>\n\n\n\n<ul class=\"wp-block-list\">\n<li><strong>Divulga\u00e7\u00e3o:<\/strong> Ronaldo dos Santos Mello (UFSC)<\/li>\n\n\n\n<li><strong>Maratona SQL:<\/strong> Ana Carolina Brito de Almeida (UERJ)<\/li>\n\n\n\n<li><strong>Patroc\u00ednio:<\/strong> Jos\u00e9 Antonio Macedo (UFC)<\/li>\n\n\n\n<li><strong>Publica\u00e7\u00e3o:<\/strong> Humberto Razente (UFU)<\/li>\n<\/ul>\n\n\n\n<h2 class=\"wp-block-heading\">Comit\u00eas&nbsp;<\/h2>\n\n\n\n<h3 class=\"wp-block-heading\">Organiza\u00e7\u00e3o<\/h3>\n\n\n\n<ul class=\"wp-block-list\">\n<li>Carina Friedrich Dorneles &#8211; UFSC (chair)<\/li>\n\n\n\n<li>Ronaldo Dos Santos Mello &#8211; UFSC&nbsp; (chair)<\/li>\n\n\n\n<li>Eduardo Camilo In\u00e1cio &#8211; UFSC<\/li>\n\n\n\n<li>Renato Fileto &#8211; UFSC&nbsp;<\/li>\n\n\n\n<li>Cristina Meinhardt &#8211; UFSC&nbsp;<\/li>\n\n\n\n<li>Roberto Willrich &#8211; UFSC&nbsp;<\/li>\n\n\n\n<li>Frank Augusto Siqueira &#8211; UFSC&nbsp;<\/li>\n\n\n\n<li>Douglas Dyllon Jeronimo de Macedo &#8211; UFSC&nbsp;<\/li>\n\n\n\n<li>Rafael De Santiago &#8211; UFSC&nbsp;<\/li>\n\n\n\n<li>Denio Duarte &#8211; UFFS<\/li>\n<\/ul>\n\n\n\n<h3 class=\"wp-block-heading\">Comit\u00ea Gestor Brasileiro de Bancos de Dados (CD-CEBD 2023-2024)<\/h3>\n\n\n\n<ul class=\"wp-block-list\">\n<li>Daniel Kaster (UEL) &#8211; Chair<\/li>\n\n\n\n<li>Carlos Eduardo Pires (UFCG)<\/li>\n\n\n\n<li>Carmem Hara (UFPR)<\/li>\n\n\n\n<li>Damires Souza (IFPB)<\/li>\n\n\n\n<li>Daniel de Oliveira (UFF)<\/li>\n\n\n\n<li>Eduardo Ogasawara (CEFET\/RJ)<\/li>\n\n\n\n<li>Jos\u00e9 Antonio Macedo (UFC)<\/li>\n\n\n\n<li>Ronaldo dos Santos Mello (UFSC)<\/li>\n<\/ul>\n\n\n\n<h3 class=\"wp-block-heading\">Comit\u00ea de Programa&nbsp;<\/h3>\n\n\n\n<p>(to be announced)<\/p>\n","protected":false},"excerpt":{"rendered":"<p>Cordenadores Coordena\u00e7\u00e3o Local do SBBD 2024 Coordena\u00e7\u00e3o Cient\u00edfica Coordena\u00e7\u00e3o Executiva Comit\u00eas&nbsp; Organiza\u00e7\u00e3o Comit\u00ea Gestor Brasileiro de Bancos de Dados (CD-CEBD 2023-2024) Comit\u00ea de Programa&nbsp; (to be announced)<\/p>\n","protected":false},"author":3,"featured_media":0,"parent":0,"menu_order":0,"comment_status":"closed","ping_status":"closed","template":"","meta":{"footnotes":""},"class_list":["post-28","page","type-page","status-publish","hentry"],"_links":{"self":[{"href":"https:\/\/sbbd.org.br\/2024\/wp-json\/wp\/v2\/pages\/28","targetHints":{"allow":["GET"]}}],"collection":[{"href":"https:\/\/sbbd.org.br\/2024\/wp-json\/wp\/v2\/pages"}],"about":[{"href":"https:\/\/sbbd.org.br\/2024\/wp-json\/wp\/v2\/types\/page"}],"author":[{"embeddable":true,"href":"https:\/\/sbbd.org.br\/2024\/wp-json\/wp\/v2\/users\/3"}],"replies":[{"embeddable":true,"href":"https:\/\/sbbd.org.br\/2024\/wp-json\/wp\/v2\/comments?post=28"}],"version-history":[{"count":9,"href":"https:\/\/sbbd.org.br\/2024\/wp-json\/wp\/v2\/pages\/28\/revisions"}],"predecessor-version":[{"id":370,"href":"https:\/\/sbbd.org.br\/2024\/wp-json\/wp\/v2\/pages\/28\/revisions\/370"}],"wp:attachment":[{"href":"https:\/\/sbbd.org.br\/2024\/wp-json\/wp\/v2\/media?parent=28"}],"curies":[{"name":"wp","href":"https:\/\/api.w.org\/{rel}","templated":true}]}}