{"id":20,"date":"2024-02-25T14:40:19","date_gmt":"2024-02-25T17:40:19","guid":{"rendered":"https:\/\/sbbd.org.br\/2024\/?page_id=20"},"modified":"2024-02-25T14:41:17","modified_gmt":"2024-02-25T17:41:17","slug":"sobre","status":"publish","type":"page","link":"https:\/\/sbbd.org.br\/2024\/sobre\/","title":{"rendered":"Sobre"},"content":{"rendered":"\n<p>O SBBD \u00e9 a principal confer\u00eancia Cient\u00edfica do Brasil e da Am\u00e9rica Latina em Big Data, Engenharia e Ci\u00eancia de Dados, realizada pela Sociedade Brasileira de Computa\u00e7\u00e3o (entidade cient\u00edfica sem fins lucrativos). A finalidade do evento \u00e9 ser um f\u00f3rum de discuss\u00e3o de temas recentes sobre o manuseio de dados e sua import\u00e2ncia em aplica\u00e7\u00f5es atuais, tal como sua utiliza\u00e7\u00e3o em modelos de intelig\u00eancia artificial. O evento re\u00fane estudantes, pesquisadores, profissionais, governo e sociedade para a divulga\u00e7\u00e3o e discuss\u00e3o de resultados de pesquisa e inova\u00e7\u00e3o no contexto de solu\u00e7\u00f5es dirigidas a dados.&nbsp;<\/p>\n\n\n\n<p>Especificamente, o evento: <\/p>\n\n\n\n<ul class=\"wp-block-list\">\n<li>possibilita a divulga\u00e7\u00e3o de trabalhos realizados por grupos de pesquisa, em sess\u00f5es t\u00e9cnico-cient\u00edficas, com discuss\u00f5es que possibilitam o avan\u00e7o da pesquisa cient\u00edfica b\u00e1sica e aplicada; <\/li>\n\n\n\n<li>divulga trabalhos de excel\u00eancia de estudantes de mestrado e doutorado, no Concurso de Teses e Disserta\u00e7\u00e3o em BD; <\/li>\n\n\n\n<li>permite a discuss\u00e3o de trabalhos de P\u00f3s-Grad. em andamento atrav\u00e9s do Workshop de Teses e Disserta\u00e7\u00f5es, com banca formada por pesquisadores experientes; <\/li>\n\n\n\n<li>possibilita a demonstra\u00e7\u00e3o de prot\u00f3tipos atrav\u00e9s da Sess\u00e3o de Demos, onde os estudantes apresentam softwares inovadores produzidos nos lab. de pesquisa; e <\/li>\n\n\n\n<li>traz pesquisadores internacionais, possibilitando a intera\u00e7\u00e3o e abrindo portas para interc\u00e2mbios, parcerias e projetos internacionais, impulsionando a cria\u00e7\u00e3o de tecnologias disruptivas. <\/li>\n<\/ul>\n\n\n\n<p>A realiza\u00e7\u00e3o do SBBD traz impacto na conscientiza\u00e7\u00e3o da import\u00e2ncia deste tipo de atividade na forma\u00e7\u00e3o do pesquisador j\u00fanior. Estudantes de P\u00f3s-Grad. e Gradua\u00e7\u00e3o t\u00eam relatado que a participa\u00e7\u00e3o em eventos traz g\u00e1s, motiva\u00e7\u00e3o, empolga\u00e7\u00e3o e muitas ideias novas. Os estudantes se sentem entusiasmados com suas pesquisas quando retornam de eventos, onde podem participar de brainstorms com pesquisadores de renome, que participam de eventos internacionais e que trazem ao SBBD as \u00faltimas inova\u00e7\u00f5es. O SBBD possibilita uma forma \u00fanica de imers\u00e3o nos t\u00f3picos discutidos.&nbsp;<\/p>\n","protected":false},"excerpt":{"rendered":"<p>O SBBD \u00e9 a principal confer\u00eancia Cient\u00edfica do Brasil e da Am\u00e9rica Latina em Big Data, Engenharia e Ci\u00eancia de Dados, realizada pela Sociedade Brasileira de Computa\u00e7\u00e3o (entidade cient\u00edfica sem fins lucrativos). A finalidade do evento \u00e9 ser um f\u00f3rum de discuss\u00e3o de temas recentes sobre o manuseio de dados e sua import\u00e2ncia em aplica\u00e7\u00f5es [&hellip;]<\/p>\n","protected":false},"author":3,"featured_media":0,"parent":0,"menu_order":0,"comment_status":"closed","ping_status":"closed","template":"","meta":{"footnotes":""},"class_list":["post-20","page","type-page","status-publish","hentry"],"_links":{"self":[{"href":"https:\/\/sbbd.org.br\/2024\/wp-json\/wp\/v2\/pages\/20","targetHints":{"allow":["GET"]}}],"collection":[{"href":"https:\/\/sbbd.org.br\/2024\/wp-json\/wp\/v2\/pages"}],"about":[{"href":"https:\/\/sbbd.org.br\/2024\/wp-json\/wp\/v2\/types\/page"}],"author":[{"embeddable":true,"href":"https:\/\/sbbd.org.br\/2024\/wp-json\/wp\/v2\/users\/3"}],"replies":[{"embeddable":true,"href":"https:\/\/sbbd.org.br\/2024\/wp-json\/wp\/v2\/comments?post=20"}],"version-history":[{"count":2,"href":"https:\/\/sbbd.org.br\/2024\/wp-json\/wp\/v2\/pages\/20\/revisions"}],"predecessor-version":[{"id":22,"href":"https:\/\/sbbd.org.br\/2024\/wp-json\/wp\/v2\/pages\/20\/revisions\/22"}],"wp:attachment":[{"href":"https:\/\/sbbd.org.br\/2024\/wp-json\/wp\/v2\/media?parent=20"}],"curies":[{"name":"wp","href":"https:\/\/api.w.org\/{rel}","templated":true}]}}