{"id":185,"date":"2024-04-30T18:10:19","date_gmt":"2024-04-30T21:10:19","guid":{"rendered":"https:\/\/sbbd.org.br\/2024\/?page_id=185"},"modified":"2024-09-10T11:00:30","modified_gmt":"2024-09-10T14:00:30","slug":"ds4sg","status":"publish","type":"page","link":"https:\/\/sbbd.org.br\/2024\/chamada-workshops\/ds4sg\/","title":{"rendered":"DS4SG &#8211; Data Science for Social Good"},"content":{"rendered":"\n<p class=\"has-white-color has-luminous-vivid-amber-to-luminous-vivid-orange-gradient-background has-text-color has-background has-link-color has-medium-font-size wp-elements-9b8a129a78b83a26b52dc539eb4f13ed\">DS4SG- Dados, \u00c9tica e Sociedade Conectada &#8211; Chair: Jos\u00e9 Maria Monteiro<\/p>\n\n\n\n<figure class=\"wp-block-table is-style-stripes\"><table class=\"has-fixed-layout\"><tbody><tr><td>Segunda<\/td><td>14\/10\/2024<\/td><td><\/td><\/tr><tr><td>10:00<\/td><td>Abertura do DS4SG (TPC Chairs)<\/td><td><\/td><\/tr><tr><td>10:20<\/td><td>Surveillance Capitalism Revealed: Tracing The Hidden World Of Web Data Collection<\/td><td>Antony Medeiros (PUC-Rio), <br>Luiz Glatzl Junior (PUC-Rio), <br>Sergio Lifschitz (PUC-Rio)<\/td><\/tr><tr><td>10:40<\/td><td>\u00c9tica para Tratamento e Uso de Dados: uma abordagem centrada em pessoas<\/td><td>Kellyne Marques Santos (Petrobras)<\/td><\/tr><tr><td>11:00<\/td><td>Data Insights on Gender Representation: Analyzing the Book and Music Industries<\/td><td>Mariana O. Silva (UFMG),<br>Gabriel P. Oliveira (UFMG), <br>Mirella Moro (UFMG)<\/td><\/tr><tr><td>11:20<\/td><td>Uma Abordagem Multidisciplinar para Detec\u00e7\u00e3o de Irregularidades em Compras P\u00fablicas<\/td><td>Lucas L. Costa (UFMG), <br>Marco T\u00falio Dutra (UFOP), <br>Gabriel P. Oliveira (UFMG), Mariana O. Silva (UFMGl), <br>Gisele Pappa (UFMG)<\/td><\/tr><tr><td>11:40<\/td><td>IoT Salvando Vidas: Uma Solu\u00e7\u00e3o para Pessoas Idosas<\/td><td>Anderson Moreira (IFPE), <br>Lilian Ramires (IFPE), <br>Marco Domingues (IFPE), <br>Jo\u00e3o Gabriel Gouveia de Souza Brito (IFPE), <br>Rafael da Silva (IFPE)<\/td><\/tr><\/tbody><\/table><\/figure>\n\n\n\n<div style=\"height:100px\" aria-hidden=\"true\" class=\"wp-block-spacer\"><\/div>\n\n\n\n<p class=\"has-white-color has-luminous-vivid-amber-to-luminous-vivid-orange-gradient-background has-text-color has-background has-link-color has-medium-font-size wp-elements-32f6c889d0345574ad829bd0826715e3\">DS4SG- T\u00e9cnicas de Minera\u00e7\u00e3o de Dados e Aprendizado de M\u00e1quina &#8211; Chair: Angelo Brayner<\/p>\n\n\n\n<figure class=\"wp-block-table is-style-stripes\"><table class=\"has-fixed-layout\"><tbody><tr><td>Segunda<\/td><td>14\/10\/2024<\/td><td><\/td><\/tr><tr><td>14:00<\/td><td>Abertura da Sess\u00e3o (Chair)<\/td><td><\/td><\/tr><tr><td>14:10<\/td><td>Aplica\u00e7\u00e3o de T\u00e9cnicas de Minera\u00e7\u00e3o de Dados e Aprendizado de M\u00e1quina na Compara\u00e7\u00e3o de Perfis de AVC entre Idosos e Adultos de Meia-Idade: Estudo da PNS 2019<\/td><td>Ligia Gon\u00e7alves (PUC\/MG), <br>Luis Z\u00e1rate (PUC\/MG)<\/td><\/tr><tr><td>14:30<\/td><td>Do you know what your senator advocates for in the committees they participate in? An LLM-based approach to topic and stance detection in parliamentary discussions<\/td><td>Helen Cavalcanti (UFCG), <br>Claudio Campelo (UFCG)<\/td><\/tr><tr><td>14:50<\/td><td>Utilizando Modelos de Machine Learning para a Caracteriza\u00e7\u00e3o da Depress\u00e3o em Adultos no Brasil<\/td><td>Pedro Henrique Rodrigues da Silva (PUC\/MG), <br>Luis Z\u00e1rate (PUC\/MG)<\/td><\/tr><tr><td>15:10<\/td><td>A Epidemia Silenciosa: Explorando os Determinantes Comportamentais e Socioecon\u00f4micos da Defici\u00eancia Renal Cr\u00f4nica no Brasil<\/td><td>Marco Sousa (PUC\/MG), <br>Luis Z\u00e1rate (PUC\/MG)<\/td><\/tr><tr><td>15:30<\/td><td>Predi\u00e7\u00e3o da Inadimpl\u00eancia do IPVA no Estado do Cear\u00e1 Utilizando Aprendizado de M\u00e1quina<\/td><td>Maria In\u00eas Silva (UFC), <br>Francisco Pinheiro (UFC), <br>C\u00e9sar Lincoln Mattos (UFC), <br>Rossana Andrade (UFC), <br>Jos\u00e9 Maria Monteiro (UFC)<\/td><\/tr><\/tbody><\/table><\/figure>\n\n\n\n<p><\/p>\n","protected":false},"excerpt":{"rendered":"<p>DS4SG- Dados, \u00c9tica e Sociedade Conectada &#8211; Chair: Jos\u00e9 Maria Monteiro Segunda 14\/10\/2024 10:00 Abertura do DS4SG (TPC Chairs) 10:20 Surveillance Capitalism Revealed: Tracing The Hidden World Of Web Data Collection Antony Medeiros (PUC-Rio), Luiz Glatzl Junior (PUC-Rio), Sergio Lifschitz (PUC-Rio) 10:40 \u00c9tica para Tratamento e Uso de Dados: uma abordagem centrada em pessoas Kellyne [&hellip;]<\/p>\n","protected":false},"author":3,"featured_media":0,"parent":56,"menu_order":0,"comment_status":"closed","ping_status":"closed","template":"event_page.php","meta":{"footnotes":""},"class_list":["post-185","page","type-page","status-publish","hentry"],"_links":{"self":[{"href":"https:\/\/sbbd.org.br\/2024\/wp-json\/wp\/v2\/pages\/185","targetHints":{"allow":["GET"]}}],"collection":[{"href":"https:\/\/sbbd.org.br\/2024\/wp-json\/wp\/v2\/pages"}],"about":[{"href":"https:\/\/sbbd.org.br\/2024\/wp-json\/wp\/v2\/types\/page"}],"author":[{"embeddable":true,"href":"https:\/\/sbbd.org.br\/2024\/wp-json\/wp\/v2\/users\/3"}],"replies":[{"embeddable":true,"href":"https:\/\/sbbd.org.br\/2024\/wp-json\/wp\/v2\/comments?post=185"}],"version-history":[{"count":17,"href":"https:\/\/sbbd.org.br\/2024\/wp-json\/wp\/v2\/pages\/185\/revisions"}],"predecessor-version":[{"id":879,"href":"https:\/\/sbbd.org.br\/2024\/wp-json\/wp\/v2\/pages\/185\/revisions\/879"}],"up":[{"embeddable":true,"href":"https:\/\/sbbd.org.br\/2024\/wp-json\/wp\/v2\/pages\/56"}],"wp:attachment":[{"href":"https:\/\/sbbd.org.br\/2024\/wp-json\/wp\/v2\/media?parent=185"}],"curies":[{"name":"wp","href":"https:\/\/api.w.org\/{rel}","templated":true}]}}