{"id":179,"date":"2024-04-30T18:02:28","date_gmt":"2024-04-30T21:02:28","guid":{"rendered":"https:\/\/sbbd.org.br\/2024\/?page_id=179"},"modified":"2024-07-22T19:36:07","modified_gmt":"2024-07-22T22:36:07","slug":"ds-cops","status":"publish","type":"page","link":"https:\/\/sbbd.org.br\/2024\/chamada-workshops\/ds-cops\/","title":{"rendered":"DS-CoPS &#8211; Data Science Against Corruption in the Public Sector"},"content":{"rendered":"\n<p><strong>Workshop on Data Science Against Corruption in the Public Sector<\/strong><\/p>\n\n\n\n<p>O uso da Ci\u00eancia de Dados no combate \u00e0 corrup\u00e7\u00e3o no setor p\u00fablico oferece oportunidades significativas para fortalecer os mecanismos de preven\u00e7\u00e3o, detec\u00e7\u00e3o e puni\u00e7\u00e3o dessas pr\u00e1ticas danosas. Com o acesso a grandes volumes de dados p\u00fablicos, governamentais e ferramentas anal\u00edticas avan\u00e7adas como, por exemplo, aprendizado de m\u00e1quina e estat\u00edstica, torna-se vi\u00e1vel identificar, de forma automatizada e semi-automatizada, padr\u00f5es suspeitos, detectar transa\u00e7\u00f5es fraudulentas e mapear redes de corrup\u00e7\u00e3o com maior precis\u00e3o e efici\u00eancia. Al\u00e9m disso, a automa\u00e7\u00e3o de processos por meio de algoritmos pode aumentar a efic\u00e1cia e a escala das investiga\u00e7\u00f5es, permitindo uma resposta mais r\u00e1pida e proativa \u00e0s atividades il\u00edcitas.<\/p>\n\n\n\n<p>O objetivo do SBBD DS-CoPS \u00e9 reunir pesquisadores, servidores de \u00f3rg\u00e3os de fiscaliza\u00e7\u00e3o e controle, e profissionais em geral para discutir os principais desafios, e compartilhar conhecimento sobre o desenvolvimento e uso de t\u00e9cnicas e metodologias de ponta em Ci\u00eancia de Dados para combater fraudes e corrup\u00e7\u00e3o no setor p\u00fablico.<\/p>\n\n\n\n<h2 class=\"wp-block-heading\">Submiss\u00e3o<\/h2>\n\n\n\n<p>Tr\u00eas categorias de submiss\u00e3o ser\u00e3o aceitas: resumo expandido, artigo curto e demonstra\u00e7\u00e3o de prot\u00f3tipo\/ferramenta.<\/p>\n\n\n\n<h3 class=\"wp-block-heading\">Resumos expandidos: <\/h3>\n\n\n\n<p>Devem ter no m\u00e1ximo quatro p\u00e1ginas (excluindo refer\u00eancias) e incluir, conforme necess\u00e1rio:<\/p>\n\n\n\n<ul class=\"wp-block-list\">\n<li>descri\u00e7\u00e3o do problema sendo atacado;<\/li>\n\n\n\n<li>detalhamento da metodologia proposta;<\/li>\n\n\n\n<li>resultados preliminares de aplica\u00e7\u00e3o da metodologia que indiquem dire\u00e7\u00e3o promissora;<\/li>\n\n\n\n<li>refer\u00eancias;<\/li>\n<\/ul>\n\n\n\n<h3 class=\"wp-block-heading\">Artigos curtos:<\/h3>\n\n\n\n<p>Devem ter no m\u00e1ximo seis p\u00e1ginas (excluindo refer\u00eancias) e incluir, conforme necess\u00e1rio:<\/p>\n\n\n\n<ul class=\"wp-block-list\">\n<li>descri\u00e7\u00e3o do problema sendo atacado;<\/li>\n\n\n\n<li>breve revis\u00e3o da literatura;<\/li>\n\n\n\n<li>detalhamento da metodologia proposta;<\/li>\n\n\n\n<li>experimentos e resultados que validem a aplica\u00e7\u00e3o da metodologia e\/ou t\u00e9cnica proposta;<\/li>\n\n\n\n<li>refer\u00eancias;<\/li>\n<\/ul>\n\n\n\n<h3 class=\"wp-block-heading\">Demonstra\u00e7\u00f5es e Relatos de Experi\u00eancias:<\/h3>\n\n\n\n<p>Devem ter no m\u00e1ximo seis p\u00e1ginas (excluindo refer\u00eancias) e incluir, conforme necess\u00e1rio:<\/p>\n\n\n\n<ul class=\"wp-block-list\">\n<li>descri\u00e7\u00e3o do dom\u00ednio e prop\u00f3sito da ferramenta\/prot\u00f3tipo apresentado;<\/li>\n\n\n\n<li>detalhamento da arquitetura da solu\u00e7\u00e3o;<\/li>\n\n\n\n<li>apresenta\u00e7\u00e3o do funcionamento da solu\u00e7\u00e3o;<\/li>\n\n\n\n<li>teste com dados reais ou fict\u00edcios que demonstrem a utilidade da ferramenta;<\/li>\n\n\n\n<li>localiza\u00e7\u00e3o p\u00fablica da ferramenta ou de um v\u00eddeo de demonstra\u00e7\u00e3o da ferramenta durante o processo de avalia\u00e7\u00e3o &#8211; v\u00eddeos de demonstra\u00e7\u00e3o ser\u00e3o aceitos para casos de \u00f3rg\u00e3os p\u00fablicos\/privados onde a ferramenta n\u00e3o pode ser disponibilizada devido a quest\u00f5es de privacidade de dados);<\/li>\n\n\n\n<li>refer\u00eancias;<\/li>\n<\/ul>\n\n\n\n<p>Cada submiss\u00e3o ser\u00e1 avaliada por pelo menos tr\u00eas integrantes do comit\u00ea de programa, a fim de prover maior e diversificado feedback para os autores das submiss\u00f5es.<\/p>\n\n\n\n<p>O link do sistema de submiss\u00e3o&nbsp; (<a href=\"https:\/\/jems.sbc.org.br\/home.cgi?c=4600\">https:\/\/jems.sbc.org.br\/home.cgi?c=4600<\/a>).<\/p>\n\n\n\n<h2 class=\"wp-block-heading\">T\u00f3picos de Interesse<\/h2>\n\n\n\n<p>Os t\u00f3picos de interesse incluem (lista n\u00e3o exaustiva):<\/p>\n\n\n\n<ul class=\"wp-block-list\">\n<li>Gest\u00e3o de seguran\u00e7a da informa\u00e7\u00e3o para o setor p\u00fablico<\/li>\n\n\n\n<li>Coleta, integra\u00e7\u00e3o e pr\u00e9-processamento de dados para detec\u00e7\u00e3o de fraudes e corrup\u00e7\u00e3o<\/li>\n\n\n\n<li>Visualiza\u00e7\u00e3o de dados para apoiar detec\u00e7\u00e3o de atividades suspeitas em grandes bases de dados<\/li>\n\n\n\n<li>Aprendizado de m\u00e1quina para detec\u00e7\u00e3o de fraudes e corrup\u00e7\u00e3o<\/li>\n\n\n\n<li>&nbsp;Processamento de Linguagem Natural em documentos p\u00fablicos para monitoramento e transpar\u00eancia governamental<\/li>\n\n\n\n<li>An\u00e1lise de grafos na identifica\u00e7\u00e3o e mapeamento de redes de corrup\u00e7\u00e3o e fraude<\/li>\n\n\n\n<li>Engenharia de dados, autoriza\u00e7\u00e3o, privacidade e seguran\u00e7a de dados<\/li>\n\n\n\n<li>Ferramentas para an\u00e1lise e investiga\u00e7\u00e3o de fraude e corrup\u00e7\u00e3o<\/li>\n\n\n\n<li>M\u00e9todos para an\u00e1lise de contratos e licita\u00e7\u00f5es p\u00fablicas<\/li>\n\n\n\n<li>M\u00e9todos para an\u00e1lise de Notas Fiscais Eletr\u00f4nicas<\/li>\n\n\n\n<li>Metodologias, t\u00e9cnicas e ferramentas para a constru\u00e7\u00e3o de Bancos de Pre\u00e7o.<\/li>\n\n\n\n<li>Fontes de dados e Ci\u00eancia Aberta para o combate \u00e0 corrup\u00e7\u00e3o<\/li>\n<\/ul>\n\n\n\n<h2 class=\"wp-block-heading\">Datas Importantes<\/h2>\n\n\n\n<ul class=\"wp-block-list\">\n<li><strong>Data limite para submiss\u00e3o:<\/strong> <s>15 de julho, 2024<\/s> 29 de julho, 2024<\/li>\n\n\n\n<li><strong>Notifica\u00e7\u00e3o de trabalhos aceitos:<\/strong> 19 de agosto, 2024<\/li>\n\n\n\n<li><strong>Vers\u00e3o final para publica\u00e7\u00e3o nos anais:<\/strong> 02 de setembro, 2024<\/li>\n<\/ul>\n\n\n\n<h2 class=\"wp-block-heading\">Coordena\u00e7\u00e3o<\/h2>\n\n\n\n<ul class=\"wp-block-list\">\n<li>J\u00f4nata Tyska Carvalho (UFSC) &#8211; <a href=\"mailto:jonata.tyska@ufsc.br\">jonata.tyska@ufsc.br<\/a><\/li>\n\n\n\n<li>Gisele Pappa (UFMG) &#8211; <a href=\"mailto:glpappa@dcc.ufmg.br\">glpappa@dcc.ufmg.br<\/a><\/li>\n\n\n\n<li>Ricardo Marcacini (ICMC-USP) &#8211; <a href=\"mailto:ricardo.marcacini@usp.br\">ricardo.marcacini@usp.br<\/a><\/li>\n<\/ul>\n\n\n\n<h3 class=\"wp-block-heading\">Comit\u00ea do Programa<\/h3>\n\n\n\n<ul class=\"wp-block-list\">\n<li>Andr\u00e9 W. Zibetti (a.zibetti@ufsc.br UFSC)<\/li>\n\n\n\n<li>Antonio Jacob Jr (antoniojunior@professor.uema.br UEMA)<\/li>\n\n\n\n<li>Carina Dorneles (carina.dorneles@ufsc.br UFSC)<\/li>\n\n\n\n<li>F\u00e1bio Lobato (fabio.lobato@ufopa.edu.br UFOPA)<\/li>\n\n\n\n<li>Eduardo Borges (eduardoborges@furg.br, FURG)<\/li>\n\n\n\n<li>Eduardo Camilo (eduardo.camilo@ufsc.br, UFSC)<\/li>\n\n\n\n<li>Eduardo Ogasawara (eogasawara@ieee.org, CEFET RJ)<\/li>\n\n\n\n<li>Jerusa Marchi (jerusa.marchi@ufsc.br UFSC)<\/li>\n\n\n\n<li>Marcio Castro (marcio.castro@ufsc.br UFSC)<\/li>\n\n\n\n<li>Renato Fileto (renato.fileto@ufsc.br UFSC)<\/li>\n\n\n\n<li>Ronaldo S. Mello (ronaldo@inf.ufsc.br, UFSC)<\/li>\n\n\n\n<li>Solange Oliveira Rezende (solange@icmc.usp.br ICMC-USP)<\/li>\n\n\n\n<li>Simone Werner (simone.werner@ufsc.br UFSC)<\/li>\n\n\n\n<li>Vania Vidal (vaniap.vidal@gmail.com, UFC)<\/li>\n<\/ul>\n\n\n","protected":false},"excerpt":{"rendered":"<p>Workshop on Data Science Against Corruption in the Public Sector O uso da Ci\u00eancia de Dados no combate \u00e0 corrup\u00e7\u00e3o no setor p\u00fablico oferece oportunidades significativas para fortalecer os mecanismos de preven\u00e7\u00e3o, detec\u00e7\u00e3o e puni\u00e7\u00e3o dessas pr\u00e1ticas danosas. Com o acesso a grandes volumes de dados p\u00fablicos, governamentais e ferramentas anal\u00edticas avan\u00e7adas como, por exemplo, [&hellip;]<\/p>\n","protected":false},"author":3,"featured_media":0,"parent":56,"menu_order":0,"comment_status":"closed","ping_status":"closed","template":"event_page.php","meta":{"footnotes":""},"class_list":["post-179","page","type-page","status-publish","hentry"],"_links":{"self":[{"href":"https:\/\/sbbd.org.br\/2024\/wp-json\/wp\/v2\/pages\/179","targetHints":{"allow":["GET"]}}],"collection":[{"href":"https:\/\/sbbd.org.br\/2024\/wp-json\/wp\/v2\/pages"}],"about":[{"href":"https:\/\/sbbd.org.br\/2024\/wp-json\/wp\/v2\/types\/page"}],"author":[{"embeddable":true,"href":"https:\/\/sbbd.org.br\/2024\/wp-json\/wp\/v2\/users\/3"}],"replies":[{"embeddable":true,"href":"https:\/\/sbbd.org.br\/2024\/wp-json\/wp\/v2\/comments?post=179"}],"version-history":[{"count":7,"href":"https:\/\/sbbd.org.br\/2024\/wp-json\/wp\/v2\/pages\/179\/revisions"}],"predecessor-version":[{"id":302,"href":"https:\/\/sbbd.org.br\/2024\/wp-json\/wp\/v2\/pages\/179\/revisions\/302"}],"up":[{"embeddable":true,"href":"https:\/\/sbbd.org.br\/2024\/wp-json\/wp\/v2\/pages\/56"}],"wp:attachment":[{"href":"https:\/\/sbbd.org.br\/2024\/wp-json\/wp\/v2\/media?parent=179"}],"curies":[{"name":"wp","href":"https:\/\/api.w.org\/{rel}","templated":true}]}}