{"id":176,"date":"2024-04-30T17:54:10","date_gmt":"2024-04-30T20:54:10","guid":{"rendered":"https:\/\/sbbd.org.br\/2024\/?page_id=176"},"modified":"2024-07-22T19:36:41","modified_gmt":"2024-07-22T22:36:41","slug":"bresci","status":"publish","type":"page","link":"https:\/\/sbbd.org.br\/2024\/chamada-workshops\/bresci\/","title":{"rendered":"BreSci &#8211; Brazilian e-Science Workshop"},"content":{"rendered":"\n<p>O XVIII Brazilian e-Science Workshop (BreSci) 2024 tem como objetivo colaborar com os esfor\u00e7os de pesquisa na \u00e1rea de Ci\u00eancia de Dados e da e-Ci\u00eancia. Objetiva-se alcan\u00e7ar um f\u00f3rum amplo de discuss\u00e3o sobre os temas envolvidos no desenvolvimento de infraestrutura de software em apoio \u00e0s ci\u00eancias, com o objetivo tanto de servir como uma nova plataforma de pesquisa e experimenta\u00e7\u00e3o cient\u00edfica, como apoiar as iniciativas em Ci\u00eancia de Dados que possam ser transferidas para melhoria das ci\u00eancias.<\/p>\n\n\n\n<h2 class=\"wp-block-heading\">Chamada de Trabalhos<\/h2>\n\n\n\n<p>Nas \u00faltimas d\u00e9cadas, observamos uma revolu\u00e7\u00e3o cont\u00ednua no desenvolvimento das ci\u00eancias de uma forma geral, provocada e fomentada determinantemente pelo apoio de m\u00e9todos computacionais. Eles t\u00eam se estabelecido como um terceiro pilar da ci\u00eancia, ao lado da teoria e da experimenta\u00e7\u00e3o. A ci\u00eancia de apoio computacional \u00e0 experimenta\u00e7\u00e3o cient\u00edfica \u00e9 chamada de e-Ci\u00eancia (do ingl\u00eas <em>e-Science<\/em>).<\/p>\n\n\n\n<p>Nesse novo modo de fazer ci\u00eancia, pesquisadores exploram grandes cole\u00e7\u00f5es de dados e utilizam recursos computacionais em larga escala, que podem estar geograficamente distribu\u00eddos. Estas novas demandas imp\u00f5em importantes desafios, relacionados \u00e0 modelagem e ao gerenciamento de dados cient\u00edficos, desenolvimento de software adequado para tais demandas, e interpreta\u00e7\u00e3o de resultados. Adicionalmente, o car\u00e1ter multidisciplinar da e-Ci\u00eancia imp\u00f5e que pesquisadores de diversas \u00e1reas colaborem na solu\u00e7\u00e3o desses desafios. Avan\u00e7os recentes em pesquisas na \u00e1rea da Ci\u00eancia da Computa\u00e7\u00e3o \u2013 incluindo apoio \u00e0 modelagem de workflows, ontologias, intelig\u00eancia artificial, servi\u00e7os Web, processamento de alto desempenho, computa\u00e7\u00e3o em nuvem, grades computacionais, modelagem de recursos, ger\u00eancia de componentes de software, banco de dados distribu\u00eddos e paralelos, proveni\u00eancia de dados e processos, intelig\u00eancia artificial centrada em dados (<em>Data-Centric Artificial Intelligence<\/em>), curadoria de dados, entre outros \u2013 podem ajudar na solu\u00e7\u00e3o dos grandes desafios da Ci\u00eancia. Ao mesmo tempo, grandes volumes de dados (<em>big data<\/em>) de diferentes \u00e1reas do conhecimento est\u00e3o cada vez mais presentes no dia a dia. Com eles, h\u00e1 uma crescente necessidade de entender como esses dados podem ser explorados para obten\u00e7\u00e3o de novas descobertas. Nas ci\u00eancias, <em>Big Data<\/em> criou oportunidades para investiga\u00e7\u00e3o, motivando bi\u00f3logos, astr\u00f4nomos, bioqu\u00edmicos, m\u00e9dicos, matem\u00e1ticos, e pesquisadores das demais \u00e1reas a enfrentar os problemas computacionais do atualmente denominado \u201cquarto paradigma\u201d (ci\u00eancia intensiva em dados). Nesse contexto, o grande desafio consiste em extrair conhecimento relevante na escala de <em>Big Data<\/em>. A \u00e1rea de Ci\u00eancia de Dados incorpora m\u00e9todos cient\u00edficos, processos e algoritmos para extrair conhecimento dos dados em suas diferentes formas. Ela \u00e9 criada a partir de t\u00e9cnicas e teorias de diversas \u00e1reas da Matem\u00e1tica, Estat\u00edstica, Engenharia e Ci\u00eancias b\u00e1sicas. A Ci\u00eancia de Dados est\u00e1 fortemente relacionada a muitas disciplinas tradicionais, mas abre espa\u00e7o para uma nova \u00e1rea multidisciplinar, intimamente ligada \u00e0s quest\u00f5es abordadas em e-Science.<\/p>\n\n\n\n<h2 class=\"wp-block-heading\">T\u00f3picos de interesse<\/h2>\n\n\n\n<p>Os t\u00f3picos de interesse do XVIII BreSci devem estar aderentes \u00e0 contextualiza\u00e7\u00e3o de e-Science e\/ou Data Science, incluindo (embora n\u00e3o limitados) os listados na sequ\u00eancia.<\/p>\n\n\n\n<p>Estes t\u00f3picos s\u00e3o divididos em duas trilhas distintas: a <strong>Trilha Principal<\/strong>, destinada a trabalhos que envolvem pesquisas aderentes \u00e0 contextualiza\u00e7\u00e3o de e-Science e\/ou Data Science; e a <strong>Trilha de Aplica\u00e7\u00f5es<\/strong>, que contempla diversos campos do saber, almejando contribui\u00e7\u00f5es de especialistas destas \u00e1reas, e apresentando desafios que possam ser apoiados, de alguma forma, pela Computa\u00e7\u00e3o.<\/p>\n\n\n\n<h3 class=\"wp-block-heading\">Trilha Principal:<\/h3>\n\n\n\n<ul class=\"wp-block-list\">\n<li>Ambientes de experimenta\u00e7\u00e3o;<\/li>\n\n\n\n<li>Aprendizado de m\u00e1quina e deep learning;<\/li>\n\n\n\n<li>Arquiteturas orientadas a servi\u00e7os;<\/li>\n\n\n\n<li>Ci\u00eancia de redes;<\/li>\n\n\n\n<li>Computa\u00e7\u00e3o em nuvem-n\u00e9voa-borda;<\/li>\n\n\n\n<li>Data analytics em dados cient\u00edficos e\/ou abertos;<\/li>\n\n\n\n<li>Abordagens de redu\u00e7\u00e3o de dados nas bordas;<\/li>\n\n\n\n<li>Ecossistemas de software;<\/li>\n\n\n\n<li>Extra\u00e7\u00e3o de conhecimento a partir de fontes heterog\u00eaneas de dados;<\/li>\n\n\n\n<li>Ger\u00eancia de acesso a dados cient\u00edficos e abertos;<\/li>\n\n\n\n<li>Ger\u00eancia de dados em larga escala;<\/li>\n\n\n\n<li>Gest\u00e3o de conhecimento em larga escala;<\/li>\n\n\n\n<li>Ger\u00eancia de workflows;<\/li>\n\n\n\n<li>Grades computacionais;<\/li>\n\n\n\n<li>Infraestrutura para aplica\u00e7\u00f5es;<\/li>\n\n\n\n<li>Intelig\u00eancia Artificial Centrada em Dados (DCAI)<\/li>\n\n\n\n<li>Modelos de dados para dados cient\u00edficos e\/ou abertos;<\/li>\n\n\n\n<li>Modelos e t\u00e9cnicas para ci\u00eancia colaborativa;<\/li>\n\n\n\n<li>Ontologias e bancos de dados para dados cient\u00edficos e\/ou abertos;<\/li>\n\n\n\n<li>Organiza\u00e7\u00f5es virtuais;<\/li>\n\n\n\n<li>Processamento de dados em larga escala;<\/li>\n\n\n\n<li>Processos de experimenta\u00e7\u00e3o em larga escala;<\/li>\n\n\n\n<li>Proveni\u00eancia de dados e processos;<\/li>\n\n\n\n<li>Sistemas auton\u00f4micos e auto-organizados;<\/li>\n\n\n\n<li>Sistemas IoT;<\/li>\n\n\n\n<li>T\u00e9cnicas de paralelismo baseado em dados;<\/li>\n\n\n\n<li>Tecnologias habilitadoras;<\/li>\n\n\n\n<li>Teorias e modelos;<\/li>\n\n\n\n<li>Toler\u00e2ncia a falhas, confiabilidade e disponibilidade;<\/li>\n\n\n\n<li>Visualiza\u00e7\u00e3o de dados;<\/li>\n\n\n\n<li>Web sem\u00e2ntica.<\/li>\n<\/ul>\n\n\n\n<h3 class=\"wp-block-heading\">Trilha de Aplica\u00e7\u00f5es:<\/h3>\n\n\n\n<ul class=\"wp-block-list\">\n<li>Agricultura;<\/li>\n\n\n\n<li>Astronomia;<\/li>\n\n\n\n<li>Biodiversidade;<\/li>\n\n\n\n<li>Bioinform\u00e1tica;<\/li>\n\n\n\n<li>Ci\u00eancia da sa\u00fade e forense;<\/li>\n\n\n\n<li>Ci\u00eancia da Vida;<\/li>\n\n\n\n<li>Clima, ci\u00eancia ambiental e da terra;<\/li>\n\n\n\n<li>Energias renov\u00e1veis;<\/li>\n\n\n\n<li>Esportes;<\/li>\n\n\n\n<li>Eventos extremos<\/li>\n\n\n\n<li>F\u00edsica;<\/li>\n\n\n\n<li>Humanidades e Ci\u00eancias sociais;<\/li>\n\n\n\n<li>Qu\u00edmica;<\/li>\n\n\n\n<li>Sa\u00fade.<\/li>\n<\/ul>\n\n\n\n<h2 class=\"wp-block-heading\">Instru\u00e7\u00f5es para submiss\u00e3o<\/h2>\n\n\n\n<p>O XVIII BreSci aceita submiss\u00f5es de artigos longos ou curtos, com limites m\u00e1ximos de 8 e 4 p\u00e1ginas, respectivamente. Os artigos devem ser escritos em portugu\u00eas ou ingl\u00eas, e devem utilizar o <a href=\"https:\/\/www.sbc.org.br\/documentos-da-sbc\/category\/169-templates-para-artigos-e-capitulos-de-livros\">&nbsp;modelo sugerido pela SBC (Sociedade Brasileira de Computa\u00e7\u00e3o)<\/a> (https:\/\/www.sbc.org.br\/documentos-da-sbc\/category\/169-templates-para-artigos-e-capitulos-de-livros).<\/p>\n\n\n\n<p>Os trabalhos submetidos devem ser in\u00e9ditos. A presen\u00e7a de resultados, embora fortemente recomendada, n\u00e3o \u00e9 um requisito para a submiss\u00e3o do trabalho.<\/p>\n\n\n\n<p>Todos os artigos (longos e curtos) ser\u00e3o revisados por pares de acordo com os seguintes crit\u00e9rios: adequa\u00e7\u00e3o ao escopo do <em>workshop<\/em>, relev\u00e2ncia, qualidade t\u00e9cnica, clareza, originalidade e resultados. Os autores devem identificar o(s) t\u00f3pico(s) abordado(s) no artigo no momento da submiss\u00e3o para auxiliar o Comit\u00ea do Programa no processo de revis\u00e3o.<\/p>\n\n\n\n<p>Cada manuscrito deve ser submetido eletronicamente, em arquivo PDF, via site de submiss\u00e3o <a href=\"https:\/\/jems.sbc.org.br\/home.cgi?c=4599\">JEMS<\/a> <a href=\"https:\/\/jems.sbc.org.br\/home.cgi?c=4599\">(https:\/\/jems.sbc.org.br\/home.cgi?c=4599)<\/a>.<\/p>\n\n\n\n<h2 class=\"wp-block-heading\">Datas Importantes<\/h2>\n\n\n\n<ul class=\"wp-block-list\">\n<li>Submiss\u00e3o de artigos: <s>15 de julho<\/s> <strong>29 de julho<\/strong><\/li>\n\n\n\n<li>Divulga\u00e7\u00e3o dos resultados \/ Notifica\u00e7\u00e3o dos autores: <strong>19 de agosto<\/strong><\/li>\n\n\n\n<li>Envio das vers\u00f5es finais dos artigos (<em>camera-ready<\/em>): <strong>02 de setembro<\/strong><\/li>\n\n\n\n<li>Data limite para inscri\u00e7\u00e3o de pelo menos um autor por trabalho completo por Workshop, envio do comprovante de pagamento de inscri\u00e7\u00e3o e do termo de autoriza\u00e7\u00e3o de publica\u00e7\u00e3o via JEMS: <strong>02 de setembro<\/strong><\/li>\n<\/ul>\n\n\n\n<h2 class=\"wp-block-heading\">Inscri\u00e7\u00e3o de autores<\/h2>\n\n\n\n<p>Para que um artigo aceito seja apresentado e inclu\u00eddo nos anais do evento, \u00e9 necess\u00e1rio que ao menos um dos autores do artigo realize a sua inscri\u00e7\u00e3o no SBBD 2024.<\/p>\n\n\n\n<h2 class=\"wp-block-heading\">Publica\u00e7\u00e3o de trabalhos<\/h2>\n\n\n\n<p>Os artigos aceitos ser\u00e3o publicados na SBC Open Lib, a biblioteca digital da SBC, na s\u00e9rie <em>Anais do Brazilian e-Science Workshop (BreSci)<\/em>, dispon\u00edvel em <a href=\"https:\/\/sol.sbc.org.br\/index.php\/bresci\">https:\/\/sol.sbc.org.br\/index.php\/bresci<\/a>. Todos os artigos ser\u00e3o indexados com DOI.<\/p>\n\n\n\n<h2 class=\"wp-block-heading\">Premia\u00e7\u00f5es<\/h2>\n\n\n\n<p>Ser\u00e1 dado um certificado para o melhor trabalho (artigo longo), e uma Men\u00e7\u00e3o Honrosa (artigo curto).<\/p>\n\n\n\n<h2 class=\"wp-block-heading\">Organiza\u00e7\u00e3o<\/h2>\n\n\n\n<p>O Comit\u00ea de Programa \u00e9 formado por professores e\/ou pesquisadores de diversas institui\u00e7\u00f5es de ensino e com atua\u00e7\u00e3o na \u00e1rea de e-Ci\u00eancia.<\/p>\n\n\n\n<h3 class=\"wp-block-heading\">Coordena\u00e7\u00e3o do Comit\u00ea de Programa<\/h3>\n\n\n\n<ul class=\"wp-block-list\">\n<li>Jorge de Abreu Soares (CEFET\/RJ)<\/li>\n\n\n\n<li>Mario Antonio Ribeiro Dantas (UFJF)<\/li>\n<\/ul>\n\n\n\n<h3 class=\"wp-block-heading\">Comit\u00ea Diretivo<\/h3>\n\n\n\n<ul class=\"wp-block-list\">\n<li>Gabriella Castro Barbosa Costa Dalpra (CEFET\/MG) co-<em>chair<\/em> 2023<\/li>\n\n\n\n<li>Gustavo Neves Dias (RNP) co-<em>chair<\/em> 2023<\/li>\n\n\n\n<li>Daniel Cardoso Moraes de Oliveira (UFF): co-<em>chair<\/em> 2022<\/li>\n\n\n\n<li>Alexandre Rossi Paschoal (UTFPR): co-<em>chair<\/em> 2022<\/li>\n\n\n\n<li>Victor Str\u00f6ele de Andrade Menezes (UFJF): co-<em>chair<\/em> 2021<\/li>\n\n\n\n<li>Marcio Katsumi Oikawa (UFABC): co-<em>chair<\/em> 2020<\/li>\n<\/ul>\n\n\n\n<h3 class=\"wp-block-heading\">Comit\u00ea de Programa<\/h3>\n\n\n\n<ul class=\"wp-block-list\">\n<li>Alberto Krone-Martins (Universidade de Lisboa)<\/li>\n\n\n\n<li>Alex Vieira (UFJF)<\/li>\n\n\n\n<li>Ana Carolina Guimaraes (FIOCRUZ)<\/li>\n\n\n\n<li>Anderson Soares (UFG)<\/li>\n\n\n\n<li>Ary Henrique Oliveira (Tocantins Federal University)<\/li>\n\n\n\n<li>Bruno Dembogurski (UFRRJ)<\/li>\n\n\n\n<li>Bruno Schulze (LNCC)<\/li>\n\n\n\n<li>Carla Osthoff (LNCC)<\/li>\n\n\n\n<li>Claudia Bauzer Medeiros (UNICAMP)<\/li>\n\n\n\n<li>Cristina Boeres (UFF)<\/li>\n\n\n\n<li>Daniel Cordeiro (USP)<\/li>\n\n\n\n<li>Daniel de Oliveira (UFF)<\/li>\n\n\n\n<li>D\u00e9bora Costa Soares dos Reis (RNP)<\/li>\n\n\n\n<li>Diego Brand\u00e3o (CEFET\/RJ)<\/li>\n\n\n\n<li>Diogo Tschoeke (UFRJ)<\/li>\n\n\n\n<li>Eduardo Bezerra (CEFET\/RJ)<\/li>\n\n\n\n<li>Eduardo Dalcin (Inst. Pesq. Jardim Bot\u00e2nico do RJ)<\/li>\n\n\n\n<li>Eduardo Ogasawara (CEFET\/RJ)<\/li>\n\n\n\n<li>Emanuele Santos (UFC)<\/li>\n\n\n\n<li>Fabio Porto (LNCC)<\/li>\n\n\n\n<li>Fabr\u00edcio Martins Lopes (UTFPR)<\/li>\n\n\n\n<li>Fellipe Duarte (UFRRJ)<\/li>\n\n\n\n<li>Fernanda Campos (UFJF)<\/li>\n\n\n\n<li>Gabriella Castro Barbosa Costa Dalpra (CEFET\/MG)<\/li>\n\n\n\n<li>Gilberto Pastorello (Lawrence Berkeley National Laboratory)<\/li>\n\n\n\n<li>Gustavo Neves Dias (RNP)<\/li>\n\n\n\n<li>Joao Setubal (USP)<\/li>\n\n\n\n<li>Jonas Dias (DELL EMC)<\/li>\n\n\n\n<li>Jos\u00e9 Antonio Mac\u00eado (UFC)<\/li>\n\n\n\n<li>Jos\u00e9 Maria David (UFJF)<\/li>\n\n\n\n<li>Kary Oca\u00f1a (LNCC)<\/li>\n\n\n\n<li>Kele Belloze (CEFET\/RJ)<\/li>\n\n\n\n<li>Kelly Braghetto (USP)<\/li>\n\n\n\n<li>Leonardo Azevedo (IBM Research Brazil)<\/li>\n\n\n\n<li>Leonardo Murta (UFF)<\/li>\n\n\n\n<li>Lucia Drummond (UFF)<\/li>\n\n\n\n<li>Luciano Digiampietri (USP)<\/li>\n\n\n\n<li>Luiz Manoel Rocha Gadelha J\u00fanior (LNCC)<\/li>\n\n\n\n<li>Marcio Oikawa (UFABC)<\/li>\n\n\n\n<li>Mariano Silva (LNCC)<\/li>\n\n\n\n<li>Marta Mattoso (COPPE\/UFRJ)<\/li>\n\n\n\n<li>Nadia Kozievitch (UTFPR)<\/li>\n\n\n\n<li>Priscila Goliatt (UFJF)<\/li>\n\n\n\n<li>Rafaelli Coutinho (CEFET\/RJ)<\/li>\n\n\n\n<li>Regina Braga (UFJF)<\/li>\n\n\n\n<li>Ricardo Ogando (ON\/LINEA)<\/li>\n\n\n\n<li>Ronaldo Goldschmidt (IME)<\/li>\n\n\n\n<li>Sergio Lifschitz (PUC-Rio)<\/li>\n\n\n\n<li>Sergio Manuel Serra da Cruz (UFRRJ)<\/li>\n\n\n\n<li>Thiago Emmanuel Pereira (UFCG)<\/li>\n\n\n\n<li>Ubiratam De Paula (UFRRJ)<\/li>\n\n\n\n<li>Victor Str\u00f6ele (UFJF)<\/li>\n\n\n\n<li>Vinod Rebello (UFF)<\/li>\n<\/ul>\n\n\n\n<h2 class=\"wp-block-heading\">Contato<\/h2>\n\n\n\n<p>Em caso de d\u00favidas, favor enviar e-mail copiando os organizadores <a href=\"mailto:jorge.soares@cefet-rj.br\">jorge.soares@cefet-rj.br<\/a> e <a href=\"mailto:mario.dantas@ice.ufjf.br\">mario.dantas@ice.ufjf.br<\/a>.<\/p>\n\n\n","protected":false},"excerpt":{"rendered":"<p>O XVIII Brazilian e-Science Workshop (BreSci) 2024 tem como objetivo colaborar com os esfor\u00e7os de pesquisa na \u00e1rea de Ci\u00eancia de Dados e da e-Ci\u00eancia. Objetiva-se alcan\u00e7ar um f\u00f3rum amplo de discuss\u00e3o sobre os temas envolvidos no desenvolvimento de infraestrutura de software em apoio \u00e0s ci\u00eancias, com o objetivo tanto de servir como uma nova [&hellip;]<\/p>\n","protected":false},"author":3,"featured_media":0,"parent":56,"menu_order":0,"comment_status":"closed","ping_status":"closed","template":"event_page.php","meta":{"footnotes":""},"class_list":["post-176","page","type-page","status-publish","hentry"],"_links":{"self":[{"href":"https:\/\/sbbd.org.br\/2024\/wp-json\/wp\/v2\/pages\/176","targetHints":{"allow":["GET"]}}],"collection":[{"href":"https:\/\/sbbd.org.br\/2024\/wp-json\/wp\/v2\/pages"}],"about":[{"href":"https:\/\/sbbd.org.br\/2024\/wp-json\/wp\/v2\/types\/page"}],"author":[{"embeddable":true,"href":"https:\/\/sbbd.org.br\/2024\/wp-json\/wp\/v2\/users\/3"}],"replies":[{"embeddable":true,"href":"https:\/\/sbbd.org.br\/2024\/wp-json\/wp\/v2\/comments?post=176"}],"version-history":[{"count":10,"href":"https:\/\/sbbd.org.br\/2024\/wp-json\/wp\/v2\/pages\/176\/revisions"}],"predecessor-version":[{"id":303,"href":"https:\/\/sbbd.org.br\/2024\/wp-json\/wp\/v2\/pages\/176\/revisions\/303"}],"up":[{"embeddable":true,"href":"https:\/\/sbbd.org.br\/2024\/wp-json\/wp\/v2\/pages\/56"}],"wp:attachment":[{"href":"https:\/\/sbbd.org.br\/2024\/wp-json\/wp\/v2\/media?parent=176"}],"curies":[{"name":"wp","href":"https:\/\/api.w.org\/{rel}","templated":true}]}}