{"id":1008,"date":"2024-09-29T14:42:59","date_gmt":"2024-09-29T17:42:59","guid":{"rendered":"https:\/\/sbbd.org.br\/2024\/?page_id=1008"},"modified":"2024-09-29T17:09:13","modified_gmt":"2024-09-29T20:09:13","slug":"floripa","status":"publish","type":"page","link":"https:\/\/sbbd.org.br\/2024\/floripa\/","title":{"rendered":"Floripa"},"content":{"rendered":"\n<p><strong>Florian\u00f3polis<\/strong> (ou simplesmente <strong>Floripa<\/strong>) \u00e9 a cidade sede do SBBD 2024 e uma das capitais de Estado mais bonitas do Brasil! Bora saber o que conhecer em Floripa de forma r\u00e1pida?!&nbsp;<\/p>\n\n\n\n<p>Primeiramente, vamos nos situar! O SBBD 2024 ocorre no hotel<strong> Majestic Palace<\/strong>, que fica na avenida mais bonita da cidade: a <strong>avenida Beira-Mar Norte<\/strong>! Veja o mapa a seguir e as dicas pr\u00f3ximas ao hotel:<\/p>\n\n\n\n<div style=\"height:54px\" aria-hidden=\"true\" class=\"wp-block-spacer\"><\/div>\n\n\n<div class=\"wp-block-image is-style-default\">\n<figure class=\"aligncenter size-full is-resized\"><img loading=\"lazy\" decoding=\"async\" width=\"815\" height=\"555\" src=\"https:\/\/sbbd.org.br\/2024\/wp-content\/uploads\/2024\/09\/2658519d-8251-4f59-a23e-209b0ceef796.jpg\" alt=\"\" class=\"wp-image-1009\" style=\"width:839px;height:auto\" srcset=\"https:\/\/sbbd.org.br\/2024\/wp-content\/uploads\/2024\/09\/2658519d-8251-4f59-a23e-209b0ceef796.jpg 815w, https:\/\/sbbd.org.br\/2024\/wp-content\/uploads\/2024\/09\/2658519d-8251-4f59-a23e-209b0ceef796-300x204.jpg 300w, https:\/\/sbbd.org.br\/2024\/wp-content\/uploads\/2024\/09\/2658519d-8251-4f59-a23e-209b0ceef796-768x523.jpg 768w, https:\/\/sbbd.org.br\/2024\/wp-content\/uploads\/2024\/09\/2658519d-8251-4f59-a23e-209b0ceef796-18x12.jpg 18w\" sizes=\"auto, (max-width: 815px) 100vw, 815px\" \/><\/figure>\n<\/div>\n\n\n<hr class=\"wp-block-separator has-alpha-channel-opacity\"\/>\n\n\n\n<div style=\"height:106px\" aria-hidden=\"true\" class=\"wp-block-spacer\"><\/div>\n\n\n\n<div class=\"wp-block-media-text has-media-on-the-right is-stacked-on-mobile\" style=\"grid-template-columns:auto 42%\"><div class=\"wp-block-media-text__content\">\n<p style=\"font-size:18px\"><strong>Beiramar shopping:<\/strong> est\u00e1 em frente ao hotel Majestic. Boa op\u00e7\u00e3o para alimenta\u00e7\u00e3o e compras;<\/p>\n\n\n\n<p style=\"font-size:18px\"><strong>Avenida Beira-Mar Norte:<\/strong> ideal para uma caminhada e belas fotos. \u00c9 poss\u00edvel alugar uma bike para cobrir maiores dist\u00e2ncias. Bares e restaurantes est\u00e3o dispon\u00edveis ao longo da avenida. Foto ao lado mostra o shopping e a avenida do alto do hotel;&nbsp;<\/p>\n\n\n\n<p style=\"font-size:18px\"><strong>Trapiche da Beira-Mar Norte:<\/strong> local onde fica o <em>Catamar\u00e3 Beira-Mar Norte<\/em> (local do jantar do SBBD 2024). Aos domingos durante o dia tem uma feirinha de artesanato e gastronomia.<\/p>\n<\/div><figure class=\"wp-block-media-text__media\"><img loading=\"lazy\" decoding=\"async\" width=\"598\" height=\"465\" src=\"https:\/\/sbbd.org.br\/2024\/wp-content\/uploads\/2024\/09\/abaa058a-1890-4741-9f42-1c60631d33bb.jpg\" alt=\"\" class=\"wp-image-1016 size-full\" srcset=\"https:\/\/sbbd.org.br\/2024\/wp-content\/uploads\/2024\/09\/abaa058a-1890-4741-9f42-1c60631d33bb.jpg 598w, https:\/\/sbbd.org.br\/2024\/wp-content\/uploads\/2024\/09\/abaa058a-1890-4741-9f42-1c60631d33bb-300x233.jpg 300w, https:\/\/sbbd.org.br\/2024\/wp-content\/uploads\/2024\/09\/abaa058a-1890-4741-9f42-1c60631d33bb-15x12.jpg 15w\" sizes=\"auto, (max-width: 598px) 100vw, 598px\" \/><\/figure><\/div>\n\n\n\n<div style=\"height:38px\" aria-hidden=\"true\" class=\"wp-block-spacer\"><\/div>\n\n\n\n<div class=\"wp-block-columns is-layout-flex wp-container-core-columns-is-layout-9d6595d7 wp-block-columns-is-layout-flex\">\n<div class=\"wp-block-column is-layout-flow wp-block-column-is-layout-flow\"><div class=\"wp-block-image\">\n<figure class=\"aligncenter size-full is-resized\"><img loading=\"lazy\" decoding=\"async\" width=\"708\" height=\"372\" src=\"https:\/\/sbbd.org.br\/2024\/wp-content\/uploads\/2024\/09\/WhatsApp-Image-2024-09-29-at-15.08.19-1.jpeg\" alt=\"\" class=\"wp-image-1098\" style=\"width:696px;height:auto\" srcset=\"https:\/\/sbbd.org.br\/2024\/wp-content\/uploads\/2024\/09\/WhatsApp-Image-2024-09-29-at-15.08.19-1.jpeg 708w, https:\/\/sbbd.org.br\/2024\/wp-content\/uploads\/2024\/09\/WhatsApp-Image-2024-09-29-at-15.08.19-1-300x158.jpeg 300w, https:\/\/sbbd.org.br\/2024\/wp-content\/uploads\/2024\/09\/WhatsApp-Image-2024-09-29-at-15.08.19-1-18x9.jpeg 18w\" sizes=\"auto, (max-width: 708px) 100vw, 708px\" \/><\/figure>\n<\/div><\/div>\n<\/div>\n\n\n<div class=\"wp-block-image\">\n<figure class=\"aligncenter size-large is-resized\"><img loading=\"lazy\" decoding=\"async\" width=\"1024\" height=\"576\" src=\"https:\/\/sbbd.org.br\/2024\/wp-content\/uploads\/2024\/09\/Imagem-do-WhatsApp-de-2024-09-07-as-13.25.15_450964b4-2-1024x576.jpg\" alt=\"\" class=\"wp-image-1097\" style=\"width:696px;height:auto\" srcset=\"https:\/\/sbbd.org.br\/2024\/wp-content\/uploads\/2024\/09\/Imagem-do-WhatsApp-de-2024-09-07-as-13.25.15_450964b4-2-1024x576.jpg 1024w, https:\/\/sbbd.org.br\/2024\/wp-content\/uploads\/2024\/09\/Imagem-do-WhatsApp-de-2024-09-07-as-13.25.15_450964b4-2-300x169.jpg 300w, https:\/\/sbbd.org.br\/2024\/wp-content\/uploads\/2024\/09\/Imagem-do-WhatsApp-de-2024-09-07-as-13.25.15_450964b4-2-768x432.jpg 768w, https:\/\/sbbd.org.br\/2024\/wp-content\/uploads\/2024\/09\/Imagem-do-WhatsApp-de-2024-09-07-as-13.25.15_450964b4-2-18x10.jpg 18w, https:\/\/sbbd.org.br\/2024\/wp-content\/uploads\/2024\/09\/Imagem-do-WhatsApp-de-2024-09-07-as-13.25.15_450964b4-2.jpg 1366w\" sizes=\"auto, (max-width: 1024px) 100vw, 1024px\" \/><\/figure>\n<\/div>\n\n\n<div style=\"height:72px\" aria-hidden=\"true\" class=\"wp-block-spacer\"><\/div>\n\n\n\n<hr class=\"wp-block-separator has-alpha-channel-opacity\"\/>\n\n\n\n<p class=\"has-text-align-left\">    O mapa mostra tamb\u00e9m o centro de Floripa. Vale a pena conhecer:<br><\/p>\n\n\n\n<div class=\"wp-block-media-text is-stacked-on-mobile\" style=\"grid-template-columns:44% auto\"><figure class=\"wp-block-media-text__media\"><img loading=\"lazy\" decoding=\"async\" width=\"519\" height=\"398\" src=\"https:\/\/sbbd.org.br\/2024\/wp-content\/uploads\/2024\/09\/WhatsApp-Image-2024-09-29-at-15.17.16.jpeg\" alt=\"\" class=\"wp-image-1050 size-full\" srcset=\"https:\/\/sbbd.org.br\/2024\/wp-content\/uploads\/2024\/09\/WhatsApp-Image-2024-09-29-at-15.17.16.jpeg 519w, https:\/\/sbbd.org.br\/2024\/wp-content\/uploads\/2024\/09\/WhatsApp-Image-2024-09-29-at-15.17.16-300x230.jpeg 300w, https:\/\/sbbd.org.br\/2024\/wp-content\/uploads\/2024\/09\/WhatsApp-Image-2024-09-29-at-15.17.16-16x12.jpeg 16w\" sizes=\"auto, (max-width: 519px) 100vw, 519px\" \/><\/figure><div class=\"wp-block-media-text__content\">\n<p style=\"font-size:20px\"><strong>Ponte Herc\u00edlio Luz:<\/strong> um dos principais cart\u00f5es-postais da cidade. A dist\u00e2ncia do hotel at\u00e9 ela \u00e9 de 2,7 km. Para quem gosta de caminhar \u00e9 um lindo passeio ao longo da Beira-Mar Norte. Aos domingos ela \u00e9 fechada ao tr\u00e2nsito, sendo poss\u00edvel transitar a p\u00e9 por ela! Tem uma loja de <em>souvenirs<\/em> na cabeceira insular;<\/p>\n<\/div><\/div>\n\n\n\n<div style=\"height:25px\" aria-hidden=\"true\" class=\"wp-block-spacer\"><\/div>\n\n\n\n<p><strong>Centro Hist\u00f3rico:<\/strong> regi\u00e3o onde se situa a Pra\u00e7a XV de novembro com a sua figueira centen\u00e1ria, Museu Hist\u00f3rico, Catedral, Pra\u00e7a da Alf\u00e2ndega e o Mercado P\u00fablico, dentre outros atrativos. Os bares do Mercado P\u00fablico s\u00e3o uma \u00f3tima op\u00e7\u00e3o para um <em>happy hour<\/em>.<\/p>\n\n\n\n<div class=\"wp-block-columns is-layout-flex wp-container-core-columns-is-layout-9d6595d7 wp-block-columns-is-layout-flex\">\n<div class=\"wp-block-column is-layout-flow wp-block-column-is-layout-flow\"><div class=\"wp-block-image\">\n<figure class=\"alignleft size-full is-resized\"><img loading=\"lazy\" decoding=\"async\" width=\"379\" height=\"271\" src=\"https:\/\/sbbd.org.br\/2024\/wp-content\/uploads\/2024\/09\/WhatsApp-Image-2024-09-29-at-15.22.19.jpeg\" alt=\"\" class=\"wp-image-1055\" style=\"width:264px;height:auto\" srcset=\"https:\/\/sbbd.org.br\/2024\/wp-content\/uploads\/2024\/09\/WhatsApp-Image-2024-09-29-at-15.22.19.jpeg 379w, https:\/\/sbbd.org.br\/2024\/wp-content\/uploads\/2024\/09\/WhatsApp-Image-2024-09-29-at-15.22.19-300x215.jpeg 300w, https:\/\/sbbd.org.br\/2024\/wp-content\/uploads\/2024\/09\/WhatsApp-Image-2024-09-29-at-15.22.19-18x12.jpeg 18w\" sizes=\"auto, (max-width: 379px) 100vw, 379px\" \/><\/figure>\n<\/div><\/div>\n\n\n\n<div class=\"wp-block-column is-layout-flow wp-block-column-is-layout-flow\">\n<figure class=\"wp-block-image size-full\"><img loading=\"lazy\" decoding=\"async\" width=\"422\" height=\"272\" src=\"https:\/\/sbbd.org.br\/2024\/wp-content\/uploads\/2024\/09\/WhatsApp-Image-2024-09-29-at-15.21.50-1.jpeg\" alt=\"\" class=\"wp-image-1060\" srcset=\"https:\/\/sbbd.org.br\/2024\/wp-content\/uploads\/2024\/09\/WhatsApp-Image-2024-09-29-at-15.21.50-1.jpeg 422w, https:\/\/sbbd.org.br\/2024\/wp-content\/uploads\/2024\/09\/WhatsApp-Image-2024-09-29-at-15.21.50-1-300x193.jpeg 300w, https:\/\/sbbd.org.br\/2024\/wp-content\/uploads\/2024\/09\/WhatsApp-Image-2024-09-29-at-15.21.50-1-18x12.jpeg 18w\" sizes=\"auto, (max-width: 422px) 100vw, 422px\" \/><\/figure>\n<\/div>\n\n\n\n<div class=\"wp-block-column is-layout-flow wp-block-column-is-layout-flow\"><div class=\"wp-block-image\">\n<figure class=\"alignright size-full is-resized\"><img loading=\"lazy\" decoding=\"async\" width=\"371\" height=\"270\" src=\"https:\/\/sbbd.org.br\/2024\/wp-content\/uploads\/2024\/09\/WhatsApp-Image-2024-09-29-at-15.21.31-1.jpeg\" alt=\"\" class=\"wp-image-1061\" style=\"width:265px;height:auto\" srcset=\"https:\/\/sbbd.org.br\/2024\/wp-content\/uploads\/2024\/09\/WhatsApp-Image-2024-09-29-at-15.21.31-1.jpeg 371w, https:\/\/sbbd.org.br\/2024\/wp-content\/uploads\/2024\/09\/WhatsApp-Image-2024-09-29-at-15.21.31-1-300x218.jpeg 300w, https:\/\/sbbd.org.br\/2024\/wp-content\/uploads\/2024\/09\/WhatsApp-Image-2024-09-29-at-15.21.31-1-16x12.jpeg 16w\" sizes=\"auto, (max-width: 371px) 100vw, 371px\" \/><\/figure>\n<\/div><\/div>\n<\/div>\n\n\n\n<div style=\"height:47px\" aria-hidden=\"true\" class=\"wp-block-spacer\"><\/div>\n\n\n\n<p>Al\u00e9m de tudo isso, Floripa \u00e9 uma ilha com praias bel\u00edssimas! Algumas sugest\u00f5es: <strong>Forte<\/strong> e <strong>Jurer\u00ea Internacional<\/strong> (\u00e1guas calmas e forte de S\u00e3o Jos\u00e9 da Ponta Grossa), <strong>Santinho<\/strong> (trilhas e inscri\u00e7\u00f5es rupestres), <strong>Lagoa da Concei\u00e7\u00e3o<\/strong> (mirante, gastronomia, agito noturno e passeio de barco), <strong>Joaquina<\/strong> (dunas, <em>sandboard<\/em> e <em>surf<\/em>), <strong>Arma\u00e7\u00e3o<\/strong> (morro \u00e0 beira mar e piscinas naturais) e <strong>Lagoinha do Leste<\/strong> (trilha, vista panor\u00e2mica e praia selvagem).<\/p>\n\n\n\n<div class=\"wp-block-columns is-layout-flex wp-container-core-columns-is-layout-9d6595d7 wp-block-columns-is-layout-flex\">\n<div class=\"wp-block-column is-layout-flow wp-block-column-is-layout-flow\">\n<figure class=\"wp-block-image size-full is-resized\"><img loading=\"lazy\" decoding=\"async\" width=\"457\" height=\"253\" src=\"https:\/\/sbbd.org.br\/2024\/wp-content\/uploads\/2024\/09\/WhatsApp-Image-2024-09-29-at-15.33.07.jpeg\" alt=\"\" class=\"wp-image-1069\" style=\"width:272px;height:auto\" srcset=\"https:\/\/sbbd.org.br\/2024\/wp-content\/uploads\/2024\/09\/WhatsApp-Image-2024-09-29-at-15.33.07.jpeg 457w, https:\/\/sbbd.org.br\/2024\/wp-content\/uploads\/2024\/09\/WhatsApp-Image-2024-09-29-at-15.33.07-300x166.jpeg 300w, https:\/\/sbbd.org.br\/2024\/wp-content\/uploads\/2024\/09\/WhatsApp-Image-2024-09-29-at-15.33.07-18x10.jpeg 18w\" sizes=\"auto, (max-width: 457px) 100vw, 457px\" \/><\/figure>\n<\/div>\n\n\n\n<div class=\"wp-block-column is-layout-flow wp-block-column-is-layout-flow\">\n<figure class=\"wp-block-image size-full is-resized\"><img loading=\"lazy\" decoding=\"async\" width=\"473\" height=\"247\" src=\"https:\/\/sbbd.org.br\/2024\/wp-content\/uploads\/2024\/09\/WhatsApp-Image-2024-09-29-at-15.33.36.jpeg\" alt=\"\" class=\"wp-image-1070\" style=\"width:279px;height:auto\" srcset=\"https:\/\/sbbd.org.br\/2024\/wp-content\/uploads\/2024\/09\/WhatsApp-Image-2024-09-29-at-15.33.36.jpeg 473w, https:\/\/sbbd.org.br\/2024\/wp-content\/uploads\/2024\/09\/WhatsApp-Image-2024-09-29-at-15.33.36-300x157.jpeg 300w, https:\/\/sbbd.org.br\/2024\/wp-content\/uploads\/2024\/09\/WhatsApp-Image-2024-09-29-at-15.33.36-18x9.jpeg 18w\" sizes=\"auto, (max-width: 473px) 100vw, 473px\" \/><\/figure>\n<\/div>\n\n\n\n<div class=\"wp-block-column is-layout-flow wp-block-column-is-layout-flow\">\n<figure class=\"wp-block-image size-full is-resized\"><img loading=\"lazy\" decoding=\"async\" width=\"455\" height=\"246\" src=\"https:\/\/sbbd.org.br\/2024\/wp-content\/uploads\/2024\/09\/WhatsApp-Image-2024-09-29-at-15.34.00.jpeg\" alt=\"\" class=\"wp-image-1071\" style=\"width:269px;height:auto\" srcset=\"https:\/\/sbbd.org.br\/2024\/wp-content\/uploads\/2024\/09\/WhatsApp-Image-2024-09-29-at-15.34.00.jpeg 455w, https:\/\/sbbd.org.br\/2024\/wp-content\/uploads\/2024\/09\/WhatsApp-Image-2024-09-29-at-15.34.00-300x162.jpeg 300w, https:\/\/sbbd.org.br\/2024\/wp-content\/uploads\/2024\/09\/WhatsApp-Image-2024-09-29-at-15.34.00-18x10.jpeg 18w\" sizes=\"auto, (max-width: 455px) 100vw, 455px\" \/><\/figure>\n<\/div>\n<\/div>\n\n\n<div class=\"wp-block-image\">\n<figure class=\"aligncenter size-full\"><img loading=\"lazy\" decoding=\"async\" width=\"533\" height=\"380\" src=\"https:\/\/sbbd.org.br\/2024\/wp-content\/uploads\/2024\/09\/WhatsApp-Image-2024-09-29-at-15.38.02.jpeg\" alt=\"\" class=\"wp-image-1083\" srcset=\"https:\/\/sbbd.org.br\/2024\/wp-content\/uploads\/2024\/09\/WhatsApp-Image-2024-09-29-at-15.38.02.jpeg 533w, https:\/\/sbbd.org.br\/2024\/wp-content\/uploads\/2024\/09\/WhatsApp-Image-2024-09-29-at-15.38.02-300x214.jpeg 300w, https:\/\/sbbd.org.br\/2024\/wp-content\/uploads\/2024\/09\/WhatsApp-Image-2024-09-29-at-15.38.02-18x12.jpeg 18w\" sizes=\"auto, (max-width: 533px) 100vw, 533px\" \/><\/figure>\n<\/div>\n\n\n<div style=\"height:29px\" aria-hidden=\"true\" class=\"wp-block-spacer\"><\/div>\n\n\n\n<div class=\"wp-block-columns is-layout-flex wp-container-core-columns-is-layout-9d6595d7 wp-block-columns-is-layout-flex\">\n<div class=\"wp-block-column is-layout-flow wp-block-column-is-layout-flow\">\n<figure class=\"wp-block-image size-full\"><img loading=\"lazy\" decoding=\"async\" width=\"453\" height=\"254\" src=\"https:\/\/sbbd.org.br\/2024\/wp-content\/uploads\/2024\/09\/WhatsApp-Image-2024-09-29-at-15.39.14.jpeg\" alt=\"\" class=\"wp-image-1085\" srcset=\"https:\/\/sbbd.org.br\/2024\/wp-content\/uploads\/2024\/09\/WhatsApp-Image-2024-09-29-at-15.39.14.jpeg 453w, https:\/\/sbbd.org.br\/2024\/wp-content\/uploads\/2024\/09\/WhatsApp-Image-2024-09-29-at-15.39.14-300x168.jpeg 300w, https:\/\/sbbd.org.br\/2024\/wp-content\/uploads\/2024\/09\/WhatsApp-Image-2024-09-29-at-15.39.14-18x10.jpeg 18w\" sizes=\"auto, (max-width: 453px) 100vw, 453px\" \/><\/figure>\n<\/div>\n\n\n\n<div class=\"wp-block-column is-layout-flow wp-block-column-is-layout-flow\">\n<figure class=\"wp-block-image size-full\"><img loading=\"lazy\" decoding=\"async\" width=\"437\" height=\"252\" src=\"https:\/\/sbbd.org.br\/2024\/wp-content\/uploads\/2024\/09\/WhatsApp-Image-2024-09-29-at-15.39.51.jpeg\" alt=\"\" class=\"wp-image-1086\" srcset=\"https:\/\/sbbd.org.br\/2024\/wp-content\/uploads\/2024\/09\/WhatsApp-Image-2024-09-29-at-15.39.51.jpeg 437w, https:\/\/sbbd.org.br\/2024\/wp-content\/uploads\/2024\/09\/WhatsApp-Image-2024-09-29-at-15.39.51-300x173.jpeg 300w, https:\/\/sbbd.org.br\/2024\/wp-content\/uploads\/2024\/09\/WhatsApp-Image-2024-09-29-at-15.39.51-18x10.jpeg 18w\" sizes=\"auto, (max-width: 437px) 100vw, 437px\" \/><\/figure>\n<\/div>\n<\/div>\n\n\n\n<p class=\"has-text-align-center\">Divirta-se!<\/p>\n","protected":false},"excerpt":{"rendered":"<p>Florian\u00f3polis (ou simplesmente Floripa) \u00e9 a cidade sede do SBBD 2024 e uma das capitais de Estado mais bonitas do Brasil! Bora saber o que conhecer em Floripa de forma r\u00e1pida?!&nbsp; Primeiramente, vamos nos situar! O SBBD 2024 ocorre no hotel Majestic Palace, que fica na avenida mais bonita da cidade: a avenida Beira-Mar Norte! [&hellip;]<\/p>\n","protected":false},"author":3,"featured_media":0,"parent":0,"menu_order":0,"comment_status":"closed","ping_status":"closed","template":"","meta":{"footnotes":""},"class_list":["post-1008","page","type-page","status-publish","hentry"],"_links":{"self":[{"href":"https:\/\/sbbd.org.br\/2024\/wp-json\/wp\/v2\/pages\/1008","targetHints":{"allow":["GET"]}}],"collection":[{"href":"https:\/\/sbbd.org.br\/2024\/wp-json\/wp\/v2\/pages"}],"about":[{"href":"https:\/\/sbbd.org.br\/2024\/wp-json\/wp\/v2\/types\/page"}],"author":[{"embeddable":true,"href":"https:\/\/sbbd.org.br\/2024\/wp-json\/wp\/v2\/users\/3"}],"replies":[{"embeddable":true,"href":"https:\/\/sbbd.org.br\/2024\/wp-json\/wp\/v2\/comments?post=1008"}],"version-history":[{"count":72,"href":"https:\/\/sbbd.org.br\/2024\/wp-json\/wp\/v2\/pages\/1008\/revisions"}],"predecessor-version":[{"id":1104,"href":"https:\/\/sbbd.org.br\/2024\/wp-json\/wp\/v2\/pages\/1008\/revisions\/1104"}],"wp:attachment":[{"href":"https:\/\/sbbd.org.br\/2024\/wp-json\/wp\/v2\/media?parent=1008"}],"curies":[{"name":"wp","href":"https:\/\/api.w.org\/{rel}","templated":true}]}}