{"id":981,"date":"2024-09-13T20:51:21","date_gmt":"2024-09-13T23:51:21","guid":{"rendered":"https:\/\/sbbd.org.br\/2024\/?page_id=981"},"modified":"2024-09-19T17:10:27","modified_gmt":"2024-09-19T20:10:27","slug":"wtdbd-2024","status":"publish","type":"page","link":"https:\/\/sbbd.org.br\/2024\/en\/wtdbd-2024\/","title":{"rendered":"WTDBD"},"content":{"rendered":"<p class=\"has-white-color has-vivid-cyan-blue-to-vivid-purple-gradient-background has-text-color has-background has-link-color wp-elements-a7302af6edcf2a8ef16b2a4b1c24ae1e\">WTDBD &#8211; ST1 &#8211; Sess\u00e3o Doutorado &#8211; Chair: Maristela Holanda<\/p>\n\n\n\n<figure class=\"wp-block-table is-style-stripes\"><table><thead><tr><th>Quarta<\/th><th>16\/10\/2024<\/th><th><\/th><\/tr><\/thead><tbody><tr><td>8:30<\/td><td>Processing Heterogeneous Graphs within Heterogeneous Data Type Embeddings to Enhance Recommender Systems<\/td><td>Candidato ao doutorado: Silvio Angonese <br>Orientadora: Renata Galante (UFRGS)<\/td><\/tr><tr><td>9:00<\/td><td>Semantic Structuring of E-commerce Texts: The QART Framework<\/td><td>Candidato ao doutorado: Andre Regino <br>Orientador: Julio Dos Reis (UNICAMP)<\/td><\/tr><tr><td>9:30<\/td><td>Integrating LGPD Requirements and Restrictions into Database Design<\/td><td>Candidata ao Doutorado: Patricia Barros <br>Orientadores: Jose Maria Monteiro (UFC) e Javam Machado (UFC)<\/td><\/tr><\/tbody><\/table><\/figure>\n\n\n\n<p class=\"has-white-color has-vivid-cyan-blue-to-vivid-purple-gradient-background has-text-color has-background has-link-color wp-elements-a6a249ccfcf3cb192f681bfe55926f41\">WTDBD &#8211; ST2 &#8211; Sess\u00e3o Mestrado &#8211; Chair: Maristela Holanda<\/p>\n\n\n\n<figure class=\"wp-block-table is-style-stripes\"><table><thead><tr><th>Quinta<\/th><th>17\/10\/2024<\/th><th><\/th><\/tr><\/thead><tbody><tr><td>8:30<\/td><td>LLMusic: Modelagem de t\u00f3picos em letras de m\u00fasicas combinando LLM, Engenharia de Prompt e BERTopic<\/td><td>LLMusic: Modelagem de t\u00f3picos em letras de m\u00fasicas combinando LLM, Engenharia de Prompt e BERTopic Candidato ao mestrado: Jesus Yepez Orientadora: Karin Becker (UFRGS)<\/td><\/tr><tr><td>9:00<\/td><td>An\u00e1lise de similaridades e padr\u00f5es estat\u00edsticos em s\u00e9ries temporais de casos de suic\u00eddio no Brasil<\/td><td><br>An\u00e1lise de similaridades e padr\u00f5es estat\u00edsticos em s\u00e9ries temporais de casos de suic\u00eddio no Brasil Candidato ao mestrado: Victor Klann Orientadora: Elaine Sousa (USP)<\/td><\/tr><\/tbody><\/table><\/figure>\n\n\n\n<p><\/p>","protected":false},"excerpt":{"rendered":"<p>WTDBD &#8211; ST1 &#8211; Sess\u00e3o Doutorado &#8211; Chair: Maristela Holanda Quarta 16\/10\/2024 8:30 Processing Heterogeneous Graphs within Heterogeneous Data Type Embeddings to Enhance Recommender Systems Candidato ao doutorado: Silvio Angonese Orientadora: Renata Galante (UFRGS) 9:00 Semantic Structuring of E-commerce Texts: The QART Framework Candidato ao doutorado: Andre Regino Orientador: Julio Dos Reis (UNICAMP) 9:30 Integrating [&hellip;]<\/p>\n","protected":false},"author":3,"featured_media":0,"parent":0,"menu_order":0,"comment_status":"closed","ping_status":"closed","template":"","meta":{"footnotes":""},"class_list":["post-981","page","type-page","status-publish","hentry"],"_links":{"self":[{"href":"https:\/\/sbbd.org.br\/2024\/en\/wp-json\/wp\/v2\/pages\/981","targetHints":{"allow":["GET"]}}],"collection":[{"href":"https:\/\/sbbd.org.br\/2024\/en\/wp-json\/wp\/v2\/pages"}],"about":[{"href":"https:\/\/sbbd.org.br\/2024\/en\/wp-json\/wp\/v2\/types\/page"}],"author":[{"embeddable":true,"href":"https:\/\/sbbd.org.br\/2024\/en\/wp-json\/wp\/v2\/users\/3"}],"replies":[{"embeddable":true,"href":"https:\/\/sbbd.org.br\/2024\/en\/wp-json\/wp\/v2\/comments?post=981"}],"version-history":[{"count":2,"href":"https:\/\/sbbd.org.br\/2024\/en\/wp-json\/wp\/v2\/pages\/981\/revisions"}],"predecessor-version":[{"id":983,"href":"https:\/\/sbbd.org.br\/2024\/en\/wp-json\/wp\/v2\/pages\/981\/revisions\/983"}],"wp:attachment":[{"href":"https:\/\/sbbd.org.br\/2024\/en\/wp-json\/wp\/v2\/media?parent=981"}],"curies":[{"name":"wp","href":"https:\/\/api.w.org\/{rel}","templated":true}]}}