{"id":901,"date":"2024-09-11T09:08:12","date_gmt":"2024-09-11T12:08:12","guid":{"rendered":"https:\/\/sbbd.org.br\/2024\/?page_id=901"},"modified":"2024-09-12T06:50:20","modified_gmt":"2024-09-12T09:50:20","slug":"chamada-de-demos-e-aplicacoes-sbbd-2024","status":"publish","type":"page","link":"https:\/\/sbbd.org.br\/2024\/en\/chamada-de-demos-e-aplicacoes-sbbd-2024\/","title":{"rendered":"Chamada de Demos e Aplica\u00e7\u00f5es \u2013SBBD 2024"},"content":{"rendered":"\n<h2 class=\"wp-block-heading\">Datas Importantes:<\/h2>\n\n\n\n<ul class=\"wp-block-list\">\n<li>Registro de Resumo: 17 de Junho de 2024<\/li>\n\n\n\n<li>Submiss\u00e3o dos artigos: 24 de Junho de 2024<\/li>\n\n\n\n<li>Notifica\u00e7\u00e3o dos autores: 05 de Agosto de 2024<\/li>\n\n\n\n<li>Submiss\u00e3o da vers\u00e3o final: 19 de Agosto de 2024<\/li>\n<\/ul>\n\n\n\n<div style=\"height:100px\" aria-hidden=\"true\" class=\"wp-block-spacer\"><\/div>\n\n\n\n<h2 class=\"wp-block-heading\">Sess\u00e3o de Demos<\/h2>\n\n\n\n<p class=\"has-text-align-left\">A sess\u00e3o Demos do SBBD 2024 \u00e9 um f\u00f3rum de discuss\u00e3o para troca de experi\u00eancias e<br>apresenta\u00e7\u00e3o de solu\u00e7\u00f5es inovadoras. Convidamos a submiss\u00e3o de pesquisadores,<br>desenvolvedores e profissionais, tanto da academia quanto da ind\u00fastria, interessados em<br>solu\u00e7\u00f5es pr\u00e1ticas e funcionais para problemas relevantes envolvendo tecnologia de<br>gerenciamento de dados e informa\u00e7\u00f5es.<\/p>\n\n\n\n<h2 class=\"wp-block-heading\">Instru\u00e7\u00f5es para submiss\u00f5es<\/h2>\n\n\n\n<p>Os autores devem submeter um artigo de at\u00e9 6 p\u00e1ginas (clique aqui para acessar o<br>template LaTeX), incluindo imagens e refer\u00eancias, descrevendo as principais caracter\u00edsticas<br>de sua demonstra\u00e7\u00e3o\/aplica\u00e7\u00e3o. As submiss\u00f5es para a sess\u00e3o de demonstra\u00e7\u00e3o N\u00c3O<br>est\u00e3o sujeitas a revis\u00e3o duplamente cega. O(s) nome(s) do(s) autor(es) e afilia\u00e7\u00e3o(\u00f5es)<br>devem estar presentes no artigo submetido.<br>Cada artigo ser\u00e1 analisado por pelo menos tr\u00eas membros do comit\u00ea de programa quanto \u00e0<br>originalidade, alcance pr\u00e1tico, contribui\u00e7\u00e3o t\u00e9cnica e apresenta\u00e7\u00e3o. Juntamente com o<br>artigo submetido, os autores s\u00e3o fortemente encorajados a fornecer um link para um v\u00eddeo<br>de demonstra\u00e7\u00e3o (screencast) de at\u00e9 5 minutos de dura\u00e7\u00e3o, apresentando a<br>demonstra\u00e7\u00e3o\/aplica\u00e7\u00e3o. Este recurso ser\u00e1 muito apreciado e considerado como uma<br>caracter\u00edstica distintiva no processo de revis\u00e3o. Al\u00e9m disso, os autores s\u00e3o fortemente<br>encorajados a disponibilizar o c\u00f3digo-fonte e\/ou bin\u00e1rio\/execut\u00e1vel \u00fanico em um reposit\u00f3rio<br>versionado (ex.: GitHub ou BitBucket).<br>Os trabalhos devem ser redigidos em portugu\u00eas ou ingl\u00eas e formatados de acordo com o<br>modelo da SBC. Ser\u00e3o consideradas apenas submiss\u00f5es eletr\u00f4nicas em formato PDF. O<br>link para o v\u00eddeo de demonstra\u00e7\u00e3o ou a vers\u00e3o online da demonstra\u00e7\u00e3o deve ser informado<br>na nota de rodap\u00e9 na primeira p\u00e1gina do trabalho (na primeira men\u00e7\u00e3o). Por favor, fa\u00e7a o<br>upload da sua submiss\u00e3o dentro do prazo por meio do site JEMS (clique aqui para<br>redirecionar) .<\/p>\n\n\n\n<p>D\u00favidas sobre submiss\u00f5es devem ser direcionadas para dimas.cassimiro@ufape.edu.br<br>com o prefixo \u201c[SBBD2024 Demos]\u201d na linha de assunto. Pelo menos um autor de cada<br>trabalho aceito deve se registrar e comparecer \u00e0 confer\u00eancia para apresentar o trabalho. Os<br>trabalhos aceitos ser\u00e3o publicados nos Anais do SBBD 2024 (Eventos Sat\u00e9lites).<\/p>\n\n\n\n<div style=\"height:100px\" aria-hidden=\"true\" class=\"wp-block-spacer\"><\/div>\n\n\n\n<h2 class=\"wp-block-heading\">Comit\u00ea do programa<\/h2>\n\n\n\n<p>Angelo Brayner (Universidade Federal do Cear\u00e1 &#8211; UFC)<br>Carmem Hara (Universidade Federal do Paran\u00e1 &#8211; UFPR)<br>Daniel de Oliveira (Universidade Federal Fluminense &#8211; UFF)<br>Demetrio Gomes Mestre (Universidade Estadual da Para\u00edba &#8211; UEPB)<br>Denilson Pereira (Universidade Federal de Lavras &#8211; UFLA)<br>Denio Duarte (Universidade Federal da Fronteira do Sul &#8211; UFFS)<br>Eduardo Pena (Universidade Tecnol\u00f3gica Federal do Paran\u00e1 &#8211; UTFPR)<br>Elaine Sousa (Universidade de S\u00e3o Paulo &#8211; USP)<br>Giseli Lopes (Universidade Federal do Rio de Janeiro &#8211; UFRJ)<br>Humberto Razente (Universidade Federal de Uberl\u00e2ndia &#8211; UFU)<br>Jos\u00e9 Monteiro (Universidade Federal do Cear\u00e1 &#8211; UFC)<br>Leonardo Andrade Ribeiro (Universidade Federal de Goi\u00e1s &#8211; UFG)<br>Leonardo Guerreiro Azevedo (IBM Research &#8211; Brazil)<br>Lucio Fernandes Dutra Santos (Instituto Federal do Norte de Minas Gerais &#8211; IFNMG)<br>Marcela Ribeiro (Universidade Federal de S\u00e3o Carlos &#8211; UFSCar)<br>Maristela Holanda (Universidade de Bras\u00edlia &#8211; UnB)<br>Renata Galante (Universidade Federal do Rio Grande do Sul &#8211; UFRGS)<br>Ricardo Marcacini (Universidade de S\u00e3o Paulo &#8211; ICMC\/USP)<br>Rodrigo Monteiro (Universidade Federal Fluminense &#8211; UFF)<br>Ronaldo Mello (Universidade Federal de Santa Catarina &#8211; UFSC)<\/p>\n\n\n\n<div style=\"height:100px\" aria-hidden=\"true\" class=\"wp-block-spacer\"><\/div>\n\n\n\n<h2 class=\"wp-block-heading\">Coordena\u00e7\u00e3o do Programa de Demos<\/h2>\n\n\n\n<p>Dimas Cassimiro do Nascimento<br>Universidade Federal do Agreste de Pernambuco (UFAPE)<br>dimas.cassimiro@ufape.edu.br<\/p>\n","protected":false},"excerpt":{"rendered":"<p>Datas Importantes: Sess\u00e3o de Demos A sess\u00e3o Demos do SBBD 2024 \u00e9 um f\u00f3rum de discuss\u00e3o para troca de experi\u00eancias eapresenta\u00e7\u00e3o de solu\u00e7\u00f5es inovadoras. Convidamos a submiss\u00e3o de pesquisadores,desenvolvedores e profissionais, tanto da academia quanto da ind\u00fastria, interessados emsolu\u00e7\u00f5es pr\u00e1ticas e funcionais para problemas relevantes envolvendo tecnologia degerenciamento de dados e informa\u00e7\u00f5es. Instru\u00e7\u00f5es para submiss\u00f5es [&hellip;]<\/p>\n","protected":false},"author":3,"featured_media":0,"parent":0,"menu_order":0,"comment_status":"closed","ping_status":"closed","template":"","meta":{"footnotes":""},"class_list":["post-901","page","type-page","status-publish","hentry"],"_links":{"self":[{"href":"https:\/\/sbbd.org.br\/2024\/en\/wp-json\/wp\/v2\/pages\/901","targetHints":{"allow":["GET"]}}],"collection":[{"href":"https:\/\/sbbd.org.br\/2024\/en\/wp-json\/wp\/v2\/pages"}],"about":[{"href":"https:\/\/sbbd.org.br\/2024\/en\/wp-json\/wp\/v2\/types\/page"}],"author":[{"embeddable":true,"href":"https:\/\/sbbd.org.br\/2024\/en\/wp-json\/wp\/v2\/users\/3"}],"replies":[{"embeddable":true,"href":"https:\/\/sbbd.org.br\/2024\/en\/wp-json\/wp\/v2\/comments?post=901"}],"version-history":[{"count":4,"href":"https:\/\/sbbd.org.br\/2024\/en\/wp-json\/wp\/v2\/pages\/901\/revisions"}],"predecessor-version":[{"id":931,"href":"https:\/\/sbbd.org.br\/2024\/en\/wp-json\/wp\/v2\/pages\/901\/revisions\/931"}],"wp:attachment":[{"href":"https:\/\/sbbd.org.br\/2024\/en\/wp-json\/wp\/v2\/media?parent=901"}],"curies":[{"name":"wp","href":"https:\/\/api.w.org\/{rel}","templated":true}]}}