{"id":888,"date":"2024-09-10T15:07:11","date_gmt":"2024-09-10T18:07:11","guid":{"rendered":"https:\/\/sbbd.org.br\/2024\/?page_id=888"},"modified":"2024-10-08T23:59:43","modified_gmt":"2024-10-09T02:59:43","slug":"ds-cops","status":"publish","type":"page","link":"https:\/\/sbbd.org.br\/2024\/en\/ds-cops\/","title":{"rendered":"DS-Cops"},"content":{"rendered":"<p class=\"has-white-color has-luminous-vivid-amber-to-luminous-vivid-orange-gradient-background has-text-color has-background has-link-color wp-elements-a07b1af73802477f7fa99340114f1a00\">DS-CoPS1<\/p>\n\n\n\n<figure class=\"wp-block-table is-style-stripes\"><table class=\"has-fixed-layout\"><tbody><tr><td><strong>Segunda<\/strong><\/td><td><strong>14\/10\/2024<\/strong><\/td><td><\/td><\/tr><tr><td>10:00<\/td><td>Ci\u00eancia de Dados e Transpar\u00eancia: Experi\u00eancias com Dados P\u00fablicos do SICOM<\/td><td>Lucas L. Costa (UFMG &#8211; Brazil), Marco T\u00falio Dutra (Universidade Federal de Ouro Preto &#8211; Brazil), Gabriel P. Oliveira (Universidade Federal de Minas Gerais &#8211; Brazil), Mariana O. Silva (Universidade Federal de Minas Gerais &#8211; Brazil), Gisele Pappa (UFMG &#8211; Brazil), Wagner Meira Jr. (UFMG &#8211; Brazil)<\/td><\/tr><tr><td>10:17<\/td><td>Quanto Custa: Banco de Pre\u00e7os de Compras P\u00fablicas do Estado de Minas Gerais<br><\/td><td>Lucas L. Costa (UFMG &#8211; Brazil), <br>Marco T\u00falio Dutra (Universidade Federal de Ouro Preto &#8211; Brazil), <br>Gabriel P. Oliveira (Universidade Federal de Minas Gerais &#8211; Brazil), <br>Mariana O. Silva (Universidade Federal de Minas Gerais &#8211; Brazil), <br>Gisele Pappa (UFMG &#8211; Brazil), <br>Wagner Meira Jr. (UFMG &#8211; Brazil)<\/td><\/tr><tr><td>10:34<\/td><td>Sobrepre\u00e7o em compras p\u00fablicas: Metodologia baseada na identifica\u00e7\u00e3o de valores discrepantes<\/td><td>Diogo Soares (Universidade Federal de Santa Catarina &#8211; Brazil), <br>Andre W\u00fcst Zibetti (Federal University of Santa Catarina (UFSC) &#8211; Brazil), <br>Jo\u00e3o Pedro da Silva (Universidade Federal de Santa Catarina &#8211; Brazil), <br>Simone Werner (Federal University of Santa Catarina &#8211; UFSC &#8211; Brazil)<\/td><\/tr><tr><td>10:51<\/td><td>Trilhas Digitais de Auditoria de Folha de Pessoal a partir do cruzamento com Dados Abertos: Uma ferramenta desenvolvida a partir da experi\u00eancia exitosa da CGM-Recife a ser disponibilizada a outros entes.<\/td><td>Marcelo Levy Perrucci (CGU\/CGM-Recife\/USP &#8211; Brazil), Caio Lima (CGM &#8211; Recife &#8211; Brazil), Marco Aur\u00e9lio Ara\u00fajo (CGM &#8211; Recife &#8211; Brazil), <br>Rodrigo Brayner (CGM &#8211; Recife &#8211; Brazil)<\/td><\/tr><tr><td>11:08<\/td><td>Agrupamento de itens de notas fiscais referentes a produtos similares<\/td><td>Jo\u00e3o Pedro da Silva (Universidade Federal de Santa Catarina &#8211; Brazil), <br>Andre W\u00fcst Zibetti (Federal University of Santa Catarina (UFSC) &#8211; Brazil), <br>Simone Werner (Federal University of Santa Catarina &#8211; UFSC &#8211; Brazil), <br>Renato Fileto (UFSC &#8211; Brazil), <br>Matheus Machado dos Santos (Universidade Federal de Santa Catarina &#8211; UFSC &#8211; Brazil), <br>Diogo Soares (Universidade Federal de Santa Catarina &#8211; Brazil)<\/td><\/tr><tr><td>11:25<\/td><td>Graph Data Mining for Detecting Collusions in Bidding Processes: A Case Study<\/td><td>Andre Victor (Petrobras &#8211; Brazil), Lu\u00eds Martins Sales (Petrobras &#8211; Brazil), <br>Rodrigo Moreira (Petrobras &#8211; Brazil), <br>Carlos Moraes (Petrobras &#8211; Brazil), <br>Luis Lima (Petrobras &#8211; Brazil), Jo\u00e3o Rocha (Petrobras &#8211; Brazil), Bruno Contursi (Petrobras &#8211; Brazil), <br>Thiago Meirelles (Petrobras &#8211; Brazil)<\/td><\/tr><tr><td>11:42<\/td><td>Uma Proposta de Modelagem de Dados no Dom\u00ednio de Fraudes em Licita\u00e7\u00f5es P\u00fablicas<\/td><td>Ronaldo Mello (Universidade Federal de Santa Catarina &#8211; Brazil), <br>Luis Gustavo Bornia (Universidade Federal de Santa Cataina &#8211; Brazil), <br>Hudson Afonso Batista da Silva (Universidade Federal de Santa Cataina &#8211; Brazil), <br>Felipe Macacari Pierotti (Universidade Federal de Santa Cataina &#8211; Brazil), <br>Marina Benvenuti Cardeal (Universidade Federal de Santa Cataina &#8211; Brazil)<\/td><\/tr><\/tbody><\/table><\/figure>\n\n\n\n<div style=\"height:100px\" aria-hidden=\"true\" class=\"wp-block-spacer\"><\/div>\n\n\n\n<p class=\"has-white-color has-luminous-vivid-amber-to-luminous-vivid-orange-gradient-background has-text-color has-background has-link-color wp-elements-3bbae6d1ae00682d30cc8a5558b857dd\">DS-CoPS2<\/p>\n\n\n\n<figure class=\"wp-block-table is-style-stripes\"><table class=\"has-fixed-layout\"><tbody><tr><td><strong>Segunda<\/strong><\/td><td><strong>14\/10\/2024<\/strong><\/td><td><\/td><\/tr><tr><td>14:00<\/td><td>Social Network Analysis for Detecting Indicators of Favouritism in the Appointment of Corporate Managers<\/td><td>Lu\u00eds Martins Sales (Petrobras &#8211; Brazil), <br>Andre Victor (Petrobras &#8211; Brazil), Rafael Basso (Petrobras &#8211; Brazil), Jo\u00e3o Rocha (Petrobras &#8211; Brazil), Bruno Contursi (Petrobras &#8211; Brazil), <br>Thiago Meirelles (Petrobras &#8211; Brazil)<\/td><\/tr><tr><td>14:17<\/td><td>Julius: Ferramenta de Captura de Dados dos Portais da Transpar\u00eancia<\/td><td>Pedro Pelacani Berger (Minist\u00e9rio P\u00fablico do Estado do Esp\u00edrito Santo &#8211; Brazil), <br>Matheus Souza (Minist\u00e9rio P\u00fablico do Estado do Esp\u00edrito Santo &#8211; Brazil), <br>Heitor Quartezani (Minist\u00e9rio P\u00fablico do Estado do Esp\u00edrito Santo &#8211; Brazil), <br>Iara Fazolo (Minist\u00e9rio P\u00fablico do Estado do Esp\u00edrito Santo &#8211; Brazil), <br>Guilherme Merisio (Minist\u00e9rio P\u00fablico do Estado do Esp\u00edrito Santo &#8211; Brazil), <br>Luciana Andrade (Minist\u00e9rio P\u00fablico do Estado do Esp\u00edrito Santo &#8211; Brazil), <br>Sandro Silva (Minist\u00e9rio P\u00fablico do Estado do Esp\u00edrito Santo &#8211; Brazil)<\/td><\/tr><tr><td>14:34<\/td><td>Desenvolvimento de um Painel Integrado Inteligente para Aux\u00edlio na Identifica\u00e7\u00e3o de Fraudes em Processos de Compras P\u00fablicas<\/td><td>Matheus Machado dos Santos (Universidade Federal de Santa Catarina &#8211; UFSC &#8211; Brazil), <br>Felipe Pierotti (Universidade Federal de Santa Catarina &#8211; Brazil), <br>Diogo Soares (Universidade Federal de Santa Catarina &#8211; Brazil), <br>Jonata Tyska Carvalho (Universidade Federal de Santa Catarina &#8211; Brazil), <br>M\u00e1rcio Castro (Federal University of Santa Catarina &#8211; Brazil), <br>Simone Werner (Federal University of Santa Catarina &#8211; UFSC &#8211; Brazil), <br>Jerusa Marchi (Universidade Federal de Santa Catarina &#8211; Brazil), <br>Ronaldo Mello (Universidade Federal de Santa Catarina &#8211; Brazil)<\/td><\/tr><tr><td>14:51<\/td><td>Supervised Machine Learning for Tax Evasion Detection: A Case Study with the Brazilian Tax Administration<\/td><td>Cleyton Andre Pires (Federal University of Santa Catarina &#8211; Brazil)<\/td><\/tr><tr><td>14:08 <\/td><td>Extracting Information from Brazilian Legal Documents with Retrieval Augmented Generation<\/td><td>Isabella Viviani de Aquino (Universidade Federal de Santa Catarina &#8211; UFSC &#8211; Brazil), Matheus Machado dos Santos (Universidade Federal de Santa Catarina &#8211; UFSC &#8211; Brazil), <br>Carina F. Dorneles (Universidade Federal de Santa Catarina &#8211; Brazil), <br>Jonata Tyska Carvalho (Universidade Federal de Santa Catarina &#8211; Brazil)<\/td><\/tr><tr><td>14:25 <\/td><td>Automa\u00e7\u00e3o da Classifica\u00e7\u00e3o de Documentos do Minist\u00e9rio P\u00fablico de acordo com os Objetivos de Desenvolvimento Sustent\u00e1vel utilizando Processamento de Linguagem Natural<\/td><td>Pedro Pelacani Berger (Minist\u00e9rio P\u00fablico do Estado do Esp\u00edrito Santo &#8211; Brazil), <br>Matheus Souza (Minist\u00e9rio P\u00fablico do Estado do Esp\u00edrito Santo &#8211; Brazil), <br>Heitor Quartezani (Minist\u00e9rio P\u00fablico do Estado do Esp\u00edrito Santo &#8211; Brazil), <br>Guilherme Merisio (Minist\u00e9rio P\u00fablico do Estado do Esp\u00edrito Santo &#8211; Brazil), <br>Iara Fazolo (Minist\u00e9rio P\u00fablico do Estado do Esp\u00edrito Santo &#8211; Brazil), <br>Luciana Andrade (Minist\u00e9rio P\u00fablico do Estado do Esp\u00edrito Santo &#8211; Brazil), <br>Sandro Silva (Minist\u00e9rio P\u00fablico do Estado do Esp\u00edrito Santo &#8211; Brazil)<\/td><\/tr><tr><td>14:42 <\/td><td>Avalia\u00e7\u00e3o de Aplica\u00e7\u00f5es de Gera\u00e7\u00e3o Aumentada de Recupera\u00e7\u00e3o por meio de Feedback Impl\u00edcito<\/td><td>Alessandro Albuquerque (Universidade Federal de Santa Catarina &#8211; Brazil), <br>Carina Dorneles (Universidade Federal de Santa Catarina &#8211; Brazil), <br><a href=\"mailto:igormaywensing@gmail.com\">I<\/a>gor May Wensing (Tribunal de Contas de Santa Catarina &#8211; Brazil), <br>Nelson Luiz Joppi Filho (Tribunal de Contas de Santa Catarina &#8211; Brazil)<\/td><\/tr><\/tbody><\/table><\/figure>\n\n\n\n<div style=\"height:161px\" aria-hidden=\"true\" class=\"wp-block-spacer\"><\/div>\n\n\n\n<h3 class=\"wp-block-heading has-white-color has-luminous-vivid-amber-to-luminous-vivid-orange-gradient-background has-text-color has-background has-link-color wp-elements-0d05bc5dc6959b96c3f50858bc07ca9d\">Painel<\/h3>\n\n\n\n<figure class=\"wp-block-table is-style-stripes\"><table><tbody><tr><td>16:30<\/td><td>T\u00edtulo: Ci\u00eancia de Dados no Combate \u00e0 Corrup\u00e7\u00e3o: Desafios e Oportunidades de Colabora\u00e7\u00e3o entre \u00d3rg\u00e3os P\u00fablicos e Academia.<\/td><\/tr><\/tbody><\/table><\/figure>\n\n\n\n<p><\/p>","protected":false},"excerpt":{"rendered":"<p>DS-CoPS1 Segunda 14\/10\/2024 10:00 Ci\u00eancia de Dados e Transpar\u00eancia: Experi\u00eancias com Dados P\u00fablicos do SICOM Lucas L. Costa (UFMG &#8211; Brazil), Marco T\u00falio Dutra (Universidade Federal de Ouro Preto &#8211; Brazil), Gabriel P. Oliveira (Universidade Federal de Minas Gerais &#8211; Brazil), Mariana O. Silva (Universidade Federal de Minas Gerais &#8211; Brazil), Gisele Pappa (UFMG &#8211; [&hellip;]<\/p>\n","protected":false},"author":3,"featured_media":0,"parent":0,"menu_order":0,"comment_status":"closed","ping_status":"closed","template":"","meta":{"footnotes":""},"class_list":["post-888","page","type-page","status-publish","hentry"],"_links":{"self":[{"href":"https:\/\/sbbd.org.br\/2024\/en\/wp-json\/wp\/v2\/pages\/888","targetHints":{"allow":["GET"]}}],"collection":[{"href":"https:\/\/sbbd.org.br\/2024\/en\/wp-json\/wp\/v2\/pages"}],"about":[{"href":"https:\/\/sbbd.org.br\/2024\/en\/wp-json\/wp\/v2\/types\/page"}],"author":[{"embeddable":true,"href":"https:\/\/sbbd.org.br\/2024\/en\/wp-json\/wp\/v2\/users\/3"}],"replies":[{"embeddable":true,"href":"https:\/\/sbbd.org.br\/2024\/en\/wp-json\/wp\/v2\/comments?post=888"}],"version-history":[{"count":17,"href":"https:\/\/sbbd.org.br\/2024\/en\/wp-json\/wp\/v2\/pages\/888\/revisions"}],"predecessor-version":[{"id":1138,"href":"https:\/\/sbbd.org.br\/2024\/en\/wp-json\/wp\/v2\/pages\/888\/revisions\/1138"}],"wp:attachment":[{"href":"https:\/\/sbbd.org.br\/2024\/en\/wp-json\/wp\/v2\/media?parent=888"}],"curies":[{"name":"wp","href":"https:\/\/api.w.org\/{rel}","templated":true}]}}